{"id":922,"date":"2018-08-02T17:39:20","date_gmt":"2018-08-02T17:39:20","guid":{"rendered":"https:\/\/www.rosapulgar.com\/?page_id=922"},"modified":"2025-01-14T09:35:40","modified_gmt":"2025-01-14T09:35:40","slug":"implantes-dentales","status":"publish","type":"page","link":"https:\/\/www.clinicapulgar.com\/en\/implantes-dentales\/","title":{"rendered":"Implantes dentales"},"content":{"rendered":"<div data-elementor-type=\"wp-page\" data-elementor-id=\"922\" class=\"elementor elementor-922\">\n\t\t\t\t<div class=\"elementor-element elementor-element-52f0c48f e-flex e-con-boxed wpr-particle-no wpr-jarallax-no wpr-parallax-no wpr-sticky-section-no e-con e-parent\" data-id=\"52f0c48f\" data-element_type=\"container\">\n\t\t\t\t\t<div class=\"e-con-inner\">\n\t\t\t\t<div class=\"elementor-element elementor-element-1718b0d elementor-widget elementor-widget-text-editor\" data-id=\"1718b0d\" data-element_type=\"widget\" data-widget_type=\"text-editor.default\">\n\t\t\t\t<div class=\"elementor-widget-container\">\n\t\t\t\t\t\t\t\t\t<section class=\"enh_section enh_image_bck\">\n<div class=\"container intro_text_lc\">\n\n<!-- vertical text -->\n<div class=\"enh_slider_copyright\"><\/div>\n<div class=\"fw-row\">\n<div class=\"fw-col-xs-12 fw-col-sm-6 enh_image_bck enh_col\">\n\n<!-- vertical text -->\n<div class=\"enh_slider_copyright\"><\/div>\n<div class=\"\">\n<div class=\"text_block\">\n<p>\nNuestra filosof\u00eda de trabajo nos lleva a mantener la dentici\u00f3n natural siempre que sea posible. Pero, a veces, no hay otra opci\u00f3n que reponer con implantes los dientes que se han perdido para restablecer el equilibrio funcional y est\u00e9tico de nuestros pacientes. En ese caso, los implantes son una buena opci\u00f3n.\n<\/p>\n\n<p>Todos los implantes no son iguales. Como en todo, hay calidades. En nuestra cl\u00ednica utilizamos implantes de una primer\u00edsima marca, avalada por millones de casos tratados en todo el mundo. La calidad de los materiales y el buen hacer de nuestro equipo son la base de unos resultados \u00f3ptimos.<\/p>\n\n<p>Al finalizar el tratamiento nuestros pacientes reciben la documentaci\u00f3n de los implantes que se les han colocado, lo que los identifica de forma inequ\u00edvoca. Con total transparencia. Con total seguridad.<\/p>\n\n<\/div>\n<\/div>\n<\/div>\n<div class=\"fw-col-xs-12 fw-col-sm-6 enh_image_bck enh_col\">\n\n<!-- vertical text -->\n<div class=\"enh_slider_copyright\"><\/div>\n<div class=\"\">\n\n<img decoding=\"async\" src=\"\/\/www.rosapulgar.com\/wp-content\/uploads\/2018\/04\/Dani4B.jpg\" alt=\"\/\/www.rosapulgar.com\/wp-content\/uploads\/2018\/04\/Dani4B.jpg\" height=\"300\" \/>\n\n<\/div>\n<\/div>\n<\/div>\n<\/div>\n<!-- container end -->\n\n<\/section><!-- section end -->\t\t\t\t\t\t\t\t<\/div>\n\t\t\t\t<\/div>\n\t\t\t\t\t<\/div>\n\t\t\t\t<\/div>\n\t\t\t\t<\/div>","protected":false},"excerpt":{"rendered":"<p>Nuestra filosof\u00eda de trabajo nos lleva a mantener la dentici\u00f3n natural siempre que sea posible. Pero, a veces, no hay otra opci\u00f3n que reponer con implantes&#8230;<br \/><a href=\"https:\/\/www.clinicapulgar.com\/en\/implantes-dentales\/\" class=\"btn btn_more\">Leer m\u00e1s<\/a><\/p>","protected":false},"author":2,"featured_media":0,"parent":0,"menu_order":0,"comment_status":"closed","ping_status":"closed","template":"template-one-page.php","meta":{"footnotes":""},"class_list":["post-922","page","type-page","status-publish","hentry"],"yoast_head":"<!-- This site is optimized with the Yoast SEO plugin v26.7 - https:\/\/yoast.com\/wordpress\/plugins\/seo\/ -->\n<title>Implantes dentales - Clinica Rosa Pulgar<\/title>\n<meta name=\"description\" content=\"Lee m\u00e1s informaci\u00f3n acerca de nuestros implantes dentales. Todos los implantes no son iguales. Al finalizar el tratamiento nuestros pacientes.\" \/>\n<meta name=\"robots\" content=\"index, follow, max-snippet:-1, max-image-preview:large, max-video-preview:-1\" \/>\n<link rel=\"canonical\" href=\"https:\/\/www.clinicapulgar.com\/en\/implantes-dentales\/\" \/>\n<meta property=\"og:locale\" content=\"en_GB\" \/>\n<meta property=\"og:type\" content=\"article\" \/>\n<meta property=\"og:title\" content=\"Implantes dentales - Clinica Rosa Pulgar\" \/>\n<meta property=\"og:description\" content=\"Lee m\u00e1s informaci\u00f3n acerca de nuestros implantes dentales. Todos los implantes no son iguales. Al finalizar el tratamiento nuestros pacientes.\" \/>\n<meta property=\"og:url\" content=\"https:\/\/www.clinicapulgar.com\/en\/implantes-dentales\/\" \/>\n<meta property=\"og:site_name\" content=\"Clinica Rosa Pulgar\" \/>\n<meta property=\"article:modified_time\" content=\"2025-01-14T09:35:40+00:00\" \/>\n<meta name=\"twitter:card\" content=\"summary_large_image\" \/>\n<meta name=\"twitter:label1\" content=\"Estimated reading time\" \/>\n\t<meta name=\"twitter:data1\" content=\"1 minute\" \/>\n<script type=\"application\/ld+json\" class=\"yoast-schema-graph\">{\"@context\":\"https:\/\/schema.org\",\"@graph\":[{\"@type\":\"WebPage\",\"@id\":\"https:\/\/www.clinicapulgar.com\/implantes-dentales\/\",\"url\":\"https:\/\/www.clinicapulgar.com\/implantes-dentales\/\",\"name\":\"Implantes dentales - Clinica Rosa Pulgar\",\"isPartOf\":{\"@id\":\"https:\/\/www.clinicapulgar.com\/#website\"},\"datePublished\":\"2018-08-02T17:39:20+00:00\",\"dateModified\":\"2025-01-14T09:35:40+00:00\",\"description\":\"Lee m\u00e1s informaci\u00f3n acerca de nuestros implantes dentales. Todos los implantes no son iguales. Al finalizar el tratamiento nuestros pacientes.\",\"breadcrumb\":{\"@id\":\"https:\/\/www.clinicapulgar.com\/implantes-dentales\/#breadcrumb\"},\"inLanguage\":\"en-GB\",\"potentialAction\":[{\"@type\":\"ReadAction\",\"target\":[\"https:\/\/www.clinicapulgar.com\/implantes-dentales\/\"]}]},{\"@type\":\"BreadcrumbList\",\"@id\":\"https:\/\/www.clinicapulgar.com\/implantes-dentales\/#breadcrumb\",\"itemListElement\":[{\"@type\":\"ListItem\",\"position\":1,\"name\":\"Home\",\"item\":\"https:\/\/www.clinicapulgar.com\/\"},{\"@type\":\"ListItem\",\"position\":2,\"name\":\"Implantes dentales\"}]},{\"@type\":\"WebSite\",\"@id\":\"https:\/\/www.clinicapulgar.com\/#website\",\"url\":\"https:\/\/www.clinicapulgar.com\/\",\"name\":\"Clinica Rosa Pulgar\",\"description\":\"Cl\u00ednica dental Rosa Pulgar - est\u00e9tica dental\",\"potentialAction\":[{\"@type\":\"SearchAction\",\"target\":{\"@type\":\"EntryPoint\",\"urlTemplate\":\"https:\/\/www.clinicapulgar.com\/?s={search_term_string}\"},\"query-input\":{\"@type\":\"PropertyValueSpecification\",\"valueRequired\":true,\"valueName\":\"search_term_string\"}}],\"inLanguage\":\"en-GB\"}]}<\/script>\n<!-- \/ Yoast SEO plugin. -->","yoast_head_json":{"title":"Implantes dentales - Clinica Rosa Pulgar","description":"Lee m\u00e1s informaci\u00f3n acerca de nuestros implantes dentales. Todos los implantes no son iguales. Al finalizar el tratamiento nuestros pacientes.","robots":{"index":"index","follow":"follow","max-snippet":"max-snippet:-1","max-image-preview":"max-image-preview:large","max-video-preview":"max-video-preview:-1"},"canonical":"https:\/\/www.clinicapulgar.com\/en\/implantes-dentales\/","og_locale":"en_GB","og_type":"article","og_title":"Implantes dentales - Clinica Rosa Pulgar","og_description":"Lee m\u00e1s informaci\u00f3n acerca de nuestros implantes dentales. Todos los implantes no son iguales. Al finalizar el tratamiento nuestros pacientes.","og_url":"https:\/\/www.clinicapulgar.com\/en\/implantes-dentales\/","og_site_name":"Clinica Rosa Pulgar","article_modified_time":"2025-01-14T09:35:40+00:00","twitter_card":"summary_large_image","twitter_misc":{"Estimated reading time":"1 minute"},"schema":{"@context":"https:\/\/schema.org","@graph":[{"@type":"WebPage","@id":"https:\/\/www.clinicapulgar.com\/implantes-dentales\/","url":"https:\/\/www.clinicapulgar.com\/implantes-dentales\/","name":"Implantes dentales - Clinica Rosa Pulgar","isPartOf":{"@id":"https:\/\/www.clinicapulgar.com\/#website"},"datePublished":"2018-08-02T17:39:20+00:00","dateModified":"2025-01-14T09:35:40+00:00","description":"Lee m\u00e1s informaci\u00f3n acerca de nuestros implantes dentales. Todos los implantes no son iguales. Al finalizar el tratamiento nuestros pacientes.","breadcrumb":{"@id":"https:\/\/www.clinicapulgar.com\/implantes-dentales\/#breadcrumb"},"inLanguage":"en-GB","potentialAction":[{"@type":"ReadAction","target":["https:\/\/www.clinicapulgar.com\/implantes-dentales\/"]}]},{"@type":"BreadcrumbList","@id":"https:\/\/www.clinicapulgar.com\/implantes-dentales\/#breadcrumb","itemListElement":[{"@type":"ListItem","position":1,"name":"Home","item":"https:\/\/www.clinicapulgar.com\/"},{"@type":"ListItem","position":2,"name":"Implantes dentales"}]},{"@type":"WebSite","@id":"https:\/\/www.clinicapulgar.com\/#website","url":"https:\/\/www.clinicapulgar.com\/","name":"Clinica Rosa Pulgar","description":"Cl\u00ednica dental Rosa Pulgar - est\u00e9tica dental","potentialAction":[{"@type":"SearchAction","target":{"@type":"EntryPoint","urlTemplate":"https:\/\/www.clinicapulgar.com\/?s={search_term_string}"},"query-input":{"@type":"PropertyValueSpecification","valueRequired":true,"valueName":"search_term_string"}}],"inLanguage":"en-GB"}]}},"_links":{"self":[{"href":"https:\/\/www.clinicapulgar.com\/en\/wp-json\/wp\/v2\/pages\/922","targetHints":{"allow":["GET"]}}],"collection":[{"href":"https:\/\/www.clinicapulgar.com\/en\/wp-json\/wp\/v2\/pages"}],"about":[{"href":"https:\/\/www.clinicapulgar.com\/en\/wp-json\/wp\/v2\/types\/page"}],"author":[{"embeddable":true,"href":"https:\/\/www.clinicapulgar.com\/en\/wp-json\/wp\/v2\/users\/2"}],"replies":[{"embeddable":true,"href":"https:\/\/www.clinicapulgar.com\/en\/wp-json\/wp\/v2\/comments?post=922"}],"version-history":[{"count":10,"href":"https:\/\/www.clinicapulgar.com\/en\/wp-json\/wp\/v2\/pages\/922\/revisions"}],"predecessor-version":[{"id":1660,"href":"https:\/\/www.clinicapulgar.com\/en\/wp-json\/wp\/v2\/pages\/922\/revisions\/1660"}],"wp:attachment":[{"href":"https:\/\/www.clinicapulgar.com\/en\/wp-json\/wp\/v2\/media?parent=922"}],"curies":[{"name":"wp","href":"https:\/\/api.w.org\/{rel}","templated":true}]}}