{"id":85,"date":"2018-04-09T18:49:09","date_gmt":"2018-04-09T18:49:09","guid":{"rendered":"https:\/\/www.rosapulgar.com\/?page_id=85"},"modified":"2025-01-28T13:11:38","modified_gmt":"2025-01-28T13:11:38","slug":"medicina-estetica","status":"publish","type":"page","link":"https:\/\/www.clinicapulgar.com\/en\/medicina-estetica\/","title":{"rendered":"Medicina Est\u00e9tica"},"content":{"rendered":"<!-- section -->\n<section   class=\"enh_section enh_image_bck\"  >\n\n\t\t\n\n\n\t\t    <div class=\"container intro_text_lc\">\n    \n    <!-- vertical text -->\n    <div class=\"enh_slider_copyright\"><\/div>\n\t\t\n    \n\t\t\n\n    <div class=\"fw-row\">\n\t\n\n\n\n\n\n<div class=\"fw-col-xs-12 fw-col-sm-4   enh_image_bck   enh_col\"  >\n\t\n\t\n  <!-- vertical text -->\n  <div class=\"enh_slider_copyright\"><\/div>\n    \n    \n    <div class=\"\">\t\n    \n\t\t<a href=\"\/en\/medicina-estetica\/facial\/\" target=\"_self\" ><img decoding=\"async\" src=\"\/\/www.rosapulgar.com\/wp-content\/uploads\/2018\/04\/foto1.jpg\" alt=\"\/\/www.rosapulgar.com\/wp-content\/uploads\/2018\/04\/foto1.jpg\" \/><\/a><div class=\"text_block\">\n<div class=\"titlecat\"><h2>Facial<\/h2><p>Los signos m\u00e1s importantes del envejecimiento cut\u00e1neo son: aparici\u00f3n de arrugas, manchas, sequedad de la piel, p\u00e9rdida del brillo y flacidez.\u2028\u2028Estas se\u00f1ales son consecuencia de un proceso fisiol\u00f3gico de falta de actividad del tejido conjuntivo...<\/p><\/div><\/div><a href=\"\/en\/medicina-estetica\/facial\/\" target=\"_self\" class=\"fw-btn fw-btn-1\">\n\t<span>M\u00e1s informaci\u00f3n<\/span>\n<\/a>\n\t<div class=\"fw-divider-space\" style=\"padding-top: 50px;\"><\/div>\n    <\/div>\n    \n\t\n<\/div>\n\n\n\n\n\n\n<div class=\"fw-col-xs-12 fw-col-sm-4   enh_image_bck   enh_col\"  >\n\t\n\t\n  <!-- vertical text -->\n  <div class=\"enh_slider_copyright\"><\/div>\n    \n    \n    <div class=\"\">\t\n    \n\t\t<a href=\"\/en\/medicina-estetica\/corporal\/\" target=\"_self\" ><img decoding=\"async\" src=\"\/\/www.rosapulgar.com\/wp-content\/uploads\/2018\/04\/foto35.jpg\" alt=\"\/\/www.rosapulgar.com\/wp-content\/uploads\/2018\/04\/foto35.jpg\" \/><\/a><div class=\"text_block\">\n<div class=\"titlecat\"><h2>Corporal<\/h2><p>La Medicina Est\u00e9tica Corporal trata los problemas antiest\u00e9ticos que pueden a veces aparecer: Flacidez, celulitis, exceso de grasa localizada. Todos ellos se pueden tratar con procedimientos m\u00ednimamente invasivos no quir\u00fargicos, que mejoran notablemente nuestra imagen sin pasar por quir\u00f3fano<\/p><\/div><\/div><a href=\"\/en\/medicina-estetica\/corporal\/\" target=\"_self\" class=\"fw-btn fw-btn-1\">\n\t<span>M\u00e1s informaci\u00f3n<\/span>\n<\/a>\n\t<div class=\"fw-divider-space\" style=\"padding-top: 50px;\"><\/div>\n    <\/div>\n    \n\t\n<\/div>\n\n\n\n\n\n\n<div class=\"fw-col-xs-12 fw-col-sm-4   enh_image_bck   enh_col\"  >\n\t\n\t\n  <!-- vertical text -->\n  <div class=\"enh_slider_copyright\"><\/div>\n    \n    \n    <div class=\"\">\t\n    \n\t\t<a href=\"\/en\/medicina-estetica\/hombres\/\" target=\"_self\" ><img decoding=\"async\" src=\"\/\/www.rosapulgar.com\/wp-content\/uploads\/2018\/04\/foto46.jpg\" alt=\"\/\/www.rosapulgar.com\/wp-content\/uploads\/2018\/04\/foto46.jpg\" \/><\/a><div class=\"text_block\">\n<div class=\"titlecat\"><h2>Hombres<\/h2><p>La Medicina Est\u00e9tica ofrece soluciones espec\u00edficas a los pacientes masculinos. Permite tratar aspectos antiest\u00e9ticos, tanto de la cara como del cuerpo, mediante protocolos nada agresivos. Estos procedimientos se caracterizan...<\/p><\/div><\/div><a href=\"\/en\/medicina-estetica\/hombres\/\" target=\"_self\" class=\"fw-btn fw-btn-1\">\n\t<span>M\u00e1s informaci\u00f3n<\/span>\n<\/a>\n\t<div class=\"fw-divider-space\" style=\"padding-top: 50px;\"><\/div>\n    <\/div>\n    \n\t\n<\/div>\n<\/div>\n\n\n\n    <\/div>\n    <!-- container end -->\n<\/section>\n<!-- section end -->","protected":false},"excerpt":{"rendered":"<p>FacialLos signos m\u00e1s importantes del envejecimiento cut\u00e1neo son: aparici\u00f3n de arrugas, manchas, sequedad de la piel, p\u00e9rdida del brillo y flacidez.\u2028\u2028Estas se\u00f1ales son consecuencia de un&#8230;<br \/><a href=\"https:\/\/www.clinicapulgar.com\/en\/medicina-estetica\/\" class=\"btn btn_more\">Leer m\u00e1s<\/a><\/p>","protected":false},"author":2,"featured_media":0,"parent":0,"menu_order":0,"comment_status":"closed","ping_status":"closed","template":"template-one-page.php","meta":{"footnotes":""},"class_list":["post-85","page","type-page","status-publish","hentry"],"yoast_head":"<!-- This site is optimized with the Yoast SEO plugin v26.7 - https:\/\/yoast.com\/wordpress\/plugins\/seo\/ -->\n<title>Medicina Est\u00e9tica - Clinica Rosa Pulgar<\/title>\n<meta name=\"robots\" content=\"index, follow, max-snippet:-1, max-image-preview:large, max-video-preview:-1\" \/>\n<link rel=\"canonical\" href=\"https:\/\/www.clinicapulgar.com\/en\/medicina-estetica\/\" \/>\n<meta property=\"og:locale\" content=\"en_GB\" \/>\n<meta property=\"og:type\" content=\"article\" \/>\n<meta property=\"og:title\" content=\"Medicina Est\u00e9tica - Clinica Rosa Pulgar\" \/>\n<meta property=\"og:description\" content=\"FacialLos signos m\u00e1s importantes del envejecimiento cut\u00e1neo son: aparici\u00f3n de arrugas, manchas, sequedad de la piel, p\u00e9rdida del brillo y flacidez.\u2028\u2028Estas se\u00f1ales son consecuencia de un...Leer m\u00e1s\" \/>\n<meta property=\"og:url\" content=\"https:\/\/www.clinicapulgar.com\/en\/medicina-estetica\/\" \/>\n<meta property=\"og:site_name\" content=\"Clinica Rosa Pulgar\" \/>\n<meta property=\"article:modified_time\" content=\"2025-01-28T13:11:38+00:00\" \/>\n<meta name=\"twitter:card\" content=\"summary_large_image\" \/>\n<meta name=\"twitter:label1\" content=\"Estimated reading time\" \/>\n\t<meta name=\"twitter:data1\" content=\"2 minutes\" \/>\n<script type=\"application\/ld+json\" class=\"yoast-schema-graph\">{\"@context\":\"https:\/\/schema.org\",\"@graph\":[{\"@type\":\"WebPage\",\"@id\":\"https:\/\/www.clinicapulgar.com\/medicina-estetica\/\",\"url\":\"https:\/\/www.clinicapulgar.com\/medicina-estetica\/\",\"name\":\"Medicina Est\u00e9tica - Clinica Rosa Pulgar\",\"isPartOf\":{\"@id\":\"https:\/\/www.clinicapulgar.com\/#website\"},\"datePublished\":\"2018-04-09T18:49:09+00:00\",\"dateModified\":\"2025-01-28T13:11:38+00:00\",\"breadcrumb\":{\"@id\":\"https:\/\/www.clinicapulgar.com\/medicina-estetica\/#breadcrumb\"},\"inLanguage\":\"en-GB\",\"potentialAction\":[{\"@type\":\"ReadAction\",\"target\":[\"https:\/\/www.clinicapulgar.com\/medicina-estetica\/\"]}]},{\"@type\":\"BreadcrumbList\",\"@id\":\"https:\/\/www.clinicapulgar.com\/medicina-estetica\/#breadcrumb\",\"itemListElement\":[{\"@type\":\"ListItem\",\"position\":1,\"name\":\"Home\",\"item\":\"https:\/\/www.clinicapulgar.com\/\"},{\"@type\":\"ListItem\",\"position\":2,\"name\":\"Medicina Est\u00e9tica\"}]},{\"@type\":\"WebSite\",\"@id\":\"https:\/\/www.clinicapulgar.com\/#website\",\"url\":\"https:\/\/www.clinicapulgar.com\/\",\"name\":\"Clinica Rosa Pulgar\",\"description\":\"Cl\u00ednica dental Rosa Pulgar - est\u00e9tica dental\",\"potentialAction\":[{\"@type\":\"SearchAction\",\"target\":{\"@type\":\"EntryPoint\",\"urlTemplate\":\"https:\/\/www.clinicapulgar.com\/?s={search_term_string}\"},\"query-input\":{\"@type\":\"PropertyValueSpecification\",\"valueRequired\":true,\"valueName\":\"search_term_string\"}}],\"inLanguage\":\"en-GB\"}]}<\/script>\n<!-- \/ Yoast SEO plugin. -->","yoast_head_json":{"title":"Medicina Est\u00e9tica - Clinica Rosa Pulgar","robots":{"index":"index","follow":"follow","max-snippet":"max-snippet:-1","max-image-preview":"max-image-preview:large","max-video-preview":"max-video-preview:-1"},"canonical":"https:\/\/www.clinicapulgar.com\/en\/medicina-estetica\/","og_locale":"en_GB","og_type":"article","og_title":"Medicina Est\u00e9tica - Clinica Rosa Pulgar","og_description":"FacialLos signos m\u00e1s importantes del envejecimiento cut\u00e1neo son: aparici\u00f3n de arrugas, manchas, sequedad de la piel, p\u00e9rdida del brillo y flacidez.\u2028\u2028Estas se\u00f1ales son consecuencia de un...Leer m\u00e1s","og_url":"https:\/\/www.clinicapulgar.com\/en\/medicina-estetica\/","og_site_name":"Clinica Rosa Pulgar","article_modified_time":"2025-01-28T13:11:38+00:00","twitter_card":"summary_large_image","twitter_misc":{"Estimated reading time":"2 minutes"},"schema":{"@context":"https:\/\/schema.org","@graph":[{"@type":"WebPage","@id":"https:\/\/www.clinicapulgar.com\/medicina-estetica\/","url":"https:\/\/www.clinicapulgar.com\/medicina-estetica\/","name":"Medicina Est\u00e9tica - Clinica Rosa Pulgar","isPartOf":{"@id":"https:\/\/www.clinicapulgar.com\/#website"},"datePublished":"2018-04-09T18:49:09+00:00","dateModified":"2025-01-28T13:11:38+00:00","breadcrumb":{"@id":"https:\/\/www.clinicapulgar.com\/medicina-estetica\/#breadcrumb"},"inLanguage":"en-GB","potentialAction":[{"@type":"ReadAction","target":["https:\/\/www.clinicapulgar.com\/medicina-estetica\/"]}]},{"@type":"BreadcrumbList","@id":"https:\/\/www.clinicapulgar.com\/medicina-estetica\/#breadcrumb","itemListElement":[{"@type":"ListItem","position":1,"name":"Home","item":"https:\/\/www.clinicapulgar.com\/"},{"@type":"ListItem","position":2,"name":"Medicina Est\u00e9tica"}]},{"@type":"WebSite","@id":"https:\/\/www.clinicapulgar.com\/#website","url":"https:\/\/www.clinicapulgar.com\/","name":"Clinica Rosa Pulgar","description":"Cl\u00ednica dental Rosa Pulgar - est\u00e9tica dental","potentialAction":[{"@type":"SearchAction","target":{"@type":"EntryPoint","urlTemplate":"https:\/\/www.clinicapulgar.com\/?s={search_term_string}"},"query-input":{"@type":"PropertyValueSpecification","valueRequired":true,"valueName":"search_term_string"}}],"inLanguage":"en-GB"}]}},"_links":{"self":[{"href":"https:\/\/www.clinicapulgar.com\/en\/wp-json\/wp\/v2\/pages\/85","targetHints":{"allow":["GET"]}}],"collection":[{"href":"https:\/\/www.clinicapulgar.com\/en\/wp-json\/wp\/v2\/pages"}],"about":[{"href":"https:\/\/www.clinicapulgar.com\/en\/wp-json\/wp\/v2\/types\/page"}],"author":[{"embeddable":true,"href":"https:\/\/www.clinicapulgar.com\/en\/wp-json\/wp\/v2\/users\/2"}],"replies":[{"embeddable":true,"href":"https:\/\/www.clinicapulgar.com\/en\/wp-json\/wp\/v2\/comments?post=85"}],"version-history":[{"count":6,"href":"https:\/\/www.clinicapulgar.com\/en\/wp-json\/wp\/v2\/pages\/85\/revisions"}],"predecessor-version":[{"id":929,"href":"https:\/\/www.clinicapulgar.com\/en\/wp-json\/wp\/v2\/pages\/85\/revisions\/929"}],"wp:attachment":[{"href":"https:\/\/www.clinicapulgar.com\/en\/wp-json\/wp\/v2\/media?parent=85"}],"curies":[{"name":"wp","href":"https:\/\/api.w.org\/{rel}","templated":true}]}}