{"id":81,"date":"2018-04-09T18:15:56","date_gmt":"2018-04-09T18:15:56","guid":{"rendered":"https:\/\/www.rosapulgar.com\/?page_id=81"},"modified":"2025-01-28T12:55:49","modified_gmt":"2025-01-28T12:55:49","slug":"estetica-dental","status":"publish","type":"page","link":"https:\/\/www.clinicapulgar.com\/en\/estetica-dental\/","title":{"rendered":"Est\u00e9tica Dental"},"content":{"rendered":"<p>\n\n<!-- section -->\n<section   class=\"enh_section enh_image_bck\"  >\n\n\t\t\n\n\n\t\t    <div class=\"container intro_text_lc\">\n    \n    <!-- vertical text -->\n    <div class=\"enh_slider_copyright\"><\/div>\n\t\t\n    \n\t\t\n\n    <div class=\"fw-row\">\n\t\n\n\n\n\n\n<div class=\"fw-col-xs-12 fw-col-sm-4   enh_image_bck   enh_col\"  >\n\t\n\t\n  <!-- vertical text -->\n  <div class=\"enh_slider_copyright\"><\/div>\n    \n    \n    <div class=\"\">\t\n    \n\t\t<a href=\"\/en\/estetica-dental\/digital-smile-design\/\" target=\"_self\" ><img decoding=\"async\" src=\"\/\/www.rosapulgar.com\/wp-content\/uploads\/2018\/04\/ima_content_2.jpg\" alt=\"\/\/www.rosapulgar.com\/wp-content\/uploads\/2018\/04\/ima_content_2.jpg\" \/><\/a><div class=\"text_block\">\n<div class=\"titlecat\"><h2>Digital smile Design<\/h2><p>El DSD (Digital Smile Desing) es un procedimiento que permite dise\u00f1ar una sonrisa. A partir de im\u00e1genes y videos del paciente (foto 1), se realiza un dise\u00f1o digital de las futuras restauraciones, teniendo en cuenta las caracter\u00edsticas de la cara del paciente..<\/p><\/div><\/div><a href=\"\/en\/estetica-dental\/digital-smile-design\/\" target=\"_self\" class=\"fw-btn fw-btn-1\">\n\t<span>M\u00e1s informaci\u00f3n<\/span>\n<\/a>\n\t<div class=\"fw-divider-space\" style=\"padding-top: 50px;\"><\/div>\n    <\/div>\n    \n\t\n<\/div>\n\n\n\n\n\n\n<div class=\"fw-col-xs-12 fw-col-sm-4   enh_image_bck   enh_col\"  >\n\t\n\t\n  <!-- vertical text -->\n  <div class=\"enh_slider_copyright\"><\/div>\n    \n    \n    <div class=\"\">\t\n    \n\t\t<a href=\"\/en\/estetica-dental\/blanqueamiento-dental\/\" target=\"_self\" ><img decoding=\"async\" src=\"\/\/www.rosapulgar.com\/wp-content\/uploads\/2018\/04\/5.jpg\" alt=\"\/\/www.rosapulgar.com\/wp-content\/uploads\/2018\/04\/5.jpg\" \/><\/a><div class=\"text_block\">\n<div class=\"titlecat\"><h2>Blanqueamiento dental<\/h2><p>El color es uno de los componentes principales de una sonrisa bonita Dientes blancos son percibidos como sin\u00f3nimo de salud, belleza, juventud. Mediante las modernas t\u00e9cnicas de blanqueamiento dental profesional podemos...<\/p><\/div><\/div><a href=\"\/en\/estetica-dental\/blanqueamiento-dental\/\" target=\"_self\" class=\"fw-btn fw-btn-1\">\n\t<span>M\u00e1s informaci\u00f3n<\/span>\n<\/a>\n\t<div class=\"fw-divider-space\" style=\"padding-top: 50px;\"><\/div>\n    <\/div>\n    \n\t\n<\/div>\n\n\n\n\n\n\n<div class=\"fw-col-xs-12 fw-col-sm-4   enh_image_bck   enh_col\"  >\n\t\n\t\n  <!-- vertical text -->\n  <div class=\"enh_slider_copyright\"><\/div>\n    \n    \n    <div class=\"\">\t\n    \n\t\t<a href=\"\/en\/estetica-dental\/tratamiento-dientes-desgastados\/\" target=\"_self\" ><img decoding=\"async\" src=\"\/\/www.rosapulgar.com\/wp-content\/uploads\/2018\/04\/6.jpg\" alt=\"\/\/www.rosapulgar.com\/wp-content\/uploads\/2018\/04\/6.jpg\" \/><\/a><div class=\"text_block\">\n<div class=\"titlecat\"><h2>TRATAMIENTO DIENTES DESGASTADOS<\/h2><p>Hasta ahora, la \u00fanica soluci\u00f3n, en casos avanzados, era la colocaci\u00f3n de fundas en toda la boca. Esta es una posibilidad. Pero, tambi\u00e9n existen otras alternativas m\u00e1s conservadoras que se basan en mantener lo que queda de diente...<\/p><\/div><\/div><a href=\"\/en\/estetica-dental\/tratamiento-dientes-desgastados\/\" target=\"_self\" class=\"fw-btn fw-btn-1\">\n\t<span>M\u00e1s informaci\u00f3n<\/span>\n<\/a>\n\t<div class=\"fw-divider-space\" style=\"padding-top: 50px;\"><\/div>\n    <\/div>\n    \n\t\n<\/div>\n<\/div>\n\n<div class=\"fw-row\">\n\t\n\n\n\n\n\n<div class=\"fw-col-xs-12 fw-col-sm-4   enh_image_bck   enh_col\"  >\n\t\n\t\n  <!-- vertical text -->\n  <div class=\"enh_slider_copyright\"><\/div>\n    \n    \n    <div class=\"\">\t\n    \n\t\t<a href=\"\/en\/estetica-dental\/carillas-de-composite-escultura-dental\/\" target=\"_self\" ><img decoding=\"async\" src=\"\/\/www.rosapulgar.com\/wp-content\/uploads\/2018\/04\/8.jpg\" alt=\"\/\/www.rosapulgar.com\/wp-content\/uploads\/2018\/04\/8.jpg\" \/><\/a><div class=\"text_block\">\n<div class=\"titlecat\"><h2>CARILLAS DE COMPOSITE<\/h2><p>Los modernos composites ofrecen un ampl\u00edsimo rango de colores y niveles de translucidez, lo que permite conseguir restauraciones muy mim\u00e9ticas (invisibles) y altamente resistentes. Este sistema tiene la ventaja de...<\/p><\/div><\/div><a href=\"\/en\/estetica-dental\/carillas-de-composite-escultura-dental\/\" target=\"_self\" class=\"fw-btn fw-btn-1\">\n\t<span>M\u00e1s informaci\u00f3n<\/span>\n<\/a>\n\t<div class=\"fw-divider-space\" style=\"padding-top: 50px;\"><\/div>\n    <\/div>\n    \n\t\n<\/div>\n\n\n\n\n\n\n<div class=\"fw-col-xs-12 fw-col-sm-4   enh_image_bck   enh_col\"  >\n\t\n\t\n  <!-- vertical text -->\n  <div class=\"enh_slider_copyright\"><\/div>\n    \n    \n    <div class=\"\">\t\n    \n\t\t<a href=\"\/en\/estetica-dental\/carillas-ceramicas\/\" target=\"_self\" ><img decoding=\"async\" src=\"\/\/www.rosapulgar.com\/wp-content\/uploads\/2018\/04\/9.jpg\" alt=\"\/\/www.rosapulgar.com\/wp-content\/uploads\/2018\/04\/9.jpg\" \/><\/a><div class=\"text_block\">\n<div class=\"titlecat\"><h2>CARILLAS CER\u00c1MICAS<\/h2><p>Son finas l\u00e1minas de cer\u00e1mica que se colocan en la cara frontal del diente para cambiar su forma y\/o sus dimensiones y su color con una m\u00ednima preparaci\u00f3n. Otra ventaja de las carillas cer\u00e1micas son sus excepcionales cualidades...<\/p><\/div><\/div><a href=\"\/en\/estetica-dental\/carillas-ceramicas\/\" target=\"_self\" class=\"fw-btn fw-btn-1\">\n\t<span>M\u00e1s informaci\u00f3n<\/span>\n<\/a>\n\t<div class=\"fw-divider-space\" style=\"padding-top: 50px;\"><\/div>\n    <\/div>\n    \n\t\n<\/div>\n\n\n\n\n\n\n<div class=\"fw-col-xs-12 fw-col-sm-4   enh_image_bck   enh_col\"  >\n\t\n\t\n  <!-- vertical text -->\n  <div class=\"enh_slider_copyright\"><\/div>\n    \n    \n    <div class=\"\">\t\n    \n\t\t<a href=\"\/en\/estetica-dental\/implantes-dentales\/\" target=\"_self\" ><img decoding=\"async\" src=\"\/\/www.rosapulgar.com\/wp-content\/uploads\/2019\/01\/9-11.jpg\" alt=\"\/\/www.rosapulgar.com\/wp-content\/uploads\/2019\/01\/9-11.jpg\" \/><\/a><div class=\"text_block\">\n<div class=\"titlecat\"><h2>IMPLANTES DENTALES<\/h2><p>Nuestra filosof\u00eda de trabajo nos lleva a mantener la dentici\u00f3n natural siempre que sea posible. Pero, a veces, no hay otra opci\u00f3n que reponer con implantes los dientes que se han perdido para restablecer el equilibrio funcional....<\/p><\/div><\/div><a href=\"\/en\/estetica-dental\/implantes-dentales\/\" target=\"_self\" class=\"fw-btn fw-btn-1\">\n\t<span>M\u00e1s informaci\u00f3n<\/span>\n<\/a>    <\/div>\n    \n\t\n<\/div>\n<\/div>\n\n\n\n    <\/div>\n    <!-- container end -->\n<\/section>\n<!-- section end -->\n\n<!-- section -->\n<section  id=\"casosclinicos\" class=\"enh_section enh_image_bck\" style=\"background-image:url(https:\/\/www.rosapulgar.com\/wp-content\/uploads\/2018\/04\/fondo-casos-1400x328.jpg);\" >\n\n\t\t\n\n\n\t\t    <div class=\"container-fluid text-center\">\n    \n    <!-- vertical text -->\n    <div class=\"enh_slider_copyright\"><\/div>\n\t\t\n    \n\t\t\n\n    <div class=\"fw-row\">\n\t\n\n\n\n\n\n<div class=\"fw-col-xs-12   enh_image_bck   enh_col\"  >\n\t\n\t\n  <!-- vertical text -->\n  <div class=\"enh_slider_copyright\"><\/div>\n    \n    \n    <div class=\"\">\t\n    \n\t\t<div class=\"fw-heading fw-heading-h3 fw-heading-center\">\n\t\t<h3 class='fw-special-title'>Nuestra experiencia nos avala<\/h3>\t\t\t<div class=\"fw-special-subtitle\">Casos cl\u00ednicos<\/div>\n\t<\/div>    <\/div>\n    \n\t\n<\/div>\n<\/div>\n\n<div class=\"fw-row\">\n\t\n\n\n\n\n\n<div class=\"fw-col-xs-12   enh_image_bck   enh_col\"  >\n\t\n\t\n  <!-- vertical text -->\n  <div class=\"enh_slider_copyright\"><\/div>\n    \n    \n    <div class=\"\">\t\n    \n\t\t<div class=\"text_block\">\n<p>A veces es dificil entender en qu\u00e9 cosiste un tratamiento o c\u00f3mo puede ser el resultado. Aqui puedes ver casos reales, realizados en nuestra consulta y, la mayoria de ellos, hace muchos a\u00f1os. Porque las cosas, si se hacen bien, funcionan. Las fotos son originales.<\/p><\/div>    <\/div>\n    \n\t\n<\/div>\n<\/div>\n\n<div class=\"fw-row\">\n\t\n\n\n\n\n\n<div class=\"fw-col-xs-12   enh_image_bck   enh_col\"  >\n\t\n\t\n  <!-- vertical text -->\n  <div class=\"enh_slider_copyright\"><\/div>\n    \n    \n    <div class=\"\">\t\n    \n\t\t<a href=\"#\" target=\"_self\" class=\"fw-btn fw-btn-1\">\n\t<span>Ver casos cl\u00ednicos<\/span>\n<\/a>    <\/div>\n    \n\t\n<\/div>\n<\/div>\n\n<div class=\"fw-row\">\n\t\n\n\n\n\n\n<div class=\"fw-col-xs-12   enh_image_bck   enh_col\"  >\n\t\n\t\n  <!-- vertical text -->\n  <div class=\"enh_slider_copyright\"><\/div>\n    \n    \n    <div class=\"\">\t\n    \n\t\t\n\t<div class=\"fw-divider-space\" style=\"padding-top: 40px;\"><\/div>\n    <\/div>\n    \n\t\n<\/div>\n<\/div>\n\n\n\n    <\/div>\n    <!-- container end -->\n<\/section>\n<!-- section end --><\/p>","protected":false},"excerpt":{"rendered":"<p>Digital smile DesignEl DSD (Digital Smile Desing) es un procedimiento que permite dise\u00f1ar una sonrisa. A partir de im\u00e1genes y videos del paciente (foto 1), se&#8230;<br \/><a href=\"https:\/\/www.clinicapulgar.com\/en\/estetica-dental\/\" class=\"btn btn_more\">Leer m\u00e1s<\/a><\/p>","protected":false},"author":2,"featured_media":0,"parent":0,"menu_order":0,"comment_status":"closed","ping_status":"closed","template":"template-one-page.php","meta":{"footnotes":""},"class_list":["post-81","page","type-page","status-publish","hentry"],"yoast_head":"<!-- This site is optimized with the Yoast SEO plugin v26.7 - https:\/\/yoast.com\/wordpress\/plugins\/seo\/ -->\n<title>Est\u00e9tica Dental - Clinica Rosa Pulgar<\/title>\n<meta name=\"description\" content=\"A veces es dificil entender en qu\u00e9 cosiste un tratamiento o c\u00f3mo puede ser el resultado. Aqui puedes ver casos reales.\" \/>\n<meta name=\"robots\" content=\"index, follow, max-snippet:-1, max-image-preview:large, max-video-preview:-1\" \/>\n<link rel=\"canonical\" href=\"https:\/\/www.clinicapulgar.com\/en\/estetica-dental\/\" \/>\n<meta property=\"og:locale\" content=\"en_GB\" \/>\n<meta property=\"og:type\" content=\"article\" \/>\n<meta property=\"og:title\" content=\"Est\u00e9tica Dental - Clinica Rosa Pulgar\" \/>\n<meta property=\"og:description\" content=\"A veces es dificil entender en qu\u00e9 cosiste un tratamiento o c\u00f3mo puede ser el resultado. Aqui puedes ver casos reales.\" \/>\n<meta property=\"og:url\" content=\"https:\/\/www.clinicapulgar.com\/en\/estetica-dental\/\" \/>\n<meta property=\"og:site_name\" content=\"Clinica Rosa Pulgar\" \/>\n<meta property=\"article:modified_time\" content=\"2025-01-28T12:55:49+00:00\" \/>\n<meta name=\"twitter:card\" content=\"summary_large_image\" \/>\n<meta name=\"twitter:label1\" content=\"Estimated reading time\" \/>\n\t<meta name=\"twitter:data1\" content=\"3 minutes\" \/>\n<script type=\"application\/ld+json\" class=\"yoast-schema-graph\">{\"@context\":\"https:\/\/schema.org\",\"@graph\":[{\"@type\":\"WebPage\",\"@id\":\"https:\/\/www.clinicapulgar.com\/estetica-dental\/\",\"url\":\"https:\/\/www.clinicapulgar.com\/estetica-dental\/\",\"name\":\"Est\u00e9tica Dental - Clinica Rosa Pulgar\",\"isPartOf\":{\"@id\":\"https:\/\/www.clinicapulgar.com\/#website\"},\"datePublished\":\"2018-04-09T18:15:56+00:00\",\"dateModified\":\"2025-01-28T12:55:49+00:00\",\"description\":\"A veces es dificil entender en qu\u00e9 cosiste un tratamiento o c\u00f3mo puede ser el resultado. Aqui puedes ver casos reales.\",\"breadcrumb\":{\"@id\":\"https:\/\/www.clinicapulgar.com\/estetica-dental\/#breadcrumb\"},\"inLanguage\":\"en-GB\",\"potentialAction\":[{\"@type\":\"ReadAction\",\"target\":[\"https:\/\/www.clinicapulgar.com\/estetica-dental\/\"]}]},{\"@type\":\"BreadcrumbList\",\"@id\":\"https:\/\/www.clinicapulgar.com\/estetica-dental\/#breadcrumb\",\"itemListElement\":[{\"@type\":\"ListItem\",\"position\":1,\"name\":\"Home\",\"item\":\"https:\/\/www.clinicapulgar.com\/\"},{\"@type\":\"ListItem\",\"position\":2,\"name\":\"Est\u00e9tica Dental\"}]},{\"@type\":\"WebSite\",\"@id\":\"https:\/\/www.clinicapulgar.com\/#website\",\"url\":\"https:\/\/www.clinicapulgar.com\/\",\"name\":\"Clinica Rosa Pulgar\",\"description\":\"Cl\u00ednica dental Rosa Pulgar - est\u00e9tica dental\",\"potentialAction\":[{\"@type\":\"SearchAction\",\"target\":{\"@type\":\"EntryPoint\",\"urlTemplate\":\"https:\/\/www.clinicapulgar.com\/?s={search_term_string}\"},\"query-input\":{\"@type\":\"PropertyValueSpecification\",\"valueRequired\":true,\"valueName\":\"search_term_string\"}}],\"inLanguage\":\"en-GB\"}]}<\/script>\n<!-- \/ Yoast SEO plugin. -->","yoast_head_json":{"title":"Est\u00e9tica Dental - Clinica Rosa Pulgar","description":"A veces es dificil entender en qu\u00e9 cosiste un tratamiento o c\u00f3mo puede ser el resultado. Aqui puedes ver casos reales.","robots":{"index":"index","follow":"follow","max-snippet":"max-snippet:-1","max-image-preview":"max-image-preview:large","max-video-preview":"max-video-preview:-1"},"canonical":"https:\/\/www.clinicapulgar.com\/en\/estetica-dental\/","og_locale":"en_GB","og_type":"article","og_title":"Est\u00e9tica Dental - Clinica Rosa Pulgar","og_description":"A veces es dificil entender en qu\u00e9 cosiste un tratamiento o c\u00f3mo puede ser el resultado. Aqui puedes ver casos reales.","og_url":"https:\/\/www.clinicapulgar.com\/en\/estetica-dental\/","og_site_name":"Clinica Rosa Pulgar","article_modified_time":"2025-01-28T12:55:49+00:00","twitter_card":"summary_large_image","twitter_misc":{"Estimated reading time":"3 minutes"},"schema":{"@context":"https:\/\/schema.org","@graph":[{"@type":"WebPage","@id":"https:\/\/www.clinicapulgar.com\/estetica-dental\/","url":"https:\/\/www.clinicapulgar.com\/estetica-dental\/","name":"Est\u00e9tica Dental - Clinica Rosa Pulgar","isPartOf":{"@id":"https:\/\/www.clinicapulgar.com\/#website"},"datePublished":"2018-04-09T18:15:56+00:00","dateModified":"2025-01-28T12:55:49+00:00","description":"A veces es dificil entender en qu\u00e9 cosiste un tratamiento o c\u00f3mo puede ser el resultado. Aqui puedes ver casos reales.","breadcrumb":{"@id":"https:\/\/www.clinicapulgar.com\/estetica-dental\/#breadcrumb"},"inLanguage":"en-GB","potentialAction":[{"@type":"ReadAction","target":["https:\/\/www.clinicapulgar.com\/estetica-dental\/"]}]},{"@type":"BreadcrumbList","@id":"https:\/\/www.clinicapulgar.com\/estetica-dental\/#breadcrumb","itemListElement":[{"@type":"ListItem","position":1,"name":"Home","item":"https:\/\/www.clinicapulgar.com\/"},{"@type":"ListItem","position":2,"name":"Est\u00e9tica Dental"}]},{"@type":"WebSite","@id":"https:\/\/www.clinicapulgar.com\/#website","url":"https:\/\/www.clinicapulgar.com\/","name":"Clinica Rosa Pulgar","description":"Cl\u00ednica dental Rosa Pulgar - est\u00e9tica dental","potentialAction":[{"@type":"SearchAction","target":{"@type":"EntryPoint","urlTemplate":"https:\/\/www.clinicapulgar.com\/?s={search_term_string}"},"query-input":{"@type":"PropertyValueSpecification","valueRequired":true,"valueName":"search_term_string"}}],"inLanguage":"en-GB"}]}},"_links":{"self":[{"href":"https:\/\/www.clinicapulgar.com\/en\/wp-json\/wp\/v2\/pages\/81","targetHints":{"allow":["GET"]}}],"collection":[{"href":"https:\/\/www.clinicapulgar.com\/en\/wp-json\/wp\/v2\/pages"}],"about":[{"href":"https:\/\/www.clinicapulgar.com\/en\/wp-json\/wp\/v2\/types\/page"}],"author":[{"embeddable":true,"href":"https:\/\/www.clinicapulgar.com\/en\/wp-json\/wp\/v2\/users\/2"}],"replies":[{"embeddable":true,"href":"https:\/\/www.clinicapulgar.com\/en\/wp-json\/wp\/v2\/comments?post=81"}],"version-history":[{"count":24,"href":"https:\/\/www.clinicapulgar.com\/en\/wp-json\/wp\/v2\/pages\/81\/revisions"}],"predecessor-version":[{"id":1103,"href":"https:\/\/www.clinicapulgar.com\/en\/wp-json\/wp\/v2\/pages\/81\/revisions\/1103"}],"wp:attachment":[{"href":"https:\/\/www.clinicapulgar.com\/en\/wp-json\/wp\/v2\/media?parent=81"}],"curies":[{"name":"wp","href":"https:\/\/api.w.org\/{rel}","templated":true}]}}