{"id":705,"date":"2018-04-26T18:03:27","date_gmt":"2018-04-26T18:03:27","guid":{"rendered":"https:\/\/www.rosapulgar.com\/?page_id=705"},"modified":"2025-07-02T07:15:24","modified_gmt":"2025-07-02T07:15:24","slug":"reserva-tu-cita","status":"publish","type":"page","link":"https:\/\/www.clinicapulgar.com\/en\/reserva-tu-cita\/","title":{"rendered":"Reserva tu cita"},"content":{"rendered":"<!-- section -->\n<section   class=\"enh_section enh_image_bck\"  >\n\n\t\t\n\n\n\t\t    <div class=\"container intro_text_lc\">\n    \n    <!-- vertical text -->\n    <div class=\"enh_slider_copyright\"><\/div>\n\t\t\n    \n\t\t\n\n    <div class=\"fw-row\">\n\t\n\n\n\n\n\n<div class=\"fw-col-xs-12 fw-col-sm-6   enh_image_bck   enh_col\"  >\n\t\n\t\n  <!-- vertical text -->\n  <div class=\"enh_slider_copyright\"><\/div>\n    \n    \n    <div class=\"\">\t\n    \n\t\t<div class=\"form-wrapper fw-contact-form contact-form\">\n\t<form data-fw-form-id=\"fw_form\" method=\"post\" action=\"https:\/\/www.clinicapulgar.com\/en\/wp-json\/wp\/v2\/pages\/705\" class=\"fw_form_fw_form\" data-fw-ext-forms-type=\"contact-forms\" data-trp-original-action=\"https:\/\/www.clinicapulgar.com\/en\/wp-json\/wp\/v2\/pages\/705\"  ><input type=\"hidden\" name=\"fwf\" value=\"fw_form\" \/><input type=\"hidden\" id=\"_nonce_9b4380f1f3345488fa12f54b5032e2df\" name=\"_nonce_9b4380f1f3345488fa12f54b5032e2df\" value=\"0ba90c7d65\" \/><input type=\"hidden\" name=\"_wp_http_referer\" value=\"\/en\/wp-json\/wp\/v2\/pages\/705\" \/><input type=\"hidden\" name=\"fw_ext_forms_form_type\" value=\"contact-forms\" \/><input type=\"hidden\" name=\"fw_ext_forms_form_id\" value=\"e3b98615ccf0d0911429544fbc7c611b\" \/><div class=\"wrap-forms\">\n\t<div class=\"fw-row\"><\/div><div class=\"fw-row\"><div class=\"fw-col-xs-12 fw-col-sm-6 form-builder-item\">\n\t<div class=\"field-text\">\n\t\t\t\t<label for=\"id-1\">Nombre\t\t\t<sup>*<\/sup>\t\t<\/label>\n\t\t\t\t<input type=\"text\" name=\"text_d067e5b\" placeholder=\"\" value=\"\" id=\"id-1\" required=\"required\" >\n\t\t\t<\/div>\n<\/div><div class=\"fw-col-xs-12 fw-col-sm-6 form-builder-item\">\n\t<div class=\"field-text\">\n\t\t\t\t<label for=\"id-2\">Tel\u00e9fono\t\t\t<sup>*<\/sup>\t\t<\/label>\n\t\t\t\t<input type=\"text\" name=\"number_dd1b7e6\" placeholder=\"\" value=\"\" id=\"id-2\" required=\"required\" data-constraint=\"{&quot;type&quot;:&quot;value&quot;,&quot;data&quot;:{&quot;min&quot;:0,&quot;max&quot;:0}}\" >\n\t\t\t<\/div>\n<\/div><\/div><div class=\"fw-row\"><div class=\"fw-col-xs-12 fw-col-sm-6 form-builder-item\">\n\t<div class=\"field-text\">\n\t\t\t\t<label for=\"id-3\">Email\t\t\t<sup>*<\/sup>\t\t<\/label>\n\t\t\t\t<input type=\"text\" name=\"email_2a8e08f\" placeholder=\"\" value=\"\" id=\"id-3\" required=\"required\" >\n\t\t\t<\/div>\n<\/div><div class=\"fw-col-xs-12 fw-col-sm-6 form-builder-item\">\n\t<div class=\"field-text\">\n\t\t\t\t<label for=\"id-4\">Asunto\t\t\t<sup>*<\/sup>\t\t<\/label>\n\t\t\t\t<input type=\"text\" name=\"text_a406971\" placeholder=\"\" value=\"\" id=\"id-4\" required=\"required\" >\n\t\t\t<\/div>\n<\/div><\/div><div class=\"fw-row\"><div class=\"fw-col-xs-12 form-builder-item\">\n\t<div class=\"field-textarea\">\n\t\t\t\t<label for=\"id-5\">Mensaje\t\t\t<sup>*<\/sup>\t\t<\/label>\n\t\t\t\t<textarea name=\"textarea_350ca55\" placeholder=\"\" id=\"id-5\" required=\"required\" ><\/textarea>\n\t\t\t<\/div>\n<\/div><\/div><div class=\"fw-row\"><div class=\"fw-col-xs-12 fw-col-sm-6 form-builder-item\">\n\t<div class=\"field-recaptcha\">\n\t\t<label>Recaptcha<\/label>\n\t\t<input type=\"hidden\" name=\"recaptcha_a13329e\">\n\t\t<div class=\"form-builder-item-recaptcha\" ><\/div>\n\t<\/div>\n<\/div><\/div><\/div><div>\n\t<input type=\"submit\" value=\"Enviar\"\/>\n<\/div><input type=\"hidden\" name=\"trp-form-language\" value=\"en\"\/><\/form><\/div>    <\/div>\n    \n\t\n<\/div>\n\n\n\n\n\n\n<div class=\"fw-col-xs-12 fw-col-sm-6   enh_image_bck   enh_col\"  >\n\t\n\t\n  <!-- vertical text -->\n  <div class=\"enh_slider_copyright\"><\/div>\n    \n    \n    <div class=\"\">\t\n    \n\t\t<div class=\"text_block\">\n<p>Reserva tu cita mand\u00e1ndonos un mail. O si lo prefieres, puedes enviarnos un mensaje o un whatsapp. Nosotros nos pondremos en contacto contigo con la mayor brevedad.<\/p><\/div><div class=\"text_block\">\n<ul class=\"datoscontacto\"><li><img decoding=\"async\" src=\"https:\/\/www.rosapulgar.com\/wp-content\/uploads\/2018\/04\/iconmap-c.svg\" \/> Avenida de Constituci\u00f3n 41, 4\u00baC. 18014 Granada<\/li><li><img decoding=\"async\" src=\"https:\/\/www.rosapulgar.com\/wp-content\/uploads\/2018\/04\/mail-c.svg\" alt=\"Email rosa pulgar\" \/> info@rosapulgar.com<\/li><\/ul><ul class=\"datoscontacto2\"><li><img decoding=\"async\" src=\"https:\/\/www.rosapulgar.com\/wp-content\/uploads\/2018\/04\/telefono-c.svg\" alt=\"Tel\u00e9fono rosa pulgar\" \/> 958 279 460<\/li><li><img decoding=\"async\" src=\"https:\/\/www.rosapulgar.com\/wp-content\/uploads\/2018\/04\/movil-c.svg\" alt=\"M\u00f3vil rosa pulgar\" \/> 630 721 886<\/li><li><img decoding=\"async\" src=\"https:\/\/www.rosapulgar.com\/wp-content\/uploads\/2018\/04\/movilwp-c.svg\" alt=\"M\u00f3vil rosa pulgar\" \/> 630 721 886<\/li><\/ul><\/div>    <\/div>\n    \n\t\n<\/div>\n<\/div>\n\n\n\n    <\/div>\n    <!-- container end -->\n<\/section>\n<!-- section end -->","protected":false},"excerpt":{"rendered":"<p>Nombre * Tel\u00e9fono * Email * Asunto * Mensaje * Recaptcha Reserva tu cita mand\u00e1ndonos un mail. O si lo prefieres, puedes enviarnos un mensaje o&#8230;<br \/><a href=\"https:\/\/www.clinicapulgar.com\/en\/reserva-tu-cita\/\" class=\"btn btn_more\">Leer m\u00e1s<\/a><\/p>","protected":false},"author":2,"featured_media":0,"parent":0,"menu_order":0,"comment_status":"closed","ping_status":"closed","template":"template-one-page.php","meta":{"footnotes":""},"class_list":["post-705","page","type-page","status-publish","hentry"],"yoast_head":"<!-- This site is optimized with the Yoast SEO plugin v26.7 - https:\/\/yoast.com\/wordpress\/plugins\/seo\/ -->\n<title>Reserva tu cita - Clinica Rosa Pulgar<\/title>\n<meta name=\"robots\" content=\"index, follow, max-snippet:-1, max-image-preview:large, max-video-preview:-1\" \/>\n<link rel=\"canonical\" href=\"https:\/\/www.clinicapulgar.com\/en\/reserva-tu-cita\/\" \/>\n<meta property=\"og:locale\" content=\"en_GB\" \/>\n<meta property=\"og:type\" content=\"article\" \/>\n<meta property=\"og:title\" content=\"Reserva tu cita - Clinica Rosa Pulgar\" \/>\n<meta property=\"og:description\" content=\"Nombre * Tel\u00e9fono * Email * Asunto * Mensaje * Recaptcha Reserva tu cita mand\u00e1ndonos un mail. O si lo prefieres, puedes enviarnos un mensaje o...Leer m\u00e1s\" \/>\n<meta property=\"og:url\" content=\"https:\/\/www.clinicapulgar.com\/en\/reserva-tu-cita\/\" \/>\n<meta property=\"og:site_name\" content=\"Clinica Rosa Pulgar\" \/>\n<meta property=\"article:modified_time\" content=\"2025-07-02T07:15:24+00:00\" \/>\n<meta property=\"og:image\" content=\"https:\/\/www.rosapulgar.com\/wp-content\/uploads\/2018\/04\/iconmap-c.svg\" \/>\n<meta name=\"twitter:card\" content=\"summary_large_image\" \/>\n<meta name=\"twitter:label1\" content=\"Estimated reading time\" \/>\n\t<meta name=\"twitter:data1\" content=\"2 minutes\" \/>\n<script type=\"application\/ld+json\" class=\"yoast-schema-graph\">{\"@context\":\"https:\/\/schema.org\",\"@graph\":[{\"@type\":\"WebPage\",\"@id\":\"https:\/\/www.clinicapulgar.com\/reserva-tu-cita\/\",\"url\":\"https:\/\/www.clinicapulgar.com\/reserva-tu-cita\/\",\"name\":\"Reserva tu cita - Clinica Rosa Pulgar\",\"isPartOf\":{\"@id\":\"https:\/\/www.clinicapulgar.com\/#website\"},\"primaryImageOfPage\":{\"@id\":\"https:\/\/www.clinicapulgar.com\/reserva-tu-cita\/#primaryimage\"},\"image\":{\"@id\":\"https:\/\/www.clinicapulgar.com\/reserva-tu-cita\/#primaryimage\"},\"thumbnailUrl\":\"https:\/\/www.rosapulgar.com\/wp-content\/uploads\/2018\/04\/iconmap-c.svg\",\"datePublished\":\"2018-04-26T18:03:27+00:00\",\"dateModified\":\"2025-07-02T07:15:24+00:00\",\"breadcrumb\":{\"@id\":\"https:\/\/www.clinicapulgar.com\/reserva-tu-cita\/#breadcrumb\"},\"inLanguage\":\"en-GB\",\"potentialAction\":[{\"@type\":\"ReadAction\",\"target\":[\"https:\/\/www.clinicapulgar.com\/reserva-tu-cita\/\"]}]},{\"@type\":\"ImageObject\",\"inLanguage\":\"en-GB\",\"@id\":\"https:\/\/www.clinicapulgar.com\/reserva-tu-cita\/#primaryimage\",\"url\":\"https:\/\/www.rosapulgar.com\/wp-content\/uploads\/2018\/04\/iconmap-c.svg\",\"contentUrl\":\"https:\/\/www.rosapulgar.com\/wp-content\/uploads\/2018\/04\/iconmap-c.svg\"},{\"@type\":\"BreadcrumbList\",\"@id\":\"https:\/\/www.clinicapulgar.com\/reserva-tu-cita\/#breadcrumb\",\"itemListElement\":[{\"@type\":\"ListItem\",\"position\":1,\"name\":\"Home\",\"item\":\"https:\/\/www.clinicapulgar.com\/\"},{\"@type\":\"ListItem\",\"position\":2,\"name\":\"Reserva tu cita\"}]},{\"@type\":\"WebSite\",\"@id\":\"https:\/\/www.clinicapulgar.com\/#website\",\"url\":\"https:\/\/www.clinicapulgar.com\/\",\"name\":\"Clinica Rosa Pulgar\",\"description\":\"Cl\u00ednica dental Rosa Pulgar - est\u00e9tica dental\",\"potentialAction\":[{\"@type\":\"SearchAction\",\"target\":{\"@type\":\"EntryPoint\",\"urlTemplate\":\"https:\/\/www.clinicapulgar.com\/?s={search_term_string}\"},\"query-input\":{\"@type\":\"PropertyValueSpecification\",\"valueRequired\":true,\"valueName\":\"search_term_string\"}}],\"inLanguage\":\"en-GB\"}]}<\/script>\n<!-- \/ Yoast SEO plugin. -->","yoast_head_json":{"title":"Reserva tu cita - Clinica Rosa Pulgar","robots":{"index":"index","follow":"follow","max-snippet":"max-snippet:-1","max-image-preview":"max-image-preview:large","max-video-preview":"max-video-preview:-1"},"canonical":"https:\/\/www.clinicapulgar.com\/en\/reserva-tu-cita\/","og_locale":"en_GB","og_type":"article","og_title":"Reserva tu cita - Clinica Rosa Pulgar","og_description":"Nombre * Tel\u00e9fono * Email * Asunto * Mensaje * Recaptcha Reserva tu cita mand\u00e1ndonos un mail. O si lo prefieres, puedes enviarnos un mensaje o...Leer m\u00e1s","og_url":"https:\/\/www.clinicapulgar.com\/en\/reserva-tu-cita\/","og_site_name":"Clinica Rosa Pulgar","article_modified_time":"2025-07-02T07:15:24+00:00","og_image":[{"url":"https:\/\/www.rosapulgar.com\/wp-content\/uploads\/2018\/04\/iconmap-c.svg","type":"","width":"","height":""}],"twitter_card":"summary_large_image","twitter_misc":{"Estimated reading time":"2 minutes"},"schema":{"@context":"https:\/\/schema.org","@graph":[{"@type":"WebPage","@id":"https:\/\/www.clinicapulgar.com\/reserva-tu-cita\/","url":"https:\/\/www.clinicapulgar.com\/reserva-tu-cita\/","name":"Reserva tu cita - Clinica Rosa Pulgar","isPartOf":{"@id":"https:\/\/www.clinicapulgar.com\/#website"},"primaryImageOfPage":{"@id":"https:\/\/www.clinicapulgar.com\/reserva-tu-cita\/#primaryimage"},"image":{"@id":"https:\/\/www.clinicapulgar.com\/reserva-tu-cita\/#primaryimage"},"thumbnailUrl":"https:\/\/www.rosapulgar.com\/wp-content\/uploads\/2018\/04\/iconmap-c.svg","datePublished":"2018-04-26T18:03:27+00:00","dateModified":"2025-07-02T07:15:24+00:00","breadcrumb":{"@id":"https:\/\/www.clinicapulgar.com\/reserva-tu-cita\/#breadcrumb"},"inLanguage":"en-GB","potentialAction":[{"@type":"ReadAction","target":["https:\/\/www.clinicapulgar.com\/reserva-tu-cita\/"]}]},{"@type":"ImageObject","inLanguage":"en-GB","@id":"https:\/\/www.clinicapulgar.com\/reserva-tu-cita\/#primaryimage","url":"https:\/\/www.rosapulgar.com\/wp-content\/uploads\/2018\/04\/iconmap-c.svg","contentUrl":"https:\/\/www.rosapulgar.com\/wp-content\/uploads\/2018\/04\/iconmap-c.svg"},{"@type":"BreadcrumbList","@id":"https:\/\/www.clinicapulgar.com\/reserva-tu-cita\/#breadcrumb","itemListElement":[{"@type":"ListItem","position":1,"name":"Home","item":"https:\/\/www.clinicapulgar.com\/"},{"@type":"ListItem","position":2,"name":"Reserva tu cita"}]},{"@type":"WebSite","@id":"https:\/\/www.clinicapulgar.com\/#website","url":"https:\/\/www.clinicapulgar.com\/","name":"Clinica Rosa Pulgar","description":"Cl\u00ednica dental Rosa Pulgar - est\u00e9tica dental","potentialAction":[{"@type":"SearchAction","target":{"@type":"EntryPoint","urlTemplate":"https:\/\/www.clinicapulgar.com\/?s={search_term_string}"},"query-input":{"@type":"PropertyValueSpecification","valueRequired":true,"valueName":"search_term_string"}}],"inLanguage":"en-GB"}]}},"_links":{"self":[{"href":"https:\/\/www.clinicapulgar.com\/en\/wp-json\/wp\/v2\/pages\/705","targetHints":{"allow":["GET"]}}],"collection":[{"href":"https:\/\/www.clinicapulgar.com\/en\/wp-json\/wp\/v2\/pages"}],"about":[{"href":"https:\/\/www.clinicapulgar.com\/en\/wp-json\/wp\/v2\/types\/page"}],"author":[{"embeddable":true,"href":"https:\/\/www.clinicapulgar.com\/en\/wp-json\/wp\/v2\/users\/2"}],"replies":[{"embeddable":true,"href":"https:\/\/www.clinicapulgar.com\/en\/wp-json\/wp\/v2\/comments?post=705"}],"version-history":[{"count":6,"href":"https:\/\/www.clinicapulgar.com\/en\/wp-json\/wp\/v2\/pages\/705\/revisions"}],"predecessor-version":[{"id":1106,"href":"https:\/\/www.clinicapulgar.com\/en\/wp-json\/wp\/v2\/pages\/705\/revisions\/1106"}],"wp:attachment":[{"href":"https:\/\/www.clinicapulgar.com\/en\/wp-json\/wp\/v2\/media?parent=705"}],"curies":[{"name":"wp","href":"https:\/\/api.w.org\/{rel}","templated":true}]}}