{"id":628,"date":"2018-04-23T15:02:09","date_gmt":"2018-04-23T15:02:09","guid":{"rendered":"https:\/\/www.rosapulgar.com\/?page_id=628"},"modified":"2025-01-28T12:43:31","modified_gmt":"2025-01-28T12:43:31","slug":"aviso-legal-y-politica-de-privacidad","status":"publish","type":"page","link":"https:\/\/www.clinicapulgar.com\/en\/aviso-legal-y-politica-de-privacidad\/","title":{"rendered":"Aviso legal y pol\u00edtica de privacidad"},"content":{"rendered":"<!-- section -->\n<section   class=\"enh_section enh_image_bck\"  >\n\n\t\t\n\n\n\t\t    <div class=\"container intro_text_lc\">\n    \n    <!-- vertical text -->\n    <div class=\"enh_slider_copyright\"><\/div>\n\t\t\n    \n\t\t\n\n    <div class=\"fw-row\">\n\t\n\n\n\n\n\n<div class=\"fw-col-xs-12   enh_image_bck   enh_col\"  >\n\t\n\t\n  <!-- vertical text -->\n  <div class=\"enh_slider_copyright\"><\/div>\n    \n    \n    <div class=\"\">\t\n    \n\t\t<div class=\"text_block\">\n<p>Denominaci\u00f3n Social: Rosa Pulgar Encinas<br \/>Nombre Comercial: Cl\u00ednica Rosa Pulgar<br \/>Domicilio Social: Avda. Constituci\u00f3n n\u00ba 41, 18014, Granada<br \/>NIF: 24174341F<br \/>Tel\u00e9fono: 958 279460<br \/>e-Mail: info@rosapulgar.com<\/p><p><strong>OBJETO<br \/><\/strong><br \/>El prestador, responsable del sitio web, pone a disposici\u00f3n de los usuarios el presente documento con el que pretende dar cumplimiento a las obligaciones dispuestas en la Ley 34\/2002, de Servicios de la Sociedad de la Informaci\u00f3n y del Comercio Electr\u00f3nico (LSSI-CE), as\u00ed como informar a todos los usuarios del sitio web respecto a cu\u00e1les son las condiciones de uso del mismo. Toda persona que acceda a este sitio web asume el papel de usuario, comprometi\u00e9ndose a la observancia y cumplimiento riguroso de las disposiciones aqu\u00ed dispuestas, as\u00ed como a cualquier otra disposici\u00f3n legal que fuera de aplicaci\u00f3n. El prestador se reserva el derecho a modificar cualquier tipo de informaci\u00f3n que pudiera aparecer en el sitio web, sin que exista obligaci\u00f3n de pre-avisar o poner en conocimiento de los usuarios dichas obligaciones, entendi\u00e9ndose como suficiente con la publicaci\u00f3n en el sitio web del prestador.<\/p><p>RESPONSABILIDAD<\/p><p>El prestador se exime de cualquier tipo de responsabilidad derivada de la informaci\u00f3n publicada en su sitio web, siempre que esta informaci\u00f3n haya sido manipulada o introducida por un tercero ajeno al mismo. El sitio web del prestador no hace uso de cookies (peque\u00f1os archivos de informaci\u00f3n que el servidor env\u00eda al ordenador de quien accede a la p\u00e1gina) para llevar a cabo determinadas funciones que son consideradas imprescindibles para el correcto funcionamiento y visualizaci\u00f3n del sitio. Si en alg\u00fan momento las funcionalidades del sitio web precisaran de esta caracteristica, en ning\u00fan caso se utilizar\u00e1n para recoger informaci\u00f3n de car\u00e1cter personal. Desde el sitio web del cliente es posible que se redirija a contenidos de terceros sitios web. Dado que el prestador no puede controlar siempre los contenidos introducidos por los terceros en sus sitios web, \u00e9ste no asume ning\u00fan tipo de responsabilidad respecto a dichos contenidos. En todo caso, el prestador manifiesta que proceder\u00e1 a la retirada inmediata de cualquier contenido que pudiera contravenir la legislaci\u00f3n nacional o internacional, la moral o el orden p\u00fablico, procediendo a la retirada inmediata de la redirecci\u00f3n a dicho sitio web, poniendo en conocimiento de las autoridades competentes el contenido en cuesti\u00f3n. El prestador no se hace responsable de la informaci\u00f3n y contenidos almacenados, a t\u00edtulo enunciativo pero no limitativo, en foros, chat\u00b4s, generadores de blogs, comentarios, redes sociales o cualquier otro medio que permita a terceros publicar contenidos de forma independiente en la p\u00e1gina web del prestador. No obstante y en cumplimiento de lo dispuesto en el art. 11 y 16 de la LSSI-CE, el prestador se pone a disposici\u00f3n de todos los usuarios, autoridades y fuerzas de seguridad, y colaborando de forma activa en la retirada o en su caso bloqueo de todos aquellos contenidos que pudieran afectar o contravenir la legislaci\u00f3n nacional, o internacional, derechos de terceros o la moral y el orden p\u00fablico. En caso de que el usuario considere que existe en el sitio web alg\u00fan contenido que pudiera ser susceptible de esta clasificaci\u00f3n, se ruega lo notifique de forma inmediata al administrador del sitio web.<\/p><p><strong>PROTECCI\u00d3N DE DATOS PERSONALE<\/strong>S<\/p><p>De acuerdo a la Ley Org\u00e1nica 15\/1999, de 13 de Diciembre, de Protecci\u00f3n de Datos de Car\u00e1cter Personal (LOPD), Rosa Pulgar Encinas (en adelante Cl\u00ednica Rosa Pulgar) informa a los usuarios que los datos personales recogidos a trav\u00e9s del formulario \u201cContacto\u201d, ser\u00e1n incorporados a un fichero registrado en la Agencia Espa\u00f1ola de Protecci\u00f3n de Datos, denominado CONTACTOS WEB, propiedad y responsabilidad de Cl\u00ednica Rosa Pulgar con domicilio social en Avda. Constituci\u00f3n n\u00ba41, 18014 de Granada, con la finalidad de poder responder a los solicitudes y\/o servicios que nos demande e informarle de los mismos. A tal efecto, y de conformidad con el Real Decreto 1720\/2007, de 21 de Diciembre, Cl\u00ednica Rosa Pulgar adoptar\u00e1 las medidas de seguridad adecuadas a los datos personales que los usuarios faciliten y pondremos los medios y medidas t\u00e9cnicas para evitar la p\u00e9rdida, mal uso, alteraci\u00f3n, acceso no autorizado y robo de los mismos. El usuario podr\u00e1 ejercitar en todo momento los derechos de acceso, rectificaci\u00f3n, oposici\u00f3n y cancelaci\u00f3n de sus datos personales, de conformidad con lo establecido en la normativa vigente sobre protecci\u00f3n de datos personales, dirigi\u00e9ndose a nuestra empresa por escrito postal.<br \/><strong><br \/>PROPIEDAD INTELECTUAL E INDUSTRIAL<\/strong><\/p><p>El sitio web, incluyendo a t\u00edtulo enunciativo pero no limitativo su programaci\u00f3n, edici\u00f3n, compilaci\u00f3n y dem\u00e1s elementos necesarios para su funcionamiento, los dise\u00f1os, logotipos, texto y\/o gr\u00e1ficos son propiedad del prestador o en su caso dispone de licencia o autorizaci\u00f3n expresa por parte de los autores. Todos los contenidos del sitio web se encuentran debidamente protegidos por la normativa de propiedad intelectual e industrial, as\u00ed como inscritos en los registros p\u00fablicos correspondientes. Independientemente de la finalidad para la que fueran destinados, la reproducci\u00f3n total o parcial, uso, explotaci\u00f3n, distribuci\u00f3n y comercializaci\u00f3n, requiere en todo caso de la autorizaci\u00f3n escrita previa por parte del prestador. Cualquier uso no autorizado previamente por parte del prestador ser\u00e1 considerado un incumplimiento grave de los derechos de propiedad intelectual o industrial del autor. Los dise\u00f1os, logotipos, texto y\/o gr\u00e1ficos ajenos al prestador y que pudieran aparecer en el sitio web, pertenecen a sus respectivos propietarios, siendo ellos mismos responsables de cualquier posible controversia que pudiera suscitarse respecto a los mismos. En todo caso, el prestador cuenta con la autorizaci\u00f3n expresa y previa por parte de los mismos. El prestador reconoce a favor de sus titulares los correspondientes derechos de propiedad industrial e intelectual, no implicando su sola menci\u00f3n o aparici\u00f3n en el sitio web la existencia de derechos o responsabilidad alguna del prestador sobre los mismos, como tampoco respaldo, patrocinio o recomendaci\u00f3n por parte del mismo.<\/p><p><strong>LEY APLICABLE Y JURISDICCI\u00d3N<\/strong><\/p><p>Para la resoluci\u00f3n de todas las controversias o cuestiones relacionadas con el presente sitio web o de las actividades en \u00e9l desarrolladas, ser\u00e1 de aplicaci\u00f3n la legislaci\u00f3n espa\u00f1ola, a la que se someten expresamente las partes, siendo competentes para la resoluci\u00f3n de todos los conflictos derivados o relacionados con su uso los Juzgados y Tribunales de Granada.<\/p><p><strong>Pol\u00edtica de privacidad<\/strong><br \/>ROSA PULGAR ENCINAS manifiesta su respeto y cumplimiento de las disposiciones recogidas en el nuevoREGLAMENTO (UE) 2016\/679 DEL PARLAMENTO EUROPEO Y DEL CONSEJO de 27 de abril de 2016, deProtecci\u00f3n de Datos de Car\u00e1cter Personal y normativa concordante. Por ello, le informa de su pol\u00edtica deprotecci\u00f3n de datos para que el cliente determine voluntariamente si desea facilitar sus datos personales a<\/p><p><strong>ROSA PULGAR ENCINAS<\/strong><br \/>Esta Pol\u00edtica de Privacidad establece el uso, mantenimiento y cesi\u00f3n que hace ROSA PULGAR ENCINAS de los datos personales de los clientes de la p\u00e1gina web de ROSA PULGAR ENCINAS.<\/p><p><strong>Privacidad<\/strong><br \/>ROSA PULGAR ENCINAS se compromete a desarrollar relaciones de larga duraci\u00f3n basadas en la confianza. Por ello, ROSA PULGAR ENCINAS har\u00e1 todo lo posible para asegurar que su derecho de privacidad se mantenga y se proteja. Esta p\u00e1gina web se dirige a mayores de 18 a\u00f1os de edad.<\/p><p><strong>Datos que recoge ROSA PULGAR ENCINAS<\/strong><br \/>ROSA PULGAR ENCINAS puede solicitar o recabar informaci\u00f3n personal de clientes online de varias<br \/>maneras, incluyendo formularios online para solicitar productos o servicios y otras solicitudes en las que se<br \/>invita a los clientes a facilitar dicha informaci\u00f3n.<\/p><p>ROSA PULGAR ENCINAS informa a los clientes que los datos personales que se facilitan en el formulario de inscripci\u00f3n as\u00ed como cualquier otra informaci\u00f3n que el cliente pueda facilitar en el futuro dentro del marco de su relaci\u00f3n con ROSA PULGAR ENCINAS podr\u00e1 ser incluida en los ficheros de esta entidad. ROSA PULGAR ENCINAS tambi\u00e9n podr\u00e1 recabar informaci\u00f3n sobre c\u00f3mo acceden los clientes a su p\u00e1gina web mediante el uso de un identificador \u00fanico para cada cliente a trav\u00e9s del uso de cookies.<\/p><p><strong>Ficheros log<\/strong><br \/>Como la mayor\u00eda de p\u00e1ginas web, ROSA PULGAR ENCINAS utiliza ficheros log. Esta informaci\u00f3n puede incluir direcciones de IP, tipo de navegador, proveedor de acceso a internet (ISP), p\u00e1ginas de salida\/entrada, tipo de plataforma, sello de hora y fecha o n\u00famero de clicks para analizar tendencias, administrar la p\u00e1gina web, seguir los movimientos del cliente de forma agregada y recabar informaci\u00f3n demogr\u00e1fica en sentido amplio para uso conjunto. En todo caso, ninguna informaci\u00f3n que se almacene en ficheros log, incluida pero no limitada a las direcciones de IP, est\u00e1 relacionada con informaci\u00f3n personal que identifiquen a una persona.<\/p><p><strong>Datos voluntarios y obligatorios<\/strong><br \/>Salvo en los campos en que expresamente se determine lo contrario, las respuestas a las preguntas sobre datos personales son voluntarias, sin que la falta de contestaci\u00f3n a dichas preguntas implique una merma en la calidad de los servicios que el cliente solicita. La falta de cumplimentaci\u00f3n de los campos determinados como obligatorios o el suministro de datos incorrectos imposibilitar\u00e1 que ROSA PULGAR ENCINAS pueda darle de alta como cliente o prestarle los servicios solicitados.<\/p><\/div>    <\/div>\n    \n\t\n<\/div>\n<\/div>\n\n\n\n    <\/div>\n    <!-- container end -->\n<\/section>\n<!-- section end -->","protected":false},"excerpt":{"rendered":"<p>Denominaci\u00f3n Social: Rosa Pulgar EncinasNombre Comercial: Cl\u00ednica Rosa PulgarDomicilio Social: Avda. Constituci\u00f3n n\u00ba 41, 18014, GranadaNIF: 24174341FTel\u00e9fono: 958 279460e-Mail: info@rosapulgar.comOBJETOEl prestador, responsable del sitio web, pone&#8230;<br \/><a href=\"https:\/\/www.clinicapulgar.com\/en\/aviso-legal-y-politica-de-privacidad\/\" class=\"btn btn_more\">Leer m\u00e1s<\/a><\/p>","protected":false},"author":2,"featured_media":0,"parent":0,"menu_order":0,"comment_status":"closed","ping_status":"closed","template":"template-one-page.php","meta":{"footnotes":""},"class_list":["post-628","page","type-page","status-publish","hentry"],"yoast_head":"<!-- This site is optimized with the Yoast SEO plugin v26.7 - https:\/\/yoast.com\/wordpress\/plugins\/seo\/ -->\n<title>Aviso legal y pol\u00edtica de privacidad - Clinica Rosa Pulgar<\/title>\n<meta name=\"description\" content=\"El prestador, responsable del sitio web, pone a disposici\u00f3n de los usuarios el presente documento. Aviso legal y pol\u00edtica de privacidad\" \/>\n<meta name=\"robots\" content=\"index, follow, max-snippet:-1, max-image-preview:large, max-video-preview:-1\" \/>\n<link rel=\"canonical\" href=\"https:\/\/www.clinicapulgar.com\/en\/aviso-legal-y-politica-de-privacidad\/\" \/>\n<meta property=\"og:locale\" content=\"en_GB\" \/>\n<meta property=\"og:type\" content=\"article\" \/>\n<meta property=\"og:title\" content=\"Aviso legal y pol\u00edtica de privacidad - Clinica Rosa Pulgar\" \/>\n<meta property=\"og:description\" content=\"El prestador, responsable del sitio web, pone a disposici\u00f3n de los usuarios el presente documento. Aviso legal y pol\u00edtica de privacidad\" \/>\n<meta property=\"og:url\" content=\"https:\/\/www.clinicapulgar.com\/en\/aviso-legal-y-politica-de-privacidad\/\" \/>\n<meta property=\"og:site_name\" content=\"Clinica Rosa Pulgar\" \/>\n<meta property=\"article:modified_time\" content=\"2025-01-28T12:43:31+00:00\" \/>\n<meta name=\"twitter:card\" content=\"summary_large_image\" \/>\n<meta name=\"twitter:label1\" content=\"Estimated reading time\" \/>\n\t<meta name=\"twitter:data1\" content=\"7 minutes\" \/>\n<script type=\"application\/ld+json\" class=\"yoast-schema-graph\">{\"@context\":\"https:\/\/schema.org\",\"@graph\":[{\"@type\":\"WebPage\",\"@id\":\"https:\/\/www.clinicapulgar.com\/aviso-legal-y-politica-de-privacidad\/\",\"url\":\"https:\/\/www.clinicapulgar.com\/aviso-legal-y-politica-de-privacidad\/\",\"name\":\"Aviso legal y pol\u00edtica de privacidad - Clinica Rosa Pulgar\",\"isPartOf\":{\"@id\":\"https:\/\/www.clinicapulgar.com\/#website\"},\"datePublished\":\"2018-04-23T15:02:09+00:00\",\"dateModified\":\"2025-01-28T12:43:31+00:00\",\"description\":\"El prestador, responsable del sitio web, pone a disposici\u00f3n de los usuarios el presente documento. Aviso legal y pol\u00edtica de privacidad\",\"breadcrumb\":{\"@id\":\"https:\/\/www.clinicapulgar.com\/aviso-legal-y-politica-de-privacidad\/#breadcrumb\"},\"inLanguage\":\"en-GB\",\"potentialAction\":[{\"@type\":\"ReadAction\",\"target\":[\"https:\/\/www.clinicapulgar.com\/aviso-legal-y-politica-de-privacidad\/\"]}]},{\"@type\":\"BreadcrumbList\",\"@id\":\"https:\/\/www.clinicapulgar.com\/aviso-legal-y-politica-de-privacidad\/#breadcrumb\",\"itemListElement\":[{\"@type\":\"ListItem\",\"position\":1,\"name\":\"Home\",\"item\":\"https:\/\/www.clinicapulgar.com\/\"},{\"@type\":\"ListItem\",\"position\":2,\"name\":\"Aviso legal y pol\u00edtica de privacidad\"}]},{\"@type\":\"WebSite\",\"@id\":\"https:\/\/www.clinicapulgar.com\/#website\",\"url\":\"https:\/\/www.clinicapulgar.com\/\",\"name\":\"Clinica Rosa Pulgar\",\"description\":\"Cl\u00ednica dental Rosa Pulgar - est\u00e9tica dental\",\"potentialAction\":[{\"@type\":\"SearchAction\",\"target\":{\"@type\":\"EntryPoint\",\"urlTemplate\":\"https:\/\/www.clinicapulgar.com\/?s={search_term_string}\"},\"query-input\":{\"@type\":\"PropertyValueSpecification\",\"valueRequired\":true,\"valueName\":\"search_term_string\"}}],\"inLanguage\":\"en-GB\"}]}<\/script>\n<!-- \/ Yoast SEO plugin. -->","yoast_head_json":{"title":"Aviso legal y pol\u00edtica de privacidad - Clinica Rosa Pulgar","description":"El prestador, responsable del sitio web, pone a disposici\u00f3n de los usuarios el presente documento. Aviso legal y pol\u00edtica de privacidad","robots":{"index":"index","follow":"follow","max-snippet":"max-snippet:-1","max-image-preview":"max-image-preview:large","max-video-preview":"max-video-preview:-1"},"canonical":"https:\/\/www.clinicapulgar.com\/en\/aviso-legal-y-politica-de-privacidad\/","og_locale":"en_GB","og_type":"article","og_title":"Aviso legal y pol\u00edtica de privacidad - Clinica Rosa Pulgar","og_description":"El prestador, responsable del sitio web, pone a disposici\u00f3n de los usuarios el presente documento. Aviso legal y pol\u00edtica de privacidad","og_url":"https:\/\/www.clinicapulgar.com\/en\/aviso-legal-y-politica-de-privacidad\/","og_site_name":"Clinica Rosa Pulgar","article_modified_time":"2025-01-28T12:43:31+00:00","twitter_card":"summary_large_image","twitter_misc":{"Estimated reading time":"7 minutes"},"schema":{"@context":"https:\/\/schema.org","@graph":[{"@type":"WebPage","@id":"https:\/\/www.clinicapulgar.com\/aviso-legal-y-politica-de-privacidad\/","url":"https:\/\/www.clinicapulgar.com\/aviso-legal-y-politica-de-privacidad\/","name":"Aviso legal y pol\u00edtica de privacidad - Clinica Rosa Pulgar","isPartOf":{"@id":"https:\/\/www.clinicapulgar.com\/#website"},"datePublished":"2018-04-23T15:02:09+00:00","dateModified":"2025-01-28T12:43:31+00:00","description":"El prestador, responsable del sitio web, pone a disposici\u00f3n de los usuarios el presente documento. Aviso legal y pol\u00edtica de privacidad","breadcrumb":{"@id":"https:\/\/www.clinicapulgar.com\/aviso-legal-y-politica-de-privacidad\/#breadcrumb"},"inLanguage":"en-GB","potentialAction":[{"@type":"ReadAction","target":["https:\/\/www.clinicapulgar.com\/aviso-legal-y-politica-de-privacidad\/"]}]},{"@type":"BreadcrumbList","@id":"https:\/\/www.clinicapulgar.com\/aviso-legal-y-politica-de-privacidad\/#breadcrumb","itemListElement":[{"@type":"ListItem","position":1,"name":"Home","item":"https:\/\/www.clinicapulgar.com\/"},{"@type":"ListItem","position":2,"name":"Aviso legal y pol\u00edtica de privacidad"}]},{"@type":"WebSite","@id":"https:\/\/www.clinicapulgar.com\/#website","url":"https:\/\/www.clinicapulgar.com\/","name":"Clinica Rosa Pulgar","description":"Cl\u00ednica dental Rosa Pulgar - est\u00e9tica dental","potentialAction":[{"@type":"SearchAction","target":{"@type":"EntryPoint","urlTemplate":"https:\/\/www.clinicapulgar.com\/?s={search_term_string}"},"query-input":{"@type":"PropertyValueSpecification","valueRequired":true,"valueName":"search_term_string"}}],"inLanguage":"en-GB"}]}},"_links":{"self":[{"href":"https:\/\/www.clinicapulgar.com\/en\/wp-json\/wp\/v2\/pages\/628","targetHints":{"allow":["GET"]}}],"collection":[{"href":"https:\/\/www.clinicapulgar.com\/en\/wp-json\/wp\/v2\/pages"}],"about":[{"href":"https:\/\/www.clinicapulgar.com\/en\/wp-json\/wp\/v2\/types\/page"}],"author":[{"embeddable":true,"href":"https:\/\/www.clinicapulgar.com\/en\/wp-json\/wp\/v2\/users\/2"}],"replies":[{"embeddable":true,"href":"https:\/\/www.clinicapulgar.com\/en\/wp-json\/wp\/v2\/comments?post=628"}],"version-history":[{"count":3,"href":"https:\/\/www.clinicapulgar.com\/en\/wp-json\/wp\/v2\/pages\/628\/revisions"}],"predecessor-version":[{"id":967,"href":"https:\/\/www.clinicapulgar.com\/en\/wp-json\/wp\/v2\/pages\/628\/revisions\/967"}],"wp:attachment":[{"href":"https:\/\/www.clinicapulgar.com\/en\/wp-json\/wp\/v2\/media?parent=628"}],"curies":[{"name":"wp","href":"https:\/\/api.w.org\/{rel}","templated":true}]}}