{"id":33,"date":"2018-04-07T18:56:34","date_gmt":"2018-04-07T18:56:34","guid":{"rendered":"https:\/\/www.rosapulgar.com\/?page_id=33"},"modified":"2025-01-28T12:59:54","modified_gmt":"2025-01-28T12:59:54","slug":"carillas-ceramicas","status":"publish","type":"page","link":"https:\/\/www.clinicapulgar.com\/en\/estetica-dental\/carillas-ceramicas\/","title":{"rendered":"CARILLAS CER\u00c1MICAS"},"content":{"rendered":"<div data-elementor-type=\"wp-page\" data-elementor-id=\"33\" class=\"elementor elementor-33\">\n\t\t\t\t<div class=\"elementor-element elementor-element-25d8bd9c e-flex e-con-boxed wpr-particle-no wpr-jarallax-no wpr-parallax-no wpr-sticky-section-no e-con e-parent\" data-id=\"25d8bd9c\" data-element_type=\"container\">\n\t\t\t\t\t<div class=\"e-con-inner\">\n\t\t\t\t<div class=\"elementor-element elementor-element-4c29e6d0 elementor-widget elementor-widget-text-editor\" data-id=\"4c29e6d0\" data-element_type=\"widget\" data-widget_type=\"text-editor.default\">\n\t\t\t\t<div class=\"elementor-widget-container\">\n\t\t\t\t\t\t\t\t\t<!-- section -->\n\n<section class=\"enh_section enh_image_bck\">\n<div class=\"container intro_text_lc\">\n\n<!-- vertical text -->\n<div class=\"enh_slider_copyright\"><\/div>\n<div class=\"fw-row\">\n<div class=\"fw-col-xs-12 fw-col-sm-6 enh_image_bck enh_col\">\n\n<!-- vertical text -->\n<div class=\"enh_slider_copyright\"><\/div>\n<div class=\"\">\n<div class=\"text_block\">\n\n<p>\n<strong class=\"slogan\">Carillas de cer\u00e1mica: la imitaci\u00f3n perfecta del diente natural<\/strong><\/p>\n\nSon finas l\u00e1minas de cer\u00e1mica que se colocan en la cara frontal del diente para cambiar su forma, sus dimensiones o su color con una m\u00ednima preparaci\u00f3n. Van adheridas al diente y, una vez pegadas, son tan resistentes como el propio diente natural.\n\nOtra ventaja de las carillas cer\u00e1micas son sus excepcionales cualidades \u00f3pticas que permiten obtener resultados excelentes desde el punto de vista est\u00e9tico.\n\nEso hace que sean muy, muy naturales. Invisibles\n\n<\/div>\n<\/div>\n<\/div>\n<div class=\"fw-col-xs-12 fw-col-sm-6 enh_image_bck enh_col\">\n\n<!-- vertical text -->\n<div class=\"enh_slider_copyright\"><\/div>\n<div class=\"\">\n\n<img decoding=\"async\" src=\"\/\/www.rosapulgar.com\/wp-content\/uploads\/2018\/04\/9.jpg\" alt=\"\/\/www.rosapulgar.com\/wp-content\/uploads\/2018\/04\/9.jpg\" height=\"300\" \/>\n\n<\/div>\n<\/div>\n<\/div>\n<\/div>\n<!-- container end -->\n\n<\/section><!-- section end -->\t\t\t\t\t\t\t\t<\/div>\n\t\t\t\t<\/div>\n\t\t\t\t\t<\/div>\n\t\t\t\t<\/div>\n\t\t\t\t<\/div>","protected":false},"excerpt":{"rendered":"<p>Carillas de cer\u00e1mica: la imitaci\u00f3n perfecta del diente naturalSon finas l\u00e1minas de cer\u00e1mica que se colocan en la cara frontal del diente para cambiar su forma,&#8230;<br \/><a href=\"https:\/\/www.clinicapulgar.com\/en\/estetica-dental\/carillas-ceramicas\/\" class=\"btn btn_more\">Leer m\u00e1s<\/a><\/p>","protected":false},"author":2,"featured_media":0,"parent":81,"menu_order":0,"comment_status":"closed","ping_status":"closed","template":"template-one-page.php","meta":{"footnotes":""},"class_list":["post-33","page","type-page","status-publish","hentry"],"yoast_head":"<!-- This site is optimized with the Yoast SEO plugin v26.7 - https:\/\/yoast.com\/wordpress\/plugins\/seo\/ -->\n<title>CARILLAS CER\u00c1MICAS - Clinica Rosa Pulgar<\/title>\n<meta name=\"description\" content=\"Carillas de cer\u00e1mica: la imitaci\u00f3n perfecta del diente natural. Son l\u00e1minas de cer\u00e1mica que se colocan en la cara frontal del diente.\" \/>\n<meta name=\"robots\" content=\"index, follow, max-snippet:-1, max-image-preview:large, max-video-preview:-1\" \/>\n<link rel=\"canonical\" href=\"https:\/\/www.clinicapulgar.com\/en\/estetica-dental\/carillas-ceramicas\/\" \/>\n<meta property=\"og:locale\" content=\"en_GB\" \/>\n<meta property=\"og:type\" content=\"article\" \/>\n<meta property=\"og:title\" content=\"CARILLAS CER\u00c1MICAS - Clinica Rosa Pulgar\" \/>\n<meta property=\"og:description\" content=\"Carillas de cer\u00e1mica: la imitaci\u00f3n perfecta del diente natural. Son l\u00e1minas de cer\u00e1mica que se colocan en la cara frontal del diente.\" \/>\n<meta property=\"og:url\" content=\"https:\/\/www.clinicapulgar.com\/en\/estetica-dental\/carillas-ceramicas\/\" \/>\n<meta property=\"og:site_name\" content=\"Clinica Rosa Pulgar\" \/>\n<meta property=\"article:modified_time\" content=\"2025-01-28T12:59:54+00:00\" \/>\n<meta name=\"twitter:card\" content=\"summary_large_image\" \/>\n<meta name=\"twitter:label1\" content=\"Estimated reading time\" \/>\n\t<meta name=\"twitter:data1\" content=\"1 minute\" \/>\n<script type=\"application\/ld+json\" class=\"yoast-schema-graph\">{\"@context\":\"https:\/\/schema.org\",\"@graph\":[{\"@type\":\"WebPage\",\"@id\":\"https:\/\/www.clinicapulgar.com\/estetica-dental\/carillas-ceramicas\/\",\"url\":\"https:\/\/www.clinicapulgar.com\/estetica-dental\/carillas-ceramicas\/\",\"name\":\"CARILLAS CER\u00c1MICAS - Clinica Rosa Pulgar\",\"isPartOf\":{\"@id\":\"https:\/\/www.clinicapulgar.com\/#website\"},\"datePublished\":\"2018-04-07T18:56:34+00:00\",\"dateModified\":\"2025-01-28T12:59:54+00:00\",\"description\":\"Carillas de cer\u00e1mica: la imitaci\u00f3n perfecta del diente natural. Son l\u00e1minas de cer\u00e1mica que se colocan en la cara frontal del diente.\",\"breadcrumb\":{\"@id\":\"https:\/\/www.clinicapulgar.com\/estetica-dental\/carillas-ceramicas\/#breadcrumb\"},\"inLanguage\":\"en-GB\",\"potentialAction\":[{\"@type\":\"ReadAction\",\"target\":[\"https:\/\/www.clinicapulgar.com\/estetica-dental\/carillas-ceramicas\/\"]}]},{\"@type\":\"BreadcrumbList\",\"@id\":\"https:\/\/www.clinicapulgar.com\/estetica-dental\/carillas-ceramicas\/#breadcrumb\",\"itemListElement\":[{\"@type\":\"ListItem\",\"position\":1,\"name\":\"Home\",\"item\":\"https:\/\/www.clinicapulgar.com\/\"},{\"@type\":\"ListItem\",\"position\":2,\"name\":\"Est\u00e9tica Dental\",\"item\":\"https:\/\/www.clinicapulgar.com\/estetica-dental\/\"},{\"@type\":\"ListItem\",\"position\":3,\"name\":\"CARILLAS CER\u00c1MICAS\"}]},{\"@type\":\"WebSite\",\"@id\":\"https:\/\/www.clinicapulgar.com\/#website\",\"url\":\"https:\/\/www.clinicapulgar.com\/\",\"name\":\"Clinica Rosa Pulgar\",\"description\":\"Cl\u00ednica dental Rosa Pulgar - est\u00e9tica dental\",\"potentialAction\":[{\"@type\":\"SearchAction\",\"target\":{\"@type\":\"EntryPoint\",\"urlTemplate\":\"https:\/\/www.clinicapulgar.com\/?s={search_term_string}\"},\"query-input\":{\"@type\":\"PropertyValueSpecification\",\"valueRequired\":true,\"valueName\":\"search_term_string\"}}],\"inLanguage\":\"en-GB\"}]}<\/script>\n<!-- \/ Yoast SEO plugin. -->","yoast_head_json":{"title":"CARILLAS CER\u00c1MICAS - Clinica Rosa Pulgar","description":"Carillas de cer\u00e1mica: la imitaci\u00f3n perfecta del diente natural. Son l\u00e1minas de cer\u00e1mica que se colocan en la cara frontal del diente.","robots":{"index":"index","follow":"follow","max-snippet":"max-snippet:-1","max-image-preview":"max-image-preview:large","max-video-preview":"max-video-preview:-1"},"canonical":"https:\/\/www.clinicapulgar.com\/en\/estetica-dental\/carillas-ceramicas\/","og_locale":"en_GB","og_type":"article","og_title":"CARILLAS CER\u00c1MICAS - Clinica Rosa Pulgar","og_description":"Carillas de cer\u00e1mica: la imitaci\u00f3n perfecta del diente natural. Son l\u00e1minas de cer\u00e1mica que se colocan en la cara frontal del diente.","og_url":"https:\/\/www.clinicapulgar.com\/en\/estetica-dental\/carillas-ceramicas\/","og_site_name":"Clinica Rosa Pulgar","article_modified_time":"2025-01-28T12:59:54+00:00","twitter_card":"summary_large_image","twitter_misc":{"Estimated reading time":"1 minute"},"schema":{"@context":"https:\/\/schema.org","@graph":[{"@type":"WebPage","@id":"https:\/\/www.clinicapulgar.com\/estetica-dental\/carillas-ceramicas\/","url":"https:\/\/www.clinicapulgar.com\/estetica-dental\/carillas-ceramicas\/","name":"CARILLAS CER\u00c1MICAS - Clinica Rosa Pulgar","isPartOf":{"@id":"https:\/\/www.clinicapulgar.com\/#website"},"datePublished":"2018-04-07T18:56:34+00:00","dateModified":"2025-01-28T12:59:54+00:00","description":"Carillas de cer\u00e1mica: la imitaci\u00f3n perfecta del diente natural. Son l\u00e1minas de cer\u00e1mica que se colocan en la cara frontal del diente.","breadcrumb":{"@id":"https:\/\/www.clinicapulgar.com\/estetica-dental\/carillas-ceramicas\/#breadcrumb"},"inLanguage":"en-GB","potentialAction":[{"@type":"ReadAction","target":["https:\/\/www.clinicapulgar.com\/estetica-dental\/carillas-ceramicas\/"]}]},{"@type":"BreadcrumbList","@id":"https:\/\/www.clinicapulgar.com\/estetica-dental\/carillas-ceramicas\/#breadcrumb","itemListElement":[{"@type":"ListItem","position":1,"name":"Home","item":"https:\/\/www.clinicapulgar.com\/"},{"@type":"ListItem","position":2,"name":"Est\u00e9tica Dental","item":"https:\/\/www.clinicapulgar.com\/estetica-dental\/"},{"@type":"ListItem","position":3,"name":"CARILLAS CER\u00c1MICAS"}]},{"@type":"WebSite","@id":"https:\/\/www.clinicapulgar.com\/#website","url":"https:\/\/www.clinicapulgar.com\/","name":"Clinica Rosa Pulgar","description":"Cl\u00ednica dental Rosa Pulgar - est\u00e9tica dental","potentialAction":[{"@type":"SearchAction","target":{"@type":"EntryPoint","urlTemplate":"https:\/\/www.clinicapulgar.com\/?s={search_term_string}"},"query-input":{"@type":"PropertyValueSpecification","valueRequired":true,"valueName":"search_term_string"}}],"inLanguage":"en-GB"}]}},"_links":{"self":[{"href":"https:\/\/www.clinicapulgar.com\/en\/wp-json\/wp\/v2\/pages\/33","targetHints":{"allow":["GET"]}}],"collection":[{"href":"https:\/\/www.clinicapulgar.com\/en\/wp-json\/wp\/v2\/pages"}],"about":[{"href":"https:\/\/www.clinicapulgar.com\/en\/wp-json\/wp\/v2\/types\/page"}],"author":[{"embeddable":true,"href":"https:\/\/www.clinicapulgar.com\/en\/wp-json\/wp\/v2\/users\/2"}],"replies":[{"embeddable":true,"href":"https:\/\/www.clinicapulgar.com\/en\/wp-json\/wp\/v2\/comments?post=33"}],"version-history":[{"count":6,"href":"https:\/\/www.clinicapulgar.com\/en\/wp-json\/wp\/v2\/pages\/33\/revisions"}],"predecessor-version":[{"id":1659,"href":"https:\/\/www.clinicapulgar.com\/en\/wp-json\/wp\/v2\/pages\/33\/revisions\/1659"}],"up":[{"embeddable":true,"href":"https:\/\/www.clinicapulgar.com\/en\/wp-json\/wp\/v2\/pages\/81"}],"wp:attachment":[{"href":"https:\/\/www.clinicapulgar.com\/en\/wp-json\/wp\/v2\/media?parent=33"}],"curies":[{"name":"wp","href":"https:\/\/api.w.org\/{rel}","templated":true}]}}