{"id":310,"date":"2018-04-10T14:52:49","date_gmt":"2018-04-10T14:52:49","guid":{"rendered":"https:\/\/www.rosapulgar.com\/?page_id=310"},"modified":"2025-01-28T12:51:30","modified_gmt":"2025-01-28T12:51:30","slug":"contacto","status":"publish","type":"page","link":"https:\/\/www.clinicapulgar.com\/en\/contacto\/","title":{"rendered":"Contacto"},"content":{"rendered":"<div data-elementor-type=\"wp-page\" data-elementor-id=\"310\" class=\"elementor elementor-310\">\n\t\t\t\t<div class=\"elementor-element elementor-element-29c9a6fd elementor-hidden-desktop elementor-hidden-tablet elementor-hidden-mobile e-flex e-con-boxed wpr-particle-no wpr-jarallax-no wpr-parallax-no wpr-sticky-section-no e-con e-parent\" data-id=\"29c9a6fd\" data-element_type=\"container\">\n\t\t\t\t\t<div class=\"e-con-inner\">\n\t\t\t\t<div class=\"elementor-element elementor-element-6e789cc8 elementor-widget elementor-widget-text-editor\" data-id=\"6e789cc8\" data-element_type=\"widget\" data-widget_type=\"text-editor.default\">\n\t\t\t\t<div class=\"elementor-widget-container\">\n\t\t\t\t\t\t\t\t\t<p><!-- section --><\/p><section class=\"enh_section enh_image_bck\"><div class=\"container intro_text_lc\"><p><!-- vertical text --><\/p><div class=\"enh_slider_copyright\">\u00a0<\/div><div class=\"fw-row\"><div class=\"fw-col-xs-12 fw-col-sm-6 enh_image_bck enh_col\"><p><!-- vertical text --><\/p><div class=\"enh_slider_copyright\">\u00a0<\/div><div class=\"\"><div class=\"text_block\"><p>Vis\u00edtanos en nuestra cl\u00ednica; estaremos encantados de atenderte. Puedes contactar con nosotros on line, y nos pondremos en contacto contigo o a trav\u00e9s del tel\u00e9fono. En la primera visita te informaremos de todos tus problemas y de las posibles soluciones. Sin compromiso.<\/p><p>\u00bfC\u00f3mo llegar? Estamos en plaza de La Caleta, frente al Hospital Ruiz de Alda, en la parada del autob\u00fas. Pero, si llevo coche, \u00bfd\u00f3nde aparcar? Es sencillo, ya que en la misma plaza est\u00e1 el aparcamiento p\u00fablico del mismo nombre y su entrada est\u00e1 a pocos metros de nuestra consulta.<\/p><\/div><div class=\"text_block\"><ul class=\"datoscontacto\"><li><img decoding=\"async\" src=\"https:\/\/www.rosapulgar.com\/wp-content\/uploads\/2018\/04\/iconmap-c.svg\" \/> Avenida de Constituci\u00f3n 41, 4\u00baC. 18014 Granada<\/li><li><img decoding=\"async\" src=\"https:\/\/www.rosapulgar.com\/wp-content\/uploads\/2018\/04\/mail-c.svg\" alt=\"Email rosa pulgar\" \/> info@rosapulgar.com<\/li><\/ul><ul class=\"datoscontacto2\"><li><img decoding=\"async\" src=\"https:\/\/www.rosapulgar.com\/wp-content\/uploads\/2018\/04\/telefono-c.svg\" alt=\"Tel\u00e9fono rosa pulgar\" \/> 958 279 460<\/li><li><img decoding=\"async\" src=\"https:\/\/www.rosapulgar.com\/wp-content\/uploads\/2018\/04\/movil-c.svg\" alt=\"M\u00f3vil rosa pulgar\" \/> 630 721 886<\/li><li><img decoding=\"async\" src=\"https:\/\/www.rosapulgar.com\/wp-content\/uploads\/2018\/04\/movilwp-c.svg\" alt=\"M\u00f3vil rosa pulgar\" \/> 630 721 886<\/li><\/ul><\/div><\/div><\/div><div class=\"fw-col-xs-12 fw-col-sm-6 enh_image_bck enh_col\"><p><!-- vertical text --><\/p><div class=\"enh_slider_copyright\">\u00a0<\/div><div class=\"\"><div class=\"form-wrapper fw-contact-form contact-form\"><div class=\"wrap-forms\"><div class=\"fw-row\">\u00a0<\/div><div class=\"fw-row\"><div class=\"fw-col-xs-12 fw-col-sm-6 form-builder-item\"><div class=\"field-text\"><label for=\"id-1\">Nombre <sup>*<\/sup> <\/label><\/div><\/div><div class=\"fw-col-xs-12 fw-col-sm-6 form-builder-item\"><div class=\"field-text\"><label for=\"id-2\">Tel\u00e9fono <sup>*<\/sup> <\/label><\/div><\/div><\/div><div class=\"fw-row\"><div class=\"fw-col-xs-12 fw-col-sm-6 form-builder-item\"><div class=\"field-text\"><label for=\"id-3\">Email <sup>*<\/sup> <\/label><\/div><\/div><div class=\"fw-col-xs-12 fw-col-sm-6 form-builder-item\"><div class=\"field-text\"><label for=\"id-4\">Asunto <sup>*<\/sup> <\/label><\/div><\/div><\/div><div class=\"fw-row\"><div class=\"fw-col-xs-12 form-builder-item\"><div class=\"field-textarea\"><label for=\"id-5\">Mensaje <sup>*<\/sup> <\/label><br \/><textarea id=\"id-5\" name=\"textarea_350ca55\"><\/textarea><\/div><\/div><\/div><div class=\"fw-row\"><div class=\"fw-col-xs-12 form-builder-item\"><div class=\"field-radio input-styled\"><p><label>Pol\u00edtica de Privacidad <sup>*<\/sup> <\/label><\/p><div class=\"custom-radio field-columns-1\"><div class=\"options\"><p><label for=\"rand-6\">Acepto <a href=\"\/en\/aviso-legal-y-politica-de-privacidad\/\">Politica de privacidad<\/a><\/label><\/p><\/div><\/div><\/div><\/div><\/div><div class=\"fw-row\"><div class=\"fw-col-xs-12 fw-col-sm-6 form-builder-item\"><div class=\"field-recaptcha\"><label>Recaptcha<\/label><\/div><\/div><\/div><\/div><\/div><\/div><\/div><\/div><\/div><\/section><p><!-- section end --><\/p><p><!-- 97c14ee8333ac900f8c551e31ee52309 --><\/p>\t\t\t\t\t\t\t\t<\/div>\n\t\t\t\t<\/div>\n\t\t\t\t\t<\/div>\n\t\t\t\t<\/div>\n\t\t<div class=\"elementor-element elementor-element-7e1eed1 e-flex e-con-boxed wpr-particle-no wpr-jarallax-no wpr-parallax-no wpr-sticky-section-no e-con e-parent\" data-id=\"7e1eed1\" data-element_type=\"container\">\n\t\t\t\t\t<div class=\"e-con-inner\">\n\t\t<div class=\"elementor-element elementor-element-a2a5869 e-con-full e-flex wpr-particle-no wpr-jarallax-no wpr-parallax-no wpr-sticky-section-no e-con e-child\" data-id=\"a2a5869\" data-element_type=\"container\">\n\t\t\t\t<div class=\"elementor-element elementor-element-961cf09 elementor-widget elementor-widget-text-editor\" data-id=\"961cf09\" data-element_type=\"widget\" data-widget_type=\"text-editor.default\">\n\t\t\t\t<div class=\"elementor-widget-container\">\n\t\t\t\t\t\t\t\t\t<div class=\"fw-col-xs-12 fw-col-sm-12 enh_image_bck enh_col\">\n<div class=\"\">\n<div class=\"text_block\">\n\nVis\u00edtanos en nuestra cl\u00ednica; estaremos encantados de atenderte. Puedes contactar con nosotros on line, y nos pondremos en contacto contigo o a trav\u00e9s del tel\u00e9fono. En la primera visita te informaremos de todos tus problemas y de las posibles soluciones. Sin compromiso.\n\n\u00bfC\u00f3mo llegar? Estamos en plaza de La Caleta, frente al Hospital Ruiz de Alda, en la parada del autob\u00fas. Pero, si llevo coche, \u00bfd\u00f3nde aparcar? Es sencillo, ya que en la misma plaza est\u00e1 el aparcamiento p\u00fablico del mismo nombre y su entrada est\u00e1 a pocos metros de nuestra consulta.\n\n<\/div>\n<br>\n<div class=\"text_block\">\n<ul class=\"datoscontacto\">\n \t<li><img decoding=\"async\" src=\"https:\/\/www.rosapulgar.com\/wp-content\/uploads\/2018\/04\/iconmap-c.svg\" \/> Avenida de Constituci\u00f3n 41, 4\u00baC. 18014 Granada<\/li>\n \t<li><img decoding=\"async\" src=\"https:\/\/www.rosapulgar.com\/wp-content\/uploads\/2018\/04\/mail-c.svg\" alt=\"Email rosa pulgar\" \/> info@rosapulgar.com<\/li>\n<\/ul>\n<ul class=\"datoscontacto2\">\n \t<li><img decoding=\"async\" src=\"https:\/\/www.rosapulgar.com\/wp-content\/uploads\/2018\/04\/telefono-c.svg\" alt=\"Tel\u00e9fono rosa pulgar\" \/> 958 279 460<\/li>\n \t<li><img decoding=\"async\" src=\"https:\/\/www.rosapulgar.com\/wp-content\/uploads\/2018\/04\/movil-c.svg\" alt=\"M\u00f3vil rosa pulgar\" \/> 630 721 886<\/li>\n \t<li><img decoding=\"async\" src=\"https:\/\/www.rosapulgar.com\/wp-content\/uploads\/2018\/04\/movilwp-c.svg\" alt=\"M\u00f3vil rosa pulgar\" \/> 630 721 886<\/li>\n<\/ul>\n<\/div>\n<\/div>\n<\/div>\n<div class=\"fw-col-xs-12 fw-col-sm-6 enh_image_bck enh_col\">\n\n<!-- vertical text -->\n<div class=\"enh_slider_copyright\"><\/div>\n<\/div>\t\t\t\t\t\t\t\t<\/div>\n\t\t\t\t<\/div>\n\t\t\t\t<\/div>\n\t\t<div class=\"elementor-element elementor-element-dd086ba e-con-full e-flex wpr-particle-no wpr-jarallax-no wpr-parallax-no wpr-sticky-section-no e-con e-child\" data-id=\"dd086ba\" data-element_type=\"container\">\n\t\t\t\t<div class=\"elementor-element elementor-element-8b38d06 eael-contact-form-7-button-align-center eael-contact-form-7-button-custom elementor-widget elementor-widget-eael-contact-form-7\" data-id=\"8b38d06\" data-element_type=\"widget\" data-widget_type=\"eael-contact-form-7.default\">\n\t\t\t\t<div class=\"elementor-widget-container\">\n\t\t\t\t\t<div class=\"eael-contact-form-7-wrapper\">\n                <div class=\"eael-contact-form eael-contact-form-7 eael-contact-form-8b38d06 placeholder-show eael-contact-form-align-default\">\n<div class=\"wpcf7 no-js\" id=\"wpcf7-f6-o1\" lang=\"es-ES\" dir=\"ltr\" data-wpcf7-id=\"6\">\n<div class=\"screen-reader-response\"><p role=\"status\" aria-live=\"polite\" aria-atomic=\"true\"><\/p> <ul><\/ul><\/div>\n<form action=\"\/en\/wp-json\/wp\/v2\/pages\/310#wpcf7-f6-o1\" method=\"post\" class=\"wpcf7-form init\" aria-label=\"Formulario de contacto\" novalidate=\"novalidate\" data-status=\"init\" data-trp-original-action=\"\/en\/wp-json\/wp\/v2\/pages\/310#wpcf7-f6-o1\">\n<fieldset class=\"hidden-fields-container\"><input type=\"hidden\" name=\"_wpcf7\" value=\"6\" \/><input type=\"hidden\" name=\"_wpcf7_version\" value=\"6.1.4\" \/><input type=\"hidden\" name=\"_wpcf7_locale\" value=\"es_ES\" \/><input type=\"hidden\" name=\"_wpcf7_unit_tag\" value=\"wpcf7-f6-o1\" \/><input type=\"hidden\" name=\"_wpcf7_container_post\" value=\"0\" \/><input type=\"hidden\" name=\"_wpcf7_posted_data_hash\" value=\"\" \/><input type=\"hidden\" name=\"_wpcf7_recaptcha_response\" value=\"\" \/>\n<\/fieldset>\n<p><label> Nombre* (requerido)<br \/>\n<span class=\"wpcf7-form-control-wrap\" data-name=\"your-name\"><input size=\"40\" maxlength=\"400\" class=\"wpcf7-form-control wpcf7-text wpcf7-validates-as-required\" aria-required=\"true\" aria-invalid=\"false\" value=\"\" type=\"text\" name=\"your-name\" \/><\/span> <\/label>\n<\/p>\n<p><label> Email* (requerido)<br \/>\n<span class=\"wpcf7-form-control-wrap\" data-name=\"your-email\"><input size=\"40\" maxlength=\"400\" class=\"wpcf7-form-control wpcf7-email wpcf7-validates-as-required wpcf7-text wpcf7-validates-as-email\" aria-required=\"true\" aria-invalid=\"false\" value=\"\" type=\"email\" name=\"your-email\" \/><\/span> <\/label>\n<\/p>\n<p><label> Tel\u00e9fono<br \/>\n<span class=\"wpcf7-form-control-wrap\" data-name=\"tel-608\"><input size=\"40\" maxlength=\"400\" class=\"wpcf7-form-control wpcf7-tel wpcf7-text wpcf7-validates-as-tel\" aria-invalid=\"false\" value=\"\" type=\"tel\" name=\"tel-608\" \/><\/span><\/label>\n<\/p>\n<p><label> Asunto*<br \/>\n<span class=\"wpcf7-form-control-wrap\" data-name=\"your-subject\"><input size=\"40\" maxlength=\"400\" class=\"wpcf7-form-control wpcf7-text wpcf7-validates-as-required\" aria-required=\"true\" aria-invalid=\"false\" value=\"\" type=\"text\" name=\"your-subject\" \/><\/span> <\/label>\n<\/p>\n<p><label> Mensaje*<br \/>\n<span class=\"wpcf7-form-control-wrap\" data-name=\"your-message\"><textarea cols=\"40\" rows=\"10\" maxlength=\"2000\" class=\"wpcf7-form-control wpcf7-textarea wpcf7-validates-as-required\" aria-required=\"true\" aria-invalid=\"false\" name=\"your-message\"><\/textarea><\/span> <\/label>\n<\/p>\n<p><span class=\"wpcf7-form-control-wrap\" data-name=\"Privacidad\"><span class=\"wpcf7-form-control wpcf7-acceptance optional\"><span class=\"wpcf7-list-item\"><label><input type=\"checkbox\" name=\"Privacidad\" value=\"1\" aria-invalid=\"false\" \/><span class=\"wpcf7-list-item-label\">Leer <a href=\"\/en\/aviso-legal-y-politica-de-privacidad\/\">P\u00f3liticas de privacidad<\/a><\/span><\/label><\/span><\/span><\/span>\n<\/p>\n<p><input class=\"wpcf7-form-control wpcf7-submit has-spinner\" type=\"submit\" value=\"Enviar\" \/>\n<\/p><div class=\"wpcf7-response-output\" aria-hidden=\"true\"><\/div>\n<input type=\"hidden\" name=\"trp-form-language\" value=\"en\"\/><\/form>\n<\/div>\n<\/div>\n            <\/div>\t\t\t\t<\/div>\n\t\t\t\t<\/div>\n\t\t\t\t<\/div>\n\t\t\t\t\t<\/div>\n\t\t\t\t<\/div>\n\t\t<div class=\"elementor-element elementor-element-4f9558c e-flex e-con-boxed wpr-particle-no wpr-jarallax-no wpr-parallax-no wpr-sticky-section-no e-con e-parent\" data-id=\"4f9558c\" data-element_type=\"container\">\n\t\t\t\t\t<div class=\"e-con-inner\">\n\t\t\t\t<div class=\"elementor-element elementor-element-3411e88 elementor-widget elementor-widget-google_maps\" data-id=\"3411e88\" data-element_type=\"widget\" data-widget_type=\"google_maps.default\">\n\t\t\t\t<div class=\"elementor-widget-container\">\n\t\t\t\t\t\t\t<div class=\"elementor-custom-embed\">\n\t\t\t<iframe loading=\"lazy\"\n\t\t\t\t\tsrc=\"https:\/\/maps.google.com\/maps?q=Av.%20de%20la%20Constituci%C3%B3n%2C%2041%2C%204C%2C%20Beiro%2C%2018014%20Granada&#038;t=m&#038;z=10&#038;output=embed&#038;iwloc=near\"\n\t\t\t\t\ttitle=\"Av. de la Constituci\u00f3n, 41, 4C, Beiro, 18014 Granada\"\n\t\t\t\t\taria-label=\"Av. de la Constituci\u00f3n, 41, 4C, Beiro, 18014 Granada\"\n\t\t\t><\/iframe>\n\t\t<\/div>\n\t\t\t\t\t\t<\/div>\n\t\t\t\t<\/div>\n\t\t\t\t\t<\/div>\n\t\t\t\t<\/div>\n\t\t\t\t<\/div>","protected":false},"excerpt":{"rendered":"<p>Vis\u00edtanos en nuestra cl\u00ednica; estaremos encantados de atenderte. Puedes contactar con nosotros on line, y nos pondremos en contacto contigo o a trav\u00e9s del tel\u00e9fono. En&#8230;<br \/><a href=\"https:\/\/www.clinicapulgar.com\/en\/contacto\/\" class=\"btn btn_more\">Leer m\u00e1s<\/a><\/p>","protected":false},"author":2,"featured_media":0,"parent":0,"menu_order":0,"comment_status":"closed","ping_status":"closed","template":"template-one-page.php","meta":{"footnotes":""},"class_list":["post-310","page","type-page","status-publish","hentry"],"yoast_head":"<!-- This site is optimized with the Yoast SEO plugin v26.7 - https:\/\/yoast.com\/wordpress\/plugins\/seo\/ -->\n<title>Contacto - Clinica Rosa Pulgar<\/title>\n<meta name=\"description\" content=\"Vis\u00edtanos en nuestra cl\u00ednica; estaremos encantados de atenderte. Puedes contactar con nosotros on line, pondremos en contacto contigo.\" \/>\n<meta name=\"robots\" content=\"index, follow, max-snippet:-1, max-image-preview:large, max-video-preview:-1\" \/>\n<link rel=\"canonical\" href=\"https:\/\/www.clinicapulgar.com\/en\/contacto\/\" \/>\n<meta property=\"og:locale\" content=\"en_GB\" \/>\n<meta property=\"og:type\" content=\"article\" \/>\n<meta property=\"og:title\" content=\"Contacto - Clinica Rosa Pulgar\" \/>\n<meta property=\"og:description\" content=\"Vis\u00edtanos en nuestra cl\u00ednica; estaremos encantados de atenderte. Puedes contactar con nosotros on line, pondremos en contacto contigo.\" \/>\n<meta property=\"og:url\" content=\"https:\/\/www.clinicapulgar.com\/en\/contacto\/\" \/>\n<meta property=\"og:site_name\" content=\"Clinica Rosa Pulgar\" \/>\n<meta property=\"article:modified_time\" content=\"2025-01-28T12:51:30+00:00\" \/>\n<meta property=\"og:image\" content=\"https:\/\/www.rosapulgar.com\/wp-content\/uploads\/2018\/04\/iconmap-c.svg\" \/>\n<meta name=\"twitter:card\" content=\"summary_large_image\" \/>\n<meta name=\"twitter:label1\" content=\"Estimated reading time\" \/>\n\t<meta name=\"twitter:data1\" content=\"4 minutes\" \/>\n<script type=\"application\/ld+json\" class=\"yoast-schema-graph\">{\"@context\":\"https:\/\/schema.org\",\"@graph\":[{\"@type\":\"WebPage\",\"@id\":\"https:\/\/www.clinicapulgar.com\/contacto\/\",\"url\":\"https:\/\/www.clinicapulgar.com\/contacto\/\",\"name\":\"Contacto - Clinica Rosa Pulgar\",\"isPartOf\":{\"@id\":\"https:\/\/www.clinicapulgar.com\/#website\"},\"primaryImageOfPage\":{\"@id\":\"https:\/\/www.clinicapulgar.com\/contacto\/#primaryimage\"},\"image\":{\"@id\":\"https:\/\/www.clinicapulgar.com\/contacto\/#primaryimage\"},\"thumbnailUrl\":\"https:\/\/www.rosapulgar.com\/wp-content\/uploads\/2018\/04\/iconmap-c.svg\",\"datePublished\":\"2018-04-10T14:52:49+00:00\",\"dateModified\":\"2025-01-28T12:51:30+00:00\",\"description\":\"Vis\u00edtanos en nuestra cl\u00ednica; estaremos encantados de atenderte. Puedes contactar con nosotros on line, pondremos en contacto contigo.\",\"breadcrumb\":{\"@id\":\"https:\/\/www.clinicapulgar.com\/contacto\/#breadcrumb\"},\"inLanguage\":\"en-GB\",\"potentialAction\":[{\"@type\":\"ReadAction\",\"target\":[\"https:\/\/www.clinicapulgar.com\/contacto\/\"]}]},{\"@type\":\"ImageObject\",\"inLanguage\":\"en-GB\",\"@id\":\"https:\/\/www.clinicapulgar.com\/contacto\/#primaryimage\",\"url\":\"https:\/\/www.rosapulgar.com\/wp-content\/uploads\/2018\/04\/iconmap-c.svg\",\"contentUrl\":\"https:\/\/www.rosapulgar.com\/wp-content\/uploads\/2018\/04\/iconmap-c.svg\"},{\"@type\":\"BreadcrumbList\",\"@id\":\"https:\/\/www.clinicapulgar.com\/contacto\/#breadcrumb\",\"itemListElement\":[{\"@type\":\"ListItem\",\"position\":1,\"name\":\"Home\",\"item\":\"https:\/\/www.clinicapulgar.com\/\"},{\"@type\":\"ListItem\",\"position\":2,\"name\":\"Contacto\"}]},{\"@type\":\"WebSite\",\"@id\":\"https:\/\/www.clinicapulgar.com\/#website\",\"url\":\"https:\/\/www.clinicapulgar.com\/\",\"name\":\"Clinica Rosa Pulgar\",\"description\":\"Cl\u00ednica dental Rosa Pulgar - est\u00e9tica dental\",\"potentialAction\":[{\"@type\":\"SearchAction\",\"target\":{\"@type\":\"EntryPoint\",\"urlTemplate\":\"https:\/\/www.clinicapulgar.com\/?s={search_term_string}\"},\"query-input\":{\"@type\":\"PropertyValueSpecification\",\"valueRequired\":true,\"valueName\":\"search_term_string\"}}],\"inLanguage\":\"en-GB\"}]}<\/script>\n<!-- \/ Yoast SEO plugin. -->","yoast_head_json":{"title":"Contacto - Clinica Rosa Pulgar","description":"Vis\u00edtanos en nuestra cl\u00ednica; estaremos encantados de atenderte. Puedes contactar con nosotros on line, pondremos en contacto contigo.","robots":{"index":"index","follow":"follow","max-snippet":"max-snippet:-1","max-image-preview":"max-image-preview:large","max-video-preview":"max-video-preview:-1"},"canonical":"https:\/\/www.clinicapulgar.com\/en\/contacto\/","og_locale":"en_GB","og_type":"article","og_title":"Contacto - Clinica Rosa Pulgar","og_description":"Vis\u00edtanos en nuestra cl\u00ednica; estaremos encantados de atenderte. Puedes contactar con nosotros on line, pondremos en contacto contigo.","og_url":"https:\/\/www.clinicapulgar.com\/en\/contacto\/","og_site_name":"Clinica Rosa Pulgar","article_modified_time":"2025-01-28T12:51:30+00:00","og_image":[{"url":"https:\/\/www.rosapulgar.com\/wp-content\/uploads\/2018\/04\/iconmap-c.svg","type":"","width":"","height":""}],"twitter_card":"summary_large_image","twitter_misc":{"Estimated reading time":"4 minutes"},"schema":{"@context":"https:\/\/schema.org","@graph":[{"@type":"WebPage","@id":"https:\/\/www.clinicapulgar.com\/contacto\/","url":"https:\/\/www.clinicapulgar.com\/contacto\/","name":"Contacto - Clinica Rosa Pulgar","isPartOf":{"@id":"https:\/\/www.clinicapulgar.com\/#website"},"primaryImageOfPage":{"@id":"https:\/\/www.clinicapulgar.com\/contacto\/#primaryimage"},"image":{"@id":"https:\/\/www.clinicapulgar.com\/contacto\/#primaryimage"},"thumbnailUrl":"https:\/\/www.rosapulgar.com\/wp-content\/uploads\/2018\/04\/iconmap-c.svg","datePublished":"2018-04-10T14:52:49+00:00","dateModified":"2025-01-28T12:51:30+00:00","description":"Vis\u00edtanos en nuestra cl\u00ednica; estaremos encantados de atenderte. Puedes contactar con nosotros on line, pondremos en contacto contigo.","breadcrumb":{"@id":"https:\/\/www.clinicapulgar.com\/contacto\/#breadcrumb"},"inLanguage":"en-GB","potentialAction":[{"@type":"ReadAction","target":["https:\/\/www.clinicapulgar.com\/contacto\/"]}]},{"@type":"ImageObject","inLanguage":"en-GB","@id":"https:\/\/www.clinicapulgar.com\/contacto\/#primaryimage","url":"https:\/\/www.rosapulgar.com\/wp-content\/uploads\/2018\/04\/iconmap-c.svg","contentUrl":"https:\/\/www.rosapulgar.com\/wp-content\/uploads\/2018\/04\/iconmap-c.svg"},{"@type":"BreadcrumbList","@id":"https:\/\/www.clinicapulgar.com\/contacto\/#breadcrumb","itemListElement":[{"@type":"ListItem","position":1,"name":"Home","item":"https:\/\/www.clinicapulgar.com\/"},{"@type":"ListItem","position":2,"name":"Contacto"}]},{"@type":"WebSite","@id":"https:\/\/www.clinicapulgar.com\/#website","url":"https:\/\/www.clinicapulgar.com\/","name":"Clinica Rosa Pulgar","description":"Cl\u00ednica dental Rosa Pulgar - est\u00e9tica dental","potentialAction":[{"@type":"SearchAction","target":{"@type":"EntryPoint","urlTemplate":"https:\/\/www.clinicapulgar.com\/?s={search_term_string}"},"query-input":{"@type":"PropertyValueSpecification","valueRequired":true,"valueName":"search_term_string"}}],"inLanguage":"en-GB"}]}},"_links":{"self":[{"href":"https:\/\/www.clinicapulgar.com\/en\/wp-json\/wp\/v2\/pages\/310","targetHints":{"allow":["GET"]}}],"collection":[{"href":"https:\/\/www.clinicapulgar.com\/en\/wp-json\/wp\/v2\/pages"}],"about":[{"href":"https:\/\/www.clinicapulgar.com\/en\/wp-json\/wp\/v2\/types\/page"}],"author":[{"embeddable":true,"href":"https:\/\/www.clinicapulgar.com\/en\/wp-json\/wp\/v2\/users\/2"}],"replies":[{"embeddable":true,"href":"https:\/\/www.clinicapulgar.com\/en\/wp-json\/wp\/v2\/comments?post=310"}],"version-history":[{"count":32,"href":"https:\/\/www.clinicapulgar.com\/en\/wp-json\/wp\/v2\/pages\/310\/revisions"}],"predecessor-version":[{"id":1671,"href":"https:\/\/www.clinicapulgar.com\/en\/wp-json\/wp\/v2\/pages\/310\/revisions\/1671"}],"wp:attachment":[{"href":"https:\/\/www.clinicapulgar.com\/en\/wp-json\/wp\/v2\/media?parent=310"}],"curies":[{"name":"wp","href":"https:\/\/api.w.org\/{rel}","templated":true}]}}