{"id":31,"date":"2018-04-07T18:56:23","date_gmt":"2018-04-07T18:56:23","guid":{"rendered":"https:\/\/www.rosapulgar.com\/?page_id=31"},"modified":"2025-01-28T13:00:55","modified_gmt":"2025-01-28T13:00:55","slug":"carillas-de-composite-escultura-dental","status":"publish","type":"page","link":"https:\/\/www.clinicapulgar.com\/en\/estetica-dental\/carillas-de-composite-escultura-dental\/","title":{"rendered":"CARILLAS DE COMPOSITE. ESCULTURA DENTAL"},"content":{"rendered":"<div data-elementor-type=\"wp-page\" data-elementor-id=\"31\" class=\"elementor elementor-31\">\n\t\t\t\t<div class=\"elementor-element elementor-element-62a1e341 e-flex e-con-boxed wpr-particle-no wpr-jarallax-no wpr-parallax-no wpr-sticky-section-no e-con e-parent\" data-id=\"62a1e341\" data-element_type=\"container\">\n\t\t\t\t\t<div class=\"e-con-inner\">\n\t\t\t\t<div class=\"elementor-element elementor-element-22ddac88 elementor-widget elementor-widget-text-editor\" data-id=\"22ddac88\" data-element_type=\"widget\" data-widget_type=\"text-editor.default\">\n\t\t\t\t<div class=\"elementor-widget-container\">\n\t\t\t\t\t\t\t\t\t<!-- section -->\n\n<section class=\"enh_section enh_image_bck\">\n<div class=\"container intro_text_lc\">\n\n<!-- vertical text -->\n<div class=\"enh_slider_copyright\"><\/div>\n<div class=\"fw-row\">\n<div class=\"fw-col-xs-12 fw-col-sm-6 enh_image_bck enh_col\">\n\n<!-- vertical text -->\n<div class=\"enh_slider_copyright\"><\/div>\n<div class=\"\">\n<div class=\"text_block\">\n\n<strong class=\"slogan\">Los composites: los denominados \u201cempastes blancos\u201d<\/strong>\n<em class=\"subslogan\">Son materiales compuestos: una resina org\u00e1nica fotopolimerizable y relleno inorg\u00e1nico con excelentes propiedades f\u00edsico-mec\u00e1nicas<\/em>\n\n<strong>Este material se aplica, se modela y se endurece directamente sobre el diente al que se une gracias a un adhesivo especial\n<\/strong>\n\nLos modernos composites ofrecen un ampl\u00edsimo rango de colores y niveles de translucidez, lo que permite conseguir restauraciones muy mim\u00e9ticas (invisibles) y altamente resistentes. Este sistema tiene la ventaja de que, en la mayor parte de los casos, se realiza sin necesidad de eliminar tejido dental\n\nUna opci\u00f3n de tratamiento es la Escultura Dental, en la que el dentista, mediante capas de composite e incluso, tintes, modela uno a uno los dientes anteriores cambiando su forma, tama\u00f1o, color, posici\u00f3n\u2026 Se pueden cerrar espacios entre dientes o los antiest\u00e9ticos \u201cespacios negros\u201d que produce la enfermedad periodontal (piorrea). Es un trabajo delicado pero completamente indoloro y que tiene la ventaja de que se hace en una sola sesi\u00f3n y da lugar a una sonrisa completamente natural.\n\nEl caso de la fotograf\u00eda se realiz\u00f3 hace 25 a\u00f1os\n\n<\/div>\n<\/div>\n<\/div>\n<div class=\"fw-col-xs-12 fw-col-sm-6 enh_image_bck enh_col\">\n\n<!-- vertical text -->\n<div class=\"enh_slider_copyright\"><\/div>\n<div class=\"\">\n\n<img decoding=\"async\" src=\"\/\/www.rosapulgar.com\/wp-content\/uploads\/2018\/04\/8.jpg\" alt=\"\/\/www.rosapulgar.com\/wp-content\/uploads\/2018\/04\/8.jpg\" height=\"300\" \/><img decoding=\"async\" src=\"\/\/www.rosapulgar.com\/wp-content\/uploads\/2018\/04\/7.jpg\" alt=\"\/\/www.rosapulgar.com\/wp-content\/uploads\/2018\/04\/7.jpg\" height=\"300\" \/>\n\n<\/div>\n<\/div>\n<\/div>\n<\/div>\n<!-- container end -->\n\n<\/section><!-- section end -->\t\t\t\t\t\t\t\t<\/div>\n\t\t\t\t<\/div>\n\t\t\t\t\t<\/div>\n\t\t\t\t<\/div>\n\t\t\t\t<\/div>","protected":false},"excerpt":{"rendered":"<p>Los composites: los denominados \u201cempastes blancos\u201dSon materiales compuestos: una resina org\u00e1nica fotopolimerizable y relleno inorg\u00e1nico con excelentes propiedades f\u00edsico-mec\u00e1nicasEste material se aplica, se modela y se&#8230;<br \/><a href=\"https:\/\/www.clinicapulgar.com\/en\/estetica-dental\/carillas-de-composite-escultura-dental\/\" class=\"btn btn_more\">Leer m\u00e1s<\/a><\/p>","protected":false},"author":2,"featured_media":0,"parent":81,"menu_order":0,"comment_status":"closed","ping_status":"closed","template":"template-one-page.php","meta":{"footnotes":""},"class_list":["post-31","page","type-page","status-publish","hentry"],"yoast_head":"<!-- This site is optimized with the Yoast SEO plugin v26.7 - https:\/\/yoast.com\/wordpress\/plugins\/seo\/ -->\n<title>CARILLAS DE COMPOSITE. ESCULTURA DENTAL - Clinica Rosa Pulgar<\/title>\n<meta name=\"description\" content=\"Los composites: los denominados \u201cempastes blancos\u201d Son materiales compuestos: una resina org\u00e1nica fotopolimerizable y relleno inorg\u00e1nico\" \/>\n<meta name=\"robots\" content=\"index, follow, max-snippet:-1, max-image-preview:large, max-video-preview:-1\" \/>\n<link rel=\"canonical\" href=\"https:\/\/www.clinicapulgar.com\/en\/estetica-dental\/carillas-de-composite-escultura-dental\/\" \/>\n<meta property=\"og:locale\" content=\"en_GB\" \/>\n<meta property=\"og:type\" content=\"article\" \/>\n<meta property=\"og:title\" content=\"CARILLAS DE COMPOSITE. ESCULTURA DENTAL - Clinica Rosa Pulgar\" \/>\n<meta property=\"og:description\" content=\"Los composites: los denominados \u201cempastes blancos\u201d Son materiales compuestos: una resina org\u00e1nica fotopolimerizable y relleno inorg\u00e1nico\" \/>\n<meta property=\"og:url\" content=\"https:\/\/www.clinicapulgar.com\/en\/estetica-dental\/carillas-de-composite-escultura-dental\/\" \/>\n<meta property=\"og:site_name\" content=\"Clinica Rosa Pulgar\" \/>\n<meta property=\"article:modified_time\" content=\"2025-01-28T13:00:55+00:00\" \/>\n<meta name=\"twitter:card\" content=\"summary_large_image\" \/>\n<meta name=\"twitter:label1\" content=\"Estimated reading time\" \/>\n\t<meta name=\"twitter:data1\" content=\"2 minutes\" \/>\n<script type=\"application\/ld+json\" class=\"yoast-schema-graph\">{\"@context\":\"https:\/\/schema.org\",\"@graph\":[{\"@type\":\"WebPage\",\"@id\":\"https:\/\/www.clinicapulgar.com\/estetica-dental\/carillas-de-composite-escultura-dental\/\",\"url\":\"https:\/\/www.clinicapulgar.com\/estetica-dental\/carillas-de-composite-escultura-dental\/\",\"name\":\"CARILLAS DE COMPOSITE. ESCULTURA DENTAL - Clinica Rosa Pulgar\",\"isPartOf\":{\"@id\":\"https:\/\/www.clinicapulgar.com\/#website\"},\"datePublished\":\"2018-04-07T18:56:23+00:00\",\"dateModified\":\"2025-01-28T13:00:55+00:00\",\"description\":\"Los composites: los denominados \u201cempastes blancos\u201d Son materiales compuestos: una resina org\u00e1nica fotopolimerizable y relleno inorg\u00e1nico\",\"breadcrumb\":{\"@id\":\"https:\/\/www.clinicapulgar.com\/estetica-dental\/carillas-de-composite-escultura-dental\/#breadcrumb\"},\"inLanguage\":\"en-GB\",\"potentialAction\":[{\"@type\":\"ReadAction\",\"target\":[\"https:\/\/www.clinicapulgar.com\/estetica-dental\/carillas-de-composite-escultura-dental\/\"]}]},{\"@type\":\"BreadcrumbList\",\"@id\":\"https:\/\/www.clinicapulgar.com\/estetica-dental\/carillas-de-composite-escultura-dental\/#breadcrumb\",\"itemListElement\":[{\"@type\":\"ListItem\",\"position\":1,\"name\":\"Home\",\"item\":\"https:\/\/www.clinicapulgar.com\/\"},{\"@type\":\"ListItem\",\"position\":2,\"name\":\"Est\u00e9tica Dental\",\"item\":\"https:\/\/www.clinicapulgar.com\/estetica-dental\/\"},{\"@type\":\"ListItem\",\"position\":3,\"name\":\"CARILLAS DE COMPOSITE. ESCULTURA DENTAL\"}]},{\"@type\":\"WebSite\",\"@id\":\"https:\/\/www.clinicapulgar.com\/#website\",\"url\":\"https:\/\/www.clinicapulgar.com\/\",\"name\":\"Clinica Rosa Pulgar\",\"description\":\"Cl\u00ednica dental Rosa Pulgar - est\u00e9tica dental\",\"potentialAction\":[{\"@type\":\"SearchAction\",\"target\":{\"@type\":\"EntryPoint\",\"urlTemplate\":\"https:\/\/www.clinicapulgar.com\/?s={search_term_string}\"},\"query-input\":{\"@type\":\"PropertyValueSpecification\",\"valueRequired\":true,\"valueName\":\"search_term_string\"}}],\"inLanguage\":\"en-GB\"}]}<\/script>\n<!-- \/ Yoast SEO plugin. -->","yoast_head_json":{"title":"CARILLAS DE COMPOSITE. ESCULTURA DENTAL - Clinica Rosa Pulgar","description":"Los composites: los denominados \u201cempastes blancos\u201d Son materiales compuestos: una resina org\u00e1nica fotopolimerizable y relleno inorg\u00e1nico","robots":{"index":"index","follow":"follow","max-snippet":"max-snippet:-1","max-image-preview":"max-image-preview:large","max-video-preview":"max-video-preview:-1"},"canonical":"https:\/\/www.clinicapulgar.com\/en\/estetica-dental\/carillas-de-composite-escultura-dental\/","og_locale":"en_GB","og_type":"article","og_title":"CARILLAS DE COMPOSITE. ESCULTURA DENTAL - Clinica Rosa Pulgar","og_description":"Los composites: los denominados \u201cempastes blancos\u201d Son materiales compuestos: una resina org\u00e1nica fotopolimerizable y relleno inorg\u00e1nico","og_url":"https:\/\/www.clinicapulgar.com\/en\/estetica-dental\/carillas-de-composite-escultura-dental\/","og_site_name":"Clinica Rosa Pulgar","article_modified_time":"2025-01-28T13:00:55+00:00","twitter_card":"summary_large_image","twitter_misc":{"Estimated reading time":"2 minutes"},"schema":{"@context":"https:\/\/schema.org","@graph":[{"@type":"WebPage","@id":"https:\/\/www.clinicapulgar.com\/estetica-dental\/carillas-de-composite-escultura-dental\/","url":"https:\/\/www.clinicapulgar.com\/estetica-dental\/carillas-de-composite-escultura-dental\/","name":"CARILLAS DE COMPOSITE. ESCULTURA DENTAL - Clinica Rosa Pulgar","isPartOf":{"@id":"https:\/\/www.clinicapulgar.com\/#website"},"datePublished":"2018-04-07T18:56:23+00:00","dateModified":"2025-01-28T13:00:55+00:00","description":"Los composites: los denominados \u201cempastes blancos\u201d Son materiales compuestos: una resina org\u00e1nica fotopolimerizable y relleno inorg\u00e1nico","breadcrumb":{"@id":"https:\/\/www.clinicapulgar.com\/estetica-dental\/carillas-de-composite-escultura-dental\/#breadcrumb"},"inLanguage":"en-GB","potentialAction":[{"@type":"ReadAction","target":["https:\/\/www.clinicapulgar.com\/estetica-dental\/carillas-de-composite-escultura-dental\/"]}]},{"@type":"BreadcrumbList","@id":"https:\/\/www.clinicapulgar.com\/estetica-dental\/carillas-de-composite-escultura-dental\/#breadcrumb","itemListElement":[{"@type":"ListItem","position":1,"name":"Home","item":"https:\/\/www.clinicapulgar.com\/"},{"@type":"ListItem","position":2,"name":"Est\u00e9tica Dental","item":"https:\/\/www.clinicapulgar.com\/estetica-dental\/"},{"@type":"ListItem","position":3,"name":"CARILLAS DE COMPOSITE. ESCULTURA DENTAL"}]},{"@type":"WebSite","@id":"https:\/\/www.clinicapulgar.com\/#website","url":"https:\/\/www.clinicapulgar.com\/","name":"Clinica Rosa Pulgar","description":"Cl\u00ednica dental Rosa Pulgar - est\u00e9tica dental","potentialAction":[{"@type":"SearchAction","target":{"@type":"EntryPoint","urlTemplate":"https:\/\/www.clinicapulgar.com\/?s={search_term_string}"},"query-input":{"@type":"PropertyValueSpecification","valueRequired":true,"valueName":"search_term_string"}}],"inLanguage":"en-GB"}]}},"_links":{"self":[{"href":"https:\/\/www.clinicapulgar.com\/en\/wp-json\/wp\/v2\/pages\/31","targetHints":{"allow":["GET"]}}],"collection":[{"href":"https:\/\/www.clinicapulgar.com\/en\/wp-json\/wp\/v2\/pages"}],"about":[{"href":"https:\/\/www.clinicapulgar.com\/en\/wp-json\/wp\/v2\/types\/page"}],"author":[{"embeddable":true,"href":"https:\/\/www.clinicapulgar.com\/en\/wp-json\/wp\/v2\/users\/2"}],"replies":[{"embeddable":true,"href":"https:\/\/www.clinicapulgar.com\/en\/wp-json\/wp\/v2\/comments?post=31"}],"version-history":[{"count":5,"href":"https:\/\/www.clinicapulgar.com\/en\/wp-json\/wp\/v2\/pages\/31\/revisions"}],"predecessor-version":[{"id":1656,"href":"https:\/\/www.clinicapulgar.com\/en\/wp-json\/wp\/v2\/pages\/31\/revisions\/1656"}],"up":[{"embeddable":true,"href":"https:\/\/www.clinicapulgar.com\/en\/wp-json\/wp\/v2\/pages\/81"}],"wp:attachment":[{"href":"https:\/\/www.clinicapulgar.com\/en\/wp-json\/wp\/v2\/media?parent=31"}],"curies":[{"name":"wp","href":"https:\/\/api.w.org\/{rel}","templated":true}]}}