{"id":29,"date":"2018-04-07T18:56:13","date_gmt":"2018-04-07T18:56:13","guid":{"rendered":"https:\/\/www.rosapulgar.com\/?page_id=29"},"modified":"2025-01-28T13:10:02","modified_gmt":"2025-01-28T13:10:02","slug":"tratamiento-dientes-desgastados","status":"publish","type":"page","link":"https:\/\/www.clinicapulgar.com\/en\/estetica-dental\/tratamiento-dientes-desgastados\/","title":{"rendered":"TRATAMIENTO DIENTES DESGASTADOS"},"content":{"rendered":"<div data-elementor-type=\"wp-page\" data-elementor-id=\"29\" class=\"elementor elementor-29\">\n\t\t\t\t<div class=\"elementor-element elementor-element-91ce1d8 e-flex e-con-boxed wpr-particle-no wpr-jarallax-no wpr-parallax-no wpr-sticky-section-no e-con e-parent\" data-id=\"91ce1d8\" data-element_type=\"container\">\n\t\t\t\t\t<div class=\"e-con-inner\">\n\t\t<div class=\"elementor-element elementor-element-0e397f0 e-con-full e-flex wpr-particle-no wpr-jarallax-no wpr-parallax-no wpr-sticky-section-no e-con e-child\" data-id=\"0e397f0\" data-element_type=\"container\">\n\t\t\t\t<div class=\"elementor-element elementor-element-8d17a64 elementor-widget elementor-widget-text-editor\" data-id=\"8d17a64\" data-element_type=\"widget\" data-widget_type=\"text-editor.default\">\n\t\t\t\t<div class=\"elementor-widget-container\">\n\t\t\t\t\t\t\t\t\t<p><strong class=\"slogan\">\u00bfHa observado que sus dientes son m\u00e1s peque\u00f1os, est\u00e1n rotos y est\u00e1n cada vez peor?<\/strong><br \/><em class=\"subslogan\">Los dientes no s\u00f3lo se pierden por caries. Existen otros mecanismos que pueden dar lugar a su destrucci\u00f3n<\/em><\/p><ul><li>Sustancias \u00e1cidas (de la dieta o el \u00e1cido g\u00e1strico, en casos de v\u00f3mitos o reflujo) producen un fen\u00f3meno de corrosi\u00f3n del diente que se desgasta de forma acelerada<\/li><li>Para-funciones\u00a0<em>(bruxismos y apretamientos)<\/em>\u00a0son causas de desgaste de las caras de masticaci\u00f3n<\/li><li>Mala t\u00e9cnica de cepillado produce abrasi\u00f3n en el cuello del diente, sobre todo en pacientes con enfermedad periodontal, en los que la raiz queda al descubierto<\/li><\/ul><p>Todos estos mecanismos destruyen el diente. De hecho, hoy en d\u00eda, su incidencia va en aumento, por lo que es fundamental diagnosticar, prevenir y tratar adecuadamente estos casos que, dejados a su libre evoluci\u00f3n, dan lugar a la destrucci\u00f3n total del diente<\/p><p>Hasta ahora, la \u00fanica soluci\u00f3n, en casos avanzados, era la colocaci\u00f3n de fundas en toda la boca. Esta es una posibilidad. Pero, tambi\u00e9n existen otras alternativas m\u00e1s conservadoras que se basan en mantener lo que queda de diente sin tocarlo y reponer lo que se ha perdido con fragmentos o incrustaciones de cer\u00e1mica o de composite<\/p>\t\t\t\t\t\t\t\t<\/div>\n\t\t\t\t<\/div>\n\t\t\t\t<\/div>\n\t\t<div class=\"elementor-element elementor-element-00b33f6 e-con-full e-flex wpr-particle-no wpr-jarallax-no wpr-parallax-no wpr-sticky-section-no e-con e-child\" data-id=\"00b33f6\" data-element_type=\"container\">\n\t\t\t\t<div class=\"elementor-element elementor-element-873fb8a elementor-widget elementor-widget-wpr-before-after\" data-id=\"873fb8a\" data-element_type=\"widget\" data-widget_type=\"wpr-before-after.default\">\n\t\t\t\t<div class=\"elementor-widget-container\">\n\t\t\t\t\t<div class=\"wpr-ba-image-container wpr-ba-horizontal wpr-ba-labels-default\" data-position=\"50\" data-trigger=\"drag\"><div class=\"wpr-ba-image-1\"><img decoding=\"async\" src=\"https:\/\/www.clinicapulgar.com\/wp-content\/uploads\/2018\/04\/6.jpg\"><\/div><div class=\"wpr-ba-image-2\"><img decoding=\"async\" src=\"https:\/\/www.clinicapulgar.com\/wp-content\/uploads\/2018\/04\/caso-1-a.jpg\"><\/div><div class=\"wpr-ba-divider\"><div class=\"wpr-ba-divider-icons\"><i class=\"fa fa-angle-left\"><\/i><i class=\"fa fa-angle-right\"><\/i><\/div><\/div><div class=\"wpr-ba-label wpr-ba-label-1\"><div>After<\/div><\/div><div class=\"wpr-ba-label wpr-ba-label-2\"><div>Before<\/div><\/div><\/div>\t\t\t\t<\/div>\n\t\t\t\t<\/div>\n\t\t\t\t<\/div>\n\t\t\t\t\t<\/div>\n\t\t\t\t<\/div>\n\t\t\t\t<\/div>","protected":false},"excerpt":{"rendered":"<p>\u00bfHa observado que sus dientes son m\u00e1s peque\u00f1os, est\u00e1n rotos y est\u00e1n cada vez peor?Los dientes no s\u00f3lo se pierden por caries. Existen otros mecanismos que&#8230;<br \/><a href=\"https:\/\/www.clinicapulgar.com\/en\/estetica-dental\/tratamiento-dientes-desgastados\/\" class=\"btn btn_more\">Leer m\u00e1s<\/a><\/p>","protected":false},"author":2,"featured_media":0,"parent":81,"menu_order":0,"comment_status":"closed","ping_status":"closed","template":"template-one-page.php","meta":{"footnotes":""},"class_list":["post-29","page","type-page","status-publish","hentry"],"yoast_head":"<!-- This site is optimized with the Yoast SEO plugin v26.7 - https:\/\/yoast.com\/wordpress\/plugins\/seo\/ -->\n<title>TRATAMIENTO DIENTES DESGASTADOS - Clinica Rosa Pulgar<\/title>\n<meta name=\"description\" content=\"\u00bfHa observado que sus dientes son m\u00e1s peque\u00f1os, est\u00e1n rotos y est\u00e1n cada vez peor?Los dientes no s\u00f3lo se pierden por caries.\" \/>\n<meta name=\"robots\" content=\"index, follow, max-snippet:-1, max-image-preview:large, max-video-preview:-1\" \/>\n<link rel=\"canonical\" href=\"https:\/\/www.clinicapulgar.com\/en\/estetica-dental\/tratamiento-dientes-desgastados\/\" \/>\n<meta property=\"og:locale\" content=\"en_GB\" \/>\n<meta property=\"og:type\" content=\"article\" \/>\n<meta property=\"og:title\" content=\"TRATAMIENTO DIENTES DESGASTADOS - Clinica Rosa Pulgar\" \/>\n<meta property=\"og:description\" content=\"\u00bfHa observado que sus dientes son m\u00e1s peque\u00f1os, est\u00e1n rotos y est\u00e1n cada vez peor?Los dientes no s\u00f3lo se pierden por caries.\" \/>\n<meta property=\"og:url\" content=\"https:\/\/www.clinicapulgar.com\/en\/estetica-dental\/tratamiento-dientes-desgastados\/\" \/>\n<meta property=\"og:site_name\" content=\"Clinica Rosa Pulgar\" \/>\n<meta property=\"article:modified_time\" content=\"2025-01-28T13:10:02+00:00\" \/>\n<meta name=\"twitter:card\" content=\"summary_large_image\" \/>\n<meta name=\"twitter:label1\" content=\"Estimated reading time\" \/>\n\t<meta name=\"twitter:data1\" content=\"2 minutes\" \/>\n<script type=\"application\/ld+json\" class=\"yoast-schema-graph\">{\"@context\":\"https:\/\/schema.org\",\"@graph\":[{\"@type\":\"WebPage\",\"@id\":\"https:\/\/www.clinicapulgar.com\/estetica-dental\/tratamiento-dientes-desgastados\/\",\"url\":\"https:\/\/www.clinicapulgar.com\/estetica-dental\/tratamiento-dientes-desgastados\/\",\"name\":\"TRATAMIENTO DIENTES DESGASTADOS - Clinica Rosa Pulgar\",\"isPartOf\":{\"@id\":\"https:\/\/www.clinicapulgar.com\/#website\"},\"datePublished\":\"2018-04-07T18:56:13+00:00\",\"dateModified\":\"2025-01-28T13:10:02+00:00\",\"description\":\"\u00bfHa observado que sus dientes son m\u00e1s peque\u00f1os, est\u00e1n rotos y est\u00e1n cada vez peor?Los dientes no s\u00f3lo se pierden por caries.\",\"breadcrumb\":{\"@id\":\"https:\/\/www.clinicapulgar.com\/estetica-dental\/tratamiento-dientes-desgastados\/#breadcrumb\"},\"inLanguage\":\"en-GB\",\"potentialAction\":[{\"@type\":\"ReadAction\",\"target\":[\"https:\/\/www.clinicapulgar.com\/estetica-dental\/tratamiento-dientes-desgastados\/\"]}]},{\"@type\":\"BreadcrumbList\",\"@id\":\"https:\/\/www.clinicapulgar.com\/estetica-dental\/tratamiento-dientes-desgastados\/#breadcrumb\",\"itemListElement\":[{\"@type\":\"ListItem\",\"position\":1,\"name\":\"Home\",\"item\":\"https:\/\/www.clinicapulgar.com\/\"},{\"@type\":\"ListItem\",\"position\":2,\"name\":\"Est\u00e9tica Dental\",\"item\":\"https:\/\/www.clinicapulgar.com\/estetica-dental\/\"},{\"@type\":\"ListItem\",\"position\":3,\"name\":\"TRATAMIENTO DIENTES DESGASTADOS\"}]},{\"@type\":\"WebSite\",\"@id\":\"https:\/\/www.clinicapulgar.com\/#website\",\"url\":\"https:\/\/www.clinicapulgar.com\/\",\"name\":\"Clinica Rosa Pulgar\",\"description\":\"Cl\u00ednica dental Rosa Pulgar - est\u00e9tica dental\",\"potentialAction\":[{\"@type\":\"SearchAction\",\"target\":{\"@type\":\"EntryPoint\",\"urlTemplate\":\"https:\/\/www.clinicapulgar.com\/?s={search_term_string}\"},\"query-input\":{\"@type\":\"PropertyValueSpecification\",\"valueRequired\":true,\"valueName\":\"search_term_string\"}}],\"inLanguage\":\"en-GB\"}]}<\/script>\n<!-- \/ Yoast SEO plugin. -->","yoast_head_json":{"title":"TRATAMIENTO DIENTES DESGASTADOS - Clinica Rosa Pulgar","description":"\u00bfHa observado que sus dientes son m\u00e1s peque\u00f1os, est\u00e1n rotos y est\u00e1n cada vez peor?Los dientes no s\u00f3lo se pierden por caries.","robots":{"index":"index","follow":"follow","max-snippet":"max-snippet:-1","max-image-preview":"max-image-preview:large","max-video-preview":"max-video-preview:-1"},"canonical":"https:\/\/www.clinicapulgar.com\/en\/estetica-dental\/tratamiento-dientes-desgastados\/","og_locale":"en_GB","og_type":"article","og_title":"TRATAMIENTO DIENTES DESGASTADOS - Clinica Rosa Pulgar","og_description":"\u00bfHa observado que sus dientes son m\u00e1s peque\u00f1os, est\u00e1n rotos y est\u00e1n cada vez peor?Los dientes no s\u00f3lo se pierden por caries.","og_url":"https:\/\/www.clinicapulgar.com\/en\/estetica-dental\/tratamiento-dientes-desgastados\/","og_site_name":"Clinica Rosa Pulgar","article_modified_time":"2025-01-28T13:10:02+00:00","twitter_card":"summary_large_image","twitter_misc":{"Estimated reading time":"2 minutes"},"schema":{"@context":"https:\/\/schema.org","@graph":[{"@type":"WebPage","@id":"https:\/\/www.clinicapulgar.com\/estetica-dental\/tratamiento-dientes-desgastados\/","url":"https:\/\/www.clinicapulgar.com\/estetica-dental\/tratamiento-dientes-desgastados\/","name":"TRATAMIENTO DIENTES DESGASTADOS - Clinica Rosa Pulgar","isPartOf":{"@id":"https:\/\/www.clinicapulgar.com\/#website"},"datePublished":"2018-04-07T18:56:13+00:00","dateModified":"2025-01-28T13:10:02+00:00","description":"\u00bfHa observado que sus dientes son m\u00e1s peque\u00f1os, est\u00e1n rotos y est\u00e1n cada vez peor?Los dientes no s\u00f3lo se pierden por caries.","breadcrumb":{"@id":"https:\/\/www.clinicapulgar.com\/estetica-dental\/tratamiento-dientes-desgastados\/#breadcrumb"},"inLanguage":"en-GB","potentialAction":[{"@type":"ReadAction","target":["https:\/\/www.clinicapulgar.com\/estetica-dental\/tratamiento-dientes-desgastados\/"]}]},{"@type":"BreadcrumbList","@id":"https:\/\/www.clinicapulgar.com\/estetica-dental\/tratamiento-dientes-desgastados\/#breadcrumb","itemListElement":[{"@type":"ListItem","position":1,"name":"Home","item":"https:\/\/www.clinicapulgar.com\/"},{"@type":"ListItem","position":2,"name":"Est\u00e9tica Dental","item":"https:\/\/www.clinicapulgar.com\/estetica-dental\/"},{"@type":"ListItem","position":3,"name":"TRATAMIENTO DIENTES DESGASTADOS"}]},{"@type":"WebSite","@id":"https:\/\/www.clinicapulgar.com\/#website","url":"https:\/\/www.clinicapulgar.com\/","name":"Clinica Rosa Pulgar","description":"Cl\u00ednica dental Rosa Pulgar - est\u00e9tica dental","potentialAction":[{"@type":"SearchAction","target":{"@type":"EntryPoint","urlTemplate":"https:\/\/www.clinicapulgar.com\/?s={search_term_string}"},"query-input":{"@type":"PropertyValueSpecification","valueRequired":true,"valueName":"search_term_string"}}],"inLanguage":"en-GB"}]}},"_links":{"self":[{"href":"https:\/\/www.clinicapulgar.com\/en\/wp-json\/wp\/v2\/pages\/29","targetHints":{"allow":["GET"]}}],"collection":[{"href":"https:\/\/www.clinicapulgar.com\/en\/wp-json\/wp\/v2\/pages"}],"about":[{"href":"https:\/\/www.clinicapulgar.com\/en\/wp-json\/wp\/v2\/types\/page"}],"author":[{"embeddable":true,"href":"https:\/\/www.clinicapulgar.com\/en\/wp-json\/wp\/v2\/users\/2"}],"replies":[{"embeddable":true,"href":"https:\/\/www.clinicapulgar.com\/en\/wp-json\/wp\/v2\/comments?post=29"}],"version-history":[{"count":5,"href":"https:\/\/www.clinicapulgar.com\/en\/wp-json\/wp\/v2\/pages\/29\/revisions"}],"predecessor-version":[{"id":1654,"href":"https:\/\/www.clinicapulgar.com\/en\/wp-json\/wp\/v2\/pages\/29\/revisions\/1654"}],"up":[{"embeddable":true,"href":"https:\/\/www.clinicapulgar.com\/en\/wp-json\/wp\/v2\/pages\/81"}],"wp:attachment":[{"href":"https:\/\/www.clinicapulgar.com\/en\/wp-json\/wp\/v2\/media?parent=29"}],"curies":[{"name":"wp","href":"https:\/\/api.w.org\/{rel}","templated":true}]}}