{"id":26,"date":"2018-04-07T18:55:38","date_gmt":"2018-04-07T18:55:38","guid":{"rendered":"https:\/\/www.rosapulgar.com\/?page_id=26"},"modified":"2025-01-28T12:57:08","modified_gmt":"2025-01-28T12:57:08","slug":"blanqueamiento-dental","status":"publish","type":"page","link":"https:\/\/www.clinicapulgar.com\/en\/estetica-dental\/blanqueamiento-dental\/","title":{"rendered":"BLANQUEAMIENTO DENTAL"},"content":{"rendered":"<div data-elementor-type=\"wp-page\" data-elementor-id=\"26\" class=\"elementor elementor-26\">\n\t\t\t\t<div class=\"elementor-element elementor-element-6d4a656 e-flex e-con-boxed wpr-particle-no wpr-jarallax-no wpr-parallax-no wpr-sticky-section-no e-con e-parent\" data-id=\"6d4a656\" data-element_type=\"container\">\n\t\t\t\t\t<div class=\"e-con-inner\">\n\t\t<div class=\"elementor-element elementor-element-3af398c e-con-full e-flex wpr-particle-no wpr-jarallax-no wpr-parallax-no wpr-sticky-section-no e-con e-child\" data-id=\"3af398c\" data-element_type=\"container\">\n\t\t\t\t<div class=\"elementor-element elementor-element-8ef7a0e elementor-widget elementor-widget-text-editor\" data-id=\"8ef7a0e\" data-element_type=\"widget\" data-widget_type=\"text-editor.default\">\n\t\t\t\t<div class=\"elementor-widget-container\">\n\t\t\t\t\t\t\t\t\t<p style=\"text-align: center !important;\"><strong class=\"slogan\">El color es uno de los componentes principales de una sonrisa bonita<\/strong><\/p>\n\n<p><em class=\"subslogan\">Dientes blancos son percibidos como sin\u00f3nimo de salud, belleza, juventud\u2026.<\/em><\/p>\n\n<p>El color es uno de los componentes principales de una sonrisa bonita\nDientes blancos son percibidos como sin\u00f3nimo de salud, belleza, juventud\u2026.\nMediante las modernas t\u00e9cnicas de blanqueamiento dental profesional podemos aclarar el color de todos los dientes o devolver su color original a uno que se haya oscurecido.<\/p>\n\n<p>Se basan en la utilizaci\u00f3n de per\u00f3xido de hidr\u00f3geno en diferentes formas qu\u00edmicas, sistemas de activaci\u00f3n y concentraciones. La pauta de tratamiento debe ser siempre personalizada, tras analizar la alteraci\u00f3n del color (discrom\u00eda) y las peculiaridades cl\u00ednicas del paciente. S\u00f3lo as\u00ed se podr\u00e1n conseguir los mejores resultados.<\/p>\n\n<p>La micro-abrasi\u00f3n es un tratamiento que consiste en la eliminaci\u00f3n qu\u00edmico-mec\u00e1nica de manchas blancas superficiales. A veces se combina con blanqueamiento. Ambas son t\u00e9cnicas est\u00e9ticas muy conservadoras que llevamos utilizando desde hace m\u00e1s de 25 a\u00f1os.<\/p>\t\t\t\t\t\t\t\t<\/div>\n\t\t\t\t<\/div>\n\t\t\t\t<\/div>\n\t\t<div class=\"elementor-element elementor-element-c9d524c e-con-full e-flex wpr-particle-no wpr-jarallax-no wpr-parallax-no wpr-sticky-section-no e-con e-child\" data-id=\"c9d524c\" data-element_type=\"container\">\n\t\t\t\t<div class=\"elementor-element elementor-element-0269551 elementor-widget elementor-widget-wpr-before-after\" data-id=\"0269551\" data-element_type=\"widget\" data-widget_type=\"wpr-before-after.default\">\n\t\t\t\t<div class=\"elementor-widget-container\">\n\t\t\t\t\t<div class=\"wpr-ba-image-container wpr-ba-horizontal wpr-ba-labels-default\" data-position=\"50\" data-trigger=\"drag\"><div class=\"wpr-ba-image-1\"><img decoding=\"async\" src=\"https:\/\/www.clinicapulgar.com\/wp-content\/uploads\/2024\/11\/5_sinbrillo.jpg\"><\/div><div class=\"wpr-ba-image-2\"><img decoding=\"async\" src=\"https:\/\/www.clinicapulgar.com\/wp-content\/uploads\/2018\/04\/5.jpg\"><\/div><div class=\"wpr-ba-divider\"><div class=\"wpr-ba-divider-icons\"><i class=\"fa fa-angle-left\"><\/i><i class=\"fa fa-angle-right\"><\/i><\/div><\/div><div class=\"wpr-ba-label wpr-ba-label-1\"><div>Antes<\/div><\/div><div class=\"wpr-ba-label wpr-ba-label-2\"><div>Despu\u00e9s<\/div><\/div><\/div>\t\t\t\t<\/div>\n\t\t\t\t<\/div>\n\t\t\t\t<\/div>\n\t\t\t\t\t<\/div>\n\t\t\t\t<\/div>\n\t\t\t\t<\/div>","protected":false},"excerpt":{"rendered":"<p>El color es uno de los componentes principales de una sonrisa bonitaDientes blancos son percibidos como sin\u00f3nimo de salud, belleza, juventud\u2026.El color es uno de los&#8230;<br \/><a href=\"https:\/\/www.clinicapulgar.com\/en\/estetica-dental\/blanqueamiento-dental\/\" class=\"btn btn_more\">Leer m\u00e1s<\/a><\/p>","protected":false},"author":2,"featured_media":0,"parent":81,"menu_order":0,"comment_status":"closed","ping_status":"closed","template":"template-one-page.php","meta":{"footnotes":""},"class_list":["post-26","page","type-page","status-publish","hentry"],"yoast_head":"<!-- This site is optimized with the Yoast SEO plugin v26.7 - https:\/\/yoast.com\/wordpress\/plugins\/seo\/ -->\n<title>BLANQUEAMIENTO DENTAL - Clinica Rosa Pulgar<\/title>\n<meta name=\"description\" content=\"El color es uno de los componentes principales de una sonrisa bonita. Dientes blancos son percibidos como sin\u00f3nimo de salud, belleza, etc.\" \/>\n<meta name=\"robots\" content=\"index, follow, max-snippet:-1, max-image-preview:large, max-video-preview:-1\" \/>\n<link rel=\"canonical\" href=\"https:\/\/www.clinicapulgar.com\/en\/estetica-dental\/blanqueamiento-dental\/\" \/>\n<meta property=\"og:locale\" content=\"en_GB\" \/>\n<meta property=\"og:type\" content=\"article\" \/>\n<meta property=\"og:title\" content=\"BLANQUEAMIENTO DENTAL - Clinica Rosa Pulgar\" \/>\n<meta property=\"og:description\" content=\"El color es uno de los componentes principales de una sonrisa bonita. Dientes blancos son percibidos como sin\u00f3nimo de salud, belleza, etc.\" \/>\n<meta property=\"og:url\" content=\"https:\/\/www.clinicapulgar.com\/en\/estetica-dental\/blanqueamiento-dental\/\" \/>\n<meta property=\"og:site_name\" content=\"Clinica Rosa Pulgar\" \/>\n<meta property=\"article:modified_time\" content=\"2025-01-28T12:57:08+00:00\" \/>\n<meta name=\"twitter:card\" content=\"summary_large_image\" \/>\n<meta name=\"twitter:label1\" content=\"Estimated reading time\" \/>\n\t<meta name=\"twitter:data1\" content=\"2 minutes\" \/>\n<script type=\"application\/ld+json\" class=\"yoast-schema-graph\">{\"@context\":\"https:\/\/schema.org\",\"@graph\":[{\"@type\":\"WebPage\",\"@id\":\"https:\/\/www.clinicapulgar.com\/estetica-dental\/blanqueamiento-dental\/\",\"url\":\"https:\/\/www.clinicapulgar.com\/estetica-dental\/blanqueamiento-dental\/\",\"name\":\"BLANQUEAMIENTO DENTAL - Clinica Rosa Pulgar\",\"isPartOf\":{\"@id\":\"https:\/\/www.clinicapulgar.com\/#website\"},\"datePublished\":\"2018-04-07T18:55:38+00:00\",\"dateModified\":\"2025-01-28T12:57:08+00:00\",\"description\":\"El color es uno de los componentes principales de una sonrisa bonita. Dientes blancos son percibidos como sin\u00f3nimo de salud, belleza, etc.\",\"breadcrumb\":{\"@id\":\"https:\/\/www.clinicapulgar.com\/estetica-dental\/blanqueamiento-dental\/#breadcrumb\"},\"inLanguage\":\"en-GB\",\"potentialAction\":[{\"@type\":\"ReadAction\",\"target\":[\"https:\/\/www.clinicapulgar.com\/estetica-dental\/blanqueamiento-dental\/\"]}]},{\"@type\":\"BreadcrumbList\",\"@id\":\"https:\/\/www.clinicapulgar.com\/estetica-dental\/blanqueamiento-dental\/#breadcrumb\",\"itemListElement\":[{\"@type\":\"ListItem\",\"position\":1,\"name\":\"Home\",\"item\":\"https:\/\/www.clinicapulgar.com\/\"},{\"@type\":\"ListItem\",\"position\":2,\"name\":\"Est\u00e9tica Dental\",\"item\":\"https:\/\/www.clinicapulgar.com\/estetica-dental\/\"},{\"@type\":\"ListItem\",\"position\":3,\"name\":\"BLANQUEAMIENTO DENTAL\"}]},{\"@type\":\"WebSite\",\"@id\":\"https:\/\/www.clinicapulgar.com\/#website\",\"url\":\"https:\/\/www.clinicapulgar.com\/\",\"name\":\"Clinica Rosa Pulgar\",\"description\":\"Cl\u00ednica dental Rosa Pulgar - est\u00e9tica dental\",\"potentialAction\":[{\"@type\":\"SearchAction\",\"target\":{\"@type\":\"EntryPoint\",\"urlTemplate\":\"https:\/\/www.clinicapulgar.com\/?s={search_term_string}\"},\"query-input\":{\"@type\":\"PropertyValueSpecification\",\"valueRequired\":true,\"valueName\":\"search_term_string\"}}],\"inLanguage\":\"en-GB\"}]}<\/script>\n<!-- \/ Yoast SEO plugin. -->","yoast_head_json":{"title":"BLANQUEAMIENTO DENTAL - Clinica Rosa Pulgar","description":"El color es uno de los componentes principales de una sonrisa bonita. Dientes blancos son percibidos como sin\u00f3nimo de salud, belleza, etc.","robots":{"index":"index","follow":"follow","max-snippet":"max-snippet:-1","max-image-preview":"max-image-preview:large","max-video-preview":"max-video-preview:-1"},"canonical":"https:\/\/www.clinicapulgar.com\/en\/estetica-dental\/blanqueamiento-dental\/","og_locale":"en_GB","og_type":"article","og_title":"BLANQUEAMIENTO DENTAL - Clinica Rosa Pulgar","og_description":"El color es uno de los componentes principales de una sonrisa bonita. Dientes blancos son percibidos como sin\u00f3nimo de salud, belleza, etc.","og_url":"https:\/\/www.clinicapulgar.com\/en\/estetica-dental\/blanqueamiento-dental\/","og_site_name":"Clinica Rosa Pulgar","article_modified_time":"2025-01-28T12:57:08+00:00","twitter_card":"summary_large_image","twitter_misc":{"Estimated reading time":"2 minutes"},"schema":{"@context":"https:\/\/schema.org","@graph":[{"@type":"WebPage","@id":"https:\/\/www.clinicapulgar.com\/estetica-dental\/blanqueamiento-dental\/","url":"https:\/\/www.clinicapulgar.com\/estetica-dental\/blanqueamiento-dental\/","name":"BLANQUEAMIENTO DENTAL - Clinica Rosa Pulgar","isPartOf":{"@id":"https:\/\/www.clinicapulgar.com\/#website"},"datePublished":"2018-04-07T18:55:38+00:00","dateModified":"2025-01-28T12:57:08+00:00","description":"El color es uno de los componentes principales de una sonrisa bonita. Dientes blancos son percibidos como sin\u00f3nimo de salud, belleza, etc.","breadcrumb":{"@id":"https:\/\/www.clinicapulgar.com\/estetica-dental\/blanqueamiento-dental\/#breadcrumb"},"inLanguage":"en-GB","potentialAction":[{"@type":"ReadAction","target":["https:\/\/www.clinicapulgar.com\/estetica-dental\/blanqueamiento-dental\/"]}]},{"@type":"BreadcrumbList","@id":"https:\/\/www.clinicapulgar.com\/estetica-dental\/blanqueamiento-dental\/#breadcrumb","itemListElement":[{"@type":"ListItem","position":1,"name":"Home","item":"https:\/\/www.clinicapulgar.com\/"},{"@type":"ListItem","position":2,"name":"Est\u00e9tica Dental","item":"https:\/\/www.clinicapulgar.com\/estetica-dental\/"},{"@type":"ListItem","position":3,"name":"BLANQUEAMIENTO DENTAL"}]},{"@type":"WebSite","@id":"https:\/\/www.clinicapulgar.com\/#website","url":"https:\/\/www.clinicapulgar.com\/","name":"Clinica Rosa Pulgar","description":"Cl\u00ednica dental Rosa Pulgar - est\u00e9tica dental","potentialAction":[{"@type":"SearchAction","target":{"@type":"EntryPoint","urlTemplate":"https:\/\/www.clinicapulgar.com\/?s={search_term_string}"},"query-input":{"@type":"PropertyValueSpecification","valueRequired":true,"valueName":"search_term_string"}}],"inLanguage":"en-GB"}]}},"_links":{"self":[{"href":"https:\/\/www.clinicapulgar.com\/en\/wp-json\/wp\/v2\/pages\/26","targetHints":{"allow":["GET"]}}],"collection":[{"href":"https:\/\/www.clinicapulgar.com\/en\/wp-json\/wp\/v2\/pages"}],"about":[{"href":"https:\/\/www.clinicapulgar.com\/en\/wp-json\/wp\/v2\/types\/page"}],"author":[{"embeddable":true,"href":"https:\/\/www.clinicapulgar.com\/en\/wp-json\/wp\/v2\/users\/2"}],"replies":[{"embeddable":true,"href":"https:\/\/www.clinicapulgar.com\/en\/wp-json\/wp\/v2\/comments?post=26"}],"version-history":[{"count":8,"href":"https:\/\/www.clinicapulgar.com\/en\/wp-json\/wp\/v2\/pages\/26\/revisions"}],"predecessor-version":[{"id":1653,"href":"https:\/\/www.clinicapulgar.com\/en\/wp-json\/wp\/v2\/pages\/26\/revisions\/1653"}],"up":[{"embeddable":true,"href":"https:\/\/www.clinicapulgar.com\/en\/wp-json\/wp\/v2\/pages\/81"}],"wp:attachment":[{"href":"https:\/\/www.clinicapulgar.com\/en\/wp-json\/wp\/v2\/media?parent=26"}],"curies":[{"name":"wp","href":"https:\/\/api.w.org\/{rel}","templated":true}]}}