{"id":234,"date":"2018-04-09T20:09:37","date_gmt":"2018-04-09T20:09:37","guid":{"rendered":"https:\/\/www.rosapulgar.com\/?page_id=234"},"modified":"2018-04-17T09:51:50","modified_gmt":"2018-04-17T09:51:50","slug":"peelings","status":"publish","type":"page","link":"https:\/\/www.clinicapulgar.com\/en\/medicina-estetica\/facial\/piel-envejecida\/peelings\/","title":{"rendered":"Peelings"},"content":{"rendered":"<!-- section -->\n<section   class=\"enh_section enh_image_bck\"  >\n\n\t\t\n\n\n\t\t    <div class=\"container intro_text_lc\">\n    \n    <!-- vertical text -->\n    <div class=\"enh_slider_copyright\"><\/div>\n\t\t\n    \n\t\t\n\n    <div class=\"fw-row\">\n\t\n\n\n\n\n\n<div class=\"fw-col-xs-12 fw-col-sm-4   enh_image_bck   enh_col\"  >\n\t\n\t\n  <!-- vertical text -->\n  <div class=\"enh_slider_copyright\"><\/div>\n    \n    \n    <div class=\"\">\t\n    \n\t\t<div class=\"text_block\">\n<div class=\"menusidebar\"><span class=\"titlesubmenu\">NUESTRAS ESPECIALIDADES<\/span><br \/><div class=\"menu-container\"><ul id=\"menu-medicina-estetica\" class=\"menu\"><li id=\"menu-item-448\" class=\"menu-item menu-item-type-custom menu-item-object-custom menu-item-448\"><a href=\"\/en\/medicina-estetica\/facial\/arrugas\/neuromodulador\/\">Neuromodulador en arrugas de expresi\u00f3n<\/a><\/li>\n<li id=\"menu-item-449\" class=\"menu-item menu-item-type-custom menu-item-object-custom menu-item-449\"><a href=\"\/en\/medicina-estetica\/facial\/rejuvenecimiento-facial-integral\/\">Rejuvenecimiento Facial<\/a><\/li>\n<li id=\"menu-item-450\" class=\"menu-item menu-item-type-custom menu-item-object-custom menu-item-450\"><a href=\"\/en\/medicina-estetica\/hilos\/\">Hilos tensores V-Lift<\/a><\/li>\n<li id=\"menu-item-451\" class=\"menu-item menu-item-type-custom menu-item-object-custom menu-item-451\"><a href=\"\/en\/medicina-estetica\/facial\/arrugas\/rellenos-faciales-bioplastia\/\">Rellenos faciales \/ Bioplastia<\/a><\/li>\n<li id=\"menu-item-452\" class=\"menu-item menu-item-type-custom menu-item-object-custom menu-item-452\"><a href=\"\/en\/medicina-estetica\/mesoterapia-corporal\/\">Mesoterapia corporal<\/a><\/li>\n<li id=\"menu-item-453\" class=\"menu-item menu-item-type-custom menu-item-object-custom menu-item-453\"><a href=\"\/en\/medicina-estetica\/mesoterapia-facial\/\">Mesoterapia revitalizante<\/a><\/li>\n<li id=\"menu-item-454\" class=\"menu-item menu-item-type-custom menu-item-object-custom menu-item-454\"><a href=\"\/en\/medicina-estetica\/mesoterapia-virtual\/\">Mesoterapia virtual<\/a><\/li>\n<li id=\"menu-item-455\" class=\"menu-item menu-item-type-custom menu-item-object-custom menu-item-455\"><a href=\"\/en\/medicina-estetica\/corporal\/grasa-localizada\/criolipolisis\/\">Criolipolisis<\/a><\/li>\n<li id=\"menu-item-456\" class=\"menu-item menu-item-type-custom menu-item-object-custom menu-item-456\"><a href=\"\/en\/medicina-estetica\/facial\/manchas-en-la-cara\/peelings-despigmentantes\/\">Peeling despigmentante<\/a><\/li>\n<li id=\"menu-item-457\" class=\"menu-item menu-item-type-custom menu-item-object-custom menu-item-457\"><a href=\"\/en\/medicina-estetica\/facial\/piel-envejecida\/peelings\/\">Peeling revitalizante<\/a><\/li>\n<li id=\"menu-item-458\" class=\"menu-item menu-item-type-custom menu-item-object-custom menu-item-458\"><a href=\"\/en\/medicina-estetica\/facial\/remodelado-aumento-de-labios-rejuvenecimiento-labial\/\">Remodelaci\u00f3n labial<\/a><\/li>\n<li id=\"menu-item-459\" class=\"menu-item menu-item-type-custom menu-item-object-custom menu-item-459\"><a href=\"\/en\/medicina-estetica\/facial\/flacidez-facial\/retensado-facial-con-radiesse\/\">Retensado facial<\/a><\/li>\n<li id=\"menu-item-460\" class=\"menu-item menu-item-type-custom menu-item-object-custom menu-item-460\"><a href=\"\/en\/medicina-estetica\/plexr\/\">Plexr<\/a><\/li>\n<\/ul><\/div><\/div><\/div><div class=\"text_block\">\n<div class=\"bannersidebar\"><h5> \u00bfNECESITA M\u00c1S INFORMACI\u00d3N?<\/h5><p><span> Contacta con nosotros y nuestro equipo de profesionales contactar\u00e1 lo antes posible con usted<\/span><br \/><a href=\"\/en\/contacto\/\"> CONTACTA CON NOSOTROS<\/a><\/div><\/div>    <\/div>\n    \n\t\n<\/div>\n\n\n\n\n\n\n<div class=\"fw-col-xs-12 fw-col-sm-8   enh_image_bck   enh_col\"  >\n\t\n\t\n  <!-- vertical text -->\n  <div class=\"enh_slider_copyright\"><\/div>\n    \n    \n    <div class=\"\">\t\n    \n\t\t<div class=\"text_block\">\n<p>La palabra \u201cpeeling\u201d significa \u201cpelado\u201d. Es una t\u00e9cnica medico est\u00e9tica que consiste en tratar la piel con \u00e1cidos. Se utilizan muchos \u00e1cidos distintos dependiendo del efecto principal que se desee alcanzar pero, en general, el \u00e1cido lo que provoca es una lesi\u00f3n cut\u00e1nea controlada que determina que la piel se renueve. La renovaci\u00f3n cut\u00e1nea, va acompa\u00f1ada de un aumento de la actividad de las c\u00e9lulas de la piel con producci\u00f3n de col\u00e1geno, lo que se traduce en atenuaci\u00f3n de las arrugas, unificaci\u00f3n del color del rostro, mayor luminosidad y mejora de la apariencia de la piel. Es decir, act\u00faa sobre los principales signos de envejecimiento cut\u00e1neo. <\/p><\/div><img decoding=\"async\" src=\"\/\/www.rosapulgar.com\/wp-content\/uploads\/2018\/04\/foto8.jpg\" alt=\"\/\/www.rosapulgar.com\/wp-content\/uploads\/2018\/04\/foto8.jpg\" width=\"600\" \/><div class=\"text_block\">\n<p><strong class=\"subtitle\">Indicaciones<\/strong><br \/>Pieles envejecidas, con hiper-pigmentaciones, falta de luminosidad. Prevenci\u00f3n del envejecimiento cut\u00e1neo. <\/p><\/div><div class=\"text_block\">\n<p><strong class=\"subtitle\">Procedimiento y productos empleados<\/strong><br \/>Se pueden aplicar diferentes \u00e1cidos. El tipo de \u00e1cido, su concentraci\u00f3n, la cantidad de producto y el tiempo de aplicaci\u00f3n van a determinar el efecto que produce en la piel.  Por eso hablamos de peelings superficiales y medios.<br \/>Peelings superficiales. Los \u00e1cidos que se utilizan son suaves, van a baja concentraci\u00f3n o se aplican en poca cantidad. Son el glic\u00f3lico, l\u00e1ctico, pir\u00favico, maleico, salic\u00edlico\u2026 En general, pueden producir un ligero eritema en los d\u00edas siguientes a su aplicaci\u00f3n. El pelado o no aparece o es leve, de manera que el paciente puede seguir con su vida normal. <strong>Mejoran la luminosidad de la piel<\/strong>. <\/p><p>Peelings medios. En este caso se utilizan sustancias m\u00e1s potentes, como el fenol o el TCA. Su acci\u00f3n es m\u00e1s profunda en la piel, por lo que suelen inducir pelado y puede haber enrojecimiento moderado e, incluso, alguna costra parecida a la que aparece cuando nos quemamos en la sierra, de color marr\u00f3n, que desaparece en unos d\u00edas. En una semana, el restablecimiento es completo. La acci\u00f3n m\u00e1s profunda <strong>consigue un resultado m\u00e1s intenso<\/strong>: la piel mejora su aspecto, aumenta la luminosidad, se aten\u00faan las arrugas finas y mejora su elasticidad y firmeza. <\/p><p>Tanto en el caso de los peelings superficiales como en los medios, se recomienda preparar la piel durante las tres semanas previas para conseguir un resultado \u00f3ptimo y uniforme. Tanto antes como despu\u00e9s, se evitar\u00e1 la exposici\u00f3n al sol. Es indispensable el uso de protectores solares<\/p><\/div><div class=\"text_block\">\n<p><strong class=\"subtitle\">Sesiones<\/strong><br \/>En el caso de los peelings superficiales, son necesarias entre tres y seis sesiones espaciadas 3-4 semanas. En el caso de los peelings medios, con 1 \u00f3 2 sesiones suele ser suficiente. La sesi\u00f3n dura unos 20 minutos. <\/p><p>Este tipo de tratamientos se realiza en oto\u00f1o-invierno-primavera, debido a la alta irradiaci\u00f3n solar del verano. No se recomienda realizarlo en verano porque el tratamiento produce un afinamiento de la epidermis, la barrera protectora de la piel al sol.  <\/p><\/div><div class=\"text_block\">\n<p><strong class=\"subtitle\">Mantenimiento<\/strong><br \/>Es fundamental repetir los peelings cada a\u00f1o para que los resultados se mantengan y prevenir as\u00ed los efectos del envejecimiento. Los resultados a largo plazo pueden ser espectaculares.<\/p><p><strong class=\"subtitle\">Posibles efectos secundarios<\/strong><br \/>Enrojecimiento, pelado, costras marrones. Deben seguirse estrictamente las recomendaciones del m\u00e9dico (evitar la exposici\u00f3n al sol, foto protectores) para evitar que aparezcan manchas. <\/p><p><strong class=\"subtitle\">Contraindicaciones<\/strong><br \/>Enfermedades de la piel. Alergias, atopias. <\/p><\/div><img decoding=\"async\" src=\"\/\/www.rosapulgar.com\/wp-content\/uploads\/2018\/04\/foto9.jpg\" alt=\"\/\/www.rosapulgar.com\/wp-content\/uploads\/2018\/04\/foto9.jpg\" width=\"600\" \/>    <\/div>\n    \n\t\n<\/div>\n<\/div>\n\n\n\n    <\/div>\n    <!-- container end -->\n<\/section>\n<!-- section end -->","protected":false},"excerpt":{"rendered":"<p>NUESTRAS ESPECIALIDADESNeuromodulador en arrugas de expresi\u00f3n Rejuvenecimiento Facial Hilos tensores V-Lift Rellenos faciales \/ Bioplastia Mesoterapia corporal Mesoterapia revitalizante Mesoterapia virtual Criolipolisis Peeling despigmentante Peeling revitalizante&#8230;<br \/><a href=\"https:\/\/www.clinicapulgar.com\/en\/medicina-estetica\/facial\/piel-envejecida\/peelings\/\" class=\"btn btn_more\">Leer m\u00e1s<\/a><\/p>","protected":false},"author":2,"featured_media":500,"parent":95,"menu_order":0,"comment_status":"closed","ping_status":"closed","template":"template-one-page.php","meta":{"footnotes":""},"class_list":["post-234","page","type-page","status-publish","has-post-thumbnail","hentry"],"yoast_head":"<!-- This site is optimized with the Yoast SEO plugin v26.7 - https:\/\/yoast.com\/wordpress\/plugins\/seo\/ -->\n<title>Peelings - Clinica Rosa Pulgar<\/title>\n<meta name=\"robots\" content=\"index, follow, max-snippet:-1, max-image-preview:large, max-video-preview:-1\" \/>\n<link rel=\"canonical\" href=\"https:\/\/www.clinicapulgar.com\/en\/medicina-estetica\/facial\/piel-envejecida\/peelings\/\" \/>\n<meta property=\"og:locale\" content=\"en_GB\" \/>\n<meta property=\"og:type\" content=\"article\" \/>\n<meta property=\"og:title\" content=\"Peelings - Clinica Rosa Pulgar\" \/>\n<meta property=\"og:description\" content=\"NUESTRAS ESPECIALIDADESNeuromodulador en arrugas de expresi\u00f3n Rejuvenecimiento Facial Hilos tensores V-Lift Rellenos faciales \/ Bioplastia Mesoterapia corporal Mesoterapia revitalizante Mesoterapia virtual Criolipolisis Peeling despigmentante Peeling revitalizante...Leer m\u00e1s\" \/>\n<meta property=\"og:url\" content=\"https:\/\/www.clinicapulgar.com\/en\/medicina-estetica\/facial\/piel-envejecida\/peelings\/\" \/>\n<meta property=\"og:site_name\" content=\"Clinica Rosa Pulgar\" \/>\n<meta property=\"article:modified_time\" content=\"2018-04-17T09:51:50+00:00\" \/>\n<meta property=\"og:image\" content=\"https:\/\/www.clinicapulgar.com\/wp-content\/uploads\/2018\/04\/foto8.jpg\" \/>\n\t<meta property=\"og:image:width\" content=\"1147\" \/>\n\t<meta property=\"og:image:height\" content=\"759\" \/>\n\t<meta property=\"og:image:type\" content=\"image\/jpeg\" \/>\n<meta name=\"twitter:card\" content=\"summary_large_image\" \/>\n<meta name=\"twitter:label1\" content=\"Estimated reading time\" \/>\n\t<meta name=\"twitter:data1\" content=\"3 minutes\" \/>\n<script type=\"application\/ld+json\" class=\"yoast-schema-graph\">{\"@context\":\"https:\/\/schema.org\",\"@graph\":[{\"@type\":\"WebPage\",\"@id\":\"https:\/\/www.clinicapulgar.com\/en\/medicina-estetica\/facial\/piel-envejecida\/peelings\/\",\"url\":\"https:\/\/www.clinicapulgar.com\/en\/medicina-estetica\/facial\/piel-envejecida\/peelings\/\",\"name\":\"Peelings - Clinica Rosa Pulgar\",\"isPartOf\":{\"@id\":\"https:\/\/www.clinicapulgar.com\/#website\"},\"primaryImageOfPage\":{\"@id\":\"https:\/\/www.clinicapulgar.com\/en\/medicina-estetica\/facial\/piel-envejecida\/peelings\/#primaryimage\"},\"image\":{\"@id\":\"https:\/\/www.clinicapulgar.com\/en\/medicina-estetica\/facial\/piel-envejecida\/peelings\/#primaryimage\"},\"thumbnailUrl\":\"https:\/\/www.clinicapulgar.com\/wp-content\/uploads\/2018\/04\/foto8.jpg\",\"datePublished\":\"2018-04-09T20:09:37+00:00\",\"dateModified\":\"2018-04-17T09:51:50+00:00\",\"breadcrumb\":{\"@id\":\"https:\/\/www.clinicapulgar.com\/en\/medicina-estetica\/facial\/piel-envejecida\/peelings\/#breadcrumb\"},\"inLanguage\":\"en-GB\",\"potentialAction\":[{\"@type\":\"ReadAction\",\"target\":[\"https:\/\/www.clinicapulgar.com\/en\/medicina-estetica\/facial\/piel-envejecida\/peelings\/\"]}]},{\"@type\":\"ImageObject\",\"inLanguage\":\"en-GB\",\"@id\":\"https:\/\/www.clinicapulgar.com\/en\/medicina-estetica\/facial\/piel-envejecida\/peelings\/#primaryimage\",\"url\":\"https:\/\/www.clinicapulgar.com\/wp-content\/uploads\/2018\/04\/foto8.jpg\",\"contentUrl\":\"https:\/\/www.clinicapulgar.com\/wp-content\/uploads\/2018\/04\/foto8.jpg\",\"width\":1147,\"height\":759},{\"@type\":\"BreadcrumbList\",\"@id\":\"https:\/\/www.clinicapulgar.com\/en\/medicina-estetica\/facial\/piel-envejecida\/peelings\/#breadcrumb\",\"itemListElement\":[{\"@type\":\"ListItem\",\"position\":1,\"name\":\"Home\",\"item\":\"https:\/\/www.clinicapulgar.com\/\"},{\"@type\":\"ListItem\",\"position\":2,\"name\":\"Medicina Est\u00e9tica\",\"item\":\"https:\/\/www.clinicapulgar.com\/medicina-estetica\/\"},{\"@type\":\"ListItem\",\"position\":3,\"name\":\"Facial\",\"item\":\"https:\/\/www.clinicapulgar.com\/en\/medicina-estetica\/facial\/\"},{\"@type\":\"ListItem\",\"position\":4,\"name\":\"Piel envejecida\",\"item\":\"https:\/\/www.clinicapulgar.com\/en\/medicina-estetica\/facial\/piel-envejecida\/\"},{\"@type\":\"ListItem\",\"position\":5,\"name\":\"Peelings\"}]},{\"@type\":\"WebSite\",\"@id\":\"https:\/\/www.clinicapulgar.com\/#website\",\"url\":\"https:\/\/www.clinicapulgar.com\/\",\"name\":\"Clinica Rosa Pulgar\",\"description\":\"Cl\u00ednica dental Rosa Pulgar - est\u00e9tica dental\",\"potentialAction\":[{\"@type\":\"SearchAction\",\"target\":{\"@type\":\"EntryPoint\",\"urlTemplate\":\"https:\/\/www.clinicapulgar.com\/?s={search_term_string}\"},\"query-input\":{\"@type\":\"PropertyValueSpecification\",\"valueRequired\":true,\"valueName\":\"search_term_string\"}}],\"inLanguage\":\"en-GB\"}]}<\/script>\n<!-- \/ Yoast SEO plugin. -->","yoast_head_json":{"title":"Peelings - Clinica Rosa Pulgar","robots":{"index":"index","follow":"follow","max-snippet":"max-snippet:-1","max-image-preview":"max-image-preview:large","max-video-preview":"max-video-preview:-1"},"canonical":"https:\/\/www.clinicapulgar.com\/en\/medicina-estetica\/facial\/piel-envejecida\/peelings\/","og_locale":"en_GB","og_type":"article","og_title":"Peelings - Clinica Rosa Pulgar","og_description":"NUESTRAS ESPECIALIDADESNeuromodulador en arrugas de expresi\u00f3n Rejuvenecimiento Facial Hilos tensores V-Lift Rellenos faciales \/ Bioplastia Mesoterapia corporal Mesoterapia revitalizante Mesoterapia virtual Criolipolisis Peeling despigmentante Peeling revitalizante...Leer m\u00e1s","og_url":"https:\/\/www.clinicapulgar.com\/en\/medicina-estetica\/facial\/piel-envejecida\/peelings\/","og_site_name":"Clinica Rosa Pulgar","article_modified_time":"2018-04-17T09:51:50+00:00","og_image":[{"width":1147,"height":759,"url":"https:\/\/www.clinicapulgar.com\/wp-content\/uploads\/2018\/04\/foto8.jpg","type":"image\/jpeg"}],"twitter_card":"summary_large_image","twitter_misc":{"Estimated reading time":"3 minutes"},"schema":{"@context":"https:\/\/schema.org","@graph":[{"@type":"WebPage","@id":"https:\/\/www.clinicapulgar.com\/en\/medicina-estetica\/facial\/piel-envejecida\/peelings\/","url":"https:\/\/www.clinicapulgar.com\/en\/medicina-estetica\/facial\/piel-envejecida\/peelings\/","name":"Peelings - Clinica Rosa Pulgar","isPartOf":{"@id":"https:\/\/www.clinicapulgar.com\/#website"},"primaryImageOfPage":{"@id":"https:\/\/www.clinicapulgar.com\/en\/medicina-estetica\/facial\/piel-envejecida\/peelings\/#primaryimage"},"image":{"@id":"https:\/\/www.clinicapulgar.com\/en\/medicina-estetica\/facial\/piel-envejecida\/peelings\/#primaryimage"},"thumbnailUrl":"https:\/\/www.clinicapulgar.com\/wp-content\/uploads\/2018\/04\/foto8.jpg","datePublished":"2018-04-09T20:09:37+00:00","dateModified":"2018-04-17T09:51:50+00:00","breadcrumb":{"@id":"https:\/\/www.clinicapulgar.com\/en\/medicina-estetica\/facial\/piel-envejecida\/peelings\/#breadcrumb"},"inLanguage":"en-GB","potentialAction":[{"@type":"ReadAction","target":["https:\/\/www.clinicapulgar.com\/en\/medicina-estetica\/facial\/piel-envejecida\/peelings\/"]}]},{"@type":"ImageObject","inLanguage":"en-GB","@id":"https:\/\/www.clinicapulgar.com\/en\/medicina-estetica\/facial\/piel-envejecida\/peelings\/#primaryimage","url":"https:\/\/www.clinicapulgar.com\/wp-content\/uploads\/2018\/04\/foto8.jpg","contentUrl":"https:\/\/www.clinicapulgar.com\/wp-content\/uploads\/2018\/04\/foto8.jpg","width":1147,"height":759},{"@type":"BreadcrumbList","@id":"https:\/\/www.clinicapulgar.com\/en\/medicina-estetica\/facial\/piel-envejecida\/peelings\/#breadcrumb","itemListElement":[{"@type":"ListItem","position":1,"name":"Home","item":"https:\/\/www.clinicapulgar.com\/"},{"@type":"ListItem","position":2,"name":"Medicina Est\u00e9tica","item":"https:\/\/www.clinicapulgar.com\/medicina-estetica\/"},{"@type":"ListItem","position":3,"name":"Facial","item":"https:\/\/www.clinicapulgar.com\/en\/medicina-estetica\/facial\/"},{"@type":"ListItem","position":4,"name":"Piel envejecida","item":"https:\/\/www.clinicapulgar.com\/en\/medicina-estetica\/facial\/piel-envejecida\/"},{"@type":"ListItem","position":5,"name":"Peelings"}]},{"@type":"WebSite","@id":"https:\/\/www.clinicapulgar.com\/#website","url":"https:\/\/www.clinicapulgar.com\/","name":"Clinica Rosa Pulgar","description":"Cl\u00ednica dental Rosa Pulgar - est\u00e9tica dental","potentialAction":[{"@type":"SearchAction","target":{"@type":"EntryPoint","urlTemplate":"https:\/\/www.clinicapulgar.com\/?s={search_term_string}"},"query-input":{"@type":"PropertyValueSpecification","valueRequired":true,"valueName":"search_term_string"}}],"inLanguage":"en-GB"}]}},"_links":{"self":[{"href":"https:\/\/www.clinicapulgar.com\/en\/wp-json\/wp\/v2\/pages\/234","targetHints":{"allow":["GET"]}}],"collection":[{"href":"https:\/\/www.clinicapulgar.com\/en\/wp-json\/wp\/v2\/pages"}],"about":[{"href":"https:\/\/www.clinicapulgar.com\/en\/wp-json\/wp\/v2\/types\/page"}],"author":[{"embeddable":true,"href":"https:\/\/www.clinicapulgar.com\/en\/wp-json\/wp\/v2\/users\/2"}],"replies":[{"embeddable":true,"href":"https:\/\/www.clinicapulgar.com\/en\/wp-json\/wp\/v2\/comments?post=234"}],"version-history":[{"count":3,"href":"https:\/\/www.clinicapulgar.com\/en\/wp-json\/wp\/v2\/pages\/234\/revisions"}],"predecessor-version":[{"id":502,"href":"https:\/\/www.clinicapulgar.com\/en\/wp-json\/wp\/v2\/pages\/234\/revisions\/502"}],"up":[{"embeddable":true,"href":"https:\/\/www.clinicapulgar.com\/en\/wp-json\/wp\/v2\/pages\/95"}],"wp:featuredmedia":[{"embeddable":true,"href":"https:\/\/www.clinicapulgar.com\/en\/wp-json\/wp\/v2\/media\/500"}],"wp:attachment":[{"href":"https:\/\/www.clinicapulgar.com\/en\/wp-json\/wp\/v2\/media?parent=234"}],"curies":[{"name":"wp","href":"https:\/\/api.w.org\/{rel}","templated":true}]}}