{"id":210,"date":"2018-04-09T19:13:07","date_gmt":"2018-04-09T19:13:07","guid":{"rendered":"https:\/\/www.rosapulgar.com\/?page_id=210"},"modified":"2019-01-05T11:01:59","modified_gmt":"2019-01-05T11:01:59","slug":"implantes-capilares","status":"publish","type":"page","link":"https:\/\/www.clinicapulgar.com\/en\/medicina-estetica\/hombres\/capilar\/implantes-capilares\/","title":{"rendered":"Implantes capilares"},"content":{"rendered":"<!-- section -->\n<section   class=\"enh_section enh_image_bck\"  >\n\n\t\t\n\n\n\t\t    <div class=\"container intro_text_lc\">\n    \n    <!-- vertical text -->\n    <div class=\"enh_slider_copyright\"><\/div>\n\t\t\n    \n\t\t\n\n    <div class=\"fw-row\">\n\t\n\n\n\n\n\n<div class=\"fw-col-xs-12 fw-col-sm-4   enh_image_bck   enh_col\"  >\n\t\n\t\n  <!-- vertical text -->\n  <div class=\"enh_slider_copyright\"><\/div>\n    \n    \n    <div class=\"\">\t\n    \n\t\t<div class=\"text_block\">\n<div class=\"menusidebar\"><span class=\"titlesubmenu\">NUESTRAS ESPECIALIDADES<\/span><br \/><div class=\"menu-container\"><ul id=\"menu-medicina-estetica-hombres\" class=\"menu\"><li id=\"menu-item-852\" class=\"menu-item menu-item-type-custom menu-item-object-custom menu-item-852\"><a href=\"https:\/\/www.rosapulgar.com\/medicina-estetica\/dermocosmetica-medica\/\">Dermocosm\u00e9tica m\u00e9dica<\/a><\/li>\n<li id=\"menu-item-853\" class=\"menu-item menu-item-type-custom menu-item-object-custom menu-item-853\"><a href=\"https:\/\/www.rosapulgar.com\/medicina-estetica\/mesoterapia-facial\/\">Mesoterapia facial<\/a><\/li>\n<li id=\"menu-item-854\" class=\"menu-item menu-item-type-custom menu-item-object-custom menu-item-854\"><a href=\"https:\/\/www.rosapulgar.com\/medicina-estetica\/mesoterapia-facial-virtual\/\">Mesoterapia facial virtual<\/a><\/li>\n<li id=\"menu-item-855\" class=\"menu-item menu-item-type-custom menu-item-object-custom menu-item-855\"><a href=\"https:\/\/www.rosapulgar.com\/medicina-estetica\/facial\/piel-envejecida\/peelings\/\">Peelings<\/a><\/li>\n<li id=\"menu-item-856\" class=\"menu-item menu-item-type-custom menu-item-object-custom menu-item-856\"><a href=\"https:\/\/www.rosapulgar.com\/medicina-estetica\/hombres\/facial\/arrugas-de-expresion\/\">Neuromoduladores<\/a><\/li>\n<li id=\"menu-item-857\" class=\"menu-item menu-item-type-custom menu-item-object-custom menu-item-857\"><a href=\"https:\/\/www.rosapulgar.com\/medicina-estetica\/hombres\/facial\/rejuvenecimiento-facial-hombre\/\">Rellenos faciales. Bioplastias<\/a><\/li>\n<li id=\"menu-item-858\" class=\"menu-item menu-item-type-custom menu-item-object-custom menu-item-858\"><a href=\"https:\/\/www.rosapulgar.com\/medicina-estetica\/hilos\/\">Hilos tensores<\/a><\/li>\n<li id=\"menu-item-859\" class=\"menu-item menu-item-type-custom menu-item-object-custom menu-item-859\"><a href=\"https:\/\/www.rosapulgar.com\/medicina-estetica\/hombres\/facial\/rejuvenecimiento-facial-hombre\/\">Inductores del col\u00e1geno: Hidroxiapatita c\u00e1lcica<\/a><\/li>\n<li id=\"menu-item-860\" class=\"menu-item menu-item-type-custom menu-item-object-custom menu-item-860\"><a href=\"https:\/\/www.rosapulgar.com\/medicina-estetica\/hombres\/facial\/pequenas-lesiones-cutaneas-verrugas-hiperqueratosis\/\">Plexr<\/a><\/li>\n<li id=\"menu-item-861\" class=\"menu-item menu-item-type-custom menu-item-object-custom menu-item-861\"><a href=\"https:\/\/www.rosapulgar.com\/medicina-estetica\/hombres\/corporal\/exceso-de-grasa-localizada\/\">Criolipolisis<\/a><\/li>\n<\/ul><\/div><\/div><\/div><div class=\"text_block\">\n<div class=\"bannersidebar\"><h5> \u00bfNECESITA M\u00c1S INFORMACI\u00d3N?<\/h5><p><span> Contacta con nosotros y nuestro equipo de profesionales contactar\u00e1 lo antes posible con usted<\/span><br \/><a href=\"\/en\/contacto\/\"> CONTACTA CON NOSOTROS<\/a><\/div><\/div>    <\/div>\n    \n\t\n<\/div>\n\n\n\n\n\n\n<div class=\"fw-col-xs-12 fw-col-sm-8   enh_image_bck   enh_col\"  >\n\t\n\t\n  <!-- vertical text -->\n  <div class=\"enh_slider_copyright\"><\/div>\n    \n    \n    <div class=\"\">\t\n    \n\t\t<div class=\"text_block\">\n<p>Se realizan en casos de p\u00e9rdida de pelo. Es la forma de recuperar el pelo perdido. Consisten en trasplantar pelo desde zonas donantes a las zonas donde se ha perdido. Es un procedimiento quir\u00fargico.<\/p><p>Se pueden realizar tanto en hombres como en mujeres. Habitualmente, las zonas en las que se realiza son las entradas, coronilla y parte superior de la cabeza en general, aunque tambi\u00e9n se pueden realizar microinjertos en cejas, patillas o barba. <\/p><\/div><img decoding=\"async\" src=\"\/\/www.rosapulgar.com\/wp-content\/uploads\/2019\/01\/foto33-2.jpg\" alt=\"\/\/www.rosapulgar.com\/wp-content\/uploads\/2019\/01\/foto33-2.jpg\" width=\"600\" \/>    <\/div>\n    \n\t\n<\/div>\n<\/div>\n\n\n\n    <\/div>\n    <!-- container end -->\n<\/section>\n<!-- section end -->","protected":false},"excerpt":{"rendered":"<p>NUESTRAS ESPECIALIDADESDermocosm\u00e9tica m\u00e9dica Mesoterapia facial Mesoterapia facial virtual Peelings Neuromoduladores Rellenos faciales. Bioplastias Hilos tensores Inductores del col\u00e1geno: Hidroxiapatita c\u00e1lcica Plexr Criolipolisis \u00bfNECESITA M\u00c1S INFORMACI\u00d3N? Contacta&#8230;<br \/><a href=\"https:\/\/www.clinicapulgar.com\/en\/medicina-estetica\/hombres\/capilar\/implantes-capilares\/\" class=\"btn btn_more\">Leer m\u00e1s<\/a><\/p>","protected":false},"author":2,"featured_media":1097,"parent":205,"menu_order":0,"comment_status":"closed","ping_status":"closed","template":"template-one-page.php","meta":{"footnotes":""},"class_list":["post-210","page","type-page","status-publish","has-post-thumbnail","hentry"],"yoast_head":"<!-- This site is optimized with the Yoast SEO plugin v26.7 - https:\/\/yoast.com\/wordpress\/plugins\/seo\/ -->\n<title>Implantes capilares - Clinica Rosa Pulgar<\/title>\n<meta name=\"robots\" content=\"index, follow, max-snippet:-1, max-image-preview:large, max-video-preview:-1\" \/>\n<link rel=\"canonical\" href=\"https:\/\/www.clinicapulgar.com\/en\/medicina-estetica\/hombres\/capilar\/implantes-capilares\/\" \/>\n<meta property=\"og:locale\" content=\"en_GB\" \/>\n<meta property=\"og:type\" content=\"article\" \/>\n<meta property=\"og:title\" content=\"Implantes capilares - Clinica Rosa Pulgar\" \/>\n<meta property=\"og:description\" content=\"NUESTRAS ESPECIALIDADESDermocosm\u00e9tica m\u00e9dica Mesoterapia facial Mesoterapia facial virtual Peelings Neuromoduladores Rellenos faciales. Bioplastias Hilos tensores Inductores del col\u00e1geno: Hidroxiapatita c\u00e1lcica Plexr Criolipolisis \u00bfNECESITA M\u00c1S INFORMACI\u00d3N? Contacta...Leer m\u00e1s\" \/>\n<meta property=\"og:url\" content=\"https:\/\/www.clinicapulgar.com\/en\/medicina-estetica\/hombres\/capilar\/implantes-capilares\/\" \/>\n<meta property=\"og:site_name\" content=\"Clinica Rosa Pulgar\" \/>\n<meta property=\"article:modified_time\" content=\"2019-01-05T11:01:59+00:00\" \/>\n<meta property=\"og:image\" content=\"https:\/\/www.clinicapulgar.com\/wp-content\/uploads\/2019\/01\/foto33-2.jpg\" \/>\n\t<meta property=\"og:image:width\" content=\"1147\" \/>\n\t<meta property=\"og:image:height\" content=\"759\" \/>\n\t<meta property=\"og:image:type\" content=\"image\/jpeg\" \/>\n<meta name=\"twitter:card\" content=\"summary_large_image\" \/>\n<meta name=\"twitter:label1\" content=\"Estimated reading time\" \/>\n\t<meta name=\"twitter:data1\" content=\"1 minute\" \/>\n<script type=\"application\/ld+json\" class=\"yoast-schema-graph\">{\"@context\":\"https:\/\/schema.org\",\"@graph\":[{\"@type\":\"WebPage\",\"@id\":\"https:\/\/www.clinicapulgar.com\/medicina-estetica\/hombres\/capilar\/implantes-capilares\/\",\"url\":\"https:\/\/www.clinicapulgar.com\/medicina-estetica\/hombres\/capilar\/implantes-capilares\/\",\"name\":\"Implantes capilares - Clinica Rosa Pulgar\",\"isPartOf\":{\"@id\":\"https:\/\/www.clinicapulgar.com\/#website\"},\"primaryImageOfPage\":{\"@id\":\"https:\/\/www.clinicapulgar.com\/medicina-estetica\/hombres\/capilar\/implantes-capilares\/#primaryimage\"},\"image\":{\"@id\":\"https:\/\/www.clinicapulgar.com\/medicina-estetica\/hombres\/capilar\/implantes-capilares\/#primaryimage\"},\"thumbnailUrl\":\"https:\/\/www.clinicapulgar.com\/wp-content\/uploads\/2019\/01\/foto33-2.jpg\",\"datePublished\":\"2018-04-09T19:13:07+00:00\",\"dateModified\":\"2019-01-05T11:01:59+00:00\",\"breadcrumb\":{\"@id\":\"https:\/\/www.clinicapulgar.com\/medicina-estetica\/hombres\/capilar\/implantes-capilares\/#breadcrumb\"},\"inLanguage\":\"en-GB\",\"potentialAction\":[{\"@type\":\"ReadAction\",\"target\":[\"https:\/\/www.clinicapulgar.com\/medicina-estetica\/hombres\/capilar\/implantes-capilares\/\"]}]},{\"@type\":\"ImageObject\",\"inLanguage\":\"en-GB\",\"@id\":\"https:\/\/www.clinicapulgar.com\/medicina-estetica\/hombres\/capilar\/implantes-capilares\/#primaryimage\",\"url\":\"https:\/\/www.clinicapulgar.com\/wp-content\/uploads\/2019\/01\/foto33-2.jpg\",\"contentUrl\":\"https:\/\/www.clinicapulgar.com\/wp-content\/uploads\/2019\/01\/foto33-2.jpg\",\"width\":1147,\"height\":759},{\"@type\":\"BreadcrumbList\",\"@id\":\"https:\/\/www.clinicapulgar.com\/medicina-estetica\/hombres\/capilar\/implantes-capilares\/#breadcrumb\",\"itemListElement\":[{\"@type\":\"ListItem\",\"position\":1,\"name\":\"Home\",\"item\":\"https:\/\/www.clinicapulgar.com\/\"},{\"@type\":\"ListItem\",\"position\":2,\"name\":\"Medicina Est\u00e9tica\",\"item\":\"https:\/\/www.clinicapulgar.com\/medicina-estetica\/\"},{\"@type\":\"ListItem\",\"position\":3,\"name\":\"Hombres\",\"item\":\"https:\/\/www.clinicapulgar.com\/medicina-estetica\/hombres\/\"},{\"@type\":\"ListItem\",\"position\":4,\"name\":\"Capilar\",\"item\":\"https:\/\/www.clinicapulgar.com\/en\/medicina-estetica\/hombres\/capilar\/\"},{\"@type\":\"ListItem\",\"position\":5,\"name\":\"Implantes capilares\"}]},{\"@type\":\"WebSite\",\"@id\":\"https:\/\/www.clinicapulgar.com\/#website\",\"url\":\"https:\/\/www.clinicapulgar.com\/\",\"name\":\"Clinica Rosa Pulgar\",\"description\":\"Cl\u00ednica dental Rosa Pulgar - est\u00e9tica dental\",\"potentialAction\":[{\"@type\":\"SearchAction\",\"target\":{\"@type\":\"EntryPoint\",\"urlTemplate\":\"https:\/\/www.clinicapulgar.com\/?s={search_term_string}\"},\"query-input\":{\"@type\":\"PropertyValueSpecification\",\"valueRequired\":true,\"valueName\":\"search_term_string\"}}],\"inLanguage\":\"en-GB\"}]}<\/script>\n<!-- \/ Yoast SEO plugin. -->","yoast_head_json":{"title":"Implantes capilares - Clinica Rosa Pulgar","robots":{"index":"index","follow":"follow","max-snippet":"max-snippet:-1","max-image-preview":"max-image-preview:large","max-video-preview":"max-video-preview:-1"},"canonical":"https:\/\/www.clinicapulgar.com\/en\/medicina-estetica\/hombres\/capilar\/implantes-capilares\/","og_locale":"en_GB","og_type":"article","og_title":"Implantes capilares - Clinica Rosa Pulgar","og_description":"NUESTRAS ESPECIALIDADESDermocosm\u00e9tica m\u00e9dica Mesoterapia facial Mesoterapia facial virtual Peelings Neuromoduladores Rellenos faciales. Bioplastias Hilos tensores Inductores del col\u00e1geno: Hidroxiapatita c\u00e1lcica Plexr Criolipolisis \u00bfNECESITA M\u00c1S INFORMACI\u00d3N? Contacta...Leer m\u00e1s","og_url":"https:\/\/www.clinicapulgar.com\/en\/medicina-estetica\/hombres\/capilar\/implantes-capilares\/","og_site_name":"Clinica Rosa Pulgar","article_modified_time":"2019-01-05T11:01:59+00:00","og_image":[{"width":1147,"height":759,"url":"https:\/\/www.clinicapulgar.com\/wp-content\/uploads\/2019\/01\/foto33-2.jpg","type":"image\/jpeg"}],"twitter_card":"summary_large_image","twitter_misc":{"Estimated reading time":"1 minute"},"schema":{"@context":"https:\/\/schema.org","@graph":[{"@type":"WebPage","@id":"https:\/\/www.clinicapulgar.com\/medicina-estetica\/hombres\/capilar\/implantes-capilares\/","url":"https:\/\/www.clinicapulgar.com\/medicina-estetica\/hombres\/capilar\/implantes-capilares\/","name":"Implantes capilares - Clinica Rosa Pulgar","isPartOf":{"@id":"https:\/\/www.clinicapulgar.com\/#website"},"primaryImageOfPage":{"@id":"https:\/\/www.clinicapulgar.com\/medicina-estetica\/hombres\/capilar\/implantes-capilares\/#primaryimage"},"image":{"@id":"https:\/\/www.clinicapulgar.com\/medicina-estetica\/hombres\/capilar\/implantes-capilares\/#primaryimage"},"thumbnailUrl":"https:\/\/www.clinicapulgar.com\/wp-content\/uploads\/2019\/01\/foto33-2.jpg","datePublished":"2018-04-09T19:13:07+00:00","dateModified":"2019-01-05T11:01:59+00:00","breadcrumb":{"@id":"https:\/\/www.clinicapulgar.com\/medicina-estetica\/hombres\/capilar\/implantes-capilares\/#breadcrumb"},"inLanguage":"en-GB","potentialAction":[{"@type":"ReadAction","target":["https:\/\/www.clinicapulgar.com\/medicina-estetica\/hombres\/capilar\/implantes-capilares\/"]}]},{"@type":"ImageObject","inLanguage":"en-GB","@id":"https:\/\/www.clinicapulgar.com\/medicina-estetica\/hombres\/capilar\/implantes-capilares\/#primaryimage","url":"https:\/\/www.clinicapulgar.com\/wp-content\/uploads\/2019\/01\/foto33-2.jpg","contentUrl":"https:\/\/www.clinicapulgar.com\/wp-content\/uploads\/2019\/01\/foto33-2.jpg","width":1147,"height":759},{"@type":"BreadcrumbList","@id":"https:\/\/www.clinicapulgar.com\/medicina-estetica\/hombres\/capilar\/implantes-capilares\/#breadcrumb","itemListElement":[{"@type":"ListItem","position":1,"name":"Home","item":"https:\/\/www.clinicapulgar.com\/"},{"@type":"ListItem","position":2,"name":"Medicina Est\u00e9tica","item":"https:\/\/www.clinicapulgar.com\/medicina-estetica\/"},{"@type":"ListItem","position":3,"name":"Hombres","item":"https:\/\/www.clinicapulgar.com\/medicina-estetica\/hombres\/"},{"@type":"ListItem","position":4,"name":"Capilar","item":"https:\/\/www.clinicapulgar.com\/en\/medicina-estetica\/hombres\/capilar\/"},{"@type":"ListItem","position":5,"name":"Implantes capilares"}]},{"@type":"WebSite","@id":"https:\/\/www.clinicapulgar.com\/#website","url":"https:\/\/www.clinicapulgar.com\/","name":"Clinica Rosa Pulgar","description":"Cl\u00ednica dental Rosa Pulgar - est\u00e9tica dental","potentialAction":[{"@type":"SearchAction","target":{"@type":"EntryPoint","urlTemplate":"https:\/\/www.clinicapulgar.com\/?s={search_term_string}"},"query-input":{"@type":"PropertyValueSpecification","valueRequired":true,"valueName":"search_term_string"}}],"inLanguage":"en-GB"}]}},"_links":{"self":[{"href":"https:\/\/www.clinicapulgar.com\/en\/wp-json\/wp\/v2\/pages\/210","targetHints":{"allow":["GET"]}}],"collection":[{"href":"https:\/\/www.clinicapulgar.com\/en\/wp-json\/wp\/v2\/pages"}],"about":[{"href":"https:\/\/www.clinicapulgar.com\/en\/wp-json\/wp\/v2\/types\/page"}],"author":[{"embeddable":true,"href":"https:\/\/www.clinicapulgar.com\/en\/wp-json\/wp\/v2\/users\/2"}],"replies":[{"embeddable":true,"href":"https:\/\/www.clinicapulgar.com\/en\/wp-json\/wp\/v2\/comments?post=210"}],"version-history":[{"count":6,"href":"https:\/\/www.clinicapulgar.com\/en\/wp-json\/wp\/v2\/pages\/210\/revisions"}],"predecessor-version":[{"id":1098,"href":"https:\/\/www.clinicapulgar.com\/en\/wp-json\/wp\/v2\/pages\/210\/revisions\/1098"}],"up":[{"embeddable":true,"href":"https:\/\/www.clinicapulgar.com\/en\/wp-json\/wp\/v2\/pages\/205"}],"wp:featuredmedia":[{"embeddable":true,"href":"https:\/\/www.clinicapulgar.com\/en\/wp-json\/wp\/v2\/media\/1097"}],"wp:attachment":[{"href":"https:\/\/www.clinicapulgar.com\/en\/wp-json\/wp\/v2\/media?parent=210"}],"curies":[{"name":"wp","href":"https:\/\/api.w.org\/{rel}","templated":true}]}}