{"id":205,"date":"2018-04-09T19:12:42","date_gmt":"2018-04-09T19:12:42","guid":{"rendered":"https:\/\/www.rosapulgar.com\/?page_id=205"},"modified":"2024-04-15T08:49:14","modified_gmt":"2024-04-15T08:49:14","slug":"capilar","status":"publish","type":"page","link":"https:\/\/www.clinicapulgar.com\/en\/medicina-estetica\/hombres\/capilar\/","title":{"rendered":"Capilar"},"content":{"rendered":"<!-- section -->\n<section   class=\"enh_section enh_image_bck\"  >\n\n\t\t\n\n\n\t\t    <div class=\"container intro_text_lc\">\n    \n    <!-- vertical text -->\n    <div class=\"enh_slider_copyright\"><\/div>\n\t\t\n    \n\t\t\n\n    <div class=\"fw-row\">\n\t\n\n\n\n\n\n<div class=\"fw-col-xs-12 fw-col-sm-4   enh_image_bck   enh_col\"  >\n\t\n\t\n  <!-- vertical text -->\n  <div class=\"enh_slider_copyright\"><\/div>\n    \n    \n    <div class=\"\">\t\n    \n\t\t<div class=\"text_block\">\n<div class=\"menusidebar\"><span class=\"titlesubmenu\">NUESTRAS ESPECIALIDADES<\/span><br \/><div class=\"menu-container\"><ul id=\"menu-medicina-estetica-hombres\" class=\"menu\"><li id=\"menu-item-852\" class=\"menu-item menu-item-type-custom menu-item-object-custom menu-item-852\"><a href=\"https:\/\/www.rosapulgar.com\/medicina-estetica\/dermocosmetica-medica\/\">Dermocosm\u00e9tica m\u00e9dica<\/a><\/li>\n<li id=\"menu-item-853\" class=\"menu-item menu-item-type-custom menu-item-object-custom menu-item-853\"><a href=\"https:\/\/www.rosapulgar.com\/medicina-estetica\/mesoterapia-facial\/\">Mesoterapia facial<\/a><\/li>\n<li id=\"menu-item-854\" class=\"menu-item menu-item-type-custom menu-item-object-custom menu-item-854\"><a href=\"https:\/\/www.rosapulgar.com\/medicina-estetica\/mesoterapia-facial-virtual\/\">Mesoterapia facial virtual<\/a><\/li>\n<li id=\"menu-item-855\" class=\"menu-item menu-item-type-custom menu-item-object-custom menu-item-855\"><a href=\"https:\/\/www.rosapulgar.com\/medicina-estetica\/facial\/piel-envejecida\/peelings\/\">Peelings<\/a><\/li>\n<li id=\"menu-item-856\" class=\"menu-item menu-item-type-custom menu-item-object-custom menu-item-856\"><a href=\"https:\/\/www.rosapulgar.com\/medicina-estetica\/hombres\/facial\/arrugas-de-expresion\/\">Neuromoduladores<\/a><\/li>\n<li id=\"menu-item-857\" class=\"menu-item menu-item-type-custom menu-item-object-custom menu-item-857\"><a href=\"https:\/\/www.rosapulgar.com\/medicina-estetica\/hombres\/facial\/rejuvenecimiento-facial-hombre\/\">Rellenos faciales. Bioplastias<\/a><\/li>\n<li id=\"menu-item-858\" class=\"menu-item menu-item-type-custom menu-item-object-custom menu-item-858\"><a href=\"https:\/\/www.rosapulgar.com\/medicina-estetica\/hilos\/\">Hilos tensores<\/a><\/li>\n<li id=\"menu-item-859\" class=\"menu-item menu-item-type-custom menu-item-object-custom menu-item-859\"><a href=\"https:\/\/www.rosapulgar.com\/medicina-estetica\/hombres\/facial\/rejuvenecimiento-facial-hombre\/\">Inductores del col\u00e1geno: Hidroxiapatita c\u00e1lcica<\/a><\/li>\n<li id=\"menu-item-860\" class=\"menu-item menu-item-type-custom menu-item-object-custom menu-item-860\"><a href=\"https:\/\/www.rosapulgar.com\/medicina-estetica\/hombres\/facial\/pequenas-lesiones-cutaneas-verrugas-hiperqueratosis\/\">Plexr<\/a><\/li>\n<li id=\"menu-item-861\" class=\"menu-item menu-item-type-custom menu-item-object-custom menu-item-861\"><a href=\"https:\/\/www.rosapulgar.com\/medicina-estetica\/hombres\/corporal\/exceso-de-grasa-localizada\/\">Criolipolisis<\/a><\/li>\n<\/ul><\/div><\/div><\/div><div class=\"text_block\">\n<div class=\"bannersidebar\"><h5> \u00bfNECESITA M\u00c1S INFORMACI\u00d3N?<\/h5><p><span> Contacta con nosotros y nuestro equipo de profesionales contactar\u00e1 lo antes posible con usted<\/span><br \/><a href=\"\/en\/contacto\/\"> CONTACTA CON NOSOTROS<\/a><\/div><\/div>    <\/div>\n    \n\t\n<\/div>\n\n\n\n\n\n\n<div class=\"fw-col-xs-12 fw-col-sm-8   enh_image_bck   enh_col\"  >\n\t\n\t\n  <!-- vertical text -->\n  <div class=\"enh_slider_copyright\"><\/div>\n    \n    \n    <div class=\"\">\t\n    \n\t\t<div class=\"text_block\">\n<p><strong class=\"slogan\">\u201cSin duda, uno de los problemas que mas preocupan a los hombres es la p\u00e9rdida de pelo\"<\/strong><\/p><p>La alopecia androgen\u00e9tica est\u00e1 relacionada con factores hormonales y se desarrolla en hombres con predisposici\u00f3n gen\u00e9tica a padecerla. Produce una progresiva reducci\u00f3n y debilitamiento del pelo que termina con la desaparici\u00f3n del fol\u00edculo piloso. Afecta a un gran n\u00famero de hombres aunque con intensidad variable.<\/p><p>La alopecia androgen\u00e9tica puede afectar tanto a hombres (perdida de pelo a nivel frontal, en la coronilla\u2026) como a mujeres (patr\u00f3n difuso). Adem\u00e1s de los tratamientos convencionales con minoxidilo, finasteride etc, es posible realizar:<\/p><\/div><div class=\"text_block\">\n<ul><\/li><li>Capilar<ul><li><a href=\"https:\/\/www.rosapulgar.com\/medicina-estetica\/hombres\/corporal\/hair-filler\/\">Hair Filler<\/a><\/li><li><a href=\"https:\/\/www.rosapulgar.com\/medicina-estetica\/hombres\/capilar\/implantes-capilares\/\">Implantes Capilares<\/a><\/li><li><a href=\"https:\/\/www.rosapulgar.com\/medicina-estetica\/hombres\/corporal\/mesoterapia-convencional\/\">Mesoterapia Convencional<\/a><\/li><\/ul><\/li><\/ul><\/div><img decoding=\"async\" src=\"\/\/www.rosapulgar.com\/wp-content\/uploads\/2018\/04\/foto51.jpg\" alt=\"\/\/www.rosapulgar.com\/wp-content\/uploads\/2018\/04\/foto51.jpg\" width=\"600\" \/>    <\/div>\n    \n\t\n<\/div>\n<\/div>\n\n\n\n    <\/div>\n    <!-- container end -->\n<\/section>\n<!-- section end -->","protected":false},"excerpt":{"rendered":"<p>NUESTRAS ESPECIALIDADESDermocosm\u00e9tica m\u00e9dica Mesoterapia facial Mesoterapia facial virtual Peelings Neuromoduladores Rellenos faciales. Bioplastias Hilos tensores Inductores del col\u00e1geno: Hidroxiapatita c\u00e1lcica Plexr Criolipolisis \u00bfNECESITA M\u00c1S INFORMACI\u00d3N? Contacta&#8230;<br \/><a href=\"https:\/\/www.clinicapulgar.com\/en\/medicina-estetica\/hombres\/capilar\/\" class=\"btn btn_more\">Leer m\u00e1s<\/a><\/p>","protected":false},"author":2,"featured_media":0,"parent":189,"menu_order":0,"comment_status":"closed","ping_status":"closed","template":"template-one-page.php","meta":{"footnotes":""},"class_list":["post-205","page","type-page","status-publish","hentry"],"yoast_head":"<!-- This site is optimized with the Yoast SEO plugin v26.7 - https:\/\/yoast.com\/wordpress\/plugins\/seo\/ -->\n<title>Capilar - Clinica Rosa Pulgar<\/title>\n<meta name=\"robots\" content=\"index, follow, max-snippet:-1, max-image-preview:large, max-video-preview:-1\" \/>\n<link rel=\"canonical\" href=\"https:\/\/www.clinicapulgar.com\/en\/medicina-estetica\/hombres\/capilar\/\" \/>\n<meta property=\"og:locale\" content=\"en_GB\" \/>\n<meta property=\"og:type\" content=\"article\" \/>\n<meta property=\"og:title\" content=\"Capilar - Clinica Rosa Pulgar\" \/>\n<meta property=\"og:description\" content=\"NUESTRAS ESPECIALIDADESDermocosm\u00e9tica m\u00e9dica Mesoterapia facial Mesoterapia facial virtual Peelings Neuromoduladores Rellenos faciales. Bioplastias Hilos tensores Inductores del col\u00e1geno: Hidroxiapatita c\u00e1lcica Plexr Criolipolisis \u00bfNECESITA M\u00c1S INFORMACI\u00d3N? Contacta...Leer m\u00e1s\" \/>\n<meta property=\"og:url\" content=\"https:\/\/www.clinicapulgar.com\/en\/medicina-estetica\/hombres\/capilar\/\" \/>\n<meta property=\"og:site_name\" content=\"Clinica Rosa Pulgar\" \/>\n<meta property=\"article:modified_time\" content=\"2024-04-15T08:49:14+00:00\" \/>\n<meta name=\"twitter:card\" content=\"summary_large_image\" \/>\n<meta name=\"twitter:label1\" content=\"Estimated reading time\" \/>\n\t<meta name=\"twitter:data1\" content=\"1 minute\" \/>\n<script type=\"application\/ld+json\" class=\"yoast-schema-graph\">{\"@context\":\"https:\/\/schema.org\",\"@graph\":[{\"@type\":\"WebPage\",\"@id\":\"https:\/\/www.clinicapulgar.com\/en\/medicina-estetica\/hombres\/capilar\/\",\"url\":\"https:\/\/www.clinicapulgar.com\/en\/medicina-estetica\/hombres\/capilar\/\",\"name\":\"Capilar - Clinica Rosa Pulgar\",\"isPartOf\":{\"@id\":\"https:\/\/www.clinicapulgar.com\/#website\"},\"datePublished\":\"2018-04-09T19:12:42+00:00\",\"dateModified\":\"2024-04-15T08:49:14+00:00\",\"breadcrumb\":{\"@id\":\"https:\/\/www.clinicapulgar.com\/en\/medicina-estetica\/hombres\/capilar\/#breadcrumb\"},\"inLanguage\":\"en-GB\",\"potentialAction\":[{\"@type\":\"ReadAction\",\"target\":[\"https:\/\/www.clinicapulgar.com\/en\/medicina-estetica\/hombres\/capilar\/\"]}]},{\"@type\":\"BreadcrumbList\",\"@id\":\"https:\/\/www.clinicapulgar.com\/en\/medicina-estetica\/hombres\/capilar\/#breadcrumb\",\"itemListElement\":[{\"@type\":\"ListItem\",\"position\":1,\"name\":\"Home\",\"item\":\"https:\/\/www.clinicapulgar.com\/\"},{\"@type\":\"ListItem\",\"position\":2,\"name\":\"Medicina Est\u00e9tica\",\"item\":\"https:\/\/www.clinicapulgar.com\/medicina-estetica\/\"},{\"@type\":\"ListItem\",\"position\":3,\"name\":\"Hombres\",\"item\":\"https:\/\/www.clinicapulgar.com\/medicina-estetica\/hombres\/\"},{\"@type\":\"ListItem\",\"position\":4,\"name\":\"Capilar\"}]},{\"@type\":\"WebSite\",\"@id\":\"https:\/\/www.clinicapulgar.com\/#website\",\"url\":\"https:\/\/www.clinicapulgar.com\/\",\"name\":\"Clinica Rosa Pulgar\",\"description\":\"Cl\u00ednica dental Rosa Pulgar - est\u00e9tica dental\",\"potentialAction\":[{\"@type\":\"SearchAction\",\"target\":{\"@type\":\"EntryPoint\",\"urlTemplate\":\"https:\/\/www.clinicapulgar.com\/?s={search_term_string}\"},\"query-input\":{\"@type\":\"PropertyValueSpecification\",\"valueRequired\":true,\"valueName\":\"search_term_string\"}}],\"inLanguage\":\"en-GB\"}]}<\/script>\n<!-- \/ Yoast SEO plugin. -->","yoast_head_json":{"title":"Capilar - Clinica Rosa Pulgar","robots":{"index":"index","follow":"follow","max-snippet":"max-snippet:-1","max-image-preview":"max-image-preview:large","max-video-preview":"max-video-preview:-1"},"canonical":"https:\/\/www.clinicapulgar.com\/en\/medicina-estetica\/hombres\/capilar\/","og_locale":"en_GB","og_type":"article","og_title":"Capilar - Clinica Rosa Pulgar","og_description":"NUESTRAS ESPECIALIDADESDermocosm\u00e9tica m\u00e9dica Mesoterapia facial Mesoterapia facial virtual Peelings Neuromoduladores Rellenos faciales. Bioplastias Hilos tensores Inductores del col\u00e1geno: Hidroxiapatita c\u00e1lcica Plexr Criolipolisis \u00bfNECESITA M\u00c1S INFORMACI\u00d3N? Contacta...Leer m\u00e1s","og_url":"https:\/\/www.clinicapulgar.com\/en\/medicina-estetica\/hombres\/capilar\/","og_site_name":"Clinica Rosa Pulgar","article_modified_time":"2024-04-15T08:49:14+00:00","twitter_card":"summary_large_image","twitter_misc":{"Estimated reading time":"1 minute"},"schema":{"@context":"https:\/\/schema.org","@graph":[{"@type":"WebPage","@id":"https:\/\/www.clinicapulgar.com\/en\/medicina-estetica\/hombres\/capilar\/","url":"https:\/\/www.clinicapulgar.com\/en\/medicina-estetica\/hombres\/capilar\/","name":"Capilar - Clinica Rosa Pulgar","isPartOf":{"@id":"https:\/\/www.clinicapulgar.com\/#website"},"datePublished":"2018-04-09T19:12:42+00:00","dateModified":"2024-04-15T08:49:14+00:00","breadcrumb":{"@id":"https:\/\/www.clinicapulgar.com\/en\/medicina-estetica\/hombres\/capilar\/#breadcrumb"},"inLanguage":"en-GB","potentialAction":[{"@type":"ReadAction","target":["https:\/\/www.clinicapulgar.com\/en\/medicina-estetica\/hombres\/capilar\/"]}]},{"@type":"BreadcrumbList","@id":"https:\/\/www.clinicapulgar.com\/en\/medicina-estetica\/hombres\/capilar\/#breadcrumb","itemListElement":[{"@type":"ListItem","position":1,"name":"Home","item":"https:\/\/www.clinicapulgar.com\/"},{"@type":"ListItem","position":2,"name":"Medicina Est\u00e9tica","item":"https:\/\/www.clinicapulgar.com\/medicina-estetica\/"},{"@type":"ListItem","position":3,"name":"Hombres","item":"https:\/\/www.clinicapulgar.com\/medicina-estetica\/hombres\/"},{"@type":"ListItem","position":4,"name":"Capilar"}]},{"@type":"WebSite","@id":"https:\/\/www.clinicapulgar.com\/#website","url":"https:\/\/www.clinicapulgar.com\/","name":"Clinica Rosa Pulgar","description":"Cl\u00ednica dental Rosa Pulgar - est\u00e9tica dental","potentialAction":[{"@type":"SearchAction","target":{"@type":"EntryPoint","urlTemplate":"https:\/\/www.clinicapulgar.com\/?s={search_term_string}"},"query-input":{"@type":"PropertyValueSpecification","valueRequired":true,"valueName":"search_term_string"}}],"inLanguage":"en-GB"}]}},"_links":{"self":[{"href":"https:\/\/www.clinicapulgar.com\/en\/wp-json\/wp\/v2\/pages\/205","targetHints":{"allow":["GET"]}}],"collection":[{"href":"https:\/\/www.clinicapulgar.com\/en\/wp-json\/wp\/v2\/pages"}],"about":[{"href":"https:\/\/www.clinicapulgar.com\/en\/wp-json\/wp\/v2\/types\/page"}],"author":[{"embeddable":true,"href":"https:\/\/www.clinicapulgar.com\/en\/wp-json\/wp\/v2\/users\/2"}],"replies":[{"embeddable":true,"href":"https:\/\/www.clinicapulgar.com\/en\/wp-json\/wp\/v2\/comments?post=205"}],"version-history":[{"count":5,"href":"https:\/\/www.clinicapulgar.com\/en\/wp-json\/wp\/v2\/pages\/205\/revisions"}],"predecessor-version":[{"id":1169,"href":"https:\/\/www.clinicapulgar.com\/en\/wp-json\/wp\/v2\/pages\/205\/revisions\/1169"}],"up":[{"embeddable":true,"href":"https:\/\/www.clinicapulgar.com\/en\/wp-json\/wp\/v2\/pages\/189"}],"wp:attachment":[{"href":"https:\/\/www.clinicapulgar.com\/en\/wp-json\/wp\/v2\/media?parent=205"}],"curies":[{"name":"wp","href":"https:\/\/api.w.org\/{rel}","templated":true}]}}