{"id":2,"date":"2016-05-10T03:48:21","date_gmt":"2016-05-10T03:48:21","guid":{"rendered":"https:\/\/www.rosapulgar.com\/?page_id=2"},"modified":"2025-11-24T15:20:51","modified_gmt":"2025-11-24T15:20:51","slug":"home","status":"publish","type":"page","link":"https:\/\/www.clinicapulgar.com\/en\/","title":{"rendered":"Inicio"},"content":{"rendered":"<div data-elementor-type=\"wp-page\" data-elementor-id=\"2\" class=\"elementor elementor-2\">\n\t\t\t\t<div class=\"elementor-element elementor-element-6d06ccfe e-con-full e-flex wpr-particle-no wpr-jarallax-no wpr-parallax-no wpr-sticky-section-no e-con e-parent\" data-id=\"6d06ccfe\" data-element_type=\"container\">\n\t\t\t\t<div class=\"elementor-element elementor-element-75da0395 elementor-widget elementor-widget-text-editor\" data-id=\"75da0395\" data-element_type=\"widget\" data-widget_type=\"text-editor.default\">\n\t\t\t\t<div class=\"elementor-widget-container\">\n\t\t\t\t\t\t\t\t\t<section class=\"enh_section enh_image_bck\">\n<div class=\"container intro_text_lc\">\n\n<!-- vertical text -->\n<div class=\"enh_slider_copyright\"><\/div>\n<div class=\"fw-row\">\n<div class=\"fw-col-xs-12 enh_image_bck enh_col\">\n\n<!-- vertical text -->\n<div class=\"enh_slider_copyright\"><\/div>\n<div>\n<div class=\"fw-heading fw-heading-h3 fw-heading-center\">\n<h3 class=\"fw-special-title\">Nuestra filosof\u00eda<\/h3>\n<div class=\"fw-special-subtitle\">Somos Diferentes<\/div>\n<\/div>\n<\/div>\n<\/div>\n<\/div>\n<div class=\"fw-row\">\n<div class=\"fw-col-xs-12 fw-col-sm-3 enh_image_bck enh_col\"><!-- vertical text -->\n<div class=\"enh_slider_copyright\"><\/div>\n<div>\n<div class=\"text_block\">\n<div class=\"filindex\">\n<h4><a href=\"\/en\/nuestra-filosofia\/#trat1\">1.Terap\u00e9utica de m\u00ednima intervenci\u00f3n<\/a><\/h4>\nBasada en la prevenci\u00f3n. M\u00e1xima conservaci\u00f3n del tejido dental.\n\u00bfPor qu\u00e9 poner implante si se puede conservar el diente?\nTu belleza comienza en tu piel. \u00a1Cu\u00eddala!\n\n<\/div>\n<\/div>\n<\/div>\n<\/div>\n<div class=\"fw-col-xs-12 fw-col-sm-3 enh_image_bck enh_col\"><!-- vertical text -->\n<div class=\"enh_slider_copyright\"><\/div>\n<div>\n<div class=\"text_block\">\n<div class=\"filindex\">\n<h4><a href=\"\/en\/nuestra-filosofia\/#trat2\">2.TRATAMIENTO INDIVIDUALIZADO<\/a><\/h4>\nCada paciente es \u00fanico. Su plan de tratamiento tambi\u00e9n lo es,\nevaluando todas las variables: salud, est\u00e9tica, funci\u00f3n, econom\u00eda\u2026\n\n<\/div>\n<\/div>\n<\/div>\n<\/div>\n<div class=\"fw-col-xs-12 fw-col-sm-3 enh_image_bck enh_col\"><!-- vertical text -->\n<div class=\"enh_slider_copyright\"><\/div>\n<div>\n<div class=\"text_block\">\n<div class=\"filindex\">\n<h4><a href=\"\/en\/nuestra-filosofia\/#trat3\">3.La naturalidad como objetivo<\/a><\/h4>\nNo queremos cambiarte, queremos mejorar tu rostro, tu sonrisa,\nmanteniendo la personalidad de tus rasgos.\n\n<\/div>\n<\/div>\n<\/div>\n<\/div>\n<div class=\"fw-col-xs-12 fw-col-sm-3 enh_image_bck enh_col\"><!-- vertical text -->\n<div class=\"enh_slider_copyright\"><\/div>\n<div>\n<div class=\"text_block\">\n<div class=\"filindex\">\n<h4><a href=\"\/en\/nuestra-filosofia\/#trat4\">4. FILOSOF\u00cdA SLOW<\/a><\/h4>\nCreemos en lo \u201cslow\u201d, en lo realizado con paciencia y minuciosidad;\nen lo bien hecho; en la falta de prisas, en disfrutar con lo que se hace.\n\n<\/div>\n<\/div>\n<\/div>\n<\/div>\n<\/div>\n<\/div>\n<!-- container end -->\n\n<\/section><!-- section end -->\n\n<!-- section -->\n\n<section id=\"especindex\" class=\"enh_section enh_image_bck\" style=\"background-color: #e4e2da; background-image: url('https:\/\/www.rosapulgar.com\/wp-content\/uploads\/2018\/04\/fondo-especialidades-1400x451.jpg');\">\n<div class=\"container-fluid text-center\"><!-- vertical text -->\n<div class=\"enh_slider_copyright\"><\/div>\n<div class=\"fw-row\">\n<div class=\"fw-col-xs-12 enh_image_bck enh_col\">\n\n<!-- vertical text -->\n<div class=\"enh_slider_copyright\"><\/div>\n<div>\n<div class=\"fw-heading fw-heading-h3 fw-heading-center\">\n<h3 class=\"fw-special-title\">Te ofrecemos lo mejor<\/h3>\n<div class=\"fw-special-subtitle\">Nuestras especialidades<\/div>\n<\/div>\n<\/div>\n<\/div>\n<\/div>\n<div class=\"fw-row\">\n<div class=\"fw-col-xs-12 fw-col-sm-2 enh_image_bck enh_col\"><!-- vertical text -->\n<div class=\"enh_slider_copyright\"><\/div>\n<div><\/div>\n<\/div>\n<div class=\"fw-col-xs-12 fw-col-sm-4 enh_push_none enh_image_bck enh_col\"><!-- vertical text -->\n<div class=\"enh_slider_copyright\"><\/div>\n<div>\n<div class=\"text_block\">\n<h3><a href=\"\/en\/estetica-dental\/\">ODONTOLOG\u00cdA EST\u00c9TICA<\/a><\/h3>\n<div class=\"especindex\">\n<ul>\n \t<li><a href=\"https:\/\/www.rosapulgar.com\/estetica-dental\/digital-smile-design\/\">\nDigital Smile Design DSD\n<\/a><\/li>\n \t<li><a href=\"https:\/\/www.rosapulgar.com\/estetica-dental\/blanqueamiento-dental\/\">\nBlanqueamiento dental\n<\/a><\/li>\n \t<li><a href=\"https:\/\/www.rosapulgar.com\/estetica-dental\/tratamiento-dientes-desgastados\/\">\nTratamiento dientes desgastados\n<\/a><\/li>\n \t<li><a href=\"https:\/\/www.rosapulgar.com\/carillas-ceramicas\/\">\nCarillas cer\u00e1micas\n<\/a><\/li>\n<\/ul>\n<\/div>\n<\/div>\n<\/div>\n<\/div>\n<div class=\"fw-col-xs-12 fw-col-sm-4 enh_push_none enh_image_bck enh_col\"><!-- vertical text -->\n<div class=\"enh_slider_copyright\"><\/div>\n<div>\n<div class=\"text_block\">\n<h3><a href=\"\/en\/medicina-estetica\/\">MEDICINA EST\u00c9TICA<\/a><\/h3>\n<div class=\"especindex\">\n<ul>\n \t<li><a href=\"https:\/\/www.rosapulgar.com\/medicina-estetica\/facial\/remodelado-aumento-de-labios-rejuvenecimiento-labial\/\">\nRemodelado labial\n<\/a><\/li>\n \t<li><a href=\"\/en\/medicina-estetica\/facial\/arrugas\/neuromodulador\/\">\nNeuromodulador en arrugas de expresi\u00f3n\n<\/a><\/li>\n \t<li><a href=\"\/en\/medicina-estetica\/facial\/rejuvenecimiento-facial-integral\/\">\nRejuvenecimiento facial integral\n<\/a><\/li>\n \t<li><a href=\"https:\/\/www.rosapulgar.com\/medicina-estetica\/corporal\/grasa-localizada\/criolipolisis\/\">\nCriolipolisis: Eliminaci\u00f3n de Grasa\n<\/a><\/li>\n<\/ul>\n<\/div>\n<\/div>\n<\/div>\n<\/div>\n<div class=\"fw-col-xs-12 fw-col-sm-2 enh_image_bck enh_col\"><!-- vertical text -->\n<div class=\"enh_slider_copyright\"><\/div>\n<div><\/div>\n<\/div>\n<\/div>\n<div class=\"fw-row\">\n<div class=\"fw-col-xs-12 enh_image_bck enh_col\"><!-- vertical text -->\n<div class=\"enh_slider_copyright\"><\/div>\n<div><\/div>\n<\/div>\n<\/div>\n<\/div>\n<!-- container end -->\n\n<\/section><!-- section end -->\n\n<!-- section -->\n\n<section id=\"videoindex\" class=\"enh_section enh_image_bck\">\n<div class=\"container-fluid text-center\">\n\n<!-- vertical text -->\n<div class=\"enh_slider_copyright\"><\/div>\n<div class=\"fw-row\">\n<div class=\"fw-col-xs-12 enh_image_bck enh_col\">\n\n<!-- vertical text -->\n<div class=\"enh_slider_copyright\"><\/div>\n<div>\n<div class=\"fw-heading fw-heading-h3 fw-heading-center\">\n<h3 class=\"fw-special-title\">una calidad \u00fanica<\/h3>\n<div class=\"fw-special-subtitle\">Nuestras instalaciones<\/div>\n<\/div>\n<\/div>\n<\/div>\n<\/div>\n<\/div>\n<\/section><!-- section end -->\t\t\t\t\t\t\t\t<\/div>\n\t\t\t\t<\/div>\n\t\t\t\t<\/div>\n\t\t<div class=\"elementor-element elementor-element-da0a730 e-flex e-con-boxed wpr-particle-no wpr-jarallax-no wpr-parallax-no wpr-sticky-section-no e-con e-parent\" data-id=\"da0a730\" data-element_type=\"container\">\n\t\t\t\t\t<div class=\"e-con-inner\">\n\t\t\t\t<div class=\"elementor-element elementor-element-3cbd8fa elementor-widget__width-initial bdt-ps-blur-effect--yes elementor-widget elementor-widget-prime-slider-dragon\" data-id=\"3cbd8fa\" data-element_type=\"widget\" data-widget_type=\"prime-slider-dragon.default\">\n\t\t\t\t<div class=\"elementor-widget-container\">\n\t\t\t\t\t\t\t<div class=\"bdt-prime-slider\">\n\t\t\t<div class=\"bdt-prime-slider-dragon\">\n\t\t\t\t<div class=\"bdt-position-relative bdt-visible-toggle\" data-settings=\"{&quot;id&quot;:&quot;#bdt-3cbd8fa&quot;,&quot;animation_status&quot;:&quot;no&quot;}\" id=\"bdt-3cbd8fa\" bdt-slideshow=\"{&quot;animation&quot;:&quot;fade&quot;,&quot;ratio&quot;:&quot;16:9&quot;,&quot;min-height&quot;:&quot;440&quot;,&quot;autoplay&quot;:true,&quot;autoplay-interval&quot;:7000,&quot;pause-on-hover&quot;:false,&quot;velocity&quot;:1,&quot;finite&quot;:false}\">\n\t\t\t\t\t<ul class=\"bdt-slideshow-items\">\n\t\t\t\t\t\t\t\t<li class=\"bdt-slideshow-item bdt-flex bdt-flex-middle elementor-repeater-item-dbc5f8e\">\n\n\t\t\t<div class=\"bdt-ps-dragon-bg\">\n\t\t\t\t\n\t\t\t\t\t\t<div class=\"bdt-ps-slide-img\"\n\t\t\t\t\t\t\tstyle=\"background-image: url('https:\/\/www.clinicapulgar.com\/wp-content\/uploads\/2018\/04\/chair-2584260_1920.jpg')\"><\/div>\n\n\t\t\t\t\t\t\t\t\t<\/div>\n\n\t\t\t<div class=\"bdt-ps-dragon-slide-image\">\n\t\t\t\t\n\t\t\t\t\t\t<div class=\"bdt-ps-slide-img\"\n\t\t\t\t\t\t\tstyle=\"background-image: url('https:\/\/www.clinicapulgar.com\/wp-content\/uploads\/2018\/04\/chair-2584260_1920.jpg')\"><\/div>\n\n\t\t\t\t\t\t\t\t\t<\/div>\n\n\t\t\t\t\t\t\n\t\t\t\t\t<div class=\"bdt-prime-slider-wrapper\">\n\t\t\t<div class=\"bdt-prime-slider-content\">\n\n\t\t\t\t\n\t\t\t\t\n\t\t\t\t\n\t\t\t\t<div data-bdt-slideshow-parallax=\"x: 400,-400; opacity: 1,1,0\">\n\t\t\t\t\t\n\t\t\t\t\t\t<\/div>\n\t\t\t\t\t\n\t\t\t<\/div>\n\t\t<\/div>\n        \n\t\t<\/li>\n        \t\t<li class=\"bdt-slideshow-item bdt-flex bdt-flex-middle elementor-repeater-item-886904d\">\n\n\t\t\t<div class=\"bdt-ps-dragon-bg\">\n\t\t\t\t\n\t\t\t\t\t\t<div class=\"bdt-ps-slide-img\"\n\t\t\t\t\t\t\tstyle=\"background-image: url('https:\/\/www.clinicapulgar.com\/wp-content\/uploads\/2019\/01\/2.-GABINETE-2-2.jpg')\"><\/div>\n\n\t\t\t\t\t\t\t\t\t<\/div>\n\n\t\t\t<div class=\"bdt-ps-dragon-slide-image\">\n\t\t\t\t\n\t\t\t\t\t\t<div class=\"bdt-ps-slide-img\"\n\t\t\t\t\t\t\tstyle=\"background-image: url('https:\/\/www.clinicapulgar.com\/wp-content\/uploads\/2019\/01\/2.-GABINETE-2-2.jpg')\"><\/div>\n\n\t\t\t\t\t\t\t\t\t<\/div>\n\n\t\t\t\t\t\t\n\t\t\t\t\t<div class=\"bdt-prime-slider-wrapper\">\n\t\t\t<div class=\"bdt-prime-slider-content\">\n\n\t\t\t\t\n\t\t\t\t\n\t\t\t\t\n\t\t\t\t<div data-bdt-slideshow-parallax=\"x: 400,-400; opacity: 1,1,0\">\n\t\t\t\t\t\n\t\t\t\t\t\t<\/div>\n\t\t\t\t\t\n\t\t\t<\/div>\n\t\t<\/div>\n        \n\t\t<\/li>\n        \t\t<li class=\"bdt-slideshow-item bdt-flex bdt-flex-middle elementor-repeater-item-91f651c\">\n\n\t\t\t<div class=\"bdt-ps-dragon-bg\">\n\t\t\t\t\n\t\t\t\t\t\t<div class=\"bdt-ps-slide-img\"\n\t\t\t\t\t\t\tstyle=\"background-image: url('https:\/\/www.clinicapulgar.com\/wp-content\/uploads\/2019\/01\/6.-ESPERA-2.jpg')\"><\/div>\n\n\t\t\t\t\t\t\t\t\t<\/div>\n\n\t\t\t<div class=\"bdt-ps-dragon-slide-image\">\n\t\t\t\t\n\t\t\t\t\t\t<div class=\"bdt-ps-slide-img\"\n\t\t\t\t\t\t\tstyle=\"background-image: url('https:\/\/www.clinicapulgar.com\/wp-content\/uploads\/2019\/01\/6.-ESPERA-2.jpg')\"><\/div>\n\n\t\t\t\t\t\t\t\t\t<\/div>\n\n\t\t\t\t\t\t\n\t\t\t\t\t<div class=\"bdt-prime-slider-wrapper\">\n\t\t\t<div class=\"bdt-prime-slider-content\">\n\n\t\t\t\t\n\t\t\t\t\n\t\t\t\t\n\t\t\t\t<div data-bdt-slideshow-parallax=\"x: 400,-400; opacity: 1,1,0\">\n\t\t\t\t\t\n\t\t\t\t\t\t<\/div>\n\t\t\t\t\t\n\t\t\t<\/div>\n\t\t<\/div>\n        \n\t\t<\/li>\n        \t\t<li class=\"bdt-slideshow-item bdt-flex bdt-flex-middle elementor-repeater-item-049d108\">\n\n\t\t\t<div class=\"bdt-ps-dragon-bg\">\n\t\t\t\t\n\t\t\t\t\t\t<div class=\"bdt-ps-slide-img\"\n\t\t\t\t\t\t\tstyle=\"background-image: url('https:\/\/www.clinicapulgar.com\/wp-content\/uploads\/2019\/01\/1.-GABINETE-1-5.jpg')\"><\/div>\n\n\t\t\t\t\t\t\t\t\t<\/div>\n\n\t\t\t<div class=\"bdt-ps-dragon-slide-image\">\n\t\t\t\t\n\t\t\t\t\t\t<div class=\"bdt-ps-slide-img\"\n\t\t\t\t\t\t\tstyle=\"background-image: url('https:\/\/www.clinicapulgar.com\/wp-content\/uploads\/2019\/01\/1.-GABINETE-1-5.jpg')\"><\/div>\n\n\t\t\t\t\t\t\t\t\t<\/div>\n\n\t\t\t\t\t\t\n\t\t\t\t\t<div class=\"bdt-prime-slider-wrapper\">\n\t\t\t<div class=\"bdt-prime-slider-content\">\n\n\t\t\t\t\n\t\t\t\t\n\t\t\t\t\n\t\t\t\t<div data-bdt-slideshow-parallax=\"x: 400,-400; opacity: 1,1,0\">\n\t\t\t\t\t\n\t\t\t\t\t\t<\/div>\n\t\t\t\t\t\n\t\t\t<\/div>\n\t\t<\/div>\n        \n\t\t<\/li>\n        \t\t<li class=\"bdt-slideshow-item bdt-flex bdt-flex-middle elementor-repeater-item-b1a56c5\">\n\n\t\t\t<div class=\"bdt-ps-dragon-bg\">\n\t\t\t\t\n\t\t\t\t\t\t<div class=\"bdt-ps-slide-img\"\n\t\t\t\t\t\t\tstyle=\"background-image: url('https:\/\/www.clinicapulgar.com\/wp-content\/uploads\/2019\/01\/2.-GABINETE-2-1.jpg')\"><\/div>\n\n\t\t\t\t\t\t\t\t\t<\/div>\n\n\t\t\t<div class=\"bdt-ps-dragon-slide-image\">\n\t\t\t\t\n\t\t\t\t\t\t<div class=\"bdt-ps-slide-img\"\n\t\t\t\t\t\t\tstyle=\"background-image: url('https:\/\/www.clinicapulgar.com\/wp-content\/uploads\/2019\/01\/2.-GABINETE-2-1.jpg')\"><\/div>\n\n\t\t\t\t\t\t\t\t\t<\/div>\n\n\t\t\t\t\t\t\n\t\t\t\t\t<div class=\"bdt-prime-slider-wrapper\">\n\t\t\t<div class=\"bdt-prime-slider-content\">\n\n\t\t\t\t\n\t\t\t\t\n\t\t\t\t\n\t\t\t\t<div data-bdt-slideshow-parallax=\"x: 400,-400; opacity: 1,1,0\">\n\t\t\t\t\t\n\t\t\t\t\t\t<\/div>\n\t\t\t\t\t\n\t\t\t<\/div>\n\t\t<\/div>\n        \n\t\t<\/li>\n        \n\t\t\t\t\t<\/ul>\n\n\t\t\t\t\t            \n                <ul class=\"bdt-slideshow-nav bdt-dotnav bdt-dotnav-vertical reveal-muted\">\n\n                                        <li bdt-slideshow-item=\"0\" data-label=\"01\" ><a href=\"#\"><\/a><\/li>\n                                        <li bdt-slideshow-item=\"1\" data-label=\"02\" ><a href=\"#\"><\/a><\/li>\n                                        <li bdt-slideshow-item=\"2\" data-label=\"03\" ><a href=\"#\"><\/a><\/li>\n                                        <li bdt-slideshow-item=\"3\" data-label=\"04\" ><a href=\"#\"><\/a><\/li>\n                                        <li bdt-slideshow-item=\"4\" data-label=\"05\" ><a href=\"#\"><\/a><\/li>\n                                        \n                <\/ul>\n\n            \n        \t\t\t\t\t\n\t\t\t\t<\/div>\n\t\t\t\t\t\t\t<\/div>\n\t\t<\/div>\n        \t\t\t\t<\/div>\n\t\t\t\t<\/div>\n\t\t\t\t\t<\/div>\n\t\t\t\t<\/div>\n\t\t<div class=\"elementor-element elementor-element-7b0a4b6 e-con-full e-flex wpr-particle-no wpr-jarallax-no wpr-parallax-no wpr-sticky-section-no e-con e-parent\" data-id=\"7b0a4b6\" data-element_type=\"container\">\n\t\t\t\t<div class=\"elementor-element elementor-element-d3b83b3 elementor-widget elementor-widget-text-editor\" data-id=\"d3b83b3\" data-element_type=\"widget\" data-widget_type=\"text-editor.default\">\n\t\t\t\t<div class=\"elementor-widget-container\">\n\t\t\t\t\t\t\t\t\t<section id=\"reservacita\" class=\"enh_section enh_image_bck\" style=\"background-image: url('https:\/\/www.rosapulgar.com\/wp-content\/uploads\/2018\/04\/fondoform-1400x313.jpg');\"><div class=\"container\"><p><!-- vertical text --><\/p><div class=\"enh_slider_copyright\">\u00a0<\/div><div class=\"fw-row\"><div class=\"fw-col-xs-12 fw-col-sm-6 enh_push_none enh_image_bck text-center enh_col\"><p><!-- vertical text --><\/p><div class=\"enh_slider_copyright\">\u00a0<\/div><div class=\"\"><div class=\"text_block\"><p><span class=\"reservatitle\"> Reserva tu cita<\/span><\/p><ul class=\"datoscontacto2\"><li><img decoding=\"async\" src=\"https:\/\/www.rosapulgar.com\/wp-content\/uploads\/2018\/04\/telefono-c.svg\" alt=\"Tel\u00e9fono rosa pulgar\" \/> 958 279 460<\/li><li><img decoding=\"async\" src=\"https:\/\/www.rosapulgar.com\/wp-content\/uploads\/2018\/04\/movilwp-c.svg\" alt=\"M\u00f3vil rosa pulgar\" \/> 630 721 886<\/li><li><a href=\"https:\/\/www.rosapulgar.com\/wp-content\/uploads\/2023\/01\/sello-seme-pulgar1827-o1dT1G.pdf\"><img fetchpriority=\"high\" decoding=\"async\" class=\"alignnone wp-image-1159\" src=\"https:\/\/www.rosapulgar.com\/wp-content\/uploads\/2023\/01\/certificado-300x300.png\" alt=\"\" width=\"400\" height=\"400\" srcset=\"https:\/\/www.clinicapulgar.com\/wp-content\/uploads\/2023\/01\/certificado-300x300.png 300w, https:\/\/www.clinicapulgar.com\/wp-content\/uploads\/2023\/01\/certificado-150x150.png 150w, https:\/\/www.clinicapulgar.com\/wp-content\/uploads\/2023\/01\/certificado-200x200.png 200w, https:\/\/www.clinicapulgar.com\/wp-content\/uploads\/2023\/01\/certificado-100x100.png 100w, https:\/\/www.clinicapulgar.com\/wp-content\/uploads\/2023\/01\/certificado.png 512w\" sizes=\"(max-width: 400px) 100vw, 400px\" \/><\/a><a href=\"https:\/\/www.rosapulgar.com\/wp-content\/uploads\/2023\/01\/sello-seme-pulgar1827-o1dT1G.pdf\">Certificaci\u00f3n<\/a><\/li><\/ul><\/div><\/div><\/div><div class=\"fw-col-xs-12 fw-col-sm-6 enh_image_bck enh_col\"><p><!-- vertical text --><\/p><div class=\"enh_slider_copyright\">\u00a0<\/div><div class=\"\"><div class=\"form-wrapper fw-contact-form contact-form\"><div class=\"wrap-forms\"><div class=\"fw-row\">\u00a0<\/div><div class=\"fw-row\"><div class=\"fw-col-xs-12 fw-col-sm-6 form-builder-item\"><div class=\"field-text\"><label for=\"id-1\">Nombre <sup>*<\/sup> <\/label><\/div><\/div><div class=\"fw-col-xs-12 fw-col-sm-6 form-builder-item\"><div class=\"field-text\"><label for=\"id-2\">Tel\u00e9fono <sup>*<\/sup> <\/label><\/div><\/div><\/div><div class=\"fw-row\"><div class=\"fw-col-xs-12 fw-col-sm-6 form-builder-item\"><div class=\"field-text\"><label for=\"id-3\">Email <sup>*<\/sup> <\/label><\/div><\/div><div class=\"fw-col-xs-12 fw-col-sm-6 form-builder-item\"><div class=\"field-text\"><label for=\"id-4\">Asunto <sup>*<\/sup> <\/label><\/div><\/div><\/div><div class=\"fw-row\"><div class=\"fw-col-xs-12 fw-col-sm-6 form-builder-item\"><div class=\"field-radio input-styled\"><p><label>Politica de privacidad <sup>*<\/sup> <\/label><\/p><div class=\"custom-radio field-columns-1\"><div class=\"options\"><label for=\"rand-5\">Acepto <a href=\"\/en\/aviso-legal-y-politica-de-privacidad\/\">Politica de privacidad<\/a><\/label><\/div><\/div><\/div><\/div><\/div><\/div><div>\u00a0<\/div><\/div><\/div><\/div><\/div><\/div><p><!-- container end --><\/p><\/section><p><!-- section end --><\/p><p><!-- f187ae15f64a60254f73336253ae2d37 --><\/p>\t\t\t\t\t\t\t\t<\/div>\n\t\t\t\t<\/div>\n\t\t\t\t<\/div>\n\t\t\t\t<\/div>","protected":false},"excerpt":{"rendered":"<p>Nuestra filosof\u00eda Somos Diferentes 1.Terap\u00e9utica de m\u00ednima intervenci\u00f3nBasada en la prevenci\u00f3n. M\u00e1xima conservaci\u00f3n del tejido dental. \u00bfPor qu\u00e9 poner implante si se puede conservar el diente?&#8230;<br \/><a href=\"https:\/\/www.clinicapulgar.com\/en\/\" class=\"btn btn_more\">Leer m\u00e1s<\/a><\/p>","protected":false},"author":2,"featured_media":0,"parent":0,"menu_order":0,"comment_status":"closed","ping_status":"closed","template":"template-one-page.php","meta":{"footnotes":""},"class_list":["post-2","page","type-page","status-publish","hentry"],"yoast_head":"<!-- This site is optimized with the Yoast SEO plugin v26.7 - https:\/\/yoast.com\/wordpress\/plugins\/seo\/ -->\n<title>Inicio - Clinica Rosa Pulgar<\/title>\n<meta name=\"description\" content=\"Cl\u00ednica Rosa Pulgar est\u00e9tica m\u00e9dica Integral ofrecemos odontolog\u00eda est\u00e9tica medicina est\u00e9tica y mucho m\u00e1s.\" \/>\n<meta name=\"robots\" content=\"index, follow, max-snippet:-1, max-image-preview:large, max-video-preview:-1\" \/>\n<link rel=\"canonical\" href=\"https:\/\/www.clinicapulgar.com\/en\/\" \/>\n<meta property=\"og:locale\" content=\"en_GB\" \/>\n<meta property=\"og:type\" content=\"article\" \/>\n<meta property=\"og:title\" content=\"Inicio - Clinica Rosa Pulgar\" \/>\n<meta property=\"og:description\" content=\"Cl\u00ednica Rosa Pulgar est\u00e9tica m\u00e9dica Integral ofrecemos odontolog\u00eda est\u00e9tica medicina est\u00e9tica y mucho m\u00e1s.\" \/>\n<meta property=\"og:url\" content=\"https:\/\/www.clinicapulgar.com\/en\/\" \/>\n<meta property=\"og:site_name\" content=\"Clinica Rosa Pulgar\" \/>\n<meta property=\"article:modified_time\" content=\"2025-11-24T15:20:51+00:00\" \/>\n<meta property=\"og:image\" content=\"https:\/\/www.rosapulgar.com\/wp-content\/uploads\/2018\/04\/telefono-c.svg\" \/>\n<meta name=\"twitter:card\" content=\"summary_large_image\" \/>\n<meta name=\"twitter:label1\" content=\"Estimated reading time\" \/>\n\t<meta name=\"twitter:data1\" content=\"2 minutes\" \/>\n<script type=\"application\/ld+json\" class=\"yoast-schema-graph\">{\"@context\":\"https:\/\/schema.org\",\"@graph\":[{\"@type\":\"WebPage\",\"@id\":\"https:\/\/www.clinicapulgar.com\/\",\"url\":\"https:\/\/www.clinicapulgar.com\/\",\"name\":\"Inicio - Clinica Rosa Pulgar\",\"isPartOf\":{\"@id\":\"https:\/\/www.clinicapulgar.com\/#website\"},\"primaryImageOfPage\":{\"@id\":\"https:\/\/www.clinicapulgar.com\/#primaryimage\"},\"image\":{\"@id\":\"https:\/\/www.clinicapulgar.com\/#primaryimage\"},\"thumbnailUrl\":\"https:\/\/www.rosapulgar.com\/wp-content\/uploads\/2018\/04\/telefono-c.svg\",\"datePublished\":\"2016-05-10T03:48:21+00:00\",\"dateModified\":\"2025-11-24T15:20:51+00:00\",\"description\":\"Cl\u00ednica Rosa Pulgar est\u00e9tica m\u00e9dica Integral ofrecemos odontolog\u00eda est\u00e9tica medicina est\u00e9tica y mucho m\u00e1s.\",\"breadcrumb\":{\"@id\":\"https:\/\/www.clinicapulgar.com\/#breadcrumb\"},\"inLanguage\":\"en-GB\",\"potentialAction\":[{\"@type\":\"ReadAction\",\"target\":[\"https:\/\/www.clinicapulgar.com\/\"]}]},{\"@type\":\"ImageObject\",\"inLanguage\":\"en-GB\",\"@id\":\"https:\/\/www.clinicapulgar.com\/#primaryimage\",\"url\":\"https:\/\/www.rosapulgar.com\/wp-content\/uploads\/2018\/04\/telefono-c.svg\",\"contentUrl\":\"https:\/\/www.rosapulgar.com\/wp-content\/uploads\/2018\/04\/telefono-c.svg\"},{\"@type\":\"BreadcrumbList\",\"@id\":\"https:\/\/www.clinicapulgar.com\/#breadcrumb\",\"itemListElement\":[{\"@type\":\"ListItem\",\"position\":1,\"name\":\"Home\",\"item\":\"https:\/\/www.clinicapulgar.com\/\"},{\"@type\":\"ListItem\",\"position\":2,\"name\":\"Inicio\"}]},{\"@type\":\"WebSite\",\"@id\":\"https:\/\/www.clinicapulgar.com\/#website\",\"url\":\"https:\/\/www.clinicapulgar.com\/\",\"name\":\"Clinica Rosa Pulgar\",\"description\":\"Cl\u00ednica dental Rosa Pulgar - est\u00e9tica dental\",\"potentialAction\":[{\"@type\":\"SearchAction\",\"target\":{\"@type\":\"EntryPoint\",\"urlTemplate\":\"https:\/\/www.clinicapulgar.com\/?s={search_term_string}\"},\"query-input\":{\"@type\":\"PropertyValueSpecification\",\"valueRequired\":true,\"valueName\":\"search_term_string\"}}],\"inLanguage\":\"en-GB\"}]}<\/script>\n<!-- \/ Yoast SEO plugin. -->","yoast_head_json":{"title":"Inicio - Clinica Rosa Pulgar","description":"Cl\u00ednica Rosa Pulgar est\u00e9tica m\u00e9dica Integral ofrecemos odontolog\u00eda est\u00e9tica medicina est\u00e9tica y mucho m\u00e1s.","robots":{"index":"index","follow":"follow","max-snippet":"max-snippet:-1","max-image-preview":"max-image-preview:large","max-video-preview":"max-video-preview:-1"},"canonical":"https:\/\/www.clinicapulgar.com\/en\/","og_locale":"en_GB","og_type":"article","og_title":"Inicio - Clinica Rosa Pulgar","og_description":"Cl\u00ednica Rosa Pulgar est\u00e9tica m\u00e9dica Integral ofrecemos odontolog\u00eda est\u00e9tica medicina est\u00e9tica y mucho m\u00e1s.","og_url":"https:\/\/www.clinicapulgar.com\/en\/","og_site_name":"Clinica Rosa Pulgar","article_modified_time":"2025-11-24T15:20:51+00:00","og_image":[{"url":"https:\/\/www.rosapulgar.com\/wp-content\/uploads\/2018\/04\/telefono-c.svg","type":"","width":"","height":""}],"twitter_card":"summary_large_image","twitter_misc":{"Estimated reading time":"2 minutes"},"schema":{"@context":"https:\/\/schema.org","@graph":[{"@type":"WebPage","@id":"https:\/\/www.clinicapulgar.com\/","url":"https:\/\/www.clinicapulgar.com\/","name":"Inicio - Clinica Rosa Pulgar","isPartOf":{"@id":"https:\/\/www.clinicapulgar.com\/#website"},"primaryImageOfPage":{"@id":"https:\/\/www.clinicapulgar.com\/#primaryimage"},"image":{"@id":"https:\/\/www.clinicapulgar.com\/#primaryimage"},"thumbnailUrl":"https:\/\/www.rosapulgar.com\/wp-content\/uploads\/2018\/04\/telefono-c.svg","datePublished":"2016-05-10T03:48:21+00:00","dateModified":"2025-11-24T15:20:51+00:00","description":"Cl\u00ednica Rosa Pulgar est\u00e9tica m\u00e9dica Integral ofrecemos odontolog\u00eda est\u00e9tica medicina est\u00e9tica y mucho m\u00e1s.","breadcrumb":{"@id":"https:\/\/www.clinicapulgar.com\/#breadcrumb"},"inLanguage":"en-GB","potentialAction":[{"@type":"ReadAction","target":["https:\/\/www.clinicapulgar.com\/"]}]},{"@type":"ImageObject","inLanguage":"en-GB","@id":"https:\/\/www.clinicapulgar.com\/#primaryimage","url":"https:\/\/www.rosapulgar.com\/wp-content\/uploads\/2018\/04\/telefono-c.svg","contentUrl":"https:\/\/www.rosapulgar.com\/wp-content\/uploads\/2018\/04\/telefono-c.svg"},{"@type":"BreadcrumbList","@id":"https:\/\/www.clinicapulgar.com\/#breadcrumb","itemListElement":[{"@type":"ListItem","position":1,"name":"Home","item":"https:\/\/www.clinicapulgar.com\/"},{"@type":"ListItem","position":2,"name":"Inicio"}]},{"@type":"WebSite","@id":"https:\/\/www.clinicapulgar.com\/#website","url":"https:\/\/www.clinicapulgar.com\/","name":"Clinica Rosa Pulgar","description":"Cl\u00ednica dental Rosa Pulgar - est\u00e9tica dental","potentialAction":[{"@type":"SearchAction","target":{"@type":"EntryPoint","urlTemplate":"https:\/\/www.clinicapulgar.com\/?s={search_term_string}"},"query-input":{"@type":"PropertyValueSpecification","valueRequired":true,"valueName":"search_term_string"}}],"inLanguage":"en-GB"}]}},"_links":{"self":[{"href":"https:\/\/www.clinicapulgar.com\/en\/wp-json\/wp\/v2\/pages\/2","targetHints":{"allow":["GET"]}}],"collection":[{"href":"https:\/\/www.clinicapulgar.com\/en\/wp-json\/wp\/v2\/pages"}],"about":[{"href":"https:\/\/www.clinicapulgar.com\/en\/wp-json\/wp\/v2\/types\/page"}],"author":[{"embeddable":true,"href":"https:\/\/www.clinicapulgar.com\/en\/wp-json\/wp\/v2\/users\/2"}],"replies":[{"embeddable":true,"href":"https:\/\/www.clinicapulgar.com\/en\/wp-json\/wp\/v2\/comments?post=2"}],"version-history":[{"count":74,"href":"https:\/\/www.clinicapulgar.com\/en\/wp-json\/wp\/v2\/pages\/2\/revisions"}],"predecessor-version":[{"id":1883,"href":"https:\/\/www.clinicapulgar.com\/en\/wp-json\/wp\/v2\/pages\/2\/revisions\/1883"}],"wp:attachment":[{"href":"https:\/\/www.clinicapulgar.com\/en\/wp-json\/wp\/v2\/media?parent=2"}],"curies":[{"name":"wp","href":"https:\/\/api.w.org\/{rel}","templated":true}]}}