{"id":1929,"date":"2025-11-25T12:54:17","date_gmt":"2025-11-25T12:54:17","guid":{"rendered":"https:\/\/www.rosapulgar.com\/?page_id=1929"},"modified":"2025-11-28T08:34:21","modified_gmt":"2025-11-28T08:34:21","slug":"mircrobiota-oral","status":"publish","type":"page","link":"https:\/\/www.clinicapulgar.com\/en\/mircrobiota-oral\/","title":{"rendered":"Estudio de la microbiota oral"},"content":{"rendered":"<div data-elementor-type=\"wp-page\" data-elementor-id=\"1929\" class=\"elementor elementor-1929\">\n\t\t\t\t<div class=\"elementor-element elementor-element-0d4022d e-flex e-con-boxed wpr-particle-no wpr-jarallax-no wpr-parallax-no wpr-sticky-section-no e-con e-parent\" data-id=\"0d4022d\" data-element_type=\"container\">\n\t\t\t\t\t<div class=\"e-con-inner\">\n\t\t<div class=\"elementor-element elementor-element-ed1b98f e-con-full e-flex wpr-particle-no wpr-jarallax-no wpr-parallax-no wpr-sticky-section-no e-con e-child\" data-id=\"ed1b98f\" data-element_type=\"container\">\n\t\t\t\t<div class=\"elementor-element elementor-element-8cc76e3 elementor-widget elementor-widget-text-editor\" data-id=\"8cc76e3\" data-element_type=\"widget\" data-widget_type=\"text-editor.default\">\n\t\t\t\t<div class=\"elementor-widget-container\">\n\t\t\t\t\t\t\t\t\t<p>La boca est\u00e1 llena de g\u00e9rmenes. La microbiota oral es el conjunto de microorganismos (principalmente bacterias) presentes en los dientes, mejillas, lengua, enc\u00edas y am\u00edgdala, es decir, en toda la cavidad oral. El desequilibrio o disbiosis oral puede favorecer la aparici\u00f3n de caries, gingivitis y periodontitis, entre otras condiciones, e incluso, periimplantitis en el caso de que el paciente lleve implantes. En este estudio, se analiza la microbiota oral por PCR y la salud bucal por enzimoinmunoan\u00e1lisis (EIA). Este an\u00e1lisis permite identificar desequilibrios en tu microbiota oral, lo que resulta interesante en relaci\u00f3n con determinadas patolog\u00edas y para el mantenimiento de una salud bucal \u00f3ptima a trav\u00e9s de un diagn\u00f3stico preciso y personalizado.<\/p><p>En este estudio, se miden los siguientes par\u00e1metros:<\/p><ul><li><strong>\u00cdndices orales:<\/strong> simbiontes beneficiosos, simbiontes moduladores, patobiontes y <em>Firmicutes\/Bacteroidetes<\/em>.<\/li><li><strong>Microbiota oral:<\/strong><em> Streptococcus spp, Veillonella spp, Eubacterium spp; Bifidobacterium spp, Lactobacillus spp, Enterococcus spp, Staphylococcus spp, Bacteroides spp, Prevotella spp, Saccharomyces cerevisiae, Candida spp; Candida albicans, Archaeas, Escherichia coli, Enterobacterias, Pseudomonas spp, Aggregatibacter actinomycetemcomitans, Capnocytophaga gingivalis, Porphyromonas gingivalis, Fusobacterium nucleatum<\/em> y<em> Treponema denticola.<\/em><\/li><li><strong>Marcadores bioqu\u00edmicos:\u00a0<\/strong>pH de la saliva, pH de las enc\u00edas, alfa-amilasa e IgA secretora.<\/li><\/ul><p>Se toman muestras en la cavidad oral y los resultados y el informe se conoce en <strong>20\u00a0d\u00edas<\/strong><\/p>\t\t\t\t\t\t\t\t<\/div>\n\t\t\t\t<\/div>\n\t\t\t\t<\/div>\n\t\t<div class=\"elementor-element elementor-element-784c430 e-con-full e-flex wpr-particle-no wpr-jarallax-no wpr-parallax-no wpr-sticky-section-no e-con e-child\" data-id=\"784c430\" data-element_type=\"container\">\n\t\t\t\t<div class=\"elementor-element elementor-element-727dbcf elementor-widget elementor-widget-image\" data-id=\"727dbcf\" data-element_type=\"widget\" data-widget_type=\"image.default\">\n\t\t\t\t<div class=\"elementor-widget-container\">\n\t\t\t\t\t\t\t\t\t\t\t\t\t\t\t<img decoding=\"async\" src=\"https:\/\/www.clinicapulgar.com\/wp-content\/uploads\/elementor\/thumbs\/Oral-microbiology-rf7vzkazykxzfpjrvnc3mjdzg7lx6pwxhqkfiz3jeo.png\" title=\"Oral microbiology\" alt=\"Oral microbiology\" loading=\"lazy\" \/>\t\t\t\t\t\t\t\t\t\t\t\t\t\t\t<\/div>\n\t\t\t\t<\/div>\n\t\t\t\t<\/div>\n\t\t\t\t\t<\/div>\n\t\t\t\t<\/div>\n\t\t<div class=\"elementor-element elementor-element-557f639 e-flex e-con-boxed wpr-particle-no wpr-jarallax-no wpr-parallax-no wpr-sticky-section-no e-con e-parent\" data-id=\"557f639\" data-element_type=\"container\">\n\t\t\t\t\t<div class=\"e-con-inner\">\n\t\t\t\t<div class=\"elementor-element elementor-element-606c939 elementor-widget elementor-widget-text-editor\" data-id=\"606c939\" data-element_type=\"widget\" data-widget_type=\"text-editor.default\">\n\t\t\t\t<div class=\"elementor-widget-container\">\n\t\t\t\t\t\t\t\t\t<p>\u00a0<\/p><p>\u00a0<\/p><p><strong>\u00bfQu\u00e9 s\u00edntomas pueden estar relacionados con disbiosis oral?<\/strong><\/p><p>Los s\u00edntomas relacionados con una disbiosis o desequilibrio en la microbiota oral son variados. Se recogen algunos de los m\u00e1s comunes en la siguiente lista:<\/p><ul><li>Mal aliento persistente (halitosis)<\/li><li>Placa dental excesiva<\/li><li>Sensaci\u00f3n de sequedad bucal permanente<\/li><li>Sangrado y\/o dolor de enc\u00edas<\/li><li>Aparici\u00f3n frecuente de caries<\/li><li>Predisposici\u00f3n a periodontitis, gingivitis y otras enfermedades orales<\/li><li>Aftas o llagas bucales recurrentes<\/li><li>Ardor bucal<\/li><\/ul><p>Si la disbiosis oral no se detecta a tiempo, el desequilibrio de la microbiota bucal puede favorecer la aparici\u00f3n de complicaciones graves, como enfermedad periodontal avanzada, p\u00e9rdida de piezas dentales, afectaci\u00f3n del hueso maxilar, y un mayor riesgo de propagaci\u00f3n de infecciones a otras partes del organismo. Adem\u00e1s, puede contribuir a problemas sist\u00e9micos relacionados con inflamaci\u00f3n cr\u00f3nica, afectando la salud general y aumentando la vulnerabilidad a otras patolog\u00edas. Ante cualquier s\u00edntoma, solicita que te realicemos la prueba; no te quedes con dudas.<\/p>\t\t\t\t\t\t\t\t<\/div>\n\t\t\t\t<\/div>\n\t\t\t\t\t<\/div>\n\t\t\t\t<\/div>\n\t\t\t\t<\/div>","protected":false},"excerpt":{"rendered":"<p>NUESTRAS ESPECIALIDADESDermocosm\u00e9tica m\u00e9dica Mesoterapia facial Mesoterapia facial virtual Peelings Neuromoduladores Rellenos faciales. Bioplastias Hilos tensores Inductores del col\u00e1geno: Hidroxiapatita c\u00e1lcica Plexr Criolipolisis \u00bfNECESITA M\u00c1S INFORMACI\u00d3N? Contacta&#8230;<br \/><a href=\"https:\/\/www.clinicapulgar.com\/en\/mircrobiota-oral\/\" class=\"btn btn_more\">Leer m\u00e1s<\/a><\/p>","protected":false},"author":4,"featured_media":1927,"parent":0,"menu_order":0,"comment_status":"closed","ping_status":"closed","template":"template-one-page.php","meta":{"footnotes":""},"class_list":["post-1929","page","type-page","status-publish","has-post-thumbnail","hentry"],"yoast_head":"<!-- This site is optimized with the Yoast SEO plugin v26.7 - https:\/\/yoast.com\/wordpress\/plugins\/seo\/ -->\n<title>Estudio de la microbiota oral - Clinica Rosa Pulgar<\/title>\n<meta name=\"robots\" content=\"index, follow, max-snippet:-1, max-image-preview:large, max-video-preview:-1\" \/>\n<link rel=\"canonical\" href=\"https:\/\/www.clinicapulgar.com\/en\/mircrobiota-oral\/\" \/>\n<meta property=\"og:locale\" content=\"en_GB\" \/>\n<meta property=\"og:type\" content=\"article\" \/>\n<meta property=\"og:title\" content=\"Estudio de la microbiota oral - Clinica Rosa Pulgar\" \/>\n<meta property=\"og:description\" content=\"NUESTRAS ESPECIALIDADESDermocosm\u00e9tica m\u00e9dica Mesoterapia facial Mesoterapia facial virtual Peelings Neuromoduladores Rellenos faciales. Bioplastias Hilos tensores Inductores del col\u00e1geno: Hidroxiapatita c\u00e1lcica Plexr Criolipolisis \u00bfNECESITA M\u00c1S INFORMACI\u00d3N? Contacta...Leer m\u00e1s\" \/>\n<meta property=\"og:url\" content=\"https:\/\/www.clinicapulgar.com\/en\/mircrobiota-oral\/\" \/>\n<meta property=\"og:site_name\" content=\"Clinica Rosa Pulgar\" \/>\n<meta property=\"article:modified_time\" content=\"2025-11-28T08:34:21+00:00\" \/>\n<meta property=\"og:image\" content=\"https:\/\/www.clinicapulgar.com\/wp-content\/uploads\/2025\/11\/downloaded-image3-1-e1764075054697.png\" \/>\n\t<meta property=\"og:image:width\" content=\"1427\" \/>\n\t<meta property=\"og:image:height\" content=\"664\" \/>\n\t<meta property=\"og:image:type\" content=\"image\/png\" \/>\n<meta name=\"twitter:card\" content=\"summary_large_image\" \/>\n<meta name=\"twitter:label1\" content=\"Estimated reading time\" \/>\n\t<meta name=\"twitter:data1\" content=\"2 minutes\" \/>\n<script type=\"application\/ld+json\" class=\"yoast-schema-graph\">{\"@context\":\"https:\/\/schema.org\",\"@graph\":[{\"@type\":\"WebPage\",\"@id\":\"https:\/\/www.clinicapulgar.com\/mircrobiota-oral\/\",\"url\":\"https:\/\/www.clinicapulgar.com\/mircrobiota-oral\/\",\"name\":\"Estudio de la microbiota oral - Clinica Rosa Pulgar\",\"isPartOf\":{\"@id\":\"https:\/\/www.clinicapulgar.com\/#website\"},\"primaryImageOfPage\":{\"@id\":\"https:\/\/www.clinicapulgar.com\/mircrobiota-oral\/#primaryimage\"},\"image\":{\"@id\":\"https:\/\/www.clinicapulgar.com\/mircrobiota-oral\/#primaryimage\"},\"thumbnailUrl\":\"https:\/\/www.clinicapulgar.com\/wp-content\/uploads\/2025\/11\/downloaded-image3-1-e1764075054697.png\",\"datePublished\":\"2025-11-25T12:54:17+00:00\",\"dateModified\":\"2025-11-28T08:34:21+00:00\",\"breadcrumb\":{\"@id\":\"https:\/\/www.clinicapulgar.com\/mircrobiota-oral\/#breadcrumb\"},\"inLanguage\":\"en-GB\",\"potentialAction\":[{\"@type\":\"ReadAction\",\"target\":[\"https:\/\/www.clinicapulgar.com\/mircrobiota-oral\/\"]}]},{\"@type\":\"ImageObject\",\"inLanguage\":\"en-GB\",\"@id\":\"https:\/\/www.clinicapulgar.com\/mircrobiota-oral\/#primaryimage\",\"url\":\"https:\/\/www.clinicapulgar.com\/wp-content\/uploads\/2025\/11\/downloaded-image3-1-e1764075054697.png\",\"contentUrl\":\"https:\/\/www.clinicapulgar.com\/wp-content\/uploads\/2025\/11\/downloaded-image3-1-e1764075054697.png\",\"width\":1427,\"height\":664},{\"@type\":\"BreadcrumbList\",\"@id\":\"https:\/\/www.clinicapulgar.com\/mircrobiota-oral\/#breadcrumb\",\"itemListElement\":[{\"@type\":\"ListItem\",\"position\":1,\"name\":\"Home\",\"item\":\"https:\/\/www.clinicapulgar.com\/\"},{\"@type\":\"ListItem\",\"position\":2,\"name\":\"Estudio de la microbiota oral\"}]},{\"@type\":\"WebSite\",\"@id\":\"https:\/\/www.clinicapulgar.com\/#website\",\"url\":\"https:\/\/www.clinicapulgar.com\/\",\"name\":\"Clinica Rosa Pulgar\",\"description\":\"Cl\u00ednica dental Rosa Pulgar - est\u00e9tica dental\",\"potentialAction\":[{\"@type\":\"SearchAction\",\"target\":{\"@type\":\"EntryPoint\",\"urlTemplate\":\"https:\/\/www.clinicapulgar.com\/?s={search_term_string}\"},\"query-input\":{\"@type\":\"PropertyValueSpecification\",\"valueRequired\":true,\"valueName\":\"search_term_string\"}}],\"inLanguage\":\"en-GB\"}]}<\/script>\n<!-- \/ Yoast SEO plugin. -->","yoast_head_json":{"title":"Estudio de la microbiota oral - Clinica Rosa Pulgar","robots":{"index":"index","follow":"follow","max-snippet":"max-snippet:-1","max-image-preview":"max-image-preview:large","max-video-preview":"max-video-preview:-1"},"canonical":"https:\/\/www.clinicapulgar.com\/en\/mircrobiota-oral\/","og_locale":"en_GB","og_type":"article","og_title":"Estudio de la microbiota oral - Clinica Rosa Pulgar","og_description":"NUESTRAS ESPECIALIDADESDermocosm\u00e9tica m\u00e9dica Mesoterapia facial Mesoterapia facial virtual Peelings Neuromoduladores Rellenos faciales. Bioplastias Hilos tensores Inductores del col\u00e1geno: Hidroxiapatita c\u00e1lcica Plexr Criolipolisis \u00bfNECESITA M\u00c1S INFORMACI\u00d3N? Contacta...Leer m\u00e1s","og_url":"https:\/\/www.clinicapulgar.com\/en\/mircrobiota-oral\/","og_site_name":"Clinica Rosa Pulgar","article_modified_time":"2025-11-28T08:34:21+00:00","og_image":[{"width":1427,"height":664,"url":"https:\/\/www.clinicapulgar.com\/wp-content\/uploads\/2025\/11\/downloaded-image3-1-e1764075054697.png","type":"image\/png"}],"twitter_card":"summary_large_image","twitter_misc":{"Estimated reading time":"2 minutes"},"schema":{"@context":"https:\/\/schema.org","@graph":[{"@type":"WebPage","@id":"https:\/\/www.clinicapulgar.com\/mircrobiota-oral\/","url":"https:\/\/www.clinicapulgar.com\/mircrobiota-oral\/","name":"Estudio de la microbiota oral - Clinica Rosa Pulgar","isPartOf":{"@id":"https:\/\/www.clinicapulgar.com\/#website"},"primaryImageOfPage":{"@id":"https:\/\/www.clinicapulgar.com\/mircrobiota-oral\/#primaryimage"},"image":{"@id":"https:\/\/www.clinicapulgar.com\/mircrobiota-oral\/#primaryimage"},"thumbnailUrl":"https:\/\/www.clinicapulgar.com\/wp-content\/uploads\/2025\/11\/downloaded-image3-1-e1764075054697.png","datePublished":"2025-11-25T12:54:17+00:00","dateModified":"2025-11-28T08:34:21+00:00","breadcrumb":{"@id":"https:\/\/www.clinicapulgar.com\/mircrobiota-oral\/#breadcrumb"},"inLanguage":"en-GB","potentialAction":[{"@type":"ReadAction","target":["https:\/\/www.clinicapulgar.com\/mircrobiota-oral\/"]}]},{"@type":"ImageObject","inLanguage":"en-GB","@id":"https:\/\/www.clinicapulgar.com\/mircrobiota-oral\/#primaryimage","url":"https:\/\/www.clinicapulgar.com\/wp-content\/uploads\/2025\/11\/downloaded-image3-1-e1764075054697.png","contentUrl":"https:\/\/www.clinicapulgar.com\/wp-content\/uploads\/2025\/11\/downloaded-image3-1-e1764075054697.png","width":1427,"height":664},{"@type":"BreadcrumbList","@id":"https:\/\/www.clinicapulgar.com\/mircrobiota-oral\/#breadcrumb","itemListElement":[{"@type":"ListItem","position":1,"name":"Home","item":"https:\/\/www.clinicapulgar.com\/"},{"@type":"ListItem","position":2,"name":"Estudio de la microbiota oral"}]},{"@type":"WebSite","@id":"https:\/\/www.clinicapulgar.com\/#website","url":"https:\/\/www.clinicapulgar.com\/","name":"Clinica Rosa Pulgar","description":"Cl\u00ednica dental Rosa Pulgar - est\u00e9tica dental","potentialAction":[{"@type":"SearchAction","target":{"@type":"EntryPoint","urlTemplate":"https:\/\/www.clinicapulgar.com\/?s={search_term_string}"},"query-input":{"@type":"PropertyValueSpecification","valueRequired":true,"valueName":"search_term_string"}}],"inLanguage":"en-GB"}]}},"_links":{"self":[{"href":"https:\/\/www.clinicapulgar.com\/en\/wp-json\/wp\/v2\/pages\/1929","targetHints":{"allow":["GET"]}}],"collection":[{"href":"https:\/\/www.clinicapulgar.com\/en\/wp-json\/wp\/v2\/pages"}],"about":[{"href":"https:\/\/www.clinicapulgar.com\/en\/wp-json\/wp\/v2\/types\/page"}],"author":[{"embeddable":true,"href":"https:\/\/www.clinicapulgar.com\/en\/wp-json\/wp\/v2\/users\/4"}],"replies":[{"embeddable":true,"href":"https:\/\/www.clinicapulgar.com\/en\/wp-json\/wp\/v2\/comments?post=1929"}],"version-history":[{"count":7,"href":"https:\/\/www.clinicapulgar.com\/en\/wp-json\/wp\/v2\/pages\/1929\/revisions"}],"predecessor-version":[{"id":1979,"href":"https:\/\/www.clinicapulgar.com\/en\/wp-json\/wp\/v2\/pages\/1929\/revisions\/1979"}],"wp:featuredmedia":[{"embeddable":true,"href":"https:\/\/www.clinicapulgar.com\/en\/wp-json\/wp\/v2\/media\/1927"}],"wp:attachment":[{"href":"https:\/\/www.clinicapulgar.com\/en\/wp-json\/wp\/v2\/media?parent=1929"}],"curies":[{"name":"wp","href":"https:\/\/api.w.org\/{rel}","templated":true}]}}