{"id":19,"date":"2018-04-07T18:55:22","date_gmt":"2018-04-07T18:55:22","guid":{"rendered":"https:\/\/www.rosapulgar.com\/?page_id=19"},"modified":"2025-01-28T13:05:35","modified_gmt":"2025-01-28T13:05:35","slug":"digital-smile-design","status":"publish","type":"page","link":"https:\/\/www.clinicapulgar.com\/en\/estetica-dental\/digital-smile-design\/","title":{"rendered":"DIGITAL SMILE DESIGN"},"content":{"rendered":"<div data-elementor-type=\"wp-page\" data-elementor-id=\"19\" class=\"elementor elementor-19\">\n\t\t\t\t<div class=\"elementor-element elementor-element-d725da4 e-flex e-con-boxed wpr-particle-no wpr-jarallax-no wpr-parallax-no wpr-sticky-section-no e-con e-parent\" data-id=\"d725da4\" data-element_type=\"container\">\n\t\t\t\t\t<div class=\"e-con-inner\">\n\t\t<div class=\"elementor-element elementor-element-6d2260e e-con-full e-flex wpr-particle-no wpr-jarallax-no wpr-parallax-no wpr-sticky-section-no e-con e-child\" data-id=\"6d2260e\" data-element_type=\"container\">\n\t\t\t\t<div class=\"elementor-element elementor-element-d749444 elementor-widget elementor-widget-text-editor\" data-id=\"d749444\" data-element_type=\"widget\" data-widget_type=\"text-editor.default\">\n\t\t\t\t<div class=\"elementor-widget-container\">\n\t\t\t\t\t\t\t\t\t<p style=\"text-align: center !important;\"><strong class=\"slogan\">No hay nada m\u00e1s hermoso que una bonita sonrisa<\/strong><\/p>\n<p><em class=\"subslogan\">\u00bfNo te gusta tu sonrisa? \u00bfTemes que te traten y luego no verte bien?<\/em><\/p>\n\n<p>Con Digital Smile Design podemos \u201csimular\u201d c\u00f3mo quedar\u00edas con un tratamiento est\u00e9tico sin tocar tus dientes! Puedes ver \u201ca priori\u201d el resultado est\u00e9tico.<\/p>\n\n<p>El DSD (Digital Smile Desing) es un procedimiento que permite dise\u00f1ar una sonrisa. A partir de im\u00e1genes y videos del paciente (foto 1), se realiza un dise\u00f1o digital de las futuras restauraciones, teniendo en cuenta las caracter\u00edsticas de la cara del paciente, sus labios, enc\u00edas y dientes. Se trata, por tanto, de un dise\u00f1o totalmente personalizado.<\/p>\t\t\t\t\t\t\t\t<\/div>\n\t\t\t\t<\/div>\n\t\t\t\t<\/div>\n\t\t<div class=\"elementor-element elementor-element-9e826d5 e-con-full e-flex wpr-particle-no wpr-jarallax-no wpr-parallax-no wpr-sticky-section-no e-con e-child\" data-id=\"9e826d5\" data-element_type=\"container\">\n\t\t\t\t<div class=\"elementor-element elementor-element-352328c elementor-widget elementor-widget-wpr-before-after\" data-id=\"352328c\" data-element_type=\"widget\" data-widget_type=\"wpr-before-after.default\">\n\t\t\t\t<div class=\"elementor-widget-container\">\n\t\t\t\t\t<div class=\"wpr-ba-image-container wpr-ba-horizontal wpr-ba-labels-default\" data-position=\"50\" data-trigger=\"drag\"><div class=\"wpr-ba-image-1\"><img decoding=\"async\" src=\"https:\/\/www.clinicapulgar.com\/wp-content\/uploads\/2024\/11\/1_editada.jpg\"><\/div><div class=\"wpr-ba-image-2\"><img decoding=\"async\" src=\"https:\/\/www.clinicapulgar.com\/wp-content\/uploads\/2024\/11\/3_editada.jpg\"><\/div><div class=\"wpr-ba-divider\"><div class=\"wpr-ba-divider-icons\"><i class=\"fa fa-angle-left\"><\/i><i class=\"fa fa-angle-right\"><\/i><\/div><\/div><div class=\"wpr-ba-label wpr-ba-label-1\"><div>Antes<\/div><\/div><div class=\"wpr-ba-label wpr-ba-label-2\"><div>Despues<\/div><\/div><\/div>\t\t\t\t<\/div>\n\t\t\t\t<\/div>\n\t\t\t\t<\/div>\n\t\t\t\t\t<\/div>\n\t\t\t\t<\/div>\n\t\t<div class=\"elementor-element elementor-element-7cf9b6e e-flex e-con-boxed wpr-particle-no wpr-jarallax-no wpr-parallax-no wpr-sticky-section-no e-con e-parent\" data-id=\"7cf9b6e\" data-element_type=\"container\">\n\t\t\t\t\t<div class=\"e-con-inner\">\n\t\t\t\t<div class=\"elementor-element elementor-element-7e38d24 elementor-widget-divider--view-line elementor-widget elementor-widget-divider\" data-id=\"7e38d24\" data-element_type=\"widget\" data-widget_type=\"divider.default\">\n\t\t\t\t<div class=\"elementor-widget-container\">\n\t\t\t\t\t\t\t<div class=\"elementor-divider\">\n\t\t\t<span class=\"elementor-divider-separator\">\n\t\t\t\t\t\t<\/span>\n\t\t<\/div>\n\t\t\t\t\t\t<\/div>\n\t\t\t\t<\/div>\n\t\t\t\t\t<\/div>\n\t\t\t\t<\/div>\n\t\t<div class=\"elementor-element elementor-element-dc99b20 elementor-hidden-desktop elementor-hidden-tablet elementor-hidden-mobile e-flex e-con-boxed wpr-particle-no wpr-jarallax-no wpr-parallax-no wpr-sticky-section-no e-con e-parent\" data-id=\"dc99b20\" data-element_type=\"container\">\n\t\t\t\t\t<div class=\"e-con-inner\">\n\t\t\t\t<div class=\"elementor-element elementor-element-d828856 wpr-promo-box-style-cover elementor-widget elementor-widget-wpr-promo-box\" data-id=\"d828856\" data-element_type=\"widget\" data-widget_type=\"wpr-promo-box.default\">\n\t\t\t\t<div class=\"elementor-widget-container\">\n\t\t\t\t\t\n\t\t<div class=\"wpr-promo-box wpr-animation-wrap\">\n\n\t\t\t\t\t\t\t\n\t\t\t\t\t\t\t<div class=\"wpr-promo-box-image\">\n\t\t\t\t\t<div class=\"wpr-promo-box-bg-image wpr-bg-anim-zoom-out wpr-anim-timing-ease-default\" style=\"background-image:url(https:\/\/www.clinicapulgar.com\/wp-content\/uploads\/2024\/11\/fondo1.jpg);\"><\/div>\n\t\t\t\t\t<div class=\"wpr-promo-box-bg-overlay wpr-border-anim-oscar\"><\/div>\n\t\t\t\t<\/div>\n\t\t\t\t\t\t\n\t\t\t<div class=\"wpr-promo-box-content\">\n\n\t\t\t\t\t\t\t\t<div class=\"wpr-promo-box-icon\">\n\t\t\t\t\t\t\t\t\t<\/div>\n\t\t\t\t\n\t\t\t\t<h3 class=\"wpr-promo-box-title\"><span>\u00bfNecesita m\u00e1s informaci\u00f3n?<\/span><\/h3>\n\t\t\t\t\t\t\t\t\t<div class=\"wpr-promo-box-description\">\n\t\t\t\t\t\t<p><h4 style=\"text-align: center\">Contacta con nosotros y nuestro equipo de profesionales contactar\u00e1 lo antes posible con usted<\/h4><\/p>\t\n\t\t\t\t\t<\/div>\t\t\t\t\t\t\n\t\t\t\t\n\t\t\t\t\t\t\t\t\t<div class=\"wpr-promo-box-btn-wrap\">\n\t\t\t\t\t\t<a class=\"wpr-promo-box-btn\" href=\"\/en\/contacto\/\">\n\n\t\t\t\t\t\t\t\t\t\t\t\t\t\t<span class=\"wpr-promo-box-btn-text\">Contacta con nosotros<\/span>\t\t\n\t\t\t\t\t\t\t\n\t\t\t\t\t\t\t\t\t\t\t\t\t<\/a>\n\t\t\t\t\t<\/div>\t\n\t\t\t\t\t\t\t<\/div>\n\n\t\t\t\t\t<\/div>\n\n\t\t\t\t\t\t<\/div>\n\t\t\t\t<\/div>\n\t\t\t\t\t<\/div>\n\t\t\t\t<\/div>\n\t\t<div class=\"elementor-element elementor-element-6cf08aa e-flex e-con-boxed wpr-particle-no wpr-jarallax-no wpr-parallax-no wpr-sticky-section-no e-con e-parent\" data-id=\"6cf08aa\" data-element_type=\"container\">\n\t\t\t\t\t<div class=\"e-con-inner\">\n\t\t<div class=\"elementor-element elementor-element-b776b4c e-con-full e-flex wpr-particle-no wpr-jarallax-no wpr-parallax-no wpr-sticky-section-no e-con e-child\" data-id=\"b776b4c\" data-element_type=\"container\">\n\t\t\t\t<div class=\"elementor-element elementor-element-685502f elementor-widget elementor-widget-image\" data-id=\"685502f\" data-element_type=\"widget\" data-widget_type=\"image.default\">\n\t\t\t\t<div class=\"elementor-widget-container\">\n\t\t\t\t\t\t\t\t\t\t\t\t\t\t\t<img fetchpriority=\"high\" decoding=\"async\" width=\"768\" height=\"326\" src=\"https:\/\/www.clinicapulgar.com\/wp-content\/uploads\/2018\/04\/ima_content_2.jpg\" class=\"attachment-large size-large wp-image-326\" alt=\"\" srcset=\"https:\/\/www.clinicapulgar.com\/wp-content\/uploads\/2018\/04\/ima_content_2.jpg 768w, https:\/\/www.clinicapulgar.com\/wp-content\/uploads\/2018\/04\/ima_content_2-300x127.jpg 300w, https:\/\/www.clinicapulgar.com\/wp-content\/uploads\/2018\/04\/ima_content_2-600x255.jpg 600w\" sizes=\"(max-width: 768px) 100vw, 768px\" \/>\t\t\t\t\t\t\t\t\t\t\t\t\t\t\t<\/div>\n\t\t\t\t<\/div>\n\t\t\t\t<\/div>\n\t\t<div class=\"elementor-element elementor-element-5975130 e-con-full e-flex wpr-particle-no wpr-jarallax-no wpr-parallax-no wpr-sticky-section-no e-con e-child\" data-id=\"5975130\" data-element_type=\"container\">\n\t\t\t\t<div class=\"elementor-element elementor-element-c6cd2b8 elementor-widget elementor-widget-text-editor\" data-id=\"c6cd2b8\" data-element_type=\"widget\" data-widget_type=\"text-editor.default\">\n\t\t\t\t<div class=\"elementor-widget-container\">\n\t\t\t\t\t\t\t\t\t<p style=\"text-align: center !important;\"><strong class=\"slogan\">Proceso de Dise\u00f1o y Simulaci\u00f3n de la Sonrisa<\/strong><\/p>\n<p>Primero el dentista dise\u00f1a en el ordenador c\u00f3mo seri\u00e1n los dientes que har\u00edan m\u00e1s bonita la sonrisa (foto 2). Luego el laboratorio los realiza en cera, sobre el modelo de escayola (wax-up), tal como se han dise\u00f1ado digitalmente. Finalmente, mediante un procedimiento denominado \u201cmock up\u201d se reproduce, directamente en la boca del paciente, una simulaci\u00f3n provisional en resina de las restauraciones propuestas (foto 3). El paciente puede ver en directo si le gusta antes de decidir.<\/p>\n\n<p>Con esta t\u00e9cnica podemos ver c\u00f3mo va a quedar est\u00e9ticamente el plan de tratamiento propuesto, analizar el resultado y hacer las correcciones que, tanto el paciente como el dentista, planteen.<\/p>\t\t\t\t\t\t\t\t<\/div>\n\t\t\t\t<\/div>\n\t\t\t\t<\/div>\n\t\t\t\t\t<\/div>\n\t\t\t\t<\/div>\n\t\t<div class=\"elementor-element elementor-element-37517ca e-flex e-con-boxed wpr-particle-no wpr-jarallax-no wpr-parallax-no wpr-sticky-section-no e-con e-parent\" data-id=\"37517ca\" data-element_type=\"container\">\n\t\t\t\t\t<div class=\"e-con-inner\">\n\t\t\t\t<div class=\"elementor-element elementor-element-5fb7f4e elementor-widget elementor-widget-spacer\" data-id=\"5fb7f4e\" data-element_type=\"widget\" data-widget_type=\"spacer.default\">\n\t\t\t\t<div class=\"elementor-widget-container\">\n\t\t\t\t\t\t\t<div class=\"elementor-spacer\">\n\t\t\t<div class=\"elementor-spacer-inner\"><\/div>\n\t\t<\/div>\n\t\t\t\t\t\t<\/div>\n\t\t\t\t<\/div>\n\t\t\t\t\t<\/div>\n\t\t\t\t<\/div>\n\t\t\t\t<\/div>","protected":false},"excerpt":{"rendered":"<p>No hay nada m\u00e1s hermoso que una bonita sonrisa\u00bfNo te gusta tu sonrisa? \u00bfTemes que te traten y luego no verte bien?Con Digital Smile Design podemos&#8230;<br \/><a href=\"https:\/\/www.clinicapulgar.com\/en\/estetica-dental\/digital-smile-design\/\" class=\"btn btn_more\">Leer m\u00e1s<\/a><\/p>","protected":false},"author":2,"featured_media":0,"parent":81,"menu_order":0,"comment_status":"closed","ping_status":"closed","template":"template-one-page.php","meta":{"footnotes":""},"class_list":["post-19","page","type-page","status-publish","hentry"],"yoast_head":"<!-- This site is optimized with the Yoast SEO plugin v26.7 - https:\/\/yoast.com\/wordpress\/plugins\/seo\/ -->\n<title>DIGITAL SMILE DESIGN - Clinica Rosa Pulgar<\/title>\n<meta name=\"description\" content=\"No hay nada m\u00e1s hermoso que una bonita sonrisa\u00bfNo te gusta tu sonrisa? \u00bfTemes que te traten y luego no verte bien?\" \/>\n<meta name=\"robots\" content=\"index, follow, max-snippet:-1, max-image-preview:large, max-video-preview:-1\" \/>\n<link rel=\"canonical\" href=\"https:\/\/www.clinicapulgar.com\/en\/estetica-dental\/digital-smile-design\/\" \/>\n<meta property=\"og:locale\" content=\"en_GB\" \/>\n<meta property=\"og:type\" content=\"article\" \/>\n<meta property=\"og:title\" content=\"DIGITAL SMILE DESIGN - Clinica Rosa Pulgar\" \/>\n<meta property=\"og:description\" content=\"No hay nada m\u00e1s hermoso que una bonita sonrisa\u00bfNo te gusta tu sonrisa? \u00bfTemes que te traten y luego no verte bien?\" \/>\n<meta property=\"og:url\" content=\"https:\/\/www.clinicapulgar.com\/en\/estetica-dental\/digital-smile-design\/\" \/>\n<meta property=\"og:site_name\" content=\"Clinica Rosa Pulgar\" \/>\n<meta property=\"article:modified_time\" content=\"2025-01-28T13:05:35+00:00\" \/>\n<meta name=\"twitter:card\" content=\"summary_large_image\" \/>\n<meta name=\"twitter:label1\" content=\"Estimated reading time\" \/>\n\t<meta name=\"twitter:data1\" content=\"2 minutes\" \/>\n<script type=\"application\/ld+json\" class=\"yoast-schema-graph\">{\"@context\":\"https:\/\/schema.org\",\"@graph\":[{\"@type\":\"WebPage\",\"@id\":\"https:\/\/www.clinicapulgar.com\/estetica-dental\/digital-smile-design\/\",\"url\":\"https:\/\/www.clinicapulgar.com\/estetica-dental\/digital-smile-design\/\",\"name\":\"DIGITAL SMILE DESIGN - Clinica Rosa Pulgar\",\"isPartOf\":{\"@id\":\"https:\/\/www.clinicapulgar.com\/#website\"},\"datePublished\":\"2018-04-07T18:55:22+00:00\",\"dateModified\":\"2025-01-28T13:05:35+00:00\",\"description\":\"No hay nada m\u00e1s hermoso que una bonita sonrisa\u00bfNo te gusta tu sonrisa? \u00bfTemes que te traten y luego no verte bien?\",\"breadcrumb\":{\"@id\":\"https:\/\/www.clinicapulgar.com\/estetica-dental\/digital-smile-design\/#breadcrumb\"},\"inLanguage\":\"en-GB\",\"potentialAction\":[{\"@type\":\"ReadAction\",\"target\":[\"https:\/\/www.clinicapulgar.com\/estetica-dental\/digital-smile-design\/\"]}]},{\"@type\":\"BreadcrumbList\",\"@id\":\"https:\/\/www.clinicapulgar.com\/estetica-dental\/digital-smile-design\/#breadcrumb\",\"itemListElement\":[{\"@type\":\"ListItem\",\"position\":1,\"name\":\"Home\",\"item\":\"https:\/\/www.clinicapulgar.com\/\"},{\"@type\":\"ListItem\",\"position\":2,\"name\":\"Est\u00e9tica Dental\",\"item\":\"https:\/\/www.clinicapulgar.com\/estetica-dental\/\"},{\"@type\":\"ListItem\",\"position\":3,\"name\":\"DIGITAL SMILE DESIGN\"}]},{\"@type\":\"WebSite\",\"@id\":\"https:\/\/www.clinicapulgar.com\/#website\",\"url\":\"https:\/\/www.clinicapulgar.com\/\",\"name\":\"Clinica Rosa Pulgar\",\"description\":\"Cl\u00ednica dental Rosa Pulgar - est\u00e9tica dental\",\"potentialAction\":[{\"@type\":\"SearchAction\",\"target\":{\"@type\":\"EntryPoint\",\"urlTemplate\":\"https:\/\/www.clinicapulgar.com\/?s={search_term_string}\"},\"query-input\":{\"@type\":\"PropertyValueSpecification\",\"valueRequired\":true,\"valueName\":\"search_term_string\"}}],\"inLanguage\":\"en-GB\"}]}<\/script>\n<!-- \/ Yoast SEO plugin. -->","yoast_head_json":{"title":"DIGITAL SMILE DESIGN - Clinica Rosa Pulgar","description":"No hay nada m\u00e1s hermoso que una bonita sonrisa\u00bfNo te gusta tu sonrisa? \u00bfTemes que te traten y luego no verte bien?","robots":{"index":"index","follow":"follow","max-snippet":"max-snippet:-1","max-image-preview":"max-image-preview:large","max-video-preview":"max-video-preview:-1"},"canonical":"https:\/\/www.clinicapulgar.com\/en\/estetica-dental\/digital-smile-design\/","og_locale":"en_GB","og_type":"article","og_title":"DIGITAL SMILE DESIGN - Clinica Rosa Pulgar","og_description":"No hay nada m\u00e1s hermoso que una bonita sonrisa\u00bfNo te gusta tu sonrisa? \u00bfTemes que te traten y luego no verte bien?","og_url":"https:\/\/www.clinicapulgar.com\/en\/estetica-dental\/digital-smile-design\/","og_site_name":"Clinica Rosa Pulgar","article_modified_time":"2025-01-28T13:05:35+00:00","twitter_card":"summary_large_image","twitter_misc":{"Estimated reading time":"2 minutes"},"schema":{"@context":"https:\/\/schema.org","@graph":[{"@type":"WebPage","@id":"https:\/\/www.clinicapulgar.com\/estetica-dental\/digital-smile-design\/","url":"https:\/\/www.clinicapulgar.com\/estetica-dental\/digital-smile-design\/","name":"DIGITAL SMILE DESIGN - Clinica Rosa Pulgar","isPartOf":{"@id":"https:\/\/www.clinicapulgar.com\/#website"},"datePublished":"2018-04-07T18:55:22+00:00","dateModified":"2025-01-28T13:05:35+00:00","description":"No hay nada m\u00e1s hermoso que una bonita sonrisa\u00bfNo te gusta tu sonrisa? \u00bfTemes que te traten y luego no verte bien?","breadcrumb":{"@id":"https:\/\/www.clinicapulgar.com\/estetica-dental\/digital-smile-design\/#breadcrumb"},"inLanguage":"en-GB","potentialAction":[{"@type":"ReadAction","target":["https:\/\/www.clinicapulgar.com\/estetica-dental\/digital-smile-design\/"]}]},{"@type":"BreadcrumbList","@id":"https:\/\/www.clinicapulgar.com\/estetica-dental\/digital-smile-design\/#breadcrumb","itemListElement":[{"@type":"ListItem","position":1,"name":"Home","item":"https:\/\/www.clinicapulgar.com\/"},{"@type":"ListItem","position":2,"name":"Est\u00e9tica Dental","item":"https:\/\/www.clinicapulgar.com\/estetica-dental\/"},{"@type":"ListItem","position":3,"name":"DIGITAL SMILE DESIGN"}]},{"@type":"WebSite","@id":"https:\/\/www.clinicapulgar.com\/#website","url":"https:\/\/www.clinicapulgar.com\/","name":"Clinica Rosa Pulgar","description":"Cl\u00ednica dental Rosa Pulgar - est\u00e9tica dental","potentialAction":[{"@type":"SearchAction","target":{"@type":"EntryPoint","urlTemplate":"https:\/\/www.clinicapulgar.com\/?s={search_term_string}"},"query-input":{"@type":"PropertyValueSpecification","valueRequired":true,"valueName":"search_term_string"}}],"inLanguage":"en-GB"}]}},"_links":{"self":[{"href":"https:\/\/www.clinicapulgar.com\/en\/wp-json\/wp\/v2\/pages\/19","targetHints":{"allow":["GET"]}}],"collection":[{"href":"https:\/\/www.clinicapulgar.com\/en\/wp-json\/wp\/v2\/pages"}],"about":[{"href":"https:\/\/www.clinicapulgar.com\/en\/wp-json\/wp\/v2\/types\/page"}],"author":[{"embeddable":true,"href":"https:\/\/www.clinicapulgar.com\/en\/wp-json\/wp\/v2\/users\/2"}],"replies":[{"embeddable":true,"href":"https:\/\/www.clinicapulgar.com\/en\/wp-json\/wp\/v2\/comments?post=19"}],"version-history":[{"count":52,"href":"https:\/\/www.clinicapulgar.com\/en\/wp-json\/wp\/v2\/pages\/19\/revisions"}],"predecessor-version":[{"id":1652,"href":"https:\/\/www.clinicapulgar.com\/en\/wp-json\/wp\/v2\/pages\/19\/revisions\/1652"}],"up":[{"embeddable":true,"href":"https:\/\/www.clinicapulgar.com\/en\/wp-json\/wp\/v2\/pages\/81"}],"wp:attachment":[{"href":"https:\/\/www.clinicapulgar.com\/en\/wp-json\/wp\/v2\/media?parent=19"}],"curies":[{"name":"wp","href":"https:\/\/api.w.org\/{rel}","templated":true}]}}