{"id":1884,"date":"2025-11-25T08:54:46","date_gmt":"2025-11-25T08:54:46","guid":{"rendered":"https:\/\/www.rosapulgar.com\/?page_id=1884"},"modified":"2025-12-01T08:08:30","modified_gmt":"2025-12-01T08:08:30","slug":"test-riesgo-periimplantitis","status":"publish","type":"page","link":"https:\/\/www.clinicapulgar.com\/en\/test-riesgo-periimplantitis\/","title":{"rendered":"Test riesgo periimplantitis | periodontitis"},"content":{"rendered":"<div data-elementor-type=\"wp-page\" data-elementor-id=\"1884\" class=\"elementor elementor-1884\">\n\t\t\t\t<div class=\"elementor-element elementor-element-474052f e-flex e-con-boxed wpr-particle-no wpr-jarallax-no wpr-parallax-no wpr-sticky-section-no e-con e-parent\" data-id=\"474052f\" data-element_type=\"container\">\n\t\t\t\t\t<div class=\"e-con-inner\">\n\t\t\t\t<div class=\"elementor-element elementor-element-2c293e4 elementor-widget elementor-widget-text-editor\" data-id=\"2c293e4\" data-element_type=\"widget\" data-widget_type=\"text-editor.default\">\n\t\t\t\t<div class=\"elementor-widget-container\">\n\t\t\t\t\t\t\t\t\t<p>En este tipo de situaciones resulta de gran ayuda la realizaci\u00f3n de test microbiol\u00f3gicos que permitan la identificaci\u00f3n de los principales pat\u00f3genos relacionados con la periodontitis y la periimplantitis as\u00ed como de an\u00e1lisis gen\u00e9ticos que orienten sobre el riesgo que presenta el paciente de padecer este tipo de problemas. El conocimiento de la situaci\u00f3n microbiol\u00f3gica y gen\u00e9tica del paciente permite un plan de tratamiento personalizado. Por eso hemos incorporado en nuestra consulta la posibilidad de realizar estos test en aquellos pacientes que lo precisen. En concreto, podemos realizar tres tipos de test:<\/p>\t\t\t\t\t\t\t\t<\/div>\n\t\t\t\t<\/div>\n\t\t\t\t\t<\/div>\n\t\t\t\t<\/div>\n\t\t<div class=\"elementor-element elementor-element-5dfec9a e-flex e-con-boxed wpr-particle-no wpr-jarallax-no wpr-parallax-no wpr-sticky-section-no e-con e-parent\" data-id=\"5dfec9a\" data-element_type=\"container\">\n\t\t\t\t\t<div class=\"e-con-inner\">\n\t\t<div class=\"elementor-element elementor-element-c70f3e1 e-con-full e-flex wpr-particle-no wpr-jarallax-no wpr-parallax-no wpr-sticky-section-no e-con e-child\" data-id=\"c70f3e1\" data-element_type=\"container\">\n\t\t<div class=\"elementor-element elementor-element-2b04541 e-con-full e-flex wpr-particle-no wpr-jarallax-no wpr-parallax-no wpr-sticky-section-no e-con e-child\" data-id=\"2b04541\" data-element_type=\"container\">\n\t\t\t\t<div class=\"elementor-element elementor-element-8ac0d38 elementor-widget elementor-widget-image\" data-id=\"8ac0d38\" data-element_type=\"widget\" data-widget_type=\"image.default\">\n\t\t\t\t<div class=\"elementor-widget-container\">\n\t\t\t\t\t\t\t\t\t\t\t\t\t\t\t<img fetchpriority=\"high\" decoding=\"async\" width=\"300\" height=\"200\" src=\"https:\/\/www.clinicapulgar.com\/wp-content\/uploads\/2025\/11\/laboratory-563423_1280-300x200.jpg\" class=\"attachment-medium size-medium wp-image-1968\" alt=\"\" srcset=\"https:\/\/www.clinicapulgar.com\/wp-content\/uploads\/2025\/11\/laboratory-563423_1280-300x200.jpg 300w, https:\/\/www.clinicapulgar.com\/wp-content\/uploads\/2025\/11\/laboratory-563423_1280-1024x682.jpg 1024w, https:\/\/www.clinicapulgar.com\/wp-content\/uploads\/2025\/11\/laboratory-563423_1280-768x512.jpg 768w, https:\/\/www.clinicapulgar.com\/wp-content\/uploads\/2025\/11\/laboratory-563423_1280-18x12.jpg 18w, https:\/\/www.clinicapulgar.com\/wp-content\/uploads\/2025\/11\/laboratory-563423_1280-600x400.jpg 600w, https:\/\/www.clinicapulgar.com\/wp-content\/uploads\/2025\/11\/laboratory-563423_1280.jpg 1280w\" sizes=\"(max-width: 300px) 100vw, 300px\" \/>\t\t\t\t\t\t\t\t\t\t\t\t\t\t\t<\/div>\n\t\t\t\t<\/div>\n\t\t\t\t<div class=\"elementor-element elementor-element-aa38d41 elementor-widget elementor-widget-text-editor\" data-id=\"aa38d41\" data-element_type=\"widget\" data-widget_type=\"text-editor.default\">\n\t\t\t\t<div class=\"elementor-widget-container\">\n\t\t\t\t\t\t\t\t\t<p><strong>TEST MICROBIOL\u00d3GICO B\u00c1SICO<\/strong><\/p><p>Detecta y cuantifica los 5 pat\u00f3genos periodontales m\u00e1s agresivos y relevantes cl\u00ednicamente, clave en el inicio y progresi\u00f3n de la enfermedad. Ideal para:<\/p><ul><li><strong>Screening Inicial:<\/strong> Perfecto en pacientes con gingivitis o periodontitis moderada.<\/li><li><strong>Terapia dirigida eficaz:<\/strong> Proporciona la informaci\u00f3n esencial para elegir el antibi\u00f3tico correcto contra los pat\u00f3genos m\u00e1s virulentos.<\/li><li><strong>Control de eficacia<\/strong> post-tratamiento (raspado y alisado radicular).<\/li><li><strong>Base para una antibioticoterapia dirigida<\/strong>, evitando el uso emp\u00edrico.<\/li><li><strong>R\u00e1pido y Sencillo:<\/strong> Resultados claros y accionables en 7 d\u00edas, con una toma de muestra m\u00ednimamente invasiva.<\/li><\/ul>\t\t\t\t\t\t\t\t<\/div>\n\t\t\t\t<\/div>\n\t\t\t\t<\/div>\n\t\t\t\t<\/div>\n\t\t<div class=\"elementor-element elementor-element-0dd9093 e-con-full e-flex wpr-particle-no wpr-jarallax-no wpr-parallax-no wpr-sticky-section-no e-con e-child\" data-id=\"0dd9093\" data-element_type=\"container\">\n\t\t<div class=\"elementor-element elementor-element-e79efb8 e-con-full e-flex wpr-particle-no wpr-jarallax-no wpr-parallax-no wpr-sticky-section-no e-con e-child\" data-id=\"e79efb8\" data-element_type=\"container\">\n\t\t\t\t<div class=\"elementor-element elementor-element-c3b82a3 elementor-widget elementor-widget-image\" data-id=\"c3b82a3\" data-element_type=\"widget\" data-widget_type=\"image.default\">\n\t\t\t\t<div class=\"elementor-widget-container\">\n\t\t\t\t\t\t\t\t\t\t\t\t\t\t\t<img decoding=\"async\" width=\"300\" height=\"200\" src=\"https:\/\/www.clinicapulgar.com\/wp-content\/uploads\/2025\/11\/science-7788808_1280-300x200.jpg\" class=\"attachment-medium size-medium wp-image-1970\" alt=\"\" srcset=\"https:\/\/www.clinicapulgar.com\/wp-content\/uploads\/2025\/11\/science-7788808_1280-300x200.jpg 300w, https:\/\/www.clinicapulgar.com\/wp-content\/uploads\/2025\/11\/science-7788808_1280-1024x682.jpg 1024w, https:\/\/www.clinicapulgar.com\/wp-content\/uploads\/2025\/11\/science-7788808_1280-768x512.jpg 768w, https:\/\/www.clinicapulgar.com\/wp-content\/uploads\/2025\/11\/science-7788808_1280-18x12.jpg 18w, https:\/\/www.clinicapulgar.com\/wp-content\/uploads\/2025\/11\/science-7788808_1280-600x400.jpg 600w, https:\/\/www.clinicapulgar.com\/wp-content\/uploads\/2025\/11\/science-7788808_1280.jpg 1280w\" sizes=\"(max-width: 300px) 100vw, 300px\" \/>\t\t\t\t\t\t\t\t\t\t\t\t\t\t\t<\/div>\n\t\t\t\t<\/div>\n\t\t\t\t<div class=\"elementor-element elementor-element-f5d8828 elementor-widget elementor-widget-text-editor\" data-id=\"f5d8828\" data-element_type=\"widget\" data-widget_type=\"text-editor.default\">\n\t\t\t\t<div class=\"elementor-widget-container\">\n\t\t\t\t\t\t\t\t\t<p><strong>ESTUDIO DE PREDISPOSICION GEN\u00c9TICA<\/strong><\/p><p>A partir de una muestra (frotis en la mejilla) proporciona informaci\u00f3n sobre si hay mayor riesgo de presentar periodontitis por el perfil gen\u00e9tico. La respuesta inflamatoria del paciente es un factor cr\u00edtico en la progresi\u00f3n de la enfermedad.<\/p><p><strong>\u00bfPor qu\u00e9 algunos pacientes fracasan y otros no? <\/strong><\/p><p>Para un completo perfil del paciente, recomendamos combinar el an\u00e1lisis microbiol\u00f3gico con la prueba GenoType IL-1. Este test gen\u00e9tico identifica polimorfismos en el gen de la Interleucina-1 (IL-1), la citoquina proinflamatoria m\u00e1s importante en la periodontitis. Clasifica a sus pacientes en <strong>4 categor\u00edas de riesgo<\/strong> inflamatorio gen\u00e9tico (A-D). Un paciente con alto riesgo gen\u00e9tico (Genotipo D) y una alta carga de <em>P. gingivalis <\/em>requerir\u00e1 un protocolo de tratamiento y mantenimiento mucho m\u00e1s agresivo y frecuente que un paciente de bajo riesgo.<\/p>\t\t\t\t\t\t\t\t<\/div>\n\t\t\t\t<\/div>\n\t\t\t\t<\/div>\n\t\t\t\t<\/div>\n\t\t<div class=\"elementor-element elementor-element-f95e186 e-con-full e-flex wpr-particle-no wpr-jarallax-no wpr-parallax-no wpr-sticky-section-no e-con e-child\" data-id=\"f95e186\" data-element_type=\"container\">\n\t\t<div class=\"elementor-element elementor-element-6c20989 e-con-full e-flex wpr-particle-no wpr-jarallax-no wpr-parallax-no wpr-sticky-section-no e-con e-child\" data-id=\"6c20989\" data-element_type=\"container\">\n\t\t\t\t<div class=\"elementor-element elementor-element-9bf50ab elementor-widget elementor-widget-image\" data-id=\"9bf50ab\" data-element_type=\"widget\" data-widget_type=\"image.default\">\n\t\t\t\t<div class=\"elementor-widget-container\">\n\t\t\t\t\t\t\t\t\t\t\t\t\t\t\t<img decoding=\"async\" width=\"300\" height=\"200\" src=\"https:\/\/www.clinicapulgar.com\/wp-content\/uploads\/2025\/11\/blood-test-5601437_1280-300x200.jpg\" class=\"attachment-medium size-medium wp-image-1967\" alt=\"\" srcset=\"https:\/\/www.clinicapulgar.com\/wp-content\/uploads\/2025\/11\/blood-test-5601437_1280-300x200.jpg 300w, https:\/\/www.clinicapulgar.com\/wp-content\/uploads\/2025\/11\/blood-test-5601437_1280-1024x682.jpg 1024w, https:\/\/www.clinicapulgar.com\/wp-content\/uploads\/2025\/11\/blood-test-5601437_1280-768x512.jpg 768w, https:\/\/www.clinicapulgar.com\/wp-content\/uploads\/2025\/11\/blood-test-5601437_1280-18x12.jpg 18w, https:\/\/www.clinicapulgar.com\/wp-content\/uploads\/2025\/11\/blood-test-5601437_1280-600x400.jpg 600w, https:\/\/www.clinicapulgar.com\/wp-content\/uploads\/2025\/11\/blood-test-5601437_1280.jpg 1280w\" sizes=\"(max-width: 300px) 100vw, 300px\" \/>\t\t\t\t\t\t\t\t\t\t\t\t\t\t\t<\/div>\n\t\t\t\t<\/div>\n\t\t\t\t<div class=\"elementor-element elementor-element-6733412 elementor-widget elementor-widget-text-editor\" data-id=\"6733412\" data-element_type=\"widget\" data-widget_type=\"text-editor.default\">\n\t\t\t\t<div class=\"elementor-widget-container\">\n\t\t\t\t\t\t\t\t\t<p><strong>TEST MICROBIOL\u00d3GICO PLUS<\/strong><\/p><p>An\u00e1lisis ampliado que detecta y cuantifica 11 especies bacterianas. Ofrece una visi\u00f3n completa del ecosistema periodontal. Ideal para:<\/p><ul><li><strong>Casos complejos:<\/strong> periodontitis refractaria, agresiva, recidivante. Fracaso de implante.<\/li><li><strong>Evaluaci\u00f3n pre-implantaria:<\/strong> Identifica riesgo de periimplantitis antes de colocar un implante.<\/li><li><strong>Diagn\u00f3stico y tratamiento<\/strong> de la periimplantitis.<\/li><li><strong>Terapia antibi\u00f3tica<\/strong> de precisi\u00f3n basada en perfiles de sensibilidad, evitando el uso emp\u00edrico.<\/li><\/ul>\t\t\t\t\t\t\t\t<\/div>\n\t\t\t\t<\/div>\n\t\t\t\t<\/div>\n\t\t\t\t<\/div>\n\t\t\t\t\t<\/div>\n\t\t\t\t<\/div>\n\t\t<div class=\"elementor-element elementor-element-4263a8c e-flex e-con-boxed wpr-particle-no wpr-jarallax-no wpr-parallax-no wpr-sticky-section-no e-con e-parent\" data-id=\"4263a8c\" data-element_type=\"container\">\n\t\t\t\t\t<div class=\"e-con-inner\">\n\t\t\t\t<div class=\"elementor-element elementor-element-7d0181d elementor-widget elementor-widget-text-editor\" data-id=\"7d0181d\" data-element_type=\"widget\" data-widget_type=\"text-editor.default\">\n\t\t\t\t<div class=\"elementor-widget-container\">\n\t\t\t\t\t\t\t\t\t<p><strong>LOS TEST TIENEN VALIDEZ DIAGN\u00d3STICA<\/strong> y marcador IVD (<strong>marcado CE<\/strong> para <a href=\"https:\/\/www.google.com\/search?client=firefox-b-e&amp;q=Dispositivos+de+Diagn%C3%B3stico+In+Vitro&amp;mstk=AUtExfAuVZdz4KQ36ZtbGL-eh-OO7bqVIUMowTYUY0IDrmaGs-T0QOZlXwSlrQdy2RoL1NXPCcBxXqKHmqk4u2AxMO1ci4LlKGjPEZOdXfBNgr40BkuLTM41fDLlysDzxatgWwIbeQLRwbA1ms9q63SnnFRV84eJQkzLWO6gPgQDJ9kVIC1GvfQnL9RyTX7qn12AJKFNKLTpLGNM7SPVwLMNrn8MG1Tui-n50IY4iOv2lcvIHzz7hWes6hF71O_S-bK-BydEcBiA4Mr9abppTzDM6H6J&amp;csui=3&amp;ved=2ahUKEwiPrMDX9umQAxXrUKQEHW-FKgEQgK4QegQIARAC\"><strong>Dispositivos de Diagn\u00f3stico In Vitro<\/strong><\/a><strong> (IVD)<\/strong>, que certifica que un producto cumple con las regulaciones de la Uni\u00f3n Europea para ser comercializado legalmente)<\/p>\t\t\t\t\t\t\t\t<\/div>\n\t\t\t\t<\/div>\n\t\t\t\t\t<\/div>\n\t\t\t\t<\/div>\n\t\t<div class=\"elementor-element elementor-element-949626d e-flex e-con-boxed wpr-particle-no wpr-jarallax-no wpr-parallax-no wpr-sticky-section-no e-con e-parent\" data-id=\"949626d\" data-element_type=\"container\">\n\t\t\t\t\t<div class=\"e-con-inner\">\n\t\t\t\t<div class=\"elementor-element elementor-element-9408b72 elementor-widget elementor-widget-image\" data-id=\"9408b72\" data-element_type=\"widget\" data-widget_type=\"image.default\">\n\t\t\t\t<div class=\"elementor-widget-container\">\n\t\t\t\t\t\t\t\t\t\t\t\t\t\t\t<img decoding=\"async\" src=\"https:\/\/www.clinicapulgar.com\/wp-content\/uploads\/2025\/11\/downloaded-image1.png\" title=\"downloaded-image1\" alt=\"downloaded-image1\" loading=\"lazy\" \/>\t\t\t\t\t\t\t\t\t\t\t\t\t\t\t<\/div>\n\t\t\t\t<\/div>\n\t\t\t\t\t<\/div>\n\t\t\t\t<\/div>\n\t\t\t\t<\/div>","protected":false},"excerpt":{"rendered":"<p>NUESTRAS ESPECIALIDADESDermocosm\u00e9tica m\u00e9dica Mesoterapia facial Mesoterapia facial virtual Peelings Neuromoduladores Rellenos faciales. Bioplastias Hilos tensores Inductores del col\u00e1geno: Hidroxiapatita c\u00e1lcica Plexr Criolipolisis \u00bfNECESITA M\u00c1S INFORMACI\u00d3N? Contacta&#8230;<br \/><a href=\"https:\/\/www.clinicapulgar.com\/en\/test-riesgo-periimplantitis\/\" class=\"btn btn_more\">Leer m\u00e1s<\/a><\/p>","protected":false},"author":4,"featured_media":598,"parent":0,"menu_order":0,"comment_status":"closed","ping_status":"closed","template":"template-one-page.php","meta":{"footnotes":""},"class_list":["post-1884","page","type-page","status-publish","has-post-thumbnail","hentry"],"yoast_head":"<!-- This site is optimized with the Yoast SEO plugin v26.7 - https:\/\/yoast.com\/wordpress\/plugins\/seo\/ -->\n<title>Test riesgo periimplantitis | periodontitis - Clinica Rosa Pulgar<\/title>\n<meta name=\"robots\" content=\"index, follow, max-snippet:-1, max-image-preview:large, max-video-preview:-1\" \/>\n<link rel=\"canonical\" href=\"https:\/\/www.clinicapulgar.com\/en\/test-riesgo-periimplantitis\/\" \/>\n<meta property=\"og:locale\" content=\"en_GB\" \/>\n<meta property=\"og:type\" content=\"article\" \/>\n<meta property=\"og:title\" content=\"Test riesgo periimplantitis | periodontitis - Clinica Rosa Pulgar\" \/>\n<meta property=\"og:description\" content=\"NUESTRAS ESPECIALIDADESDermocosm\u00e9tica m\u00e9dica Mesoterapia facial Mesoterapia facial virtual Peelings Neuromoduladores Rellenos faciales. Bioplastias Hilos tensores Inductores del col\u00e1geno: Hidroxiapatita c\u00e1lcica Plexr Criolipolisis \u00bfNECESITA M\u00c1S INFORMACI\u00d3N? Contacta...Leer m\u00e1s\" \/>\n<meta property=\"og:url\" content=\"https:\/\/www.clinicapulgar.com\/en\/test-riesgo-periimplantitis\/\" \/>\n<meta property=\"og:site_name\" content=\"Clinica Rosa Pulgar\" \/>\n<meta property=\"article:modified_time\" content=\"2025-12-01T08:08:30+00:00\" \/>\n<meta property=\"og:image\" content=\"https:\/\/www.clinicapulgar.com\/wp-content\/uploads\/2018\/04\/foto46.jpg\" \/>\n\t<meta property=\"og:image:width\" content=\"1147\" \/>\n\t<meta property=\"og:image:height\" content=\"759\" \/>\n\t<meta property=\"og:image:type\" content=\"image\/jpeg\" \/>\n<meta name=\"twitter:card\" content=\"summary_large_image\" \/>\n<meta name=\"twitter:label1\" content=\"Estimated reading time\" \/>\n\t<meta name=\"twitter:data1\" content=\"3 minutes\" \/>\n<script type=\"application\/ld+json\" class=\"yoast-schema-graph\">{\"@context\":\"https:\/\/schema.org\",\"@graph\":[{\"@type\":\"WebPage\",\"@id\":\"https:\/\/www.clinicapulgar.com\/test-riesgo-periimplantitis\/\",\"url\":\"https:\/\/www.clinicapulgar.com\/test-riesgo-periimplantitis\/\",\"name\":\"Test riesgo periimplantitis | periodontitis - Clinica Rosa Pulgar\",\"isPartOf\":{\"@id\":\"https:\/\/www.clinicapulgar.com\/#website\"},\"primaryImageOfPage\":{\"@id\":\"https:\/\/www.clinicapulgar.com\/test-riesgo-periimplantitis\/#primaryimage\"},\"image\":{\"@id\":\"https:\/\/www.clinicapulgar.com\/test-riesgo-periimplantitis\/#primaryimage\"},\"thumbnailUrl\":\"https:\/\/www.clinicapulgar.com\/wp-content\/uploads\/2018\/04\/foto46.jpg\",\"datePublished\":\"2025-11-25T08:54:46+00:00\",\"dateModified\":\"2025-12-01T08:08:30+00:00\",\"breadcrumb\":{\"@id\":\"https:\/\/www.clinicapulgar.com\/test-riesgo-periimplantitis\/#breadcrumb\"},\"inLanguage\":\"en-GB\",\"potentialAction\":[{\"@type\":\"ReadAction\",\"target\":[\"https:\/\/www.clinicapulgar.com\/test-riesgo-periimplantitis\/\"]}]},{\"@type\":\"ImageObject\",\"inLanguage\":\"en-GB\",\"@id\":\"https:\/\/www.clinicapulgar.com\/test-riesgo-periimplantitis\/#primaryimage\",\"url\":\"https:\/\/www.clinicapulgar.com\/wp-content\/uploads\/2018\/04\/foto46.jpg\",\"contentUrl\":\"https:\/\/www.clinicapulgar.com\/wp-content\/uploads\/2018\/04\/foto46.jpg\",\"width\":1147,\"height\":759},{\"@type\":\"BreadcrumbList\",\"@id\":\"https:\/\/www.clinicapulgar.com\/test-riesgo-periimplantitis\/#breadcrumb\",\"itemListElement\":[{\"@type\":\"ListItem\",\"position\":1,\"name\":\"Home\",\"item\":\"https:\/\/www.clinicapulgar.com\/\"},{\"@type\":\"ListItem\",\"position\":2,\"name\":\"Test riesgo periimplantitis | periodontitis\"}]},{\"@type\":\"WebSite\",\"@id\":\"https:\/\/www.clinicapulgar.com\/#website\",\"url\":\"https:\/\/www.clinicapulgar.com\/\",\"name\":\"Clinica Rosa Pulgar\",\"description\":\"Cl\u00ednica dental Rosa Pulgar - est\u00e9tica dental\",\"potentialAction\":[{\"@type\":\"SearchAction\",\"target\":{\"@type\":\"EntryPoint\",\"urlTemplate\":\"https:\/\/www.clinicapulgar.com\/?s={search_term_string}\"},\"query-input\":{\"@type\":\"PropertyValueSpecification\",\"valueRequired\":true,\"valueName\":\"search_term_string\"}}],\"inLanguage\":\"en-GB\"}]}<\/script>\n<!-- \/ Yoast SEO plugin. -->","yoast_head_json":{"title":"Test riesgo periimplantitis | periodontitis - Clinica Rosa Pulgar","robots":{"index":"index","follow":"follow","max-snippet":"max-snippet:-1","max-image-preview":"max-image-preview:large","max-video-preview":"max-video-preview:-1"},"canonical":"https:\/\/www.clinicapulgar.com\/en\/test-riesgo-periimplantitis\/","og_locale":"en_GB","og_type":"article","og_title":"Test riesgo periimplantitis | periodontitis - Clinica Rosa Pulgar","og_description":"NUESTRAS ESPECIALIDADESDermocosm\u00e9tica m\u00e9dica Mesoterapia facial Mesoterapia facial virtual Peelings Neuromoduladores Rellenos faciales. Bioplastias Hilos tensores Inductores del col\u00e1geno: Hidroxiapatita c\u00e1lcica Plexr Criolipolisis \u00bfNECESITA M\u00c1S INFORMACI\u00d3N? Contacta...Leer m\u00e1s","og_url":"https:\/\/www.clinicapulgar.com\/en\/test-riesgo-periimplantitis\/","og_site_name":"Clinica Rosa Pulgar","article_modified_time":"2025-12-01T08:08:30+00:00","og_image":[{"width":1147,"height":759,"url":"https:\/\/www.clinicapulgar.com\/wp-content\/uploads\/2018\/04\/foto46.jpg","type":"image\/jpeg"}],"twitter_card":"summary_large_image","twitter_misc":{"Estimated reading time":"3 minutes"},"schema":{"@context":"https:\/\/schema.org","@graph":[{"@type":"WebPage","@id":"https:\/\/www.clinicapulgar.com\/test-riesgo-periimplantitis\/","url":"https:\/\/www.clinicapulgar.com\/test-riesgo-periimplantitis\/","name":"Test riesgo periimplantitis | periodontitis - Clinica Rosa Pulgar","isPartOf":{"@id":"https:\/\/www.clinicapulgar.com\/#website"},"primaryImageOfPage":{"@id":"https:\/\/www.clinicapulgar.com\/test-riesgo-periimplantitis\/#primaryimage"},"image":{"@id":"https:\/\/www.clinicapulgar.com\/test-riesgo-periimplantitis\/#primaryimage"},"thumbnailUrl":"https:\/\/www.clinicapulgar.com\/wp-content\/uploads\/2018\/04\/foto46.jpg","datePublished":"2025-11-25T08:54:46+00:00","dateModified":"2025-12-01T08:08:30+00:00","breadcrumb":{"@id":"https:\/\/www.clinicapulgar.com\/test-riesgo-periimplantitis\/#breadcrumb"},"inLanguage":"en-GB","potentialAction":[{"@type":"ReadAction","target":["https:\/\/www.clinicapulgar.com\/test-riesgo-periimplantitis\/"]}]},{"@type":"ImageObject","inLanguage":"en-GB","@id":"https:\/\/www.clinicapulgar.com\/test-riesgo-periimplantitis\/#primaryimage","url":"https:\/\/www.clinicapulgar.com\/wp-content\/uploads\/2018\/04\/foto46.jpg","contentUrl":"https:\/\/www.clinicapulgar.com\/wp-content\/uploads\/2018\/04\/foto46.jpg","width":1147,"height":759},{"@type":"BreadcrumbList","@id":"https:\/\/www.clinicapulgar.com\/test-riesgo-periimplantitis\/#breadcrumb","itemListElement":[{"@type":"ListItem","position":1,"name":"Home","item":"https:\/\/www.clinicapulgar.com\/"},{"@type":"ListItem","position":2,"name":"Test riesgo periimplantitis | periodontitis"}]},{"@type":"WebSite","@id":"https:\/\/www.clinicapulgar.com\/#website","url":"https:\/\/www.clinicapulgar.com\/","name":"Clinica Rosa Pulgar","description":"Cl\u00ednica dental Rosa Pulgar - est\u00e9tica dental","potentialAction":[{"@type":"SearchAction","target":{"@type":"EntryPoint","urlTemplate":"https:\/\/www.clinicapulgar.com\/?s={search_term_string}"},"query-input":{"@type":"PropertyValueSpecification","valueRequired":true,"valueName":"search_term_string"}}],"inLanguage":"en-GB"}]}},"_links":{"self":[{"href":"https:\/\/www.clinicapulgar.com\/en\/wp-json\/wp\/v2\/pages\/1884","targetHints":{"allow":["GET"]}}],"collection":[{"href":"https:\/\/www.clinicapulgar.com\/en\/wp-json\/wp\/v2\/pages"}],"about":[{"href":"https:\/\/www.clinicapulgar.com\/en\/wp-json\/wp\/v2\/types\/page"}],"author":[{"embeddable":true,"href":"https:\/\/www.clinicapulgar.com\/en\/wp-json\/wp\/v2\/users\/4"}],"replies":[{"embeddable":true,"href":"https:\/\/www.clinicapulgar.com\/en\/wp-json\/wp\/v2\/comments?post=1884"}],"version-history":[{"count":29,"href":"https:\/\/www.clinicapulgar.com\/en\/wp-json\/wp\/v2\/pages\/1884\/revisions"}],"predecessor-version":[{"id":1982,"href":"https:\/\/www.clinicapulgar.com\/en\/wp-json\/wp\/v2\/pages\/1884\/revisions\/1982"}],"wp:featuredmedia":[{"embeddable":true,"href":"https:\/\/www.clinicapulgar.com\/en\/wp-json\/wp\/v2\/media\/598"}],"wp:attachment":[{"href":"https:\/\/www.clinicapulgar.com\/en\/wp-json\/wp\/v2\/media?parent=1884"}],"curies":[{"name":"wp","href":"https:\/\/api.w.org\/{rel}","templated":true}]}}