{"id":163,"date":"2018-04-09T19:00:48","date_gmt":"2018-04-09T19:00:48","guid":{"rendered":"https:\/\/www.rosapulgar.com\/?page_id=163"},"modified":"2025-01-28T13:43:06","modified_gmt":"2025-01-28T13:43:06","slug":"criolipolisis","status":"publish","type":"page","link":"https:\/\/www.clinicapulgar.com\/en\/medicina-estetica\/corporal\/grasa-localizada\/criolipolisis\/","title":{"rendered":"Criolipolisis"},"content":{"rendered":"<!-- section -->\n<section   class=\"enh_section enh_image_bck\"  >\n\n\t\t\n\n\n\t\t    <div class=\"container intro_text_lc\">\n    \n    <!-- vertical text -->\n    <div class=\"enh_slider_copyright\"><\/div>\n\t\t\n    \n\t\t\n\n    <div class=\"fw-row\">\n\t\n\n\n\n\n\n<div class=\"fw-col-xs-12 fw-col-sm-4   enh_image_bck   enh_col\"  >\n\t\n\t\n  <!-- vertical text -->\n  <div class=\"enh_slider_copyright\"><\/div>\n    \n    \n    <div class=\"\">\t\n    \n\t\t<div class=\"text_block\">\n<div class=\"menusidebar\"><span class=\"titlesubmenu\">NUESTRAS ESPECIALIDADES<\/span><br \/><div class=\"menu-container\"><ul id=\"menu-medicina-estetica\" class=\"menu\"><li id=\"menu-item-448\" class=\"menu-item menu-item-type-custom menu-item-object-custom menu-item-448\"><a href=\"\/en\/medicina-estetica\/facial\/arrugas\/neuromodulador\/\">Neuromodulador en arrugas de expresi\u00f3n<\/a><\/li>\n<li id=\"menu-item-449\" class=\"menu-item menu-item-type-custom menu-item-object-custom menu-item-449\"><a href=\"\/en\/medicina-estetica\/facial\/rejuvenecimiento-facial-integral\/\">Rejuvenecimiento Facial<\/a><\/li>\n<li id=\"menu-item-450\" class=\"menu-item menu-item-type-custom menu-item-object-custom menu-item-450\"><a href=\"\/en\/medicina-estetica\/hilos\/\">Hilos tensores V-Lift<\/a><\/li>\n<li id=\"menu-item-451\" class=\"menu-item menu-item-type-custom menu-item-object-custom menu-item-451\"><a href=\"\/en\/medicina-estetica\/facial\/arrugas\/rellenos-faciales-bioplastia\/\">Rellenos faciales \/ Bioplastia<\/a><\/li>\n<li id=\"menu-item-452\" class=\"menu-item menu-item-type-custom menu-item-object-custom menu-item-452\"><a href=\"\/en\/medicina-estetica\/mesoterapia-corporal\/\">Mesoterapia corporal<\/a><\/li>\n<li id=\"menu-item-453\" class=\"menu-item menu-item-type-custom menu-item-object-custom menu-item-453\"><a href=\"\/en\/medicina-estetica\/mesoterapia-facial\/\">Mesoterapia revitalizante<\/a><\/li>\n<li id=\"menu-item-454\" class=\"menu-item menu-item-type-custom menu-item-object-custom menu-item-454\"><a href=\"\/en\/medicina-estetica\/mesoterapia-virtual\/\">Mesoterapia virtual<\/a><\/li>\n<li id=\"menu-item-455\" class=\"menu-item menu-item-type-custom menu-item-object-custom menu-item-455\"><a href=\"\/en\/medicina-estetica\/corporal\/grasa-localizada\/criolipolisis\/\">Criolipolisis<\/a><\/li>\n<li id=\"menu-item-456\" class=\"menu-item menu-item-type-custom menu-item-object-custom menu-item-456\"><a href=\"\/en\/medicina-estetica\/facial\/manchas-en-la-cara\/peelings-despigmentantes\/\">Peeling despigmentante<\/a><\/li>\n<li id=\"menu-item-457\" class=\"menu-item menu-item-type-custom menu-item-object-custom menu-item-457\"><a href=\"\/en\/medicina-estetica\/facial\/piel-envejecida\/peelings\/\">Peeling revitalizante<\/a><\/li>\n<li id=\"menu-item-458\" class=\"menu-item menu-item-type-custom menu-item-object-custom menu-item-458\"><a href=\"\/en\/medicina-estetica\/facial\/remodelado-aumento-de-labios-rejuvenecimiento-labial\/\">Remodelaci\u00f3n labial<\/a><\/li>\n<li id=\"menu-item-459\" class=\"menu-item menu-item-type-custom menu-item-object-custom menu-item-459\"><a href=\"\/en\/medicina-estetica\/facial\/flacidez-facial\/retensado-facial-con-radiesse\/\">Retensado facial<\/a><\/li>\n<li id=\"menu-item-460\" class=\"menu-item menu-item-type-custom menu-item-object-custom menu-item-460\"><a href=\"\/en\/medicina-estetica\/plexr\/\">Plexr<\/a><\/li>\n<\/ul><\/div><\/div><\/div><div class=\"text_block\">\n<div class=\"bannersidebar\"><h5> \u00bfNECESITA M\u00c1S INFORMACI\u00d3N?<\/h5><p><span> Contacta con nosotros y nuestro equipo de profesionales contactar\u00e1 lo antes posible con usted<\/span><br \/><a href=\"\/en\/contacto\/\"> CONTACTA CON NOSOTROS<\/a><\/div><\/div>    <\/div>\n    \n\t\n<\/div>\n\n\n\n\n\n\n<div class=\"fw-col-xs-12 fw-col-sm-8   enh_image_bck   enh_col\"  >\n\t\n\t\n  <!-- vertical text -->\n  <div class=\"enh_slider_copyright\"><\/div>\n    \n    \n    <div class=\"\">\t\n    \n\t\t<div class=\"text_block\">\n<p>Hace algunos a\u00f1os cient\u00edficos americanos descubrieron que los adipocitos, las c\u00e9lulas que almacenan la grasa en el organismo, son m\u00e1s sensibles al frio que el resto de las c\u00e9lulas que les rodean. Este es el principio de la criolipolisis, la destrucci\u00f3n de c\u00e9lulas grasas mediante frio.<\/p><p>La criolipolisis no es un medio de adelgazamiento. Permite eliminar de forma selectiva ac\u00famulos de tejido graso antiest\u00e9ticos. Sin embargo, combinado adecuadamente con dieta y ejercicio, puede ser un excelente medio para recuperar la figura perdida o, en aquellos casos en los que no se desee perder peso, quitar esa grasa que nos molesta. En definitiva, es un excelente m\u00e9todo no invasivo para eliminar ac\u00famulos grasos en aquellos pacientes que no desean cirug\u00eda. La eficacia de la criolipolisis depende de las condiciones en las que se aplique. S\u00f3lo m\u00e9dicos pueden trabajar con condiciones de temperatura y presi\u00f3n que hacen que la t\u00e9cnica resulte realmente eficaz.<\/p><p><strong>Somos pioneros en criolipolisis m\u00e9dica en Granada<\/strong>.<\/p><\/div><img decoding=\"async\" src=\"\/\/www.rosapulgar.com\/wp-content\/uploads\/2018\/04\/foto37.jpg\" alt=\"\/\/www.rosapulgar.com\/wp-content\/uploads\/2018\/04\/foto37.jpg\" width=\"600\" \/><div class=\"text_block\">\n<p><strong class=\"subtitle\">Indicaciones<\/strong><br \/>Ac\u00famulos de grasa subcut\u00e1nea en flancos, cara interna de las rodilla, abdomen, muslos, zona trocant\u00e9rea (cartuchera), zona subescapular. <\/p><\/div><div class=\"text_block\">\n<p><strong class=\"subtitle\">Procedimiento y aparatolog\u00eda<\/strong><br \/>El procedimiento consiste en aplicar selectivamente frio al tejido adiposo. Para ello, el dispositivo aplica un sistema de vac\u00edo en la zona de tratamiento que colapsa los vasos sangu\u00edneos. A continuaci\u00f3n comienza a bajar la temperatura del tejido. La congelaci\u00f3n produce apoptosis (muerte celular) de las c\u00e9lulas grasas, adipocitos, que ser\u00e1n progresivamente eliminados por el organismo (sistema linf\u00e1tico). La eliminaci\u00f3n de adipocitos produce una reducci\u00f3n del pan\u00edculo adiposo, visible a partir de la cuarta semana tras la realizaci\u00f3n del tratamiento. El resto de las c\u00e9lulas no sufren da\u00f1os. Como la p\u00e9rdida de volumen es progresiva, el procedimiento no provoca flacidez cut\u00e1nea. El sistema, CoolTech\u00ae, que es el que utilizamos, es exclusivo de uso m\u00e9dico por la baja temperatura a la que trabaja. <\/p><\/div><div class=\"text_block\">\n<p><strong class=\"subtitle\">Sesiones. Mantenimiento<\/strong><br \/>Se recomiendan un par de sesiones por zona tratada, espaciadas 5 semanas. Los resultados ser\u00e1n visibles a los dos meses. <\/p><p>La sesi\u00f3n dura 70 minutos. No precisa anestesia, no es dolorosa aunque a veces se experimenta alguna molestia. Puede volver a su actividad normal inmediatamente despu\u00e9s del procedimiento, incluyendo trabajo y ejercicio.<\/p><p>En cuanto al mantenimiento, si el paciente asocia el tratamiento a dieta sana, ejercicio f\u00edsico y peso estable, los resultados son permanentes. <\/p><\/div><div class=\"text_block\">\n<p><strong class=\"subtitle\">Posibles efectos secundarios<\/strong><br \/>Es posible que aparezca un enrojecimiento moderado en el \u00e1rea tratada. Esto puede durar unos minutos o unas horas. Tambi\u00e9n puede aparecer alg\u00fan hematoma localizado, que desaparece en poco tiempo. Algunos pacientes experimentan una sensaci\u00f3n de hormigueo o adormecimiento de la zona tratada, que puede durar de 1 a 3 semanas.<\/p><p><strong class=\"subtitle\">Contraindicaciones<\/strong><\/p><p>Enfermedad de Reynaud u otras enfermedades relacionadas con el frio (crioglobulinemia); enfermedades cut\u00e1neas o sist\u00e9micas graves.<\/p><\/div><img decoding=\"async\" src=\"\/\/www.rosapulgar.com\/wp-content\/uploads\/2018\/04\/foto38.jpg\" alt=\"\/\/www.rosapulgar.com\/wp-content\/uploads\/2018\/04\/foto38.jpg\" width=\"600\" \/>    <\/div>\n    \n\t\n<\/div>\n<\/div>\n\n\n\n    <\/div>\n    <!-- container end -->\n<\/section>\n<!-- section end -->","protected":false},"excerpt":{"rendered":"<p>NUESTRAS ESPECIALIDADESNeuromodulador en arrugas de expresi\u00f3n Rejuvenecimiento Facial Hilos tensores V-Lift Rellenos faciales \/ Bioplastia Mesoterapia corporal Mesoterapia revitalizante Mesoterapia virtual Criolipolisis Peeling despigmentante Peeling revitalizante&#8230;<br \/><a href=\"https:\/\/www.clinicapulgar.com\/en\/medicina-estetica\/corporal\/grasa-localizada\/criolipolisis\/\" class=\"btn btn_more\">Leer m\u00e1s<\/a><\/p>","protected":false},"author":2,"featured_media":568,"parent":156,"menu_order":0,"comment_status":"closed","ping_status":"closed","template":"template-one-page.php","meta":{"footnotes":""},"class_list":["post-163","page","type-page","status-publish","has-post-thumbnail","hentry"],"yoast_head":"<!-- This site is optimized with the Yoast SEO plugin v26.7 - https:\/\/yoast.com\/wordpress\/plugins\/seo\/ -->\n<title>Criolipolisis - Clinica Rosa Pulgar<\/title>\n<meta name=\"description\" content=\"La criolipolisis no es un medio de adelgazamiento. Permite eliminar de forma selectiva ac\u00famulos de tejido graso antiest\u00e9ticos.\" \/>\n<meta name=\"robots\" content=\"index, follow, max-snippet:-1, max-image-preview:large, max-video-preview:-1\" \/>\n<link rel=\"canonical\" href=\"https:\/\/www.clinicapulgar.com\/en\/medicina-estetica\/corporal\/grasa-localizada\/criolipolisis\/\" \/>\n<meta property=\"og:locale\" content=\"en_GB\" \/>\n<meta property=\"og:type\" content=\"article\" \/>\n<meta property=\"og:title\" content=\"Criolipolisis - Clinica Rosa Pulgar\" \/>\n<meta property=\"og:description\" content=\"La criolipolisis no es un medio de adelgazamiento. Permite eliminar de forma selectiva ac\u00famulos de tejido graso antiest\u00e9ticos.\" \/>\n<meta property=\"og:url\" content=\"https:\/\/www.clinicapulgar.com\/en\/medicina-estetica\/corporal\/grasa-localizada\/criolipolisis\/\" \/>\n<meta property=\"og:site_name\" content=\"Clinica Rosa Pulgar\" \/>\n<meta property=\"article:modified_time\" content=\"2025-01-28T13:43:06+00:00\" \/>\n<meta property=\"og:image\" content=\"https:\/\/www.clinicapulgar.com\/wp-content\/uploads\/2018\/04\/foto38.jpg\" \/>\n\t<meta property=\"og:image:width\" content=\"1147\" \/>\n\t<meta property=\"og:image:height\" content=\"759\" \/>\n\t<meta property=\"og:image:type\" content=\"image\/jpeg\" \/>\n<meta name=\"twitter:card\" content=\"summary_large_image\" \/>\n<meta name=\"twitter:label1\" content=\"Estimated reading time\" \/>\n\t<meta name=\"twitter:data1\" content=\"3 minutes\" \/>\n<script type=\"application\/ld+json\" class=\"yoast-schema-graph\">{\"@context\":\"https:\/\/schema.org\",\"@graph\":[{\"@type\":\"WebPage\",\"@id\":\"https:\/\/www.clinicapulgar.com\/medicina-estetica\/corporal\/grasa-localizada\/criolipolisis\/\",\"url\":\"https:\/\/www.clinicapulgar.com\/medicina-estetica\/corporal\/grasa-localizada\/criolipolisis\/\",\"name\":\"Criolipolisis - Clinica Rosa Pulgar\",\"isPartOf\":{\"@id\":\"https:\/\/www.clinicapulgar.com\/#website\"},\"primaryImageOfPage\":{\"@id\":\"https:\/\/www.clinicapulgar.com\/medicina-estetica\/corporal\/grasa-localizada\/criolipolisis\/#primaryimage\"},\"image\":{\"@id\":\"https:\/\/www.clinicapulgar.com\/medicina-estetica\/corporal\/grasa-localizada\/criolipolisis\/#primaryimage\"},\"thumbnailUrl\":\"https:\/\/www.clinicapulgar.com\/wp-content\/uploads\/2018\/04\/foto38.jpg\",\"datePublished\":\"2018-04-09T19:00:48+00:00\",\"dateModified\":\"2025-01-28T13:43:06+00:00\",\"description\":\"La criolipolisis no es un medio de adelgazamiento. Permite eliminar de forma selectiva ac\u00famulos de tejido graso antiest\u00e9ticos.\",\"breadcrumb\":{\"@id\":\"https:\/\/www.clinicapulgar.com\/medicina-estetica\/corporal\/grasa-localizada\/criolipolisis\/#breadcrumb\"},\"inLanguage\":\"en-GB\",\"potentialAction\":[{\"@type\":\"ReadAction\",\"target\":[\"https:\/\/www.clinicapulgar.com\/medicina-estetica\/corporal\/grasa-localizada\/criolipolisis\/\"]}]},{\"@type\":\"ImageObject\",\"inLanguage\":\"en-GB\",\"@id\":\"https:\/\/www.clinicapulgar.com\/medicina-estetica\/corporal\/grasa-localizada\/criolipolisis\/#primaryimage\",\"url\":\"https:\/\/www.clinicapulgar.com\/wp-content\/uploads\/2018\/04\/foto38.jpg\",\"contentUrl\":\"https:\/\/www.clinicapulgar.com\/wp-content\/uploads\/2018\/04\/foto38.jpg\",\"width\":1147,\"height\":759},{\"@type\":\"BreadcrumbList\",\"@id\":\"https:\/\/www.clinicapulgar.com\/medicina-estetica\/corporal\/grasa-localizada\/criolipolisis\/#breadcrumb\",\"itemListElement\":[{\"@type\":\"ListItem\",\"position\":1,\"name\":\"Home\",\"item\":\"https:\/\/www.clinicapulgar.com\/\"},{\"@type\":\"ListItem\",\"position\":2,\"name\":\"Medicina Est\u00e9tica\",\"item\":\"https:\/\/www.clinicapulgar.com\/medicina-estetica\/\"},{\"@type\":\"ListItem\",\"position\":3,\"name\":\"Corporal\",\"item\":\"https:\/\/www.clinicapulgar.com\/medicina-estetica\/corporal\/\"},{\"@type\":\"ListItem\",\"position\":4,\"name\":\"Grasa localizada\",\"item\":\"https:\/\/www.clinicapulgar.com\/medicina-estetica\/corporal\/grasa-localizada\/\"},{\"@type\":\"ListItem\",\"position\":5,\"name\":\"Criolipolisis\"}]},{\"@type\":\"WebSite\",\"@id\":\"https:\/\/www.clinicapulgar.com\/#website\",\"url\":\"https:\/\/www.clinicapulgar.com\/\",\"name\":\"Clinica Rosa Pulgar\",\"description\":\"Cl\u00ednica dental Rosa Pulgar - est\u00e9tica dental\",\"potentialAction\":[{\"@type\":\"SearchAction\",\"target\":{\"@type\":\"EntryPoint\",\"urlTemplate\":\"https:\/\/www.clinicapulgar.com\/?s={search_term_string}\"},\"query-input\":{\"@type\":\"PropertyValueSpecification\",\"valueRequired\":true,\"valueName\":\"search_term_string\"}}],\"inLanguage\":\"en-GB\"}]}<\/script>\n<!-- \/ Yoast SEO plugin. -->","yoast_head_json":{"title":"Criolipolisis - Clinica Rosa Pulgar","description":"La criolipolisis no es un medio de adelgazamiento. Permite eliminar de forma selectiva ac\u00famulos de tejido graso antiest\u00e9ticos.","robots":{"index":"index","follow":"follow","max-snippet":"max-snippet:-1","max-image-preview":"max-image-preview:large","max-video-preview":"max-video-preview:-1"},"canonical":"https:\/\/www.clinicapulgar.com\/en\/medicina-estetica\/corporal\/grasa-localizada\/criolipolisis\/","og_locale":"en_GB","og_type":"article","og_title":"Criolipolisis - Clinica Rosa Pulgar","og_description":"La criolipolisis no es un medio de adelgazamiento. Permite eliminar de forma selectiva ac\u00famulos de tejido graso antiest\u00e9ticos.","og_url":"https:\/\/www.clinicapulgar.com\/en\/medicina-estetica\/corporal\/grasa-localizada\/criolipolisis\/","og_site_name":"Clinica Rosa Pulgar","article_modified_time":"2025-01-28T13:43:06+00:00","og_image":[{"width":1147,"height":759,"url":"https:\/\/www.clinicapulgar.com\/wp-content\/uploads\/2018\/04\/foto38.jpg","type":"image\/jpeg"}],"twitter_card":"summary_large_image","twitter_misc":{"Estimated reading time":"3 minutes"},"schema":{"@context":"https:\/\/schema.org","@graph":[{"@type":"WebPage","@id":"https:\/\/www.clinicapulgar.com\/medicina-estetica\/corporal\/grasa-localizada\/criolipolisis\/","url":"https:\/\/www.clinicapulgar.com\/medicina-estetica\/corporal\/grasa-localizada\/criolipolisis\/","name":"Criolipolisis - Clinica Rosa Pulgar","isPartOf":{"@id":"https:\/\/www.clinicapulgar.com\/#website"},"primaryImageOfPage":{"@id":"https:\/\/www.clinicapulgar.com\/medicina-estetica\/corporal\/grasa-localizada\/criolipolisis\/#primaryimage"},"image":{"@id":"https:\/\/www.clinicapulgar.com\/medicina-estetica\/corporal\/grasa-localizada\/criolipolisis\/#primaryimage"},"thumbnailUrl":"https:\/\/www.clinicapulgar.com\/wp-content\/uploads\/2018\/04\/foto38.jpg","datePublished":"2018-04-09T19:00:48+00:00","dateModified":"2025-01-28T13:43:06+00:00","description":"La criolipolisis no es un medio de adelgazamiento. Permite eliminar de forma selectiva ac\u00famulos de tejido graso antiest\u00e9ticos.","breadcrumb":{"@id":"https:\/\/www.clinicapulgar.com\/medicina-estetica\/corporal\/grasa-localizada\/criolipolisis\/#breadcrumb"},"inLanguage":"en-GB","potentialAction":[{"@type":"ReadAction","target":["https:\/\/www.clinicapulgar.com\/medicina-estetica\/corporal\/grasa-localizada\/criolipolisis\/"]}]},{"@type":"ImageObject","inLanguage":"en-GB","@id":"https:\/\/www.clinicapulgar.com\/medicina-estetica\/corporal\/grasa-localizada\/criolipolisis\/#primaryimage","url":"https:\/\/www.clinicapulgar.com\/wp-content\/uploads\/2018\/04\/foto38.jpg","contentUrl":"https:\/\/www.clinicapulgar.com\/wp-content\/uploads\/2018\/04\/foto38.jpg","width":1147,"height":759},{"@type":"BreadcrumbList","@id":"https:\/\/www.clinicapulgar.com\/medicina-estetica\/corporal\/grasa-localizada\/criolipolisis\/#breadcrumb","itemListElement":[{"@type":"ListItem","position":1,"name":"Home","item":"https:\/\/www.clinicapulgar.com\/"},{"@type":"ListItem","position":2,"name":"Medicina Est\u00e9tica","item":"https:\/\/www.clinicapulgar.com\/medicina-estetica\/"},{"@type":"ListItem","position":3,"name":"Corporal","item":"https:\/\/www.clinicapulgar.com\/medicina-estetica\/corporal\/"},{"@type":"ListItem","position":4,"name":"Grasa localizada","item":"https:\/\/www.clinicapulgar.com\/medicina-estetica\/corporal\/grasa-localizada\/"},{"@type":"ListItem","position":5,"name":"Criolipolisis"}]},{"@type":"WebSite","@id":"https:\/\/www.clinicapulgar.com\/#website","url":"https:\/\/www.clinicapulgar.com\/","name":"Clinica Rosa Pulgar","description":"Cl\u00ednica dental Rosa Pulgar - est\u00e9tica dental","potentialAction":[{"@type":"SearchAction","target":{"@type":"EntryPoint","urlTemplate":"https:\/\/www.clinicapulgar.com\/?s={search_term_string}"},"query-input":{"@type":"PropertyValueSpecification","valueRequired":true,"valueName":"search_term_string"}}],"inLanguage":"en-GB"}]}},"_links":{"self":[{"href":"https:\/\/www.clinicapulgar.com\/en\/wp-json\/wp\/v2\/pages\/163","targetHints":{"allow":["GET"]}}],"collection":[{"href":"https:\/\/www.clinicapulgar.com\/en\/wp-json\/wp\/v2\/pages"}],"about":[{"href":"https:\/\/www.clinicapulgar.com\/en\/wp-json\/wp\/v2\/types\/page"}],"author":[{"embeddable":true,"href":"https:\/\/www.clinicapulgar.com\/en\/wp-json\/wp\/v2\/users\/2"}],"replies":[{"embeddable":true,"href":"https:\/\/www.clinicapulgar.com\/en\/wp-json\/wp\/v2\/comments?post=163"}],"version-history":[{"count":6,"href":"https:\/\/www.clinicapulgar.com\/en\/wp-json\/wp\/v2\/pages\/163\/revisions"}],"predecessor-version":[{"id":916,"href":"https:\/\/www.clinicapulgar.com\/en\/wp-json\/wp\/v2\/pages\/163\/revisions\/916"}],"up":[{"embeddable":true,"href":"https:\/\/www.clinicapulgar.com\/en\/wp-json\/wp\/v2\/pages\/156"}],"wp:featuredmedia":[{"embeddable":true,"href":"https:\/\/www.clinicapulgar.com\/en\/wp-json\/wp\/v2\/media\/568"}],"wp:attachment":[{"href":"https:\/\/www.clinicapulgar.com\/en\/wp-json\/wp\/v2\/media?parent=163"}],"curies":[{"name":"wp","href":"https:\/\/api.w.org\/{rel}","templated":true}]}}