{"id":150,"date":"2018-04-09T18:59:15","date_gmt":"2018-04-09T18:59:15","guid":{"rendered":"https:\/\/www.rosapulgar.com\/?page_id=150"},"modified":"2019-01-05T10:50:24","modified_gmt":"2019-01-05T10:50:24","slug":"tratamientos-capilares","status":"publish","type":"page","link":"https:\/\/www.clinicapulgar.com\/en\/medicina-estetica\/facial\/tratamientos-capilares\/","title":{"rendered":"Tratamientos capilares"},"content":{"rendered":"<!-- section -->\n<section   class=\"enh_section enh_image_bck\"  >\n\n\t\t\n\n\n\t\t    <div class=\"container intro_text_lc\">\n    \n    <!-- vertical text -->\n    <div class=\"enh_slider_copyright\"><\/div>\n\t\t\n    \n\t\t\n\n    <div class=\"fw-row\">\n\t\n\n\n\n\n\n<div class=\"fw-col-xs-12 fw-col-sm-4   enh_image_bck   enh_col\"  >\n\t\n\t\n  <!-- vertical text -->\n  <div class=\"enh_slider_copyright\"><\/div>\n    \n    \n    <div class=\"\">\t\n    \n\t\t<div class=\"text_block\">\n<div class=\"menusidebar\"><span class=\"titlesubmenu\">NUESTRAS ESPECIALIDADES<\/span><br \/><div class=\"menu-container\"><ul id=\"menu-medicina-estetica\" class=\"menu\"><li id=\"menu-item-448\" class=\"menu-item menu-item-type-custom menu-item-object-custom menu-item-448\"><a href=\"\/en\/medicina-estetica\/facial\/arrugas\/neuromodulador\/\">Neuromodulador en arrugas de expresi\u00f3n<\/a><\/li>\n<li id=\"menu-item-449\" class=\"menu-item menu-item-type-custom menu-item-object-custom menu-item-449\"><a href=\"\/en\/medicina-estetica\/facial\/rejuvenecimiento-facial-integral\/\">Rejuvenecimiento Facial<\/a><\/li>\n<li id=\"menu-item-450\" class=\"menu-item menu-item-type-custom menu-item-object-custom menu-item-450\"><a href=\"\/en\/medicina-estetica\/hilos\/\">Hilos tensores V-Lift<\/a><\/li>\n<li id=\"menu-item-451\" class=\"menu-item menu-item-type-custom menu-item-object-custom menu-item-451\"><a href=\"\/en\/medicina-estetica\/facial\/arrugas\/rellenos-faciales-bioplastia\/\">Rellenos faciales \/ Bioplastia<\/a><\/li>\n<li id=\"menu-item-452\" class=\"menu-item menu-item-type-custom menu-item-object-custom menu-item-452\"><a href=\"\/en\/medicina-estetica\/mesoterapia-corporal\/\">Mesoterapia corporal<\/a><\/li>\n<li id=\"menu-item-453\" class=\"menu-item menu-item-type-custom menu-item-object-custom menu-item-453\"><a href=\"\/en\/medicina-estetica\/mesoterapia-facial\/\">Mesoterapia revitalizante<\/a><\/li>\n<li id=\"menu-item-454\" class=\"menu-item menu-item-type-custom menu-item-object-custom menu-item-454\"><a href=\"\/en\/medicina-estetica\/mesoterapia-virtual\/\">Mesoterapia virtual<\/a><\/li>\n<li id=\"menu-item-455\" class=\"menu-item menu-item-type-custom menu-item-object-custom menu-item-455\"><a href=\"\/en\/medicina-estetica\/corporal\/grasa-localizada\/criolipolisis\/\">Criolipolisis<\/a><\/li>\n<li id=\"menu-item-456\" class=\"menu-item menu-item-type-custom menu-item-object-custom menu-item-456\"><a href=\"\/en\/medicina-estetica\/facial\/manchas-en-la-cara\/peelings-despigmentantes\/\">Peeling despigmentante<\/a><\/li>\n<li id=\"menu-item-457\" class=\"menu-item menu-item-type-custom menu-item-object-custom menu-item-457\"><a href=\"\/en\/medicina-estetica\/facial\/piel-envejecida\/peelings\/\">Peeling revitalizante<\/a><\/li>\n<li id=\"menu-item-458\" class=\"menu-item menu-item-type-custom menu-item-object-custom menu-item-458\"><a href=\"\/en\/medicina-estetica\/facial\/remodelado-aumento-de-labios-rejuvenecimiento-labial\/\">Remodelaci\u00f3n labial<\/a><\/li>\n<li id=\"menu-item-459\" class=\"menu-item menu-item-type-custom menu-item-object-custom menu-item-459\"><a href=\"\/en\/medicina-estetica\/facial\/flacidez-facial\/retensado-facial-con-radiesse\/\">Retensado facial<\/a><\/li>\n<li id=\"menu-item-460\" class=\"menu-item menu-item-type-custom menu-item-object-custom menu-item-460\"><a href=\"\/en\/medicina-estetica\/plexr\/\">Plexr<\/a><\/li>\n<\/ul><\/div><\/div><\/div><div class=\"text_block\">\n<div class=\"bannersidebar\"><h5> \u00bfNECESITA M\u00c1S INFORMACI\u00d3N?<\/h5><p><span> Contacta con nosotros y nuestro equipo de profesionales contactar\u00e1 lo antes posible con usted<\/span><br \/><a href=\"\/en\/contacto\/\"> CONTACTA CON NOSOTROS<\/a><\/div><\/div>    <\/div>\n    \n\t\n<\/div>\n\n\n\n\n\n\n<div class=\"fw-col-xs-12 fw-col-sm-8   enh_image_bck   enh_col\"  >\n\t\n\t\n  <!-- vertical text -->\n  <div class=\"enh_slider_copyright\"><\/div>\n    \n    \n    <div class=\"\">\t\n    \n\t\t<div class=\"text_block\">\n<p>Sin duda, el paso del tiempo hace que nuestro cabello vaya perdiendo densidad y vigor. Es necesario cuidar adecuadamente los fol\u00edculos y estimularlos para que mantengan su vitalidad. Para ello nada mejor de la mesoterapia capilar, es decir, la infiltraci\u00f3n de productos como vitaminas, oligoelementos factores de crecimiento etc. que act\u00faan sobre el fol\u00edculo mejorando su actividad.<\/p><p>No es recomendable realizar este tratamiento en caso de embarazo o lactancia<\/p><\/div><img decoding=\"async\" src=\"\/\/www.rosapulgar.com\/wp-content\/uploads\/2019\/01\/foto33-1.jpg\" alt=\"\/\/www.rosapulgar.com\/wp-content\/uploads\/2019\/01\/foto33-1.jpg\" width=\"600\" \/>    <\/div>\n    \n\t\n<\/div>\n<\/div>\n\n\n\n    <\/div>\n    <!-- container end -->\n<\/section>\n<!-- section end -->","protected":false},"excerpt":{"rendered":"<p>NUESTRAS ESPECIALIDADESNeuromodulador en arrugas de expresi\u00f3n Rejuvenecimiento Facial Hilos tensores V-Lift Rellenos faciales \/ Bioplastia Mesoterapia corporal Mesoterapia revitalizante Mesoterapia virtual Criolipolisis Peeling despigmentante Peeling revitalizante&#8230;<br \/><a href=\"https:\/\/www.clinicapulgar.com\/en\/medicina-estetica\/facial\/tratamientos-capilares\/\" class=\"btn btn_more\">Leer m\u00e1s<\/a><\/p>","protected":false},"author":2,"featured_media":1095,"parent":83,"menu_order":0,"comment_status":"closed","ping_status":"closed","template":"template-one-page.php","meta":{"footnotes":""},"class_list":["post-150","page","type-page","status-publish","has-post-thumbnail","hentry"],"yoast_head":"<!-- This site is optimized with the Yoast SEO plugin v26.7 - https:\/\/yoast.com\/wordpress\/plugins\/seo\/ -->\n<title>Tratamientos capilares - Clinica Rosa Pulgar<\/title>\n<meta name=\"robots\" content=\"index, follow, max-snippet:-1, max-image-preview:large, max-video-preview:-1\" \/>\n<link rel=\"canonical\" href=\"https:\/\/www.clinicapulgar.com\/en\/medicina-estetica\/facial\/tratamientos-capilares\/\" \/>\n<meta property=\"og:locale\" content=\"en_GB\" \/>\n<meta property=\"og:type\" content=\"article\" \/>\n<meta property=\"og:title\" content=\"Tratamientos capilares - Clinica Rosa Pulgar\" \/>\n<meta property=\"og:description\" content=\"NUESTRAS ESPECIALIDADESNeuromodulador en arrugas de expresi\u00f3n Rejuvenecimiento Facial Hilos tensores V-Lift Rellenos faciales \/ Bioplastia Mesoterapia corporal Mesoterapia revitalizante Mesoterapia virtual Criolipolisis Peeling despigmentante Peeling revitalizante...Leer m\u00e1s\" \/>\n<meta property=\"og:url\" content=\"https:\/\/www.clinicapulgar.com\/en\/medicina-estetica\/facial\/tratamientos-capilares\/\" \/>\n<meta property=\"og:site_name\" content=\"Clinica Rosa Pulgar\" \/>\n<meta property=\"article:modified_time\" content=\"2019-01-05T10:50:24+00:00\" \/>\n<meta property=\"og:image\" content=\"https:\/\/www.clinicapulgar.com\/wp-content\/uploads\/2019\/01\/foto33-1.jpg\" \/>\n\t<meta property=\"og:image:width\" content=\"1147\" \/>\n\t<meta property=\"og:image:height\" content=\"759\" \/>\n\t<meta property=\"og:image:type\" content=\"image\/jpeg\" \/>\n<meta name=\"twitter:card\" content=\"summary_large_image\" \/>\n<meta name=\"twitter:label1\" content=\"Estimated reading time\" \/>\n\t<meta name=\"twitter:data1\" content=\"1 minute\" \/>\n<script type=\"application\/ld+json\" class=\"yoast-schema-graph\">{\"@context\":\"https:\/\/schema.org\",\"@graph\":[{\"@type\":\"WebPage\",\"@id\":\"https:\/\/www.clinicapulgar.com\/medicina-estetica\/facial\/tratamientos-capilares\/\",\"url\":\"https:\/\/www.clinicapulgar.com\/medicina-estetica\/facial\/tratamientos-capilares\/\",\"name\":\"Tratamientos capilares - Clinica Rosa Pulgar\",\"isPartOf\":{\"@id\":\"https:\/\/www.clinicapulgar.com\/#website\"},\"primaryImageOfPage\":{\"@id\":\"https:\/\/www.clinicapulgar.com\/medicina-estetica\/facial\/tratamientos-capilares\/#primaryimage\"},\"image\":{\"@id\":\"https:\/\/www.clinicapulgar.com\/medicina-estetica\/facial\/tratamientos-capilares\/#primaryimage\"},\"thumbnailUrl\":\"https:\/\/www.clinicapulgar.com\/wp-content\/uploads\/2019\/01\/foto33-1.jpg\",\"datePublished\":\"2018-04-09T18:59:15+00:00\",\"dateModified\":\"2019-01-05T10:50:24+00:00\",\"breadcrumb\":{\"@id\":\"https:\/\/www.clinicapulgar.com\/medicina-estetica\/facial\/tratamientos-capilares\/#breadcrumb\"},\"inLanguage\":\"en-GB\",\"potentialAction\":[{\"@type\":\"ReadAction\",\"target\":[\"https:\/\/www.clinicapulgar.com\/medicina-estetica\/facial\/tratamientos-capilares\/\"]}]},{\"@type\":\"ImageObject\",\"inLanguage\":\"en-GB\",\"@id\":\"https:\/\/www.clinicapulgar.com\/medicina-estetica\/facial\/tratamientos-capilares\/#primaryimage\",\"url\":\"https:\/\/www.clinicapulgar.com\/wp-content\/uploads\/2019\/01\/foto33-1.jpg\",\"contentUrl\":\"https:\/\/www.clinicapulgar.com\/wp-content\/uploads\/2019\/01\/foto33-1.jpg\",\"width\":1147,\"height\":759},{\"@type\":\"BreadcrumbList\",\"@id\":\"https:\/\/www.clinicapulgar.com\/medicina-estetica\/facial\/tratamientos-capilares\/#breadcrumb\",\"itemListElement\":[{\"@type\":\"ListItem\",\"position\":1,\"name\":\"Home\",\"item\":\"https:\/\/www.clinicapulgar.com\/\"},{\"@type\":\"ListItem\",\"position\":2,\"name\":\"Medicina Est\u00e9tica\",\"item\":\"https:\/\/www.clinicapulgar.com\/medicina-estetica\/\"},{\"@type\":\"ListItem\",\"position\":3,\"name\":\"Facial\",\"item\":\"https:\/\/www.clinicapulgar.com\/en\/medicina-estetica\/facial\/\"},{\"@type\":\"ListItem\",\"position\":4,\"name\":\"Tratamientos capilares\"}]},{\"@type\":\"WebSite\",\"@id\":\"https:\/\/www.clinicapulgar.com\/#website\",\"url\":\"https:\/\/www.clinicapulgar.com\/\",\"name\":\"Clinica Rosa Pulgar\",\"description\":\"Cl\u00ednica dental Rosa Pulgar - est\u00e9tica dental\",\"potentialAction\":[{\"@type\":\"SearchAction\",\"target\":{\"@type\":\"EntryPoint\",\"urlTemplate\":\"https:\/\/www.clinicapulgar.com\/?s={search_term_string}\"},\"query-input\":{\"@type\":\"PropertyValueSpecification\",\"valueRequired\":true,\"valueName\":\"search_term_string\"}}],\"inLanguage\":\"en-GB\"}]}<\/script>\n<!-- \/ Yoast SEO plugin. -->","yoast_head_json":{"title":"Tratamientos capilares - Clinica Rosa Pulgar","robots":{"index":"index","follow":"follow","max-snippet":"max-snippet:-1","max-image-preview":"max-image-preview:large","max-video-preview":"max-video-preview:-1"},"canonical":"https:\/\/www.clinicapulgar.com\/en\/medicina-estetica\/facial\/tratamientos-capilares\/","og_locale":"en_GB","og_type":"article","og_title":"Tratamientos capilares - Clinica Rosa Pulgar","og_description":"NUESTRAS ESPECIALIDADESNeuromodulador en arrugas de expresi\u00f3n Rejuvenecimiento Facial Hilos tensores V-Lift Rellenos faciales \/ Bioplastia Mesoterapia corporal Mesoterapia revitalizante Mesoterapia virtual Criolipolisis Peeling despigmentante Peeling revitalizante...Leer m\u00e1s","og_url":"https:\/\/www.clinicapulgar.com\/en\/medicina-estetica\/facial\/tratamientos-capilares\/","og_site_name":"Clinica Rosa Pulgar","article_modified_time":"2019-01-05T10:50:24+00:00","og_image":[{"width":1147,"height":759,"url":"https:\/\/www.clinicapulgar.com\/wp-content\/uploads\/2019\/01\/foto33-1.jpg","type":"image\/jpeg"}],"twitter_card":"summary_large_image","twitter_misc":{"Estimated reading time":"1 minute"},"schema":{"@context":"https:\/\/schema.org","@graph":[{"@type":"WebPage","@id":"https:\/\/www.clinicapulgar.com\/medicina-estetica\/facial\/tratamientos-capilares\/","url":"https:\/\/www.clinicapulgar.com\/medicina-estetica\/facial\/tratamientos-capilares\/","name":"Tratamientos capilares - Clinica Rosa Pulgar","isPartOf":{"@id":"https:\/\/www.clinicapulgar.com\/#website"},"primaryImageOfPage":{"@id":"https:\/\/www.clinicapulgar.com\/medicina-estetica\/facial\/tratamientos-capilares\/#primaryimage"},"image":{"@id":"https:\/\/www.clinicapulgar.com\/medicina-estetica\/facial\/tratamientos-capilares\/#primaryimage"},"thumbnailUrl":"https:\/\/www.clinicapulgar.com\/wp-content\/uploads\/2019\/01\/foto33-1.jpg","datePublished":"2018-04-09T18:59:15+00:00","dateModified":"2019-01-05T10:50:24+00:00","breadcrumb":{"@id":"https:\/\/www.clinicapulgar.com\/medicina-estetica\/facial\/tratamientos-capilares\/#breadcrumb"},"inLanguage":"en-GB","potentialAction":[{"@type":"ReadAction","target":["https:\/\/www.clinicapulgar.com\/medicina-estetica\/facial\/tratamientos-capilares\/"]}]},{"@type":"ImageObject","inLanguage":"en-GB","@id":"https:\/\/www.clinicapulgar.com\/medicina-estetica\/facial\/tratamientos-capilares\/#primaryimage","url":"https:\/\/www.clinicapulgar.com\/wp-content\/uploads\/2019\/01\/foto33-1.jpg","contentUrl":"https:\/\/www.clinicapulgar.com\/wp-content\/uploads\/2019\/01\/foto33-1.jpg","width":1147,"height":759},{"@type":"BreadcrumbList","@id":"https:\/\/www.clinicapulgar.com\/medicina-estetica\/facial\/tratamientos-capilares\/#breadcrumb","itemListElement":[{"@type":"ListItem","position":1,"name":"Home","item":"https:\/\/www.clinicapulgar.com\/"},{"@type":"ListItem","position":2,"name":"Medicina Est\u00e9tica","item":"https:\/\/www.clinicapulgar.com\/medicina-estetica\/"},{"@type":"ListItem","position":3,"name":"Facial","item":"https:\/\/www.clinicapulgar.com\/en\/medicina-estetica\/facial\/"},{"@type":"ListItem","position":4,"name":"Tratamientos capilares"}]},{"@type":"WebSite","@id":"https:\/\/www.clinicapulgar.com\/#website","url":"https:\/\/www.clinicapulgar.com\/","name":"Clinica Rosa Pulgar","description":"Cl\u00ednica dental Rosa Pulgar - est\u00e9tica dental","potentialAction":[{"@type":"SearchAction","target":{"@type":"EntryPoint","urlTemplate":"https:\/\/www.clinicapulgar.com\/?s={search_term_string}"},"query-input":{"@type":"PropertyValueSpecification","valueRequired":true,"valueName":"search_term_string"}}],"inLanguage":"en-GB"}]}},"_links":{"self":[{"href":"https:\/\/www.clinicapulgar.com\/en\/wp-json\/wp\/v2\/pages\/150","targetHints":{"allow":["GET"]}}],"collection":[{"href":"https:\/\/www.clinicapulgar.com\/en\/wp-json\/wp\/v2\/pages"}],"about":[{"href":"https:\/\/www.clinicapulgar.com\/en\/wp-json\/wp\/v2\/types\/page"}],"author":[{"embeddable":true,"href":"https:\/\/www.clinicapulgar.com\/en\/wp-json\/wp\/v2\/users\/2"}],"replies":[{"embeddable":true,"href":"https:\/\/www.clinicapulgar.com\/en\/wp-json\/wp\/v2\/comments?post=150"}],"version-history":[{"count":5,"href":"https:\/\/www.clinicapulgar.com\/en\/wp-json\/wp\/v2\/pages\/150\/revisions"}],"predecessor-version":[{"id":1096,"href":"https:\/\/www.clinicapulgar.com\/en\/wp-json\/wp\/v2\/pages\/150\/revisions\/1096"}],"up":[{"embeddable":true,"href":"https:\/\/www.clinicapulgar.com\/en\/wp-json\/wp\/v2\/pages\/83"}],"wp:featuredmedia":[{"embeddable":true,"href":"https:\/\/www.clinicapulgar.com\/en\/wp-json\/wp\/v2\/media\/1095"}],"wp:attachment":[{"href":"https:\/\/www.clinicapulgar.com\/en\/wp-json\/wp\/v2\/media?parent=150"}],"curies":[{"name":"wp","href":"https:\/\/api.w.org\/{rel}","templated":true}]}}