{"id":144,"date":"2018-04-09T18:58:10","date_gmt":"2018-04-09T18:58:10","guid":{"rendered":"https:\/\/www.rosapulgar.com\/?page_id=144"},"modified":"2024-04-16T21:13:21","modified_gmt":"2024-04-16T21:13:21","slug":"rejuvenecimiento-de-la-mirada","status":"publish","type":"page","link":"https:\/\/www.clinicapulgar.com\/en\/medicina-estetica\/facial\/rejuvenecimiento-de-la-mirada\/","title":{"rendered":"Rejuvenecimiento de la mirada"},"content":{"rendered":"<!-- section -->\n<section   class=\"enh_section enh_image_bck\"  >\n\n\t\t\n\n\n\t\t    <div class=\"container intro_text_lc\">\n    \n    <!-- vertical text -->\n    <div class=\"enh_slider_copyright\"><\/div>\n\t\t\n    \n\t\t\n\n    <div class=\"fw-row\">\n\t\n\n\n\n\n\n<div class=\"fw-col-xs-12 fw-col-sm-4   enh_image_bck   enh_col\"  >\n\t\n\t\n  <!-- vertical text -->\n  <div class=\"enh_slider_copyright\"><\/div>\n    \n    \n    <div class=\"\">\t\n    \n\t\t<div class=\"text_block\">\n<div class=\"menusidebar\"><span class=\"titlesubmenu\">NUESTRAS ESPECIALIDADES<\/span><br \/><div class=\"menu-container\"><ul id=\"menu-medicina-estetica\" class=\"menu\"><li id=\"menu-item-448\" class=\"menu-item menu-item-type-custom menu-item-object-custom menu-item-448\"><a href=\"\/en\/medicina-estetica\/facial\/arrugas\/neuromodulador\/\">Neuromodulador en arrugas de expresi\u00f3n<\/a><\/li>\n<li id=\"menu-item-449\" class=\"menu-item menu-item-type-custom menu-item-object-custom menu-item-449\"><a href=\"\/en\/medicina-estetica\/facial\/rejuvenecimiento-facial-integral\/\">Rejuvenecimiento Facial<\/a><\/li>\n<li id=\"menu-item-450\" class=\"menu-item menu-item-type-custom menu-item-object-custom menu-item-450\"><a href=\"\/en\/medicina-estetica\/hilos\/\">Hilos tensores V-Lift<\/a><\/li>\n<li id=\"menu-item-451\" class=\"menu-item menu-item-type-custom menu-item-object-custom menu-item-451\"><a href=\"\/en\/medicina-estetica\/facial\/arrugas\/rellenos-faciales-bioplastia\/\">Rellenos faciales \/ Bioplastia<\/a><\/li>\n<li id=\"menu-item-452\" class=\"menu-item menu-item-type-custom menu-item-object-custom menu-item-452\"><a href=\"\/en\/medicina-estetica\/mesoterapia-corporal\/\">Mesoterapia corporal<\/a><\/li>\n<li id=\"menu-item-453\" class=\"menu-item menu-item-type-custom menu-item-object-custom menu-item-453\"><a href=\"\/en\/medicina-estetica\/mesoterapia-facial\/\">Mesoterapia revitalizante<\/a><\/li>\n<li id=\"menu-item-454\" class=\"menu-item menu-item-type-custom menu-item-object-custom menu-item-454\"><a href=\"\/en\/medicina-estetica\/mesoterapia-virtual\/\">Mesoterapia virtual<\/a><\/li>\n<li id=\"menu-item-455\" class=\"menu-item menu-item-type-custom menu-item-object-custom menu-item-455\"><a href=\"\/en\/medicina-estetica\/corporal\/grasa-localizada\/criolipolisis\/\">Criolipolisis<\/a><\/li>\n<li id=\"menu-item-456\" class=\"menu-item menu-item-type-custom menu-item-object-custom menu-item-456\"><a href=\"\/en\/medicina-estetica\/facial\/manchas-en-la-cara\/peelings-despigmentantes\/\">Peeling despigmentante<\/a><\/li>\n<li id=\"menu-item-457\" class=\"menu-item menu-item-type-custom menu-item-object-custom menu-item-457\"><a href=\"\/en\/medicina-estetica\/facial\/piel-envejecida\/peelings\/\">Peeling revitalizante<\/a><\/li>\n<li id=\"menu-item-458\" class=\"menu-item menu-item-type-custom menu-item-object-custom menu-item-458\"><a href=\"\/en\/medicina-estetica\/facial\/remodelado-aumento-de-labios-rejuvenecimiento-labial\/\">Remodelaci\u00f3n labial<\/a><\/li>\n<li id=\"menu-item-459\" class=\"menu-item menu-item-type-custom menu-item-object-custom menu-item-459\"><a href=\"\/en\/medicina-estetica\/facial\/flacidez-facial\/retensado-facial-con-radiesse\/\">Retensado facial<\/a><\/li>\n<li id=\"menu-item-460\" class=\"menu-item menu-item-type-custom menu-item-object-custom menu-item-460\"><a href=\"\/en\/medicina-estetica\/plexr\/\">Plexr<\/a><\/li>\n<\/ul><\/div><\/div><\/div><div class=\"text_block\">\n<div class=\"bannersidebar\"><h5> \u00bfNECESITA M\u00c1S INFORMACI\u00d3N?<\/h5><p><span> Contacta con nosotros y nuestro equipo de profesionales contactar\u00e1 lo antes posible con usted<\/span><br \/><a href=\"\/en\/contacto\/\"> CONTACTA CON NOSOTROS<\/a><\/div><\/div>    <\/div>\n    \n\t\n<\/div>\n\n\n\n\n\n\n<div class=\"fw-col-xs-12 fw-col-sm-8   enh_image_bck   enh_col\"  >\n\t\n\t\n  <!-- vertical text -->\n  <div class=\"enh_slider_copyright\"><\/div>\n    \n    \n    <div class=\"\">\t\n    \n\t\t<div class=\"text_block\">\n<p>Los ojos y la boca, partes m\u00f3viles de la cara, focalizan nuestra atenci\u00f3n en el rosto. Es frecuente que en el proceso de envejecimiento la mirada se vuelva triste, cansada o, incluso, con expresi\u00f3n de enfado y al vernos en el espejo no nos reconozcamos. Existen procedimientos para rejuvenecer nuestra mirada.<\/p><p><strong class=\"subtitle\">Tratamiento de las arrugas periorbitarias (patas de gallo)<\/strong><br \/>Son producidas por la contracci\u00f3n del m\u00fasculo orbicular, por lo que el tratamiento de elecci\u00f3n son los\u00a0 <a href=\"https:\/\/www.rosapulgar.com\/medicina-estetica\/facial\/arrugas\/neuromodulador\/\">neuromoduladores<\/a> que, al relajar el m\u00fasculo, hacen que se deje de marcar la arruga en la piel. A veces, si ya no hay s\u00f3lo arruga sino que es un surco, este tratamiento se puede complementar con el relleno con acido hialur\u00f3nico.<\/p><\/div><img decoding=\"async\" src=\"\/\/www.rosapulgar.com\/wp-content\/uploads\/2018\/04\/foto29.jpg\" alt=\"\/\/www.rosapulgar.com\/wp-content\/uploads\/2018\/04\/foto29.jpg\" width=\"600\" \/><div class=\"text_block\">\n<p><strong class=\"subtitle\">Ojeras<\/strong><br \/>Hay cremas que, en tratamiento continuado, mejoran la pigmentaci\u00f3n de la ojera. Con \u00e1cido hialur\u00f3nico tambi\u00e9n podemos reducirla y mejorar el aspecto de cansancio que produce.<\/p><\/div><div class=\"text_block\">\n<p><strong class=\"subtitle\">Fosa temporal<\/strong><br \/>En el envejecimiento se produce p\u00e9rdida de tejido en la sien, dando un aspecto enfermizo, avejentado, cadav\u00e9rico. Esta zona responde muy bien al tratamiento con rellenos del tipo Radiesse\u00ae (<a href=\"https:\/\/www.rosapulgar.com\/medicina-estetica\/facial\/arrugas\/inductores-del-colageno-hidroxiapatita-calcica\/\">hidroxiapatita c\u00e1lcica<\/a>), o \u00e1cido hialur\u00f3nico. Al rellenarla se potencia la zona del tercio superior\/medio facial, rejuveneci\u00e9ndola y dando un aspecto m\u00e1s fresco. <\/p><\/div><div class=\"text_block\">\n<p><strong class=\"subtitle\">Pesta\u00f1a y cejas<\/strong><br \/>En la actualidad contamos con productos que estimulan el crecimiento de pesta\u00f1a y cejas aumentando su densidad y longitud. <\/p><\/div><div class=\"text_block\">\n<p><strong class=\"subtitle\">Tratamiento de los p\u00e1rpados<\/strong><br \/>El exceso de piel en el p\u00e1rpado hace que se perciba como \"caido\" y da lugar a que la mirada aparezca cansada, entristecida. Este problema se puede tratar con una blefaroplastia quir\u00fargica o mediante un procedimiento menos invasivo, la <a href=\"\/en\/medicina-estetica\/plexr\/\"> Blefaroplastia sin cirug\u00eda<\/a><\/p><\/div><img decoding=\"async\" src=\"\/\/www.rosapulgar.com\/wp-content\/uploads\/2018\/04\/foto30.jpg\" alt=\"\/\/www.rosapulgar.com\/wp-content\/uploads\/2018\/04\/foto30.jpg\" width=\"600\" \/>    <\/div>\n    \n\t\n<\/div>\n<\/div>\n\n\n\n    <\/div>\n    <!-- container end -->\n<\/section>\n<!-- section end -->","protected":false},"excerpt":{"rendered":"<p>NUESTRAS ESPECIALIDADESNeuromodulador en arrugas de expresi\u00f3n Rejuvenecimiento Facial Hilos tensores V-Lift Rellenos faciales \/ Bioplastia Mesoterapia corporal Mesoterapia revitalizante Mesoterapia virtual Criolipolisis Peeling despigmentante Peeling revitalizante&#8230;<br \/><a href=\"https:\/\/www.clinicapulgar.com\/en\/medicina-estetica\/facial\/rejuvenecimiento-de-la-mirada\/\" class=\"btn btn_more\">Leer m\u00e1s<\/a><\/p>","protected":false},"author":2,"featured_media":548,"parent":83,"menu_order":0,"comment_status":"closed","ping_status":"closed","template":"template-one-page.php","meta":{"footnotes":""},"class_list":["post-144","page","type-page","status-publish","has-post-thumbnail","hentry"],"yoast_head":"<!-- This site is optimized with the Yoast SEO plugin v26.7 - https:\/\/yoast.com\/wordpress\/plugins\/seo\/ -->\n<title>Rejuvenecimiento de la mirada - Clinica Rosa Pulgar<\/title>\n<meta name=\"robots\" content=\"index, follow, max-snippet:-1, max-image-preview:large, max-video-preview:-1\" \/>\n<link rel=\"canonical\" href=\"https:\/\/www.clinicapulgar.com\/en\/medicina-estetica\/facial\/rejuvenecimiento-de-la-mirada\/\" \/>\n<meta property=\"og:locale\" content=\"en_GB\" \/>\n<meta property=\"og:type\" content=\"article\" \/>\n<meta property=\"og:title\" content=\"Rejuvenecimiento de la mirada - Clinica Rosa Pulgar\" \/>\n<meta property=\"og:description\" content=\"NUESTRAS ESPECIALIDADESNeuromodulador en arrugas de expresi\u00f3n Rejuvenecimiento Facial Hilos tensores V-Lift Rellenos faciales \/ Bioplastia Mesoterapia corporal Mesoterapia revitalizante Mesoterapia virtual Criolipolisis Peeling despigmentante Peeling revitalizante...Leer m\u00e1s\" \/>\n<meta property=\"og:url\" content=\"https:\/\/www.clinicapulgar.com\/en\/medicina-estetica\/facial\/rejuvenecimiento-de-la-mirada\/\" \/>\n<meta property=\"og:site_name\" content=\"Clinica Rosa Pulgar\" \/>\n<meta property=\"article:modified_time\" content=\"2024-04-16T21:13:21+00:00\" \/>\n<meta property=\"og:image\" content=\"https:\/\/www.clinicapulgar.com\/wp-content\/uploads\/2018\/04\/foto29.jpg\" \/>\n\t<meta property=\"og:image:width\" content=\"1147\" \/>\n\t<meta property=\"og:image:height\" content=\"759\" \/>\n\t<meta property=\"og:image:type\" content=\"image\/jpeg\" \/>\n<meta name=\"twitter:card\" content=\"summary_large_image\" \/>\n<meta name=\"twitter:label1\" content=\"Estimated reading time\" \/>\n\t<meta name=\"twitter:data1\" content=\"2 minutes\" \/>\n<script type=\"application\/ld+json\" class=\"yoast-schema-graph\">{\"@context\":\"https:\/\/schema.org\",\"@graph\":[{\"@type\":\"WebPage\",\"@id\":\"https:\/\/www.clinicapulgar.com\/medicina-estetica\/facial\/rejuvenecimiento-de-la-mirada\/\",\"url\":\"https:\/\/www.clinicapulgar.com\/medicina-estetica\/facial\/rejuvenecimiento-de-la-mirada\/\",\"name\":\"Rejuvenecimiento de la mirada - Clinica Rosa Pulgar\",\"isPartOf\":{\"@id\":\"https:\/\/www.clinicapulgar.com\/#website\"},\"primaryImageOfPage\":{\"@id\":\"https:\/\/www.clinicapulgar.com\/medicina-estetica\/facial\/rejuvenecimiento-de-la-mirada\/#primaryimage\"},\"image\":{\"@id\":\"https:\/\/www.clinicapulgar.com\/medicina-estetica\/facial\/rejuvenecimiento-de-la-mirada\/#primaryimage\"},\"thumbnailUrl\":\"https:\/\/www.clinicapulgar.com\/wp-content\/uploads\/2018\/04\/foto29.jpg\",\"datePublished\":\"2018-04-09T18:58:10+00:00\",\"dateModified\":\"2024-04-16T21:13:21+00:00\",\"breadcrumb\":{\"@id\":\"https:\/\/www.clinicapulgar.com\/medicina-estetica\/facial\/rejuvenecimiento-de-la-mirada\/#breadcrumb\"},\"inLanguage\":\"en-GB\",\"potentialAction\":[{\"@type\":\"ReadAction\",\"target\":[\"https:\/\/www.clinicapulgar.com\/medicina-estetica\/facial\/rejuvenecimiento-de-la-mirada\/\"]}]},{\"@type\":\"ImageObject\",\"inLanguage\":\"en-GB\",\"@id\":\"https:\/\/www.clinicapulgar.com\/medicina-estetica\/facial\/rejuvenecimiento-de-la-mirada\/#primaryimage\",\"url\":\"https:\/\/www.clinicapulgar.com\/wp-content\/uploads\/2018\/04\/foto29.jpg\",\"contentUrl\":\"https:\/\/www.clinicapulgar.com\/wp-content\/uploads\/2018\/04\/foto29.jpg\",\"width\":1147,\"height\":759},{\"@type\":\"BreadcrumbList\",\"@id\":\"https:\/\/www.clinicapulgar.com\/medicina-estetica\/facial\/rejuvenecimiento-de-la-mirada\/#breadcrumb\",\"itemListElement\":[{\"@type\":\"ListItem\",\"position\":1,\"name\":\"Home\",\"item\":\"https:\/\/www.clinicapulgar.com\/\"},{\"@type\":\"ListItem\",\"position\":2,\"name\":\"Medicina Est\u00e9tica\",\"item\":\"https:\/\/www.clinicapulgar.com\/medicina-estetica\/\"},{\"@type\":\"ListItem\",\"position\":3,\"name\":\"Facial\",\"item\":\"https:\/\/www.clinicapulgar.com\/en\/medicina-estetica\/facial\/\"},{\"@type\":\"ListItem\",\"position\":4,\"name\":\"Rejuvenecimiento de la mirada\"}]},{\"@type\":\"WebSite\",\"@id\":\"https:\/\/www.clinicapulgar.com\/#website\",\"url\":\"https:\/\/www.clinicapulgar.com\/\",\"name\":\"Clinica Rosa Pulgar\",\"description\":\"Cl\u00ednica dental Rosa Pulgar - est\u00e9tica dental\",\"potentialAction\":[{\"@type\":\"SearchAction\",\"target\":{\"@type\":\"EntryPoint\",\"urlTemplate\":\"https:\/\/www.clinicapulgar.com\/?s={search_term_string}\"},\"query-input\":{\"@type\":\"PropertyValueSpecification\",\"valueRequired\":true,\"valueName\":\"search_term_string\"}}],\"inLanguage\":\"en-GB\"}]}<\/script>\n<!-- \/ Yoast SEO plugin. -->","yoast_head_json":{"title":"Rejuvenecimiento de la mirada - Clinica Rosa Pulgar","robots":{"index":"index","follow":"follow","max-snippet":"max-snippet:-1","max-image-preview":"max-image-preview:large","max-video-preview":"max-video-preview:-1"},"canonical":"https:\/\/www.clinicapulgar.com\/en\/medicina-estetica\/facial\/rejuvenecimiento-de-la-mirada\/","og_locale":"en_GB","og_type":"article","og_title":"Rejuvenecimiento de la mirada - Clinica Rosa Pulgar","og_description":"NUESTRAS ESPECIALIDADESNeuromodulador en arrugas de expresi\u00f3n Rejuvenecimiento Facial Hilos tensores V-Lift Rellenos faciales \/ Bioplastia Mesoterapia corporal Mesoterapia revitalizante Mesoterapia virtual Criolipolisis Peeling despigmentante Peeling revitalizante...Leer m\u00e1s","og_url":"https:\/\/www.clinicapulgar.com\/en\/medicina-estetica\/facial\/rejuvenecimiento-de-la-mirada\/","og_site_name":"Clinica Rosa Pulgar","article_modified_time":"2024-04-16T21:13:21+00:00","og_image":[{"width":1147,"height":759,"url":"https:\/\/www.clinicapulgar.com\/wp-content\/uploads\/2018\/04\/foto29.jpg","type":"image\/jpeg"}],"twitter_card":"summary_large_image","twitter_misc":{"Estimated reading time":"2 minutes"},"schema":{"@context":"https:\/\/schema.org","@graph":[{"@type":"WebPage","@id":"https:\/\/www.clinicapulgar.com\/medicina-estetica\/facial\/rejuvenecimiento-de-la-mirada\/","url":"https:\/\/www.clinicapulgar.com\/medicina-estetica\/facial\/rejuvenecimiento-de-la-mirada\/","name":"Rejuvenecimiento de la mirada - Clinica Rosa Pulgar","isPartOf":{"@id":"https:\/\/www.clinicapulgar.com\/#website"},"primaryImageOfPage":{"@id":"https:\/\/www.clinicapulgar.com\/medicina-estetica\/facial\/rejuvenecimiento-de-la-mirada\/#primaryimage"},"image":{"@id":"https:\/\/www.clinicapulgar.com\/medicina-estetica\/facial\/rejuvenecimiento-de-la-mirada\/#primaryimage"},"thumbnailUrl":"https:\/\/www.clinicapulgar.com\/wp-content\/uploads\/2018\/04\/foto29.jpg","datePublished":"2018-04-09T18:58:10+00:00","dateModified":"2024-04-16T21:13:21+00:00","breadcrumb":{"@id":"https:\/\/www.clinicapulgar.com\/medicina-estetica\/facial\/rejuvenecimiento-de-la-mirada\/#breadcrumb"},"inLanguage":"en-GB","potentialAction":[{"@type":"ReadAction","target":["https:\/\/www.clinicapulgar.com\/medicina-estetica\/facial\/rejuvenecimiento-de-la-mirada\/"]}]},{"@type":"ImageObject","inLanguage":"en-GB","@id":"https:\/\/www.clinicapulgar.com\/medicina-estetica\/facial\/rejuvenecimiento-de-la-mirada\/#primaryimage","url":"https:\/\/www.clinicapulgar.com\/wp-content\/uploads\/2018\/04\/foto29.jpg","contentUrl":"https:\/\/www.clinicapulgar.com\/wp-content\/uploads\/2018\/04\/foto29.jpg","width":1147,"height":759},{"@type":"BreadcrumbList","@id":"https:\/\/www.clinicapulgar.com\/medicina-estetica\/facial\/rejuvenecimiento-de-la-mirada\/#breadcrumb","itemListElement":[{"@type":"ListItem","position":1,"name":"Home","item":"https:\/\/www.clinicapulgar.com\/"},{"@type":"ListItem","position":2,"name":"Medicina Est\u00e9tica","item":"https:\/\/www.clinicapulgar.com\/medicina-estetica\/"},{"@type":"ListItem","position":3,"name":"Facial","item":"https:\/\/www.clinicapulgar.com\/en\/medicina-estetica\/facial\/"},{"@type":"ListItem","position":4,"name":"Rejuvenecimiento de la mirada"}]},{"@type":"WebSite","@id":"https:\/\/www.clinicapulgar.com\/#website","url":"https:\/\/www.clinicapulgar.com\/","name":"Clinica Rosa Pulgar","description":"Cl\u00ednica dental Rosa Pulgar - est\u00e9tica dental","potentialAction":[{"@type":"SearchAction","target":{"@type":"EntryPoint","urlTemplate":"https:\/\/www.clinicapulgar.com\/?s={search_term_string}"},"query-input":{"@type":"PropertyValueSpecification","valueRequired":true,"valueName":"search_term_string"}}],"inLanguage":"en-GB"}]}},"_links":{"self":[{"href":"https:\/\/www.clinicapulgar.com\/en\/wp-json\/wp\/v2\/pages\/144","targetHints":{"allow":["GET"]}}],"collection":[{"href":"https:\/\/www.clinicapulgar.com\/en\/wp-json\/wp\/v2\/pages"}],"about":[{"href":"https:\/\/www.clinicapulgar.com\/en\/wp-json\/wp\/v2\/types\/page"}],"author":[{"embeddable":true,"href":"https:\/\/www.clinicapulgar.com\/en\/wp-json\/wp\/v2\/users\/2"}],"replies":[{"embeddable":true,"href":"https:\/\/www.clinicapulgar.com\/en\/wp-json\/wp\/v2\/comments?post=144"}],"version-history":[{"count":12,"href":"https:\/\/www.clinicapulgar.com\/en\/wp-json\/wp\/v2\/pages\/144\/revisions"}],"predecessor-version":[{"id":1184,"href":"https:\/\/www.clinicapulgar.com\/en\/wp-json\/wp\/v2\/pages\/144\/revisions\/1184"}],"up":[{"embeddable":true,"href":"https:\/\/www.clinicapulgar.com\/en\/wp-json\/wp\/v2\/pages\/83"}],"wp:featuredmedia":[{"embeddable":true,"href":"https:\/\/www.clinicapulgar.com\/en\/wp-json\/wp\/v2\/media\/548"}],"wp:attachment":[{"href":"https:\/\/www.clinicapulgar.com\/en\/wp-json\/wp\/v2\/media?parent=144"}],"curies":[{"name":"wp","href":"https:\/\/api.w.org\/{rel}","templated":true}]}}