{"id":138,"date":"2018-04-09T18:57:29","date_gmt":"2018-04-09T18:57:29","guid":{"rendered":"https:\/\/www.rosapulgar.com\/?page_id=138"},"modified":"2025-01-28T13:46:08","modified_gmt":"2025-01-28T13:46:08","slug":"hilos-tensores","status":"publish","type":"page","link":"https:\/\/www.clinicapulgar.com\/en\/medicina-estetica\/corporal\/hilos-tensores\/","title":{"rendered":"Hilos tensores"},"content":{"rendered":"<!-- section -->\n<section   class=\"enh_section enh_image_bck\"  >\n\n\t\t\n\n\n\t\t    <div class=\"container intro_text_lc\">\n    \n    <!-- vertical text -->\n    <div class=\"enh_slider_copyright\"><\/div>\n\t\t\n    \n\t\t\n\n    <div class=\"fw-row\">\n\t\n\n\n\n\n\n<div class=\"fw-col-xs-12 fw-col-sm-4   enh_image_bck   enh_col\"  >\n\t\n\t\n  <!-- vertical text -->\n  <div class=\"enh_slider_copyright\"><\/div>\n    \n    \n    <div class=\"\">\t\n    \n\t\t<div class=\"text_block\">\n<div class=\"menusidebar\"><span class=\"titlesubmenu\">NUESTRAS ESPECIALIDADES<\/span><br \/><div class=\"menu-container\"><ul id=\"menu-medicina-estetica\" class=\"menu\"><li id=\"menu-item-448\" class=\"menu-item menu-item-type-custom menu-item-object-custom menu-item-448\"><a href=\"\/en\/medicina-estetica\/facial\/arrugas\/neuromodulador\/\">Neuromodulador en arrugas de expresi\u00f3n<\/a><\/li>\n<li id=\"menu-item-449\" class=\"menu-item menu-item-type-custom menu-item-object-custom menu-item-449\"><a href=\"\/en\/medicina-estetica\/facial\/rejuvenecimiento-facial-integral\/\">Rejuvenecimiento Facial<\/a><\/li>\n<li id=\"menu-item-450\" class=\"menu-item menu-item-type-custom menu-item-object-custom menu-item-450\"><a href=\"\/en\/medicina-estetica\/hilos\/\">Hilos tensores V-Lift<\/a><\/li>\n<li id=\"menu-item-451\" class=\"menu-item menu-item-type-custom menu-item-object-custom menu-item-451\"><a href=\"\/en\/medicina-estetica\/facial\/arrugas\/rellenos-faciales-bioplastia\/\">Rellenos faciales \/ Bioplastia<\/a><\/li>\n<li id=\"menu-item-452\" class=\"menu-item menu-item-type-custom menu-item-object-custom menu-item-452\"><a href=\"\/en\/medicina-estetica\/mesoterapia-corporal\/\">Mesoterapia corporal<\/a><\/li>\n<li id=\"menu-item-453\" class=\"menu-item menu-item-type-custom menu-item-object-custom menu-item-453\"><a href=\"\/en\/medicina-estetica\/mesoterapia-facial\/\">Mesoterapia revitalizante<\/a><\/li>\n<li id=\"menu-item-454\" class=\"menu-item menu-item-type-custom menu-item-object-custom menu-item-454\"><a href=\"\/en\/medicina-estetica\/mesoterapia-virtual\/\">Mesoterapia virtual<\/a><\/li>\n<li id=\"menu-item-455\" class=\"menu-item menu-item-type-custom menu-item-object-custom menu-item-455\"><a href=\"\/en\/medicina-estetica\/corporal\/grasa-localizada\/criolipolisis\/\">Criolipolisis<\/a><\/li>\n<li id=\"menu-item-456\" class=\"menu-item menu-item-type-custom menu-item-object-custom menu-item-456\"><a href=\"\/en\/medicina-estetica\/facial\/manchas-en-la-cara\/peelings-despigmentantes\/\">Peeling despigmentante<\/a><\/li>\n<li id=\"menu-item-457\" class=\"menu-item menu-item-type-custom menu-item-object-custom menu-item-457\"><a href=\"\/en\/medicina-estetica\/facial\/piel-envejecida\/peelings\/\">Peeling revitalizante<\/a><\/li>\n<li id=\"menu-item-458\" class=\"menu-item menu-item-type-custom menu-item-object-custom menu-item-458\"><a href=\"\/en\/medicina-estetica\/facial\/remodelado-aumento-de-labios-rejuvenecimiento-labial\/\">Remodelaci\u00f3n labial<\/a><\/li>\n<li id=\"menu-item-459\" class=\"menu-item menu-item-type-custom menu-item-object-custom menu-item-459\"><a href=\"\/en\/medicina-estetica\/facial\/flacidez-facial\/retensado-facial-con-radiesse\/\">Retensado facial<\/a><\/li>\n<li id=\"menu-item-460\" class=\"menu-item menu-item-type-custom menu-item-object-custom menu-item-460\"><a href=\"\/en\/medicina-estetica\/plexr\/\">Plexr<\/a><\/li>\n<\/ul><\/div><\/div><\/div><div class=\"text_block\">\n<div class=\"bannersidebar\"><h5> \u00bfNECESITA M\u00c1S INFORMACI\u00d3N?<\/h5><p><span> Contacta con nosotros y nuestro equipo de profesionales contactar\u00e1 lo antes posible con usted<\/span><br \/><a href=\"\/en\/contacto\/\"> CONTACTA CON NOSOTROS<\/a><\/div><\/div>    <\/div>\n    \n\t\n<\/div>\n\n\n\n\n\n\n<div class=\"fw-col-xs-12 fw-col-sm-8   enh_image_bck   enh_col\"  >\n\t\n\t\n  <!-- vertical text -->\n  <div class=\"enh_slider_copyright\"><\/div>\n    \n    \n    <div class=\"\">\t\n    \n\t\t<div class=\"text_block\">\n<p>Los hilos que se utilizan actualmente son de polidioxanona (PDO). Este material se ha utilizado desde hace m\u00e1s de 20 a\u00f1os como sutura en cirug\u00eda cardiaca. La PDO se reabsorbe en 6 meses, pero mientras permanece en la dermis act\u00faa b\u00e1sicamente de dos maneras:<\/p><p><strong>1. <\/strong>Por un lado, los hilos forman una estructura de soporte para los tejidos con flacidez.<br \/><strong>2.<\/strong> Por otro, estimulan la s\u00edntesis de col\u00e1geno y elastina, por lo que la piel se redensifica.<\/p><p>Se pueden colocar hilos en aquellas zonas del cuerpo que presenten flacidez, como muslos, brazos, escote, abdomen etc. No s\u00f3lo mejora la flacidez sino que al redensificar la piel mejora su aspecto. La colocacion es completamente indolora.<\/p><p>&nbsp;<\/p><\/div><img decoding=\"async\" src=\"\/\/www.rosapulgar.com\/wp-content\/uploads\/2018\/04\/foto43.jpg\" alt=\"\/\/www.rosapulgar.com\/wp-content\/uploads\/2018\/04\/foto43.jpg\" width=\"600\" \/>    <\/div>\n    \n\t\n<\/div>\n<\/div>\n\n\n\n    <\/div>\n    <!-- container end -->\n<\/section>\n<!-- section end -->","protected":false},"excerpt":{"rendered":"<p>NUESTRAS ESPECIALIDADESNeuromodulador en arrugas de expresi\u00f3n Rejuvenecimiento Facial Hilos tensores V-Lift Rellenos faciales \/ Bioplastia Mesoterapia corporal Mesoterapia revitalizante Mesoterapia virtual Criolipolisis Peeling despigmentante Peeling revitalizante&#8230;<br \/><a href=\"https:\/\/www.clinicapulgar.com\/en\/medicina-estetica\/corporal\/hilos-tensores\/\" class=\"btn btn_more\">Leer m\u00e1s<\/a><\/p>","protected":false},"author":2,"featured_media":0,"parent":154,"menu_order":0,"comment_status":"closed","ping_status":"closed","template":"template-one-page.php","meta":{"footnotes":""},"class_list":["post-138","page","type-page","status-publish","hentry"],"yoast_head":"<!-- This site is optimized with the Yoast SEO plugin v26.7 - https:\/\/yoast.com\/wordpress\/plugins\/seo\/ -->\n<title>Hilos tensores - Clinica Rosa Pulgar<\/title>\n<meta name=\"description\" content=\"Se pueden colocar hilos en aquellas zonas del cuerpo que presenten flacidez, como muslos, brazos, escote, abdomen etc.\" \/>\n<meta name=\"robots\" content=\"index, follow, max-snippet:-1, max-image-preview:large, max-video-preview:-1\" \/>\n<link rel=\"canonical\" href=\"https:\/\/www.clinicapulgar.com\/en\/medicina-estetica\/corporal\/hilos-tensores\/\" \/>\n<meta property=\"og:locale\" content=\"en_GB\" \/>\n<meta property=\"og:type\" content=\"article\" \/>\n<meta property=\"og:title\" content=\"Hilos tensores - Clinica Rosa Pulgar\" \/>\n<meta property=\"og:description\" content=\"Se pueden colocar hilos en aquellas zonas del cuerpo que presenten flacidez, como muslos, brazos, escote, abdomen etc.\" \/>\n<meta property=\"og:url\" content=\"https:\/\/www.clinicapulgar.com\/en\/medicina-estetica\/corporal\/hilos-tensores\/\" \/>\n<meta property=\"og:site_name\" content=\"Clinica Rosa Pulgar\" \/>\n<meta property=\"article:modified_time\" content=\"2025-01-28T13:46:08+00:00\" \/>\n<meta name=\"twitter:card\" content=\"summary_large_image\" \/>\n<meta name=\"twitter:label1\" content=\"Estimated reading time\" \/>\n\t<meta name=\"twitter:data1\" content=\"1 minute\" \/>\n<script type=\"application\/ld+json\" class=\"yoast-schema-graph\">{\"@context\":\"https:\/\/schema.org\",\"@graph\":[{\"@type\":\"WebPage\",\"@id\":\"https:\/\/www.clinicapulgar.com\/en\/medicina-estetica\/corporal\/hilos-tensores\/\",\"url\":\"https:\/\/www.clinicapulgar.com\/en\/medicina-estetica\/corporal\/hilos-tensores\/\",\"name\":\"Hilos tensores - Clinica Rosa Pulgar\",\"isPartOf\":{\"@id\":\"https:\/\/www.clinicapulgar.com\/#website\"},\"datePublished\":\"2018-04-09T18:57:29+00:00\",\"dateModified\":\"2025-01-28T13:46:08+00:00\",\"description\":\"Se pueden colocar hilos en aquellas zonas del cuerpo que presenten flacidez, como muslos, brazos, escote, abdomen etc.\",\"breadcrumb\":{\"@id\":\"https:\/\/www.clinicapulgar.com\/en\/medicina-estetica\/corporal\/hilos-tensores\/#breadcrumb\"},\"inLanguage\":\"en-GB\",\"potentialAction\":[{\"@type\":\"ReadAction\",\"target\":[\"https:\/\/www.clinicapulgar.com\/en\/medicina-estetica\/corporal\/hilos-tensores\/\"]}]},{\"@type\":\"BreadcrumbList\",\"@id\":\"https:\/\/www.clinicapulgar.com\/en\/medicina-estetica\/corporal\/hilos-tensores\/#breadcrumb\",\"itemListElement\":[{\"@type\":\"ListItem\",\"position\":1,\"name\":\"Home\",\"item\":\"https:\/\/www.clinicapulgar.com\/\"},{\"@type\":\"ListItem\",\"position\":2,\"name\":\"Medicina Est\u00e9tica\",\"item\":\"https:\/\/www.clinicapulgar.com\/medicina-estetica\/\"},{\"@type\":\"ListItem\",\"position\":3,\"name\":\"Corporal\",\"item\":\"https:\/\/www.clinicapulgar.com\/medicina-estetica\/corporal\/\"},{\"@type\":\"ListItem\",\"position\":4,\"name\":\"Hilos tensores\"}]},{\"@type\":\"WebSite\",\"@id\":\"https:\/\/www.clinicapulgar.com\/#website\",\"url\":\"https:\/\/www.clinicapulgar.com\/\",\"name\":\"Clinica Rosa Pulgar\",\"description\":\"Cl\u00ednica dental Rosa Pulgar - est\u00e9tica dental\",\"potentialAction\":[{\"@type\":\"SearchAction\",\"target\":{\"@type\":\"EntryPoint\",\"urlTemplate\":\"https:\/\/www.clinicapulgar.com\/?s={search_term_string}\"},\"query-input\":{\"@type\":\"PropertyValueSpecification\",\"valueRequired\":true,\"valueName\":\"search_term_string\"}}],\"inLanguage\":\"en-GB\"}]}<\/script>\n<!-- \/ Yoast SEO plugin. -->","yoast_head_json":{"title":"Hilos tensores - Clinica Rosa Pulgar","description":"Se pueden colocar hilos en aquellas zonas del cuerpo que presenten flacidez, como muslos, brazos, escote, abdomen etc.","robots":{"index":"index","follow":"follow","max-snippet":"max-snippet:-1","max-image-preview":"max-image-preview:large","max-video-preview":"max-video-preview:-1"},"canonical":"https:\/\/www.clinicapulgar.com\/en\/medicina-estetica\/corporal\/hilos-tensores\/","og_locale":"en_GB","og_type":"article","og_title":"Hilos tensores - Clinica Rosa Pulgar","og_description":"Se pueden colocar hilos en aquellas zonas del cuerpo que presenten flacidez, como muslos, brazos, escote, abdomen etc.","og_url":"https:\/\/www.clinicapulgar.com\/en\/medicina-estetica\/corporal\/hilos-tensores\/","og_site_name":"Clinica Rosa Pulgar","article_modified_time":"2025-01-28T13:46:08+00:00","twitter_card":"summary_large_image","twitter_misc":{"Estimated reading time":"1 minute"},"schema":{"@context":"https:\/\/schema.org","@graph":[{"@type":"WebPage","@id":"https:\/\/www.clinicapulgar.com\/en\/medicina-estetica\/corporal\/hilos-tensores\/","url":"https:\/\/www.clinicapulgar.com\/en\/medicina-estetica\/corporal\/hilos-tensores\/","name":"Hilos tensores - Clinica Rosa Pulgar","isPartOf":{"@id":"https:\/\/www.clinicapulgar.com\/#website"},"datePublished":"2018-04-09T18:57:29+00:00","dateModified":"2025-01-28T13:46:08+00:00","description":"Se pueden colocar hilos en aquellas zonas del cuerpo que presenten flacidez, como muslos, brazos, escote, abdomen etc.","breadcrumb":{"@id":"https:\/\/www.clinicapulgar.com\/en\/medicina-estetica\/corporal\/hilos-tensores\/#breadcrumb"},"inLanguage":"en-GB","potentialAction":[{"@type":"ReadAction","target":["https:\/\/www.clinicapulgar.com\/en\/medicina-estetica\/corporal\/hilos-tensores\/"]}]},{"@type":"BreadcrumbList","@id":"https:\/\/www.clinicapulgar.com\/en\/medicina-estetica\/corporal\/hilos-tensores\/#breadcrumb","itemListElement":[{"@type":"ListItem","position":1,"name":"Home","item":"https:\/\/www.clinicapulgar.com\/"},{"@type":"ListItem","position":2,"name":"Medicina Est\u00e9tica","item":"https:\/\/www.clinicapulgar.com\/medicina-estetica\/"},{"@type":"ListItem","position":3,"name":"Corporal","item":"https:\/\/www.clinicapulgar.com\/medicina-estetica\/corporal\/"},{"@type":"ListItem","position":4,"name":"Hilos tensores"}]},{"@type":"WebSite","@id":"https:\/\/www.clinicapulgar.com\/#website","url":"https:\/\/www.clinicapulgar.com\/","name":"Clinica Rosa Pulgar","description":"Cl\u00ednica dental Rosa Pulgar - est\u00e9tica dental","potentialAction":[{"@type":"SearchAction","target":{"@type":"EntryPoint","urlTemplate":"https:\/\/www.clinicapulgar.com\/?s={search_term_string}"},"query-input":{"@type":"PropertyValueSpecification","valueRequired":true,"valueName":"search_term_string"}}],"inLanguage":"en-GB"}]}},"_links":{"self":[{"href":"https:\/\/www.clinicapulgar.com\/en\/wp-json\/wp\/v2\/pages\/138","targetHints":{"allow":["GET"]}}],"collection":[{"href":"https:\/\/www.clinicapulgar.com\/en\/wp-json\/wp\/v2\/pages"}],"about":[{"href":"https:\/\/www.clinicapulgar.com\/en\/wp-json\/wp\/v2\/types\/page"}],"author":[{"embeddable":true,"href":"https:\/\/www.clinicapulgar.com\/en\/wp-json\/wp\/v2\/users\/2"}],"replies":[{"embeddable":true,"href":"https:\/\/www.clinicapulgar.com\/en\/wp-json\/wp\/v2\/comments?post=138"}],"version-history":[{"count":5,"href":"https:\/\/www.clinicapulgar.com\/en\/wp-json\/wp\/v2\/pages\/138\/revisions"}],"predecessor-version":[{"id":1027,"href":"https:\/\/www.clinicapulgar.com\/en\/wp-json\/wp\/v2\/pages\/138\/revisions\/1027"}],"up":[{"embeddable":true,"href":"https:\/\/www.clinicapulgar.com\/en\/wp-json\/wp\/v2\/pages\/154"}],"wp:attachment":[{"href":"https:\/\/www.clinicapulgar.com\/en\/wp-json\/wp\/v2\/media?parent=138"}],"curies":[{"name":"wp","href":"https:\/\/api.w.org\/{rel}","templated":true}]}}