{"id":126,"date":"2018-04-09T18:55:57","date_gmt":"2018-04-09T18:55:57","guid":{"rendered":"https:\/\/www.rosapulgar.com\/?page_id=126"},"modified":"2025-01-29T07:39:18","modified_gmt":"2025-01-29T07:39:18","slug":"inductores-del-colageno-hidroxiapatita-calcica","status":"publish","type":"page","link":"https:\/\/www.clinicapulgar.com\/en\/medicina-estetica\/facial\/arrugas\/inductores-del-colageno-hidroxiapatita-calcica\/","title":{"rendered":"Inductores del col\u00e1geno: Hidroxiapatita c\u00e1lcica"},"content":{"rendered":"<!-- section -->\n<section   class=\"enh_section enh_image_bck\"  >\n\n\t\t\n\n\n\t\t    <div class=\"container intro_text_lc\">\n    \n    <!-- vertical text -->\n    <div class=\"enh_slider_copyright\"><\/div>\n\t\t\n    \n\t\t\n\n    <div class=\"fw-row\">\n\t\n\n\n\n\n\n<div class=\"fw-col-xs-12 fw-col-sm-4   enh_image_bck   enh_col\"  >\n\t\n\t\n  <!-- vertical text -->\n  <div class=\"enh_slider_copyright\"><\/div>\n    \n    \n    <div class=\"\">\t\n    \n\t\t<div class=\"text_block\">\n<div class=\"menusidebar\"><span class=\"titlesubmenu\">NUESTRAS ESPECIALIDADES<\/span><br \/><div class=\"menu-container\"><ul id=\"menu-medicina-estetica\" class=\"menu\"><li id=\"menu-item-448\" class=\"menu-item menu-item-type-custom menu-item-object-custom menu-item-448\"><a href=\"\/en\/medicina-estetica\/facial\/arrugas\/neuromodulador\/\">Neuromodulador en arrugas de expresi\u00f3n<\/a><\/li>\n<li id=\"menu-item-449\" class=\"menu-item menu-item-type-custom menu-item-object-custom menu-item-449\"><a href=\"\/en\/medicina-estetica\/facial\/rejuvenecimiento-facial-integral\/\">Rejuvenecimiento Facial<\/a><\/li>\n<li id=\"menu-item-450\" class=\"menu-item menu-item-type-custom menu-item-object-custom menu-item-450\"><a href=\"\/en\/medicina-estetica\/hilos\/\">Hilos tensores V-Lift<\/a><\/li>\n<li id=\"menu-item-451\" class=\"menu-item menu-item-type-custom menu-item-object-custom menu-item-451\"><a href=\"\/en\/medicina-estetica\/facial\/arrugas\/rellenos-faciales-bioplastia\/\">Rellenos faciales \/ Bioplastia<\/a><\/li>\n<li id=\"menu-item-452\" class=\"menu-item menu-item-type-custom menu-item-object-custom menu-item-452\"><a href=\"\/en\/medicina-estetica\/mesoterapia-corporal\/\">Mesoterapia corporal<\/a><\/li>\n<li id=\"menu-item-453\" class=\"menu-item menu-item-type-custom menu-item-object-custom menu-item-453\"><a href=\"\/en\/medicina-estetica\/mesoterapia-facial\/\">Mesoterapia revitalizante<\/a><\/li>\n<li id=\"menu-item-454\" class=\"menu-item menu-item-type-custom menu-item-object-custom menu-item-454\"><a href=\"\/en\/medicina-estetica\/mesoterapia-virtual\/\">Mesoterapia virtual<\/a><\/li>\n<li id=\"menu-item-455\" class=\"menu-item menu-item-type-custom menu-item-object-custom menu-item-455\"><a href=\"\/en\/medicina-estetica\/corporal\/grasa-localizada\/criolipolisis\/\">Criolipolisis<\/a><\/li>\n<li id=\"menu-item-456\" class=\"menu-item menu-item-type-custom menu-item-object-custom menu-item-456\"><a href=\"\/en\/medicina-estetica\/facial\/manchas-en-la-cara\/peelings-despigmentantes\/\">Peeling despigmentante<\/a><\/li>\n<li id=\"menu-item-457\" class=\"menu-item menu-item-type-custom menu-item-object-custom menu-item-457\"><a href=\"\/en\/medicina-estetica\/facial\/piel-envejecida\/peelings\/\">Peeling revitalizante<\/a><\/li>\n<li id=\"menu-item-458\" class=\"menu-item menu-item-type-custom menu-item-object-custom menu-item-458\"><a href=\"\/en\/medicina-estetica\/facial\/remodelado-aumento-de-labios-rejuvenecimiento-labial\/\">Remodelaci\u00f3n labial<\/a><\/li>\n<li id=\"menu-item-459\" class=\"menu-item menu-item-type-custom menu-item-object-custom menu-item-459\"><a href=\"\/en\/medicina-estetica\/facial\/flacidez-facial\/retensado-facial-con-radiesse\/\">Retensado facial<\/a><\/li>\n<li id=\"menu-item-460\" class=\"menu-item menu-item-type-custom menu-item-object-custom menu-item-460\"><a href=\"\/en\/medicina-estetica\/plexr\/\">Plexr<\/a><\/li>\n<\/ul><\/div><\/div><\/div><div class=\"text_block\">\n<div class=\"bannersidebar\"><h5> \u00bfNECESITA M\u00c1S INFORMACI\u00d3N?<\/h5><p><span> Contacta con nosotros y nuestro equipo de profesionales contactar\u00e1 lo antes posible con usted<\/span><br \/><a href=\"\/en\/contacto\/\"> CONTACTA CON NOSOTROS<\/a><\/div><\/div>    <\/div>\n    \n\t\n<\/div>\n\n\n\n\n\n\n<div class=\"fw-col-xs-12 fw-col-sm-8   enh_image_bck   enh_col\"  >\n\t\n\t\n  <!-- vertical text -->\n  <div class=\"enh_slider_copyright\"><\/div>\n    \n    \n    <div class=\"\">\t\n    \n\t\t<div class=\"text_block\">\n<p>La estimulaci\u00f3n de la s\u00edntesis del col\u00e1geno se puede conseguir mediante <a href=\"https:\/\/www.rosapulgar.com\/medicina-estetica\/facial\/piel-envejecida\/peelings\/\">peelings<\/a>, <a href=\"https:\/\/www.rosapulgar.com\/medicina-estetica\/mesoterapia-revitalizante\/\">mesoterapia revitalizante<\/a>, <a href=\"https:\/\/www.rosapulgar.com\/medicina-estetica\/mesoterapia-virtual\/\">mesoterapia virtual<\/a>, <a href=\"https:\/\/www.rosapulgar.com\/medicina-estetica\/facial\/arrugas\/hilos\/\">hilos de PDO<\/a> y mediante la colocaci\u00f3n de biomateriales en dermis. Uno de estos materiales es la hidroxiapatita c\u00e1lcica, que es un mineral presente en los huesos y en los dientes. En Medicina Est\u00e9tica se aplica como relleno facial en forma de microesferas de fosfato de calcio suspendidas en un gel infiltrable. La hidroxiapatita c\u00e1lcica es un producto totalmente biocompatible, reabsorbible, no alerg\u00e9nico y con efecto de larga duraci\u00f3n.<\/p><p>El primer efecto que produce es el de relleno de las depresiones. Alrededor del producto infiltrado se produce una fibrosis que produce un efecto de relleno inmediato. La hidroxiapatita es encapsulada, de forma que no migra, sino que se mantiene en la zona infiltrada.<\/p><p>El segundo efecto que produce, fruto del anterior, es la estimulaci\u00f3n del col\u00e1geno, que tarda en formarse aproximadamente 6 meses. Por tanto, el resultado es doble: efecto corrector de los surcos y zonas deprimidas a corto plazo y mejora de la calidad de la piel, a medio plazo.<\/p><p><strong class=\"subtitle\">Indicaciones<\/strong><br \/>La hidroxiapatita c\u00e1lcica est\u00e1 indicada en el relleno de arrugas y correcci\u00f3n de surcos profundos, as\u00ed como en la correcci\u00f3n de cicatrices y defectos de volumen en manos y nariz:<\/p><ul><li>Surco nasogeniano<\/li><li>L\u00edneas de marioneta<\/li><li>Falta de volumen en las manos<\/li><li>Defectos en la nariz<\/li><li>Depresiones producidas por cicatrices y otras atrofias cut\u00e1neas<\/li><li>Arrugas y pliegues de la barbilla<\/li><li>Redefinir la l\u00ednea mandibular<\/li><li>Modelado de p\u00f3mulos<\/li><li>Relleno de la depresi\u00f3n de la sien<\/li><li>Mejorar el aspecto y calidad de la piel<\/li><li>Tensado cut\u00e1neo<\/li><\/ul><\/div><img decoding=\"async\" src=\"\/\/www.rosapulgar.com\/wp-content\/uploads\/2018\/04\/foto22.jpg\" alt=\"\/\/www.rosapulgar.com\/wp-content\/uploads\/2018\/04\/foto22.jpg\" width=\"600\" \/><div class=\"text_block\">\n<p><strong class=\"subtitle\">Procedimiento y productos empleados<\/strong><br \/>La hidroxiapatita c\u00e1lcica, Radiesse\u00ae, es un producto de relleno que se coloca a nivel medio o profundo. Tiene un efecto de relleno inmediato y, paulatinamente, confirme se va reabsorbiendo, induce la formaci\u00f3n de nuevo col\u00e1geno, lo que densifica la piel.<\/p><\/div><div class=\"text_block\">\n<p><strong class=\"subtitle\">Sesiones y mantenimiento<\/strong><br \/>La cantidad de producto va a depender de si lo que se desea es rellenar y voluminizar o por el contrario, se desea tensar y mejorar la calidad de la piel. Normalmente, se realiza una aplicaci\u00f3n y se valora el resultado. En caso necesario se pueden realizar 2 \u00f3 3 sesiones espaciadas un mes.<br \/>Para mantenimiento de los resultados, se recomienda una sesi\u00f3n de mantenimiento cada 12-18 meses. <\/p><\/div><div class=\"text_block\">\n<p><strong class=\"subtitle\">Posibles efectos secundarios<\/strong><br \/>Enrojecimiento, inflamaci\u00f3n o hematoma, todos ellos transitorios.<\/p><p><strong class=\"subtitle\">Contraindicaciones<\/strong><br \/>No debe ser usado en labio ni en glabela. Enfermedades cut\u00e1neas graves. Coagulopat\u00edas.  <\/p><\/div><img decoding=\"async\" src=\"\/\/www.rosapulgar.com\/wp-content\/uploads\/2018\/04\/foto23.jpg\" alt=\"\/\/www.rosapulgar.com\/wp-content\/uploads\/2018\/04\/foto23.jpg\" width=\"600\" \/>    <\/div>\n    \n\t\n<\/div>\n<\/div>\n\n\n\n    <\/div>\n    <!-- container end -->\n<\/section>\n<!-- section end -->","protected":false},"excerpt":{"rendered":"<p>NUESTRAS ESPECIALIDADESNeuromodulador en arrugas de expresi\u00f3n Rejuvenecimiento Facial Hilos tensores V-Lift Rellenos faciales \/ Bioplastia Mesoterapia corporal Mesoterapia revitalizante Mesoterapia virtual Criolipolisis Peeling despigmentante Peeling revitalizante&#8230;<br \/><a href=\"https:\/\/www.clinicapulgar.com\/en\/medicina-estetica\/facial\/arrugas\/inductores-del-colageno-hidroxiapatita-calcica\/\" class=\"btn btn_more\">Leer m\u00e1s<\/a><\/p>","protected":false},"author":2,"featured_media":531,"parent":111,"menu_order":0,"comment_status":"closed","ping_status":"closed","template":"template-one-page.php","meta":{"footnotes":""},"class_list":["post-126","page","type-page","status-publish","has-post-thumbnail","hentry"],"yoast_head":"<!-- This site is optimized with the Yoast SEO plugin v26.7 - https:\/\/yoast.com\/wordpress\/plugins\/seo\/ -->\n<title>Inductores del col\u00e1geno: Hidroxiapatita c\u00e1lcica - Clinica Rosa Pulgar<\/title>\n<meta name=\"description\" content=\"La cantidad de producto va a depender de si lo que se desea es rellenar y voluminizar o por el contrario, se desea tensar y mejorar.\" \/>\n<meta name=\"robots\" content=\"index, follow, max-snippet:-1, max-image-preview:large, max-video-preview:-1\" \/>\n<link rel=\"canonical\" href=\"https:\/\/www.clinicapulgar.com\/en\/medicina-estetica\/facial\/arrugas\/inductores-del-colageno-hidroxiapatita-calcica\/\" \/>\n<meta property=\"og:locale\" content=\"en_GB\" \/>\n<meta property=\"og:type\" content=\"article\" \/>\n<meta property=\"og:title\" content=\"Inductores del col\u00e1geno: Hidroxiapatita c\u00e1lcica - Clinica Rosa Pulgar\" \/>\n<meta property=\"og:description\" content=\"La cantidad de producto va a depender de si lo que se desea es rellenar y voluminizar o por el contrario, se desea tensar y mejorar.\" \/>\n<meta property=\"og:url\" content=\"https:\/\/www.clinicapulgar.com\/en\/medicina-estetica\/facial\/arrugas\/inductores-del-colageno-hidroxiapatita-calcica\/\" \/>\n<meta property=\"og:site_name\" content=\"Clinica Rosa Pulgar\" \/>\n<meta property=\"article:modified_time\" content=\"2025-01-29T07:39:18+00:00\" \/>\n<meta property=\"og:image\" content=\"https:\/\/www.clinicapulgar.com\/wp-content\/uploads\/2018\/04\/foto22.jpg\" \/>\n\t<meta property=\"og:image:width\" content=\"1147\" \/>\n\t<meta property=\"og:image:height\" content=\"759\" \/>\n\t<meta property=\"og:image:type\" content=\"image\/jpeg\" \/>\n<meta name=\"twitter:card\" content=\"summary_large_image\" \/>\n<meta name=\"twitter:label1\" content=\"Estimated reading time\" \/>\n\t<meta name=\"twitter:data1\" content=\"3 minutes\" \/>\n<script type=\"application\/ld+json\" class=\"yoast-schema-graph\">{\"@context\":\"https:\/\/schema.org\",\"@graph\":[{\"@type\":\"WebPage\",\"@id\":\"https:\/\/www.clinicapulgar.com\/medicina-estetica\/facial\/arrugas\/inductores-del-colageno-hidroxiapatita-calcica\/\",\"url\":\"https:\/\/www.clinicapulgar.com\/medicina-estetica\/facial\/arrugas\/inductores-del-colageno-hidroxiapatita-calcica\/\",\"name\":\"Inductores del col\u00e1geno: Hidroxiapatita c\u00e1lcica - Clinica Rosa Pulgar\",\"isPartOf\":{\"@id\":\"https:\/\/www.clinicapulgar.com\/#website\"},\"primaryImageOfPage\":{\"@id\":\"https:\/\/www.clinicapulgar.com\/medicina-estetica\/facial\/arrugas\/inductores-del-colageno-hidroxiapatita-calcica\/#primaryimage\"},\"image\":{\"@id\":\"https:\/\/www.clinicapulgar.com\/medicina-estetica\/facial\/arrugas\/inductores-del-colageno-hidroxiapatita-calcica\/#primaryimage\"},\"thumbnailUrl\":\"https:\/\/www.clinicapulgar.com\/wp-content\/uploads\/2018\/04\/foto22.jpg\",\"datePublished\":\"2018-04-09T18:55:57+00:00\",\"dateModified\":\"2025-01-29T07:39:18+00:00\",\"description\":\"La cantidad de producto va a depender de si lo que se desea es rellenar y voluminizar o por el contrario, se desea tensar y mejorar.\",\"breadcrumb\":{\"@id\":\"https:\/\/www.clinicapulgar.com\/medicina-estetica\/facial\/arrugas\/inductores-del-colageno-hidroxiapatita-calcica\/#breadcrumb\"},\"inLanguage\":\"en-GB\",\"potentialAction\":[{\"@type\":\"ReadAction\",\"target\":[\"https:\/\/www.clinicapulgar.com\/medicina-estetica\/facial\/arrugas\/inductores-del-colageno-hidroxiapatita-calcica\/\"]}]},{\"@type\":\"ImageObject\",\"inLanguage\":\"en-GB\",\"@id\":\"https:\/\/www.clinicapulgar.com\/medicina-estetica\/facial\/arrugas\/inductores-del-colageno-hidroxiapatita-calcica\/#primaryimage\",\"url\":\"https:\/\/www.clinicapulgar.com\/wp-content\/uploads\/2018\/04\/foto22.jpg\",\"contentUrl\":\"https:\/\/www.clinicapulgar.com\/wp-content\/uploads\/2018\/04\/foto22.jpg\",\"width\":1147,\"height\":759},{\"@type\":\"BreadcrumbList\",\"@id\":\"https:\/\/www.clinicapulgar.com\/medicina-estetica\/facial\/arrugas\/inductores-del-colageno-hidroxiapatita-calcica\/#breadcrumb\",\"itemListElement\":[{\"@type\":\"ListItem\",\"position\":1,\"name\":\"Home\",\"item\":\"https:\/\/www.clinicapulgar.com\/\"},{\"@type\":\"ListItem\",\"position\":2,\"name\":\"Medicina Est\u00e9tica\",\"item\":\"https:\/\/www.clinicapulgar.com\/medicina-estetica\/\"},{\"@type\":\"ListItem\",\"position\":3,\"name\":\"Facial\",\"item\":\"https:\/\/www.clinicapulgar.com\/en\/medicina-estetica\/facial\/\"},{\"@type\":\"ListItem\",\"position\":4,\"name\":\"Arrugas\",\"item\":\"https:\/\/www.clinicapulgar.com\/medicina-estetica\/facial\/arrugas\/\"},{\"@type\":\"ListItem\",\"position\":5,\"name\":\"Inductores del col\u00e1geno: Hidroxiapatita c\u00e1lcica\"}]},{\"@type\":\"WebSite\",\"@id\":\"https:\/\/www.clinicapulgar.com\/#website\",\"url\":\"https:\/\/www.clinicapulgar.com\/\",\"name\":\"Clinica Rosa Pulgar\",\"description\":\"Cl\u00ednica dental Rosa Pulgar - est\u00e9tica dental\",\"potentialAction\":[{\"@type\":\"SearchAction\",\"target\":{\"@type\":\"EntryPoint\",\"urlTemplate\":\"https:\/\/www.clinicapulgar.com\/?s={search_term_string}\"},\"query-input\":{\"@type\":\"PropertyValueSpecification\",\"valueRequired\":true,\"valueName\":\"search_term_string\"}}],\"inLanguage\":\"en-GB\"}]}<\/script>\n<!-- \/ Yoast SEO plugin. -->","yoast_head_json":{"title":"Inductores del col\u00e1geno: Hidroxiapatita c\u00e1lcica - Clinica Rosa Pulgar","description":"La cantidad de producto va a depender de si lo que se desea es rellenar y voluminizar o por el contrario, se desea tensar y mejorar.","robots":{"index":"index","follow":"follow","max-snippet":"max-snippet:-1","max-image-preview":"max-image-preview:large","max-video-preview":"max-video-preview:-1"},"canonical":"https:\/\/www.clinicapulgar.com\/en\/medicina-estetica\/facial\/arrugas\/inductores-del-colageno-hidroxiapatita-calcica\/","og_locale":"en_GB","og_type":"article","og_title":"Inductores del col\u00e1geno: Hidroxiapatita c\u00e1lcica - Clinica Rosa Pulgar","og_description":"La cantidad de producto va a depender de si lo que se desea es rellenar y voluminizar o por el contrario, se desea tensar y mejorar.","og_url":"https:\/\/www.clinicapulgar.com\/en\/medicina-estetica\/facial\/arrugas\/inductores-del-colageno-hidroxiapatita-calcica\/","og_site_name":"Clinica Rosa Pulgar","article_modified_time":"2025-01-29T07:39:18+00:00","og_image":[{"width":1147,"height":759,"url":"https:\/\/www.clinicapulgar.com\/wp-content\/uploads\/2018\/04\/foto22.jpg","type":"image\/jpeg"}],"twitter_card":"summary_large_image","twitter_misc":{"Estimated reading time":"3 minutes"},"schema":{"@context":"https:\/\/schema.org","@graph":[{"@type":"WebPage","@id":"https:\/\/www.clinicapulgar.com\/medicina-estetica\/facial\/arrugas\/inductores-del-colageno-hidroxiapatita-calcica\/","url":"https:\/\/www.clinicapulgar.com\/medicina-estetica\/facial\/arrugas\/inductores-del-colageno-hidroxiapatita-calcica\/","name":"Inductores del col\u00e1geno: Hidroxiapatita c\u00e1lcica - Clinica Rosa Pulgar","isPartOf":{"@id":"https:\/\/www.clinicapulgar.com\/#website"},"primaryImageOfPage":{"@id":"https:\/\/www.clinicapulgar.com\/medicina-estetica\/facial\/arrugas\/inductores-del-colageno-hidroxiapatita-calcica\/#primaryimage"},"image":{"@id":"https:\/\/www.clinicapulgar.com\/medicina-estetica\/facial\/arrugas\/inductores-del-colageno-hidroxiapatita-calcica\/#primaryimage"},"thumbnailUrl":"https:\/\/www.clinicapulgar.com\/wp-content\/uploads\/2018\/04\/foto22.jpg","datePublished":"2018-04-09T18:55:57+00:00","dateModified":"2025-01-29T07:39:18+00:00","description":"La cantidad de producto va a depender de si lo que se desea es rellenar y voluminizar o por el contrario, se desea tensar y mejorar.","breadcrumb":{"@id":"https:\/\/www.clinicapulgar.com\/medicina-estetica\/facial\/arrugas\/inductores-del-colageno-hidroxiapatita-calcica\/#breadcrumb"},"inLanguage":"en-GB","potentialAction":[{"@type":"ReadAction","target":["https:\/\/www.clinicapulgar.com\/medicina-estetica\/facial\/arrugas\/inductores-del-colageno-hidroxiapatita-calcica\/"]}]},{"@type":"ImageObject","inLanguage":"en-GB","@id":"https:\/\/www.clinicapulgar.com\/medicina-estetica\/facial\/arrugas\/inductores-del-colageno-hidroxiapatita-calcica\/#primaryimage","url":"https:\/\/www.clinicapulgar.com\/wp-content\/uploads\/2018\/04\/foto22.jpg","contentUrl":"https:\/\/www.clinicapulgar.com\/wp-content\/uploads\/2018\/04\/foto22.jpg","width":1147,"height":759},{"@type":"BreadcrumbList","@id":"https:\/\/www.clinicapulgar.com\/medicina-estetica\/facial\/arrugas\/inductores-del-colageno-hidroxiapatita-calcica\/#breadcrumb","itemListElement":[{"@type":"ListItem","position":1,"name":"Home","item":"https:\/\/www.clinicapulgar.com\/"},{"@type":"ListItem","position":2,"name":"Medicina Est\u00e9tica","item":"https:\/\/www.clinicapulgar.com\/medicina-estetica\/"},{"@type":"ListItem","position":3,"name":"Facial","item":"https:\/\/www.clinicapulgar.com\/en\/medicina-estetica\/facial\/"},{"@type":"ListItem","position":4,"name":"Arrugas","item":"https:\/\/www.clinicapulgar.com\/medicina-estetica\/facial\/arrugas\/"},{"@type":"ListItem","position":5,"name":"Inductores del col\u00e1geno: Hidroxiapatita c\u00e1lcica"}]},{"@type":"WebSite","@id":"https:\/\/www.clinicapulgar.com\/#website","url":"https:\/\/www.clinicapulgar.com\/","name":"Clinica Rosa Pulgar","description":"Cl\u00ednica dental Rosa Pulgar - est\u00e9tica dental","potentialAction":[{"@type":"SearchAction","target":{"@type":"EntryPoint","urlTemplate":"https:\/\/www.clinicapulgar.com\/?s={search_term_string}"},"query-input":{"@type":"PropertyValueSpecification","valueRequired":true,"valueName":"search_term_string"}}],"inLanguage":"en-GB"}]}},"_links":{"self":[{"href":"https:\/\/www.clinicapulgar.com\/en\/wp-json\/wp\/v2\/pages\/126","targetHints":{"allow":["GET"]}}],"collection":[{"href":"https:\/\/www.clinicapulgar.com\/en\/wp-json\/wp\/v2\/pages"}],"about":[{"href":"https:\/\/www.clinicapulgar.com\/en\/wp-json\/wp\/v2\/types\/page"}],"author":[{"embeddable":true,"href":"https:\/\/www.clinicapulgar.com\/en\/wp-json\/wp\/v2\/users\/2"}],"replies":[{"embeddable":true,"href":"https:\/\/www.clinicapulgar.com\/en\/wp-json\/wp\/v2\/comments?post=126"}],"version-history":[{"count":9,"href":"https:\/\/www.clinicapulgar.com\/en\/wp-json\/wp\/v2\/pages\/126\/revisions"}],"predecessor-version":[{"id":1084,"href":"https:\/\/www.clinicapulgar.com\/en\/wp-json\/wp\/v2\/pages\/126\/revisions\/1084"}],"up":[{"embeddable":true,"href":"https:\/\/www.clinicapulgar.com\/en\/wp-json\/wp\/v2\/pages\/111"}],"wp:featuredmedia":[{"embeddable":true,"href":"https:\/\/www.clinicapulgar.com\/en\/wp-json\/wp\/v2\/media\/531"}],"wp:attachment":[{"href":"https:\/\/www.clinicapulgar.com\/en\/wp-json\/wp\/v2\/media?parent=126"}],"curies":[{"name":"wp","href":"https:\/\/api.w.org\/{rel}","templated":true}]}}