{"id":121,"date":"2018-04-09T18:55:28","date_gmt":"2018-04-09T18:55:28","guid":{"rendered":"https:\/\/www.rosapulgar.com\/?page_id=121"},"modified":"2025-01-31T09:27:13","modified_gmt":"2025-01-31T09:27:13","slug":"rellenos-faciales-bioplastia","status":"publish","type":"page","link":"https:\/\/www.clinicapulgar.com\/en\/medicina-estetica\/facial\/arrugas\/rellenos-faciales-bioplastia\/","title":{"rendered":"Rellenos faciales. Bioplastia"},"content":{"rendered":"<!-- section -->\n<section   class=\"enh_section enh_image_bck\"  >\n\n\t\t\n\n\n\t\t    <div class=\"container intro_text_lc\">\n    \n    <!-- vertical text -->\n    <div class=\"enh_slider_copyright\"><\/div>\n\t\t\n    \n\t\t\n\n    <div class=\"fw-row\">\n\t\n\n\n\n\n\n<div class=\"fw-col-xs-12 fw-col-sm-4   enh_image_bck   enh_col\"  >\n\t\n\t\n  <!-- vertical text -->\n  <div class=\"enh_slider_copyright\"><\/div>\n    \n    \n    <div class=\"\">\t\n    \n\t\t<div class=\"text_block\">\n<div class=\"menusidebar\"><span class=\"titlesubmenu\">NUESTRAS ESPECIALIDADES<\/span><br \/><div class=\"menu-container\"><ul id=\"menu-medicina-estetica\" class=\"menu\"><li id=\"menu-item-448\" class=\"menu-item menu-item-type-custom menu-item-object-custom menu-item-448\"><a href=\"\/en\/medicina-estetica\/facial\/arrugas\/neuromodulador\/\">Neuromodulador en arrugas de expresi\u00f3n<\/a><\/li>\n<li id=\"menu-item-449\" class=\"menu-item menu-item-type-custom menu-item-object-custom menu-item-449\"><a href=\"\/en\/medicina-estetica\/facial\/rejuvenecimiento-facial-integral\/\">Rejuvenecimiento Facial<\/a><\/li>\n<li id=\"menu-item-450\" class=\"menu-item menu-item-type-custom menu-item-object-custom menu-item-450\"><a href=\"\/en\/medicina-estetica\/hilos\/\">Hilos tensores V-Lift<\/a><\/li>\n<li id=\"menu-item-451\" class=\"menu-item menu-item-type-custom menu-item-object-custom menu-item-451\"><a href=\"\/en\/medicina-estetica\/facial\/arrugas\/rellenos-faciales-bioplastia\/\">Rellenos faciales \/ Bioplastia<\/a><\/li>\n<li id=\"menu-item-452\" class=\"menu-item menu-item-type-custom menu-item-object-custom menu-item-452\"><a href=\"\/en\/medicina-estetica\/mesoterapia-corporal\/\">Mesoterapia corporal<\/a><\/li>\n<li id=\"menu-item-453\" class=\"menu-item menu-item-type-custom menu-item-object-custom menu-item-453\"><a href=\"\/en\/medicina-estetica\/mesoterapia-facial\/\">Mesoterapia revitalizante<\/a><\/li>\n<li id=\"menu-item-454\" class=\"menu-item menu-item-type-custom menu-item-object-custom menu-item-454\"><a href=\"\/en\/medicina-estetica\/mesoterapia-virtual\/\">Mesoterapia virtual<\/a><\/li>\n<li id=\"menu-item-455\" class=\"menu-item menu-item-type-custom menu-item-object-custom menu-item-455\"><a href=\"\/en\/medicina-estetica\/corporal\/grasa-localizada\/criolipolisis\/\">Criolipolisis<\/a><\/li>\n<li id=\"menu-item-456\" class=\"menu-item menu-item-type-custom menu-item-object-custom menu-item-456\"><a href=\"\/en\/medicina-estetica\/facial\/manchas-en-la-cara\/peelings-despigmentantes\/\">Peeling despigmentante<\/a><\/li>\n<li id=\"menu-item-457\" class=\"menu-item menu-item-type-custom menu-item-object-custom menu-item-457\"><a href=\"\/en\/medicina-estetica\/facial\/piel-envejecida\/peelings\/\">Peeling revitalizante<\/a><\/li>\n<li id=\"menu-item-458\" class=\"menu-item menu-item-type-custom menu-item-object-custom menu-item-458\"><a href=\"\/en\/medicina-estetica\/facial\/remodelado-aumento-de-labios-rejuvenecimiento-labial\/\">Remodelaci\u00f3n labial<\/a><\/li>\n<li id=\"menu-item-459\" class=\"menu-item menu-item-type-custom menu-item-object-custom menu-item-459\"><a href=\"\/en\/medicina-estetica\/facial\/flacidez-facial\/retensado-facial-con-radiesse\/\">Retensado facial<\/a><\/li>\n<li id=\"menu-item-460\" class=\"menu-item menu-item-type-custom menu-item-object-custom menu-item-460\"><a href=\"\/en\/medicina-estetica\/plexr\/\">Plexr<\/a><\/li>\n<\/ul><\/div><\/div><\/div><div class=\"text_block\">\n<div class=\"bannersidebar\"><h5> \u00bfNECESITA M\u00c1S INFORMACI\u00d3N?<\/h5><p><span> Contacta con nosotros y nuestro equipo de profesionales contactar\u00e1 lo antes posible con usted<\/span><br \/><a href=\"\/en\/contacto\/\"> CONTACTA CON NOSOTROS<\/a><\/div><\/div>    <\/div>\n    \n\t\n<\/div>\n\n\n\n\n\n\n<div class=\"fw-col-xs-12 fw-col-sm-8   enh_image_bck   enh_col\"  >\n\t\n\t\n  <!-- vertical text -->\n  <div class=\"enh_slider_copyright\"><\/div>\n    \n    \n    <div class=\"\">\t\n    \n\t\t<div class=\"text_block\">\n<p>Una de las posibilidades para corregir arrugas profundas, surcos, aumentar zonas que han perdido volumen o definici\u00f3n o zonas deprimidas, como la sien, es utilizar biomateriales de relleno. Con estos materiales podemos remodelar el rostro mediante procedimientos muy poco invasivos.<\/p><p>Hace a\u00f1os se utilizaban materiales permanentes, no reabsorbibles. En la actualidad, esos materiales est\u00e1n prohibidos y s\u00f3lo se utilizan biomateriales reabsorbibles que el organismo va degradando poco a poco de una manera fisiol\u00f3gica y natural. Esto hace que sean tolerados perfectamente por los tejidos y que no den lugar a las desagradables reacciones cut\u00e1neas que produc\u00edan los permanentes.<\/p><\/div><img decoding=\"async\" src=\"\/\/www.rosapulgar.com\/wp-content\/uploads\/2018\/04\/foto16.jpg\" alt=\"\/\/www.rosapulgar.com\/wp-content\/uploads\/2018\/04\/foto16.jpg\" width=\"600\" \/><div class=\"text_block\">\n<p><strong class=\"subtitle\">Procedimiento y productos empleados<\/strong><br \/>Sin duda, de entre los disponibles, destacan el \u00e1cido hialur\u00f3nico (AH), componente natural de la piel, y la hidroxiapatita c\u00e1lcica, Radiesse\u00ae. Dependiendo de la situaci\u00f3n cl\u00ednica del paciente y de la zona a tratar, se elegir\u00e1 uno u otro tipo de producto. <\/p><p>Si lo que deseamos es hidratar, dar volumen a una zona anat\u00f3mica en concreto o rellenar una arruga marcada, habitualmente se utiliza AH. Si por el contrario pretendemos un efecto de \u201ctensado\u201d cut\u00e1neo, aplicaremos hidroxiapatita c\u00e1lcica siguiendo vectores de fuerza ya que es un excelente inductor de col\u00e1geno. <\/p><\/div><div class=\"text_block\">\n<p><strong class=\"subtitle\">Sesiones<\/strong><br \/>El tratamiento es completamente personalizado. Hay que identificar los problemas que presenta el rostro y determinar qu\u00e9 producto, en cuanta cantidad y con qu\u00e9 t\u00e9cnica se conseguir\u00e1n resultados \u00f3ptimos. Es frecuente que, en un mismo paciente, se combinen t\u00e9cnicas y productos. <\/p><\/div><img decoding=\"async\" src=\"\/\/www.rosapulgar.com\/wp-content\/uploads\/2018\/04\/foto17.jpg\" alt=\"\/\/www.rosapulgar.com\/wp-content\/uploads\/2018\/04\/foto17.jpg\" width=\"600\" \/><div class=\"text_block\">\n<p><strong class=\"subtitle\">Mantenimiento<\/strong><br \/>Como ya hemos comentado, todos los materiales que se usan como relleno son reabsorbibles. Eso significa que el organismo los va eliminando poco a poco, por lo que dependiendo del material y de la zona ser\u00e1 necesario realizar mantenimientos peri\u00f3dicos. El relleno de un labio con AH puede durar un a\u00f1o; los efectos de Radiesse persisten durante mas tiempo.<\/p><p>En general, se suelen combinan varias t\u00e9cnicas de rejuvenecimiento facial para prevenir el envejecimiento de la piel.<\/p><p><strong class=\"subtitle\">Posibles efectos secundarios<\/strong><br \/>Al ser el inyectados, puede producirse enrojecimiento, inflamaci\u00f3n, ligera molestia o un peque\u00f1o hematoma en la zona que se puede cubrir perfectamente con el maquillaje habitual. A veces, aunque es muy infrecuente, pueden producirse reacciones a cuerpo extra\u00f1o, generalmente asociadas a presencia de materiales permanentes previos. Por eso es importante hacer una historia cl\u00ednica y que el paciente precise los tratamientos que se ha realizado.<\/p><p>No se descartan reacciones al\u00e9rgicas graves, aunque son muy infrecuentes tambi\u00e9n.<\/p><p><strong class=\"subtitle\">Contraindicaciones<\/strong><br \/>Contraindicado en pacientes que presenten alguna infecci\u00f3n en la piel, problemas de coagulaci\u00f3n, enfermedades autoinmunes, colagenosis o atopias cut\u00e1neas.<\/p><\/div><img decoding=\"async\" src=\"\/\/www.rosapulgar.com\/wp-content\/uploads\/2018\/04\/foto18.jpg\" alt=\"\/\/www.rosapulgar.com\/wp-content\/uploads\/2018\/04\/foto18.jpg\" width=\"600\" \/>    <\/div>\n    \n\t\n<\/div>\n<\/div>\n\n\n\n    <\/div>\n    <!-- container end -->\n<\/section>\n<!-- section end -->","protected":false},"excerpt":{"rendered":"<p>NUESTRAS ESPECIALIDADESNeuromodulador en arrugas de expresi\u00f3n Rejuvenecimiento Facial Hilos tensores V-Lift Rellenos faciales \/ Bioplastia Mesoterapia corporal Mesoterapia revitalizante Mesoterapia virtual Criolipolisis Peeling despigmentante Peeling revitalizante&#8230;<br \/><a href=\"https:\/\/www.clinicapulgar.com\/en\/medicina-estetica\/facial\/arrugas\/rellenos-faciales-bioplastia\/\" class=\"btn btn_more\">Leer m\u00e1s<\/a><\/p>","protected":false},"author":2,"featured_media":521,"parent":111,"menu_order":0,"comment_status":"closed","ping_status":"closed","template":"template-one-page.php","meta":{"footnotes":""},"class_list":["post-121","page","type-page","status-publish","has-post-thumbnail","hentry"],"yoast_head":"<!-- This site is optimized with the Yoast SEO plugin v26.7 - https:\/\/yoast.com\/wordpress\/plugins\/seo\/ -->\n<title>Rellenos faciales. Bioplastia - Clinica Rosa Pulgar<\/title>\n<meta name=\"description\" content=\"Una de las posibilidades para corregir arrugas profundas, surcos, aumentar zonas que han perdido volumen son los Rellenos faciales. Bioplastia\" \/>\n<meta name=\"robots\" content=\"index, follow, max-snippet:-1, max-image-preview:large, max-video-preview:-1\" \/>\n<link rel=\"canonical\" href=\"https:\/\/www.clinicapulgar.com\/en\/medicina-estetica\/facial\/arrugas\/rellenos-faciales-bioplastia\/\" \/>\n<meta property=\"og:locale\" content=\"en_GB\" \/>\n<meta property=\"og:type\" content=\"article\" \/>\n<meta property=\"og:title\" content=\"Rellenos faciales. Bioplastia - Clinica Rosa Pulgar\" \/>\n<meta property=\"og:description\" content=\"Una de las posibilidades para corregir arrugas profundas, surcos, aumentar zonas que han perdido volumen son los Rellenos faciales. Bioplastia\" \/>\n<meta property=\"og:url\" content=\"https:\/\/www.clinicapulgar.com\/en\/medicina-estetica\/facial\/arrugas\/rellenos-faciales-bioplastia\/\" \/>\n<meta property=\"og:site_name\" content=\"Clinica Rosa Pulgar\" \/>\n<meta property=\"article:modified_time\" content=\"2025-01-31T09:27:13+00:00\" \/>\n<meta property=\"og:image\" content=\"https:\/\/www.clinicapulgar.com\/wp-content\/uploads\/2018\/04\/foto16.jpg\" \/>\n\t<meta property=\"og:image:width\" content=\"1147\" \/>\n\t<meta property=\"og:image:height\" content=\"759\" \/>\n\t<meta property=\"og:image:type\" content=\"image\/jpeg\" \/>\n<meta name=\"twitter:card\" content=\"summary_large_image\" \/>\n<meta name=\"twitter:label1\" content=\"Estimated reading time\" \/>\n\t<meta name=\"twitter:data1\" content=\"3 minutes\" \/>\n<script type=\"application\/ld+json\" class=\"yoast-schema-graph\">{\"@context\":\"https:\/\/schema.org\",\"@graph\":[{\"@type\":\"WebPage\",\"@id\":\"https:\/\/www.clinicapulgar.com\/medicina-estetica\/facial\/arrugas\/rellenos-faciales-bioplastia\/\",\"url\":\"https:\/\/www.clinicapulgar.com\/medicina-estetica\/facial\/arrugas\/rellenos-faciales-bioplastia\/\",\"name\":\"Rellenos faciales. Bioplastia - Clinica Rosa Pulgar\",\"isPartOf\":{\"@id\":\"https:\/\/www.clinicapulgar.com\/#website\"},\"primaryImageOfPage\":{\"@id\":\"https:\/\/www.clinicapulgar.com\/medicina-estetica\/facial\/arrugas\/rellenos-faciales-bioplastia\/#primaryimage\"},\"image\":{\"@id\":\"https:\/\/www.clinicapulgar.com\/medicina-estetica\/facial\/arrugas\/rellenos-faciales-bioplastia\/#primaryimage\"},\"thumbnailUrl\":\"https:\/\/www.clinicapulgar.com\/wp-content\/uploads\/2018\/04\/foto16.jpg\",\"datePublished\":\"2018-04-09T18:55:28+00:00\",\"dateModified\":\"2025-01-31T09:27:13+00:00\",\"description\":\"Una de las posibilidades para corregir arrugas profundas, surcos, aumentar zonas que han perdido volumen son los Rellenos faciales. Bioplastia\",\"breadcrumb\":{\"@id\":\"https:\/\/www.clinicapulgar.com\/medicina-estetica\/facial\/arrugas\/rellenos-faciales-bioplastia\/#breadcrumb\"},\"inLanguage\":\"en-GB\",\"potentialAction\":[{\"@type\":\"ReadAction\",\"target\":[\"https:\/\/www.clinicapulgar.com\/medicina-estetica\/facial\/arrugas\/rellenos-faciales-bioplastia\/\"]}]},{\"@type\":\"ImageObject\",\"inLanguage\":\"en-GB\",\"@id\":\"https:\/\/www.clinicapulgar.com\/medicina-estetica\/facial\/arrugas\/rellenos-faciales-bioplastia\/#primaryimage\",\"url\":\"https:\/\/www.clinicapulgar.com\/wp-content\/uploads\/2018\/04\/foto16.jpg\",\"contentUrl\":\"https:\/\/www.clinicapulgar.com\/wp-content\/uploads\/2018\/04\/foto16.jpg\",\"width\":1147,\"height\":759},{\"@type\":\"BreadcrumbList\",\"@id\":\"https:\/\/www.clinicapulgar.com\/medicina-estetica\/facial\/arrugas\/rellenos-faciales-bioplastia\/#breadcrumb\",\"itemListElement\":[{\"@type\":\"ListItem\",\"position\":1,\"name\":\"Home\",\"item\":\"https:\/\/www.clinicapulgar.com\/\"},{\"@type\":\"ListItem\",\"position\":2,\"name\":\"Medicina Est\u00e9tica\",\"item\":\"https:\/\/www.clinicapulgar.com\/medicina-estetica\/\"},{\"@type\":\"ListItem\",\"position\":3,\"name\":\"Facial\",\"item\":\"https:\/\/www.clinicapulgar.com\/en\/medicina-estetica\/facial\/\"},{\"@type\":\"ListItem\",\"position\":4,\"name\":\"Arrugas\",\"item\":\"https:\/\/www.clinicapulgar.com\/medicina-estetica\/facial\/arrugas\/\"},{\"@type\":\"ListItem\",\"position\":5,\"name\":\"Rellenos faciales. Bioplastia\"}]},{\"@type\":\"WebSite\",\"@id\":\"https:\/\/www.clinicapulgar.com\/#website\",\"url\":\"https:\/\/www.clinicapulgar.com\/\",\"name\":\"Clinica Rosa Pulgar\",\"description\":\"Cl\u00ednica dental Rosa Pulgar - est\u00e9tica dental\",\"potentialAction\":[{\"@type\":\"SearchAction\",\"target\":{\"@type\":\"EntryPoint\",\"urlTemplate\":\"https:\/\/www.clinicapulgar.com\/?s={search_term_string}\"},\"query-input\":{\"@type\":\"PropertyValueSpecification\",\"valueRequired\":true,\"valueName\":\"search_term_string\"}}],\"inLanguage\":\"en-GB\"}]}<\/script>\n<!-- \/ Yoast SEO plugin. -->","yoast_head_json":{"title":"Rellenos faciales. Bioplastia - Clinica Rosa Pulgar","description":"Una de las posibilidades para corregir arrugas profundas, surcos, aumentar zonas que han perdido volumen son los Rellenos faciales. Bioplastia","robots":{"index":"index","follow":"follow","max-snippet":"max-snippet:-1","max-image-preview":"max-image-preview:large","max-video-preview":"max-video-preview:-1"},"canonical":"https:\/\/www.clinicapulgar.com\/en\/medicina-estetica\/facial\/arrugas\/rellenos-faciales-bioplastia\/","og_locale":"en_GB","og_type":"article","og_title":"Rellenos faciales. Bioplastia - Clinica Rosa Pulgar","og_description":"Una de las posibilidades para corregir arrugas profundas, surcos, aumentar zonas que han perdido volumen son los Rellenos faciales. Bioplastia","og_url":"https:\/\/www.clinicapulgar.com\/en\/medicina-estetica\/facial\/arrugas\/rellenos-faciales-bioplastia\/","og_site_name":"Clinica Rosa Pulgar","article_modified_time":"2025-01-31T09:27:13+00:00","og_image":[{"width":1147,"height":759,"url":"https:\/\/www.clinicapulgar.com\/wp-content\/uploads\/2018\/04\/foto16.jpg","type":"image\/jpeg"}],"twitter_card":"summary_large_image","twitter_misc":{"Estimated reading time":"3 minutes"},"schema":{"@context":"https:\/\/schema.org","@graph":[{"@type":"WebPage","@id":"https:\/\/www.clinicapulgar.com\/medicina-estetica\/facial\/arrugas\/rellenos-faciales-bioplastia\/","url":"https:\/\/www.clinicapulgar.com\/medicina-estetica\/facial\/arrugas\/rellenos-faciales-bioplastia\/","name":"Rellenos faciales. Bioplastia - Clinica Rosa Pulgar","isPartOf":{"@id":"https:\/\/www.clinicapulgar.com\/#website"},"primaryImageOfPage":{"@id":"https:\/\/www.clinicapulgar.com\/medicina-estetica\/facial\/arrugas\/rellenos-faciales-bioplastia\/#primaryimage"},"image":{"@id":"https:\/\/www.clinicapulgar.com\/medicina-estetica\/facial\/arrugas\/rellenos-faciales-bioplastia\/#primaryimage"},"thumbnailUrl":"https:\/\/www.clinicapulgar.com\/wp-content\/uploads\/2018\/04\/foto16.jpg","datePublished":"2018-04-09T18:55:28+00:00","dateModified":"2025-01-31T09:27:13+00:00","description":"Una de las posibilidades para corregir arrugas profundas, surcos, aumentar zonas que han perdido volumen son los Rellenos faciales. Bioplastia","breadcrumb":{"@id":"https:\/\/www.clinicapulgar.com\/medicina-estetica\/facial\/arrugas\/rellenos-faciales-bioplastia\/#breadcrumb"},"inLanguage":"en-GB","potentialAction":[{"@type":"ReadAction","target":["https:\/\/www.clinicapulgar.com\/medicina-estetica\/facial\/arrugas\/rellenos-faciales-bioplastia\/"]}]},{"@type":"ImageObject","inLanguage":"en-GB","@id":"https:\/\/www.clinicapulgar.com\/medicina-estetica\/facial\/arrugas\/rellenos-faciales-bioplastia\/#primaryimage","url":"https:\/\/www.clinicapulgar.com\/wp-content\/uploads\/2018\/04\/foto16.jpg","contentUrl":"https:\/\/www.clinicapulgar.com\/wp-content\/uploads\/2018\/04\/foto16.jpg","width":1147,"height":759},{"@type":"BreadcrumbList","@id":"https:\/\/www.clinicapulgar.com\/medicina-estetica\/facial\/arrugas\/rellenos-faciales-bioplastia\/#breadcrumb","itemListElement":[{"@type":"ListItem","position":1,"name":"Home","item":"https:\/\/www.clinicapulgar.com\/"},{"@type":"ListItem","position":2,"name":"Medicina Est\u00e9tica","item":"https:\/\/www.clinicapulgar.com\/medicina-estetica\/"},{"@type":"ListItem","position":3,"name":"Facial","item":"https:\/\/www.clinicapulgar.com\/en\/medicina-estetica\/facial\/"},{"@type":"ListItem","position":4,"name":"Arrugas","item":"https:\/\/www.clinicapulgar.com\/medicina-estetica\/facial\/arrugas\/"},{"@type":"ListItem","position":5,"name":"Rellenos faciales. Bioplastia"}]},{"@type":"WebSite","@id":"https:\/\/www.clinicapulgar.com\/#website","url":"https:\/\/www.clinicapulgar.com\/","name":"Clinica Rosa Pulgar","description":"Cl\u00ednica dental Rosa Pulgar - est\u00e9tica dental","potentialAction":[{"@type":"SearchAction","target":{"@type":"EntryPoint","urlTemplate":"https:\/\/www.clinicapulgar.com\/?s={search_term_string}"},"query-input":{"@type":"PropertyValueSpecification","valueRequired":true,"valueName":"search_term_string"}}],"inLanguage":"en-GB"}]}},"_links":{"self":[{"href":"https:\/\/www.clinicapulgar.com\/en\/wp-json\/wp\/v2\/pages\/121","targetHints":{"allow":["GET"]}}],"collection":[{"href":"https:\/\/www.clinicapulgar.com\/en\/wp-json\/wp\/v2\/pages"}],"about":[{"href":"https:\/\/www.clinicapulgar.com\/en\/wp-json\/wp\/v2\/types\/page"}],"author":[{"embeddable":true,"href":"https:\/\/www.clinicapulgar.com\/en\/wp-json\/wp\/v2\/users\/2"}],"replies":[{"embeddable":true,"href":"https:\/\/www.clinicapulgar.com\/en\/wp-json\/wp\/v2\/comments?post=121"}],"version-history":[{"count":6,"href":"https:\/\/www.clinicapulgar.com\/en\/wp-json\/wp\/v2\/pages\/121\/revisions"}],"predecessor-version":[{"id":986,"href":"https:\/\/www.clinicapulgar.com\/en\/wp-json\/wp\/v2\/pages\/121\/revisions\/986"}],"up":[{"embeddable":true,"href":"https:\/\/www.clinicapulgar.com\/en\/wp-json\/wp\/v2\/pages\/111"}],"wp:featuredmedia":[{"embeddable":true,"href":"https:\/\/www.clinicapulgar.com\/en\/wp-json\/wp\/v2\/media\/521"}],"wp:attachment":[{"href":"https:\/\/www.clinicapulgar.com\/en\/wp-json\/wp\/v2\/media?parent=121"}],"curies":[{"name":"wp","href":"https:\/\/api.w.org\/{rel}","templated":true}]}}