{"id":119,"date":"2018-04-09T18:55:13","date_gmt":"2018-04-09T18:55:13","guid":{"rendered":"https:\/\/www.rosapulgar.com\/?page_id=119"},"modified":"2025-01-29T07:43:37","modified_gmt":"2025-01-29T07:43:37","slug":"neuromodulador","status":"publish","type":"page","link":"https:\/\/www.clinicapulgar.com\/en\/medicina-estetica\/facial\/arrugas\/neuromodulador\/","title":{"rendered":"Neuromodulador"},"content":{"rendered":"<!-- section -->\n<section   class=\"enh_section enh_image_bck\"  >\n\n\t\t\n\n\n\t\t    <div class=\"container intro_text_lc\">\n    \n    <!-- vertical text -->\n    <div class=\"enh_slider_copyright\"><\/div>\n\t\t\n    \n\t\t\n\n    <div class=\"fw-row\">\n\t\n\n\n\n\n\n<div class=\"fw-col-xs-12 fw-col-sm-4   enh_image_bck   enh_col\"  >\n\t\n\t\n  <!-- vertical text -->\n  <div class=\"enh_slider_copyright\"><\/div>\n    \n    \n    <div class=\"\">\t\n    \n\t\t<div class=\"text_block\">\n<div class=\"menusidebar\"><span class=\"titlesubmenu\">NUESTRAS ESPECIALIDADES<\/span><br \/><div class=\"menu-container\"><ul id=\"menu-medicina-estetica\" class=\"menu\"><li id=\"menu-item-448\" class=\"menu-item menu-item-type-custom menu-item-object-custom menu-item-448\"><a href=\"\/en\/medicina-estetica\/facial\/arrugas\/neuromodulador\/\">Neuromodulador en arrugas de expresi\u00f3n<\/a><\/li>\n<li id=\"menu-item-449\" class=\"menu-item menu-item-type-custom menu-item-object-custom menu-item-449\"><a href=\"\/en\/medicina-estetica\/facial\/rejuvenecimiento-facial-integral\/\">Rejuvenecimiento Facial<\/a><\/li>\n<li id=\"menu-item-450\" class=\"menu-item menu-item-type-custom menu-item-object-custom menu-item-450\"><a href=\"\/en\/medicina-estetica\/hilos\/\">Hilos tensores V-Lift<\/a><\/li>\n<li id=\"menu-item-451\" class=\"menu-item menu-item-type-custom menu-item-object-custom menu-item-451\"><a href=\"\/en\/medicina-estetica\/facial\/arrugas\/rellenos-faciales-bioplastia\/\">Rellenos faciales \/ Bioplastia<\/a><\/li>\n<li id=\"menu-item-452\" class=\"menu-item menu-item-type-custom menu-item-object-custom menu-item-452\"><a href=\"\/en\/medicina-estetica\/mesoterapia-corporal\/\">Mesoterapia corporal<\/a><\/li>\n<li id=\"menu-item-453\" class=\"menu-item menu-item-type-custom menu-item-object-custom menu-item-453\"><a href=\"\/en\/medicina-estetica\/mesoterapia-facial\/\">Mesoterapia revitalizante<\/a><\/li>\n<li id=\"menu-item-454\" class=\"menu-item menu-item-type-custom menu-item-object-custom menu-item-454\"><a href=\"\/en\/medicina-estetica\/mesoterapia-virtual\/\">Mesoterapia virtual<\/a><\/li>\n<li id=\"menu-item-455\" class=\"menu-item menu-item-type-custom menu-item-object-custom menu-item-455\"><a href=\"\/en\/medicina-estetica\/corporal\/grasa-localizada\/criolipolisis\/\">Criolipolisis<\/a><\/li>\n<li id=\"menu-item-456\" class=\"menu-item menu-item-type-custom menu-item-object-custom menu-item-456\"><a href=\"\/en\/medicina-estetica\/facial\/manchas-en-la-cara\/peelings-despigmentantes\/\">Peeling despigmentante<\/a><\/li>\n<li id=\"menu-item-457\" class=\"menu-item menu-item-type-custom menu-item-object-custom menu-item-457\"><a href=\"\/en\/medicina-estetica\/facial\/piel-envejecida\/peelings\/\">Peeling revitalizante<\/a><\/li>\n<li id=\"menu-item-458\" class=\"menu-item menu-item-type-custom menu-item-object-custom menu-item-458\"><a href=\"\/en\/medicina-estetica\/facial\/remodelado-aumento-de-labios-rejuvenecimiento-labial\/\">Remodelaci\u00f3n labial<\/a><\/li>\n<li id=\"menu-item-459\" class=\"menu-item menu-item-type-custom menu-item-object-custom menu-item-459\"><a href=\"\/en\/medicina-estetica\/facial\/flacidez-facial\/retensado-facial-con-radiesse\/\">Retensado facial<\/a><\/li>\n<li id=\"menu-item-460\" class=\"menu-item menu-item-type-custom menu-item-object-custom menu-item-460\"><a href=\"\/en\/medicina-estetica\/plexr\/\">Plexr<\/a><\/li>\n<\/ul><\/div><\/div><\/div><div class=\"text_block\">\n<div class=\"bannersidebar\"><h5> \u00bfNECESITA M\u00c1S INFORMACI\u00d3N?<\/h5><p><span> Contacta con nosotros y nuestro equipo de profesionales contactar\u00e1 lo antes posible con usted<\/span><br \/><a href=\"\/en\/contacto\/\"> CONTACTA CON NOSOTROS<\/a><\/div><\/div>    <\/div>\n    \n\t\n<\/div>\n\n\n\n\n\n\n<div class=\"fw-col-xs-12 fw-col-sm-8   enh_image_bck   enh_col\"  >\n\t\n\t\n  <!-- vertical text -->\n  <div class=\"enh_slider_copyright\"><\/div>\n    \n    \n    <div class=\"\">\t\n    \n\t\t<div class=\"text_block\">\n<p>El neuromodulador act\u00faa produciendo una paralizaci\u00f3n selectiva de un m\u00fasculo. Si se aplica a determinados m\u00fasculos de la cara, \u00e9stos, al dejar de contraerse, dejan de producir las arrugas que provocan en la piel, a nivel de patas de gallo, frente, o entrecejo. Por tanto, se aplica en arrugas din\u00e1micas o de expresi\u00f3n. Tratamos la causa que las produce.<br \/>En la actualidad, no pretendemos \u201ccongelar\u201d el rosto al aplicar el neuromodulador. Tan solo atenuar estas arrugas, quitar esa cara como de \u201cenfado\u201d para que el rostro aparezca mas relajado, no trasmita tensi\u00f3n al gesticular. De esa forma, se mantiene la expresividad facial y queda mas natural.<\/p><\/div><img decoding=\"async\" src=\"\/\/www.rosapulgar.com\/wp-content\/uploads\/2018\/04\/foto13.jpg\" alt=\"\/\/www.rosapulgar.com\/wp-content\/uploads\/2018\/04\/foto13.jpg\" width=\"600\" \/><div class=\"text_block\">\n<p><strong class=\"subtitle\">Procedimiento y productos empleados<\/strong><br \/>El procedimiento consiste en inyectar el neuromodulador con una jeringa de insulina en el m\u00fasculo que se desee tratar. La inyecci\u00f3n es bastante superficial, subcut\u00e1nea e indolora. Se ajusta tanto la dosis como la profundidad de inyecci\u00f3n dependiendo del efecto que deseemos conseguir.<br \/>El neuromodulador es del tipo A, espec\u00edficamente comercializadas para tratamientos est\u00e9ticos.<\/p><\/div><div class=\"text_block\">\n<p><strong class=\"subtitle\">Sesiones<\/strong><br \/>La aplicaci\u00f3n del neuromodulador se realiza en una sesi\u00f3n de unos 15 minutos. El paciente puede incorporarse inmediatamente a su vida normal, aunque deber\u00e1 seguir las recomendaciones que se le realicen.<br \/>El efecto suele aparecer a partir del 4\u00ba-5\u00ba d\u00eda, pero es completo a los 10-15 d\u00edas. Por eso se suele realizar una sesi\u00f3n de retoque transcurrido este tiempo, por si fuera necesario. Los efectos no son permanentes; la duraci\u00f3n de su efecto es variable, en funci\u00f3n del m\u00fasculo y de su actividad pero, en general, el m\u00fasculo empieza a recuperar su funcionalidad a los 3-4 meses y el efecto del neuromodulador desaparece totalmente en el 5\u00ba-6\u00ba mes. En ese momento se puede volver a repetir el tratamiento.<\/p><\/div><img decoding=\"async\" src=\"\/\/www.rosapulgar.com\/wp-content\/uploads\/2018\/04\/foto14.jpg\" alt=\"\/\/www.rosapulgar.com\/wp-content\/uploads\/2018\/04\/foto14.jpg\" width=\"600\" \/><div class=\"text_block\">\n<p><strong class=\"subtitle\">Recomendaciones<\/strong><br \/>No se deber\u00e1 masajear la zona tras la inyecci\u00f3n pare evitar la difusi\u00f3n del neuromodulador a zonas indeseables. No utilizar casco o dormir sobre la zona para evitar este efecto. No tomar el sol en la zona tratada tras la inyecci\u00f3n.<\/p><p><strong class=\"subtitle\">Posibles efectos secundarios<\/strong><br \/>Al ser inyectado, puede aparecer un peque\u00f1o hematoma, que se puede simular inmediatamente con maquillaje. Algunos pacientes refieren cefalea transitoria a las 24-48h de aplicar el neuromodulador. A veces la migraci\u00f3n del neuromodulador produce disfunciones pasajeras\u00a0que pueden representar alguna incomodidad (lagrimeo, visi\u00f3n doble, alteraci\u00f3n de la expresi\u00f3n, ptosis de las cejas, etc).<br \/>En algunas personas (5% de los pacientes tratados) existe una refractariedad\u00a0de origen inmunol\u00f3gico al f\u00e1rmaco empleado, que determina escaso o nulo resultado. No se observan efectos sist\u00e9micos (generales); debe contemplarse la posibilidad de una reacci\u00f3n al\u00e9rgica grave.<\/p><p><strong class=\"subtitle\">Contraindicaciones<\/strong><br \/>Pacientes al\u00e9rgicos, con enfermedades cut\u00e1neas. Contraindicado en pacientes con enfermedades neuromusculares, como la miastenia gravis.<\/p><\/div><img decoding=\"async\" src=\"\/\/www.rosapulgar.com\/wp-content\/uploads\/2018\/04\/foto15.jpg\" alt=\"\/\/www.rosapulgar.com\/wp-content\/uploads\/2018\/04\/foto15.jpg\" width=\"600\" \/>    <\/div>\n    \n\t\n<\/div>\n<\/div>\n\n\n\n    <\/div>\n    <!-- container end -->\n<\/section>\n<!-- section end -->","protected":false},"excerpt":{"rendered":"<p>NUESTRAS ESPECIALIDADESNeuromodulador en arrugas de expresi\u00f3n Rejuvenecimiento Facial Hilos tensores V-Lift Rellenos faciales \/ Bioplastia Mesoterapia corporal Mesoterapia revitalizante Mesoterapia virtual Criolipolisis Peeling despigmentante Peeling revitalizante&#8230;<br \/><a href=\"https:\/\/www.clinicapulgar.com\/en\/medicina-estetica\/facial\/arrugas\/neuromodulador\/\" class=\"btn btn_more\">Leer m\u00e1s<\/a><\/p>","protected":false},"author":2,"featured_media":513,"parent":111,"menu_order":0,"comment_status":"closed","ping_status":"closed","template":"template-one-page.php","meta":{"footnotes":""},"class_list":["post-119","page","type-page","status-publish","has-post-thumbnail","hentry"],"yoast_head":"<!-- This site is optimized with the Yoast SEO plugin v26.7 - https:\/\/yoast.com\/wordpress\/plugins\/seo\/ -->\n<title>Neuromodulador - Clinica Rosa Pulgar<\/title>\n<meta name=\"description\" content=\"El neuromodulador act\u00faa produciendo una paralizaci\u00f3n selectiva de un m\u00fasculo. La aplicaci\u00f3n de este se realiza en una sesi\u00f3n de unos 15 min.\" \/>\n<meta name=\"robots\" content=\"index, follow, max-snippet:-1, max-image-preview:large, max-video-preview:-1\" \/>\n<link rel=\"canonical\" href=\"https:\/\/www.clinicapulgar.com\/en\/medicina-estetica\/facial\/arrugas\/neuromodulador\/\" \/>\n<meta property=\"og:locale\" content=\"en_GB\" \/>\n<meta property=\"og:type\" content=\"article\" \/>\n<meta property=\"og:title\" content=\"Neuromodulador - Clinica Rosa Pulgar\" \/>\n<meta property=\"og:description\" content=\"El neuromodulador act\u00faa produciendo una paralizaci\u00f3n selectiva de un m\u00fasculo. La aplicaci\u00f3n de este se realiza en una sesi\u00f3n de unos 15 min.\" \/>\n<meta property=\"og:url\" content=\"https:\/\/www.clinicapulgar.com\/en\/medicina-estetica\/facial\/arrugas\/neuromodulador\/\" \/>\n<meta property=\"og:site_name\" content=\"Clinica Rosa Pulgar\" \/>\n<meta property=\"article:modified_time\" content=\"2025-01-29T07:43:37+00:00\" \/>\n<meta property=\"og:image\" content=\"https:\/\/www.clinicapulgar.com\/wp-content\/uploads\/2018\/04\/foto15.jpg\" \/>\n\t<meta property=\"og:image:width\" content=\"1147\" \/>\n\t<meta property=\"og:image:height\" content=\"759\" \/>\n\t<meta property=\"og:image:type\" content=\"image\/jpeg\" \/>\n<meta name=\"twitter:card\" content=\"summary_large_image\" \/>\n<meta name=\"twitter:label1\" content=\"Estimated reading time\" \/>\n\t<meta name=\"twitter:data1\" content=\"4 minutes\" \/>\n<script type=\"application\/ld+json\" class=\"yoast-schema-graph\">{\"@context\":\"https:\/\/schema.org\",\"@graph\":[{\"@type\":\"WebPage\",\"@id\":\"https:\/\/www.clinicapulgar.com\/en\/medicina-estetica\/facial\/arrugas\/neuromodulador\/\",\"url\":\"https:\/\/www.clinicapulgar.com\/en\/medicina-estetica\/facial\/arrugas\/neuromodulador\/\",\"name\":\"Neuromodulador - Clinica Rosa Pulgar\",\"isPartOf\":{\"@id\":\"https:\/\/www.clinicapulgar.com\/#website\"},\"primaryImageOfPage\":{\"@id\":\"https:\/\/www.clinicapulgar.com\/en\/medicina-estetica\/facial\/arrugas\/neuromodulador\/#primaryimage\"},\"image\":{\"@id\":\"https:\/\/www.clinicapulgar.com\/en\/medicina-estetica\/facial\/arrugas\/neuromodulador\/#primaryimage\"},\"thumbnailUrl\":\"https:\/\/www.clinicapulgar.com\/wp-content\/uploads\/2018\/04\/foto15.jpg\",\"datePublished\":\"2018-04-09T18:55:13+00:00\",\"dateModified\":\"2025-01-29T07:43:37+00:00\",\"description\":\"El neuromodulador act\u00faa produciendo una paralizaci\u00f3n selectiva de un m\u00fasculo. La aplicaci\u00f3n de este se realiza en una sesi\u00f3n de unos 15 min.\",\"breadcrumb\":{\"@id\":\"https:\/\/www.clinicapulgar.com\/en\/medicina-estetica\/facial\/arrugas\/neuromodulador\/#breadcrumb\"},\"inLanguage\":\"en-GB\",\"potentialAction\":[{\"@type\":\"ReadAction\",\"target\":[\"https:\/\/www.clinicapulgar.com\/en\/medicina-estetica\/facial\/arrugas\/neuromodulador\/\"]}]},{\"@type\":\"ImageObject\",\"inLanguage\":\"en-GB\",\"@id\":\"https:\/\/www.clinicapulgar.com\/en\/medicina-estetica\/facial\/arrugas\/neuromodulador\/#primaryimage\",\"url\":\"https:\/\/www.clinicapulgar.com\/wp-content\/uploads\/2018\/04\/foto15.jpg\",\"contentUrl\":\"https:\/\/www.clinicapulgar.com\/wp-content\/uploads\/2018\/04\/foto15.jpg\",\"width\":1147,\"height\":759},{\"@type\":\"BreadcrumbList\",\"@id\":\"https:\/\/www.clinicapulgar.com\/en\/medicina-estetica\/facial\/arrugas\/neuromodulador\/#breadcrumb\",\"itemListElement\":[{\"@type\":\"ListItem\",\"position\":1,\"name\":\"Home\",\"item\":\"https:\/\/www.clinicapulgar.com\/\"},{\"@type\":\"ListItem\",\"position\":2,\"name\":\"Medicina Est\u00e9tica\",\"item\":\"https:\/\/www.clinicapulgar.com\/medicina-estetica\/\"},{\"@type\":\"ListItem\",\"position\":3,\"name\":\"Facial\",\"item\":\"https:\/\/www.clinicapulgar.com\/en\/medicina-estetica\/facial\/\"},{\"@type\":\"ListItem\",\"position\":4,\"name\":\"Arrugas\",\"item\":\"https:\/\/www.clinicapulgar.com\/medicina-estetica\/facial\/arrugas\/\"},{\"@type\":\"ListItem\",\"position\":5,\"name\":\"Neuromodulador\"}]},{\"@type\":\"WebSite\",\"@id\":\"https:\/\/www.clinicapulgar.com\/#website\",\"url\":\"https:\/\/www.clinicapulgar.com\/\",\"name\":\"Clinica Rosa Pulgar\",\"description\":\"Cl\u00ednica dental Rosa Pulgar - est\u00e9tica dental\",\"potentialAction\":[{\"@type\":\"SearchAction\",\"target\":{\"@type\":\"EntryPoint\",\"urlTemplate\":\"https:\/\/www.clinicapulgar.com\/?s={search_term_string}\"},\"query-input\":{\"@type\":\"PropertyValueSpecification\",\"valueRequired\":true,\"valueName\":\"search_term_string\"}}],\"inLanguage\":\"en-GB\"}]}<\/script>\n<!-- \/ Yoast SEO plugin. -->","yoast_head_json":{"title":"Neuromodulador - Clinica Rosa Pulgar","description":"El neuromodulador act\u00faa produciendo una paralizaci\u00f3n selectiva de un m\u00fasculo. La aplicaci\u00f3n de este se realiza en una sesi\u00f3n de unos 15 min.","robots":{"index":"index","follow":"follow","max-snippet":"max-snippet:-1","max-image-preview":"max-image-preview:large","max-video-preview":"max-video-preview:-1"},"canonical":"https:\/\/www.clinicapulgar.com\/en\/medicina-estetica\/facial\/arrugas\/neuromodulador\/","og_locale":"en_GB","og_type":"article","og_title":"Neuromodulador - Clinica Rosa Pulgar","og_description":"El neuromodulador act\u00faa produciendo una paralizaci\u00f3n selectiva de un m\u00fasculo. La aplicaci\u00f3n de este se realiza en una sesi\u00f3n de unos 15 min.","og_url":"https:\/\/www.clinicapulgar.com\/en\/medicina-estetica\/facial\/arrugas\/neuromodulador\/","og_site_name":"Clinica Rosa Pulgar","article_modified_time":"2025-01-29T07:43:37+00:00","og_image":[{"width":1147,"height":759,"url":"https:\/\/www.clinicapulgar.com\/wp-content\/uploads\/2018\/04\/foto15.jpg","type":"image\/jpeg"}],"twitter_card":"summary_large_image","twitter_misc":{"Estimated reading time":"4 minutes"},"schema":{"@context":"https:\/\/schema.org","@graph":[{"@type":"WebPage","@id":"https:\/\/www.clinicapulgar.com\/en\/medicina-estetica\/facial\/arrugas\/neuromodulador\/","url":"https:\/\/www.clinicapulgar.com\/en\/medicina-estetica\/facial\/arrugas\/neuromodulador\/","name":"Neuromodulador - Clinica Rosa Pulgar","isPartOf":{"@id":"https:\/\/www.clinicapulgar.com\/#website"},"primaryImageOfPage":{"@id":"https:\/\/www.clinicapulgar.com\/en\/medicina-estetica\/facial\/arrugas\/neuromodulador\/#primaryimage"},"image":{"@id":"https:\/\/www.clinicapulgar.com\/en\/medicina-estetica\/facial\/arrugas\/neuromodulador\/#primaryimage"},"thumbnailUrl":"https:\/\/www.clinicapulgar.com\/wp-content\/uploads\/2018\/04\/foto15.jpg","datePublished":"2018-04-09T18:55:13+00:00","dateModified":"2025-01-29T07:43:37+00:00","description":"El neuromodulador act\u00faa produciendo una paralizaci\u00f3n selectiva de un m\u00fasculo. La aplicaci\u00f3n de este se realiza en una sesi\u00f3n de unos 15 min.","breadcrumb":{"@id":"https:\/\/www.clinicapulgar.com\/en\/medicina-estetica\/facial\/arrugas\/neuromodulador\/#breadcrumb"},"inLanguage":"en-GB","potentialAction":[{"@type":"ReadAction","target":["https:\/\/www.clinicapulgar.com\/en\/medicina-estetica\/facial\/arrugas\/neuromodulador\/"]}]},{"@type":"ImageObject","inLanguage":"en-GB","@id":"https:\/\/www.clinicapulgar.com\/en\/medicina-estetica\/facial\/arrugas\/neuromodulador\/#primaryimage","url":"https:\/\/www.clinicapulgar.com\/wp-content\/uploads\/2018\/04\/foto15.jpg","contentUrl":"https:\/\/www.clinicapulgar.com\/wp-content\/uploads\/2018\/04\/foto15.jpg","width":1147,"height":759},{"@type":"BreadcrumbList","@id":"https:\/\/www.clinicapulgar.com\/en\/medicina-estetica\/facial\/arrugas\/neuromodulador\/#breadcrumb","itemListElement":[{"@type":"ListItem","position":1,"name":"Home","item":"https:\/\/www.clinicapulgar.com\/"},{"@type":"ListItem","position":2,"name":"Medicina Est\u00e9tica","item":"https:\/\/www.clinicapulgar.com\/medicina-estetica\/"},{"@type":"ListItem","position":3,"name":"Facial","item":"https:\/\/www.clinicapulgar.com\/en\/medicina-estetica\/facial\/"},{"@type":"ListItem","position":4,"name":"Arrugas","item":"https:\/\/www.clinicapulgar.com\/medicina-estetica\/facial\/arrugas\/"},{"@type":"ListItem","position":5,"name":"Neuromodulador"}]},{"@type":"WebSite","@id":"https:\/\/www.clinicapulgar.com\/#website","url":"https:\/\/www.clinicapulgar.com\/","name":"Clinica Rosa Pulgar","description":"Cl\u00ednica dental Rosa Pulgar - est\u00e9tica dental","potentialAction":[{"@type":"SearchAction","target":{"@type":"EntryPoint","urlTemplate":"https:\/\/www.clinicapulgar.com\/?s={search_term_string}"},"query-input":{"@type":"PropertyValueSpecification","valueRequired":true,"valueName":"search_term_string"}}],"inLanguage":"en-GB"}]}},"_links":{"self":[{"href":"https:\/\/www.clinicapulgar.com\/en\/wp-json\/wp\/v2\/pages\/119","targetHints":{"allow":["GET"]}}],"collection":[{"href":"https:\/\/www.clinicapulgar.com\/en\/wp-json\/wp\/v2\/pages"}],"about":[{"href":"https:\/\/www.clinicapulgar.com\/en\/wp-json\/wp\/v2\/types\/page"}],"author":[{"embeddable":true,"href":"https:\/\/www.clinicapulgar.com\/en\/wp-json\/wp\/v2\/users\/2"}],"replies":[{"embeddable":true,"href":"https:\/\/www.clinicapulgar.com\/en\/wp-json\/wp\/v2\/comments?post=119"}],"version-history":[{"count":6,"href":"https:\/\/www.clinicapulgar.com\/en\/wp-json\/wp\/v2\/pages\/119\/revisions"}],"predecessor-version":[{"id":1167,"href":"https:\/\/www.clinicapulgar.com\/en\/wp-json\/wp\/v2\/pages\/119\/revisions\/1167"}],"up":[{"embeddable":true,"href":"https:\/\/www.clinicapulgar.com\/en\/wp-json\/wp\/v2\/pages\/111"}],"wp:featuredmedia":[{"embeddable":true,"href":"https:\/\/www.clinicapulgar.com\/en\/wp-json\/wp\/v2\/media\/513"}],"wp:attachment":[{"href":"https:\/\/www.clinicapulgar.com\/en\/wp-json\/wp\/v2\/media?parent=119"}],"curies":[{"name":"wp","href":"https:\/\/api.w.org\/{rel}","templated":true}]}}