{"id":111,"date":"2018-04-09T18:54:23","date_gmt":"2018-04-09T18:54:23","guid":{"rendered":"https:\/\/www.rosapulgar.com\/?page_id=111"},"modified":"2025-01-29T07:21:16","modified_gmt":"2025-01-29T07:21:16","slug":"arrugas","status":"publish","type":"page","link":"https:\/\/www.clinicapulgar.com\/en\/medicina-estetica\/facial\/arrugas\/","title":{"rendered":"Arrugas"},"content":{"rendered":"<!-- section -->\n<section   class=\"enh_section enh_image_bck\"  >\n\n\t\t\n\n\n\t\t    <div class=\"container intro_text_lc\">\n    \n    <!-- vertical text -->\n    <div class=\"enh_slider_copyright\"><\/div>\n\t\t\n    \n\t\t\n\n    <div class=\"fw-row\">\n\t\n\n\n\n\n\n<div class=\"fw-col-xs-12 fw-col-sm-4   enh_image_bck   enh_col\"  >\n\t\n\t\n  <!-- vertical text -->\n  <div class=\"enh_slider_copyright\"><\/div>\n    \n    \n    <div class=\"\">\t\n    \n\t\t<div class=\"text_block\">\n<div class=\"menusidebar\"><span class=\"titlesubmenu\">NUESTRAS ESPECIALIDADES<\/span><br \/><div class=\"menu-container\"><ul id=\"menu-medicina-estetica\" class=\"menu\"><li id=\"menu-item-448\" class=\"menu-item menu-item-type-custom menu-item-object-custom menu-item-448\"><a href=\"\/en\/medicina-estetica\/facial\/arrugas\/neuromodulador\/\">Neuromodulador en arrugas de expresi\u00f3n<\/a><\/li>\n<li id=\"menu-item-449\" class=\"menu-item menu-item-type-custom menu-item-object-custom menu-item-449\"><a href=\"\/en\/medicina-estetica\/facial\/rejuvenecimiento-facial-integral\/\">Rejuvenecimiento Facial<\/a><\/li>\n<li id=\"menu-item-450\" class=\"menu-item menu-item-type-custom menu-item-object-custom menu-item-450\"><a href=\"\/en\/medicina-estetica\/hilos\/\">Hilos tensores V-Lift<\/a><\/li>\n<li id=\"menu-item-451\" class=\"menu-item menu-item-type-custom menu-item-object-custom menu-item-451\"><a href=\"\/en\/medicina-estetica\/facial\/arrugas\/rellenos-faciales-bioplastia\/\">Rellenos faciales \/ Bioplastia<\/a><\/li>\n<li id=\"menu-item-452\" class=\"menu-item menu-item-type-custom menu-item-object-custom menu-item-452\"><a href=\"\/en\/medicina-estetica\/mesoterapia-corporal\/\">Mesoterapia corporal<\/a><\/li>\n<li id=\"menu-item-453\" class=\"menu-item menu-item-type-custom menu-item-object-custom menu-item-453\"><a href=\"\/en\/medicina-estetica\/mesoterapia-facial\/\">Mesoterapia revitalizante<\/a><\/li>\n<li id=\"menu-item-454\" class=\"menu-item menu-item-type-custom menu-item-object-custom menu-item-454\"><a href=\"\/en\/medicina-estetica\/mesoterapia-virtual\/\">Mesoterapia virtual<\/a><\/li>\n<li id=\"menu-item-455\" class=\"menu-item menu-item-type-custom menu-item-object-custom menu-item-455\"><a href=\"\/en\/medicina-estetica\/corporal\/grasa-localizada\/criolipolisis\/\">Criolipolisis<\/a><\/li>\n<li id=\"menu-item-456\" class=\"menu-item menu-item-type-custom menu-item-object-custom menu-item-456\"><a href=\"\/en\/medicina-estetica\/facial\/manchas-en-la-cara\/peelings-despigmentantes\/\">Peeling despigmentante<\/a><\/li>\n<li id=\"menu-item-457\" class=\"menu-item menu-item-type-custom menu-item-object-custom menu-item-457\"><a href=\"\/en\/medicina-estetica\/facial\/piel-envejecida\/peelings\/\">Peeling revitalizante<\/a><\/li>\n<li id=\"menu-item-458\" class=\"menu-item menu-item-type-custom menu-item-object-custom menu-item-458\"><a href=\"\/en\/medicina-estetica\/facial\/remodelado-aumento-de-labios-rejuvenecimiento-labial\/\">Remodelaci\u00f3n labial<\/a><\/li>\n<li id=\"menu-item-459\" class=\"menu-item menu-item-type-custom menu-item-object-custom menu-item-459\"><a href=\"\/en\/medicina-estetica\/facial\/flacidez-facial\/retensado-facial-con-radiesse\/\">Retensado facial<\/a><\/li>\n<li id=\"menu-item-460\" class=\"menu-item menu-item-type-custom menu-item-object-custom menu-item-460\"><a href=\"\/en\/medicina-estetica\/plexr\/\">Plexr<\/a><\/li>\n<\/ul><\/div><\/div><\/div><div class=\"text_block\">\n<div class=\"bannersidebar\"><h5> \u00bfNECESITA M\u00c1S INFORMACI\u00d3N?<\/h5><p><span> Contacta con nosotros y nuestro equipo de profesionales contactar\u00e1 lo antes posible con usted<\/span><br \/><a href=\"\/en\/contacto\/\"> CONTACTA CON NOSOTROS<\/a><\/div><\/div>    <\/div>\n    \n\t\n<\/div>\n\n\n\n\n\n\n<div class=\"fw-col-xs-12 fw-col-sm-8   enh_image_bck   enh_col\"  >\n\t\n\t\n  <!-- vertical text -->\n  <div class=\"enh_slider_copyright\"><\/div>\n    \n    \n    <div class=\"\">\t\n    \n\t\t<div class=\"text_block\">\n<p>Desde el punto de vista cl\u00ednico, las arrugas pueden ser:<\/p><p><strong class=\"subtitle\">Arrugas est\u00e1ticas<\/strong><br \/>Son provocadas por los cambios que se producen en el conjuntivo cut\u00e1neo con el paso del tiempo. La p\u00e9rdida de elasticidad, la laxitud cut\u00e1nea produce \u201cmarcas indelebles\u201d persistentes en su superficie. A este tipo pertenecen por ejemplo, las arrugas verticales que a veces surcan la mejilla.<\/p><\/div><div class=\"text_block\">\n<p><strong class=\"subtitle\">Arrugas din\u00e1micas<\/strong><br \/>Tambi\u00e9n llamadas \u201cl\u00edneas de expresi\u00f3n\u201d. Los m\u00fasculos faciales se \u201canclan\u201d a la piel, y al contraerse la mueven lo que produce el gesto, la expresi\u00f3n facial. Pero esta contracci\u00f3n repetida, a lo largo de los a\u00f1os, va \u201chundiendo\u201d la piel,  van produciendo \u201csurcos\u201d, arrugas persistentes que son m\u00e1s marcadas cuando el m\u00fasculo se contrae. Este tipo de arrugas son las que aparecen en la frente, alrededor de los ojos (patas de gallo) o en el labio superior (c\u00f3digo de barras).<\/p><\/div><div class=\"text_block\">\n<p><strong class=\"subtitle\">Arrugas gravitacionales<\/strong><br \/> Son consecuencia de la flaccidez paulatina de la piel. Al caer va dando lugar a pliegues marcados. Ejemplo de este caso son el surco\/pliegue nasogeniano (desde la nariz a la comisura de la boca) o las l\u00edneas de marioneta, pliegues verticales que aparecen por debajo de la comisura bucal y que dan un aspecto de cansado. <\/p><p>Lo habitual es que en un rostro confluyan en mayor o menor medida, los tres tipos de arrugas. Es necesario identificarlas, establecer a que tipo pertenecen y determinar qu\u00e9 tratamiento esta indicado. En general, podemos realizar varios tipos de tratamiento:<\/p><\/div><div class=\"text_block\">\n<ul><li><a href=\"\/en\/medicina-estetica\/peelings-revitalizantes\/\">Peelings revitalizantes<\/a><\/li><li><a href=\"\/en\/medicina-estetica\/mesoterapia-facial\/\">Mesoterapia<\/a><\/li><li><a href=\"\/en\/medicina-estetica\/mesoterapia-virtual\/\">Mesoterapia virtual<\/a><\/li><li><a href=\"\/en\/medicina-estetica\/facial\/arrugas\/neuromodulares\/\">Neuromodulares<\/a><\/li><li><a href=\"\/en\/medicina-estetica\/facial\/arrugas\/rellenos-faciales-bioplastia\/\">Rellenos faciales. Bioplastia<\/a><\/li><li><a href=\"https:\/\/www.rosapulgar.com\/medicina-estetica\/hilos\/\">Hilos<\/a><\/li><li><a href=\"\/en\/medicina-estetica\/facial\/arrugas\/inductores-del-colageno-hidroxiapatita-calcica\/\">Inductores del col\u00e1geno: Hidroxiapatita c\u00e1lcica<\/a><\/li><li><a href=\"\/en\/medicina-estetica\/plexr\/\">Plexr<\/a><\/li><\/ul><\/div><img decoding=\"async\" src=\"\/\/www.rosapulgar.com\/wp-content\/uploads\/2018\/04\/foto5.jpg\" alt=\"\/\/www.rosapulgar.com\/wp-content\/uploads\/2018\/04\/foto5.jpg\" width=\"600\" \/>    <\/div>\n    \n\t\n<\/div>\n<\/div>\n\n\n\n    <\/div>\n    <!-- container end -->\n<\/section>\n<!-- section end -->","protected":false},"excerpt":{"rendered":"<p>NUESTRAS ESPECIALIDADESNeuromodulador en arrugas de expresi\u00f3n Rejuvenecimiento Facial Hilos tensores V-Lift Rellenos faciales \/ Bioplastia Mesoterapia corporal Mesoterapia revitalizante Mesoterapia virtual Criolipolisis Peeling despigmentante Peeling revitalizante&#8230;<br \/><a href=\"https:\/\/www.clinicapulgar.com\/en\/medicina-estetica\/facial\/arrugas\/\" class=\"btn btn_more\">Leer m\u00e1s<\/a><\/p>","protected":false},"author":2,"featured_media":0,"parent":83,"menu_order":0,"comment_status":"closed","ping_status":"closed","template":"template-one-page.php","meta":{"footnotes":""},"class_list":["post-111","page","type-page","status-publish","hentry"],"yoast_head":"<!-- This site is optimized with the Yoast SEO plugin v26.7 - https:\/\/yoast.com\/wordpress\/plugins\/seo\/ -->\n<title>Arrugas - Clinica Rosa Pulgar<\/title>\n<meta name=\"description\" content=\"Son provocadas por los cambios que se producen en el conjuntivo cut\u00e1neo con el paso del tiempo. La p\u00e9rdida de elasticidad\" \/>\n<meta name=\"robots\" content=\"index, follow, max-snippet:-1, max-image-preview:large, max-video-preview:-1\" \/>\n<link rel=\"canonical\" href=\"https:\/\/www.clinicapulgar.com\/en\/medicina-estetica\/facial\/arrugas\/\" \/>\n<meta property=\"og:locale\" content=\"en_GB\" \/>\n<meta property=\"og:type\" content=\"article\" \/>\n<meta property=\"og:title\" content=\"Arrugas - Clinica Rosa Pulgar\" \/>\n<meta property=\"og:description\" content=\"Son provocadas por los cambios que se producen en el conjuntivo cut\u00e1neo con el paso del tiempo. La p\u00e9rdida de elasticidad\" \/>\n<meta property=\"og:url\" content=\"https:\/\/www.clinicapulgar.com\/en\/medicina-estetica\/facial\/arrugas\/\" \/>\n<meta property=\"og:site_name\" content=\"Clinica Rosa Pulgar\" \/>\n<meta property=\"article:modified_time\" content=\"2025-01-29T07:21:16+00:00\" \/>\n<meta name=\"twitter:card\" content=\"summary_large_image\" \/>\n<meta name=\"twitter:label1\" content=\"Estimated reading time\" \/>\n\t<meta name=\"twitter:data1\" content=\"2 minutes\" \/>\n<script type=\"application\/ld+json\" class=\"yoast-schema-graph\">{\"@context\":\"https:\/\/schema.org\",\"@graph\":[{\"@type\":\"WebPage\",\"@id\":\"https:\/\/www.clinicapulgar.com\/medicina-estetica\/facial\/arrugas\/\",\"url\":\"https:\/\/www.clinicapulgar.com\/medicina-estetica\/facial\/arrugas\/\",\"name\":\"Arrugas - Clinica Rosa Pulgar\",\"isPartOf\":{\"@id\":\"https:\/\/www.clinicapulgar.com\/#website\"},\"datePublished\":\"2018-04-09T18:54:23+00:00\",\"dateModified\":\"2025-01-29T07:21:16+00:00\",\"description\":\"Son provocadas por los cambios que se producen en el conjuntivo cut\u00e1neo con el paso del tiempo. La p\u00e9rdida de elasticidad\",\"breadcrumb\":{\"@id\":\"https:\/\/www.clinicapulgar.com\/medicina-estetica\/facial\/arrugas\/#breadcrumb\"},\"inLanguage\":\"en-GB\",\"potentialAction\":[{\"@type\":\"ReadAction\",\"target\":[\"https:\/\/www.clinicapulgar.com\/medicina-estetica\/facial\/arrugas\/\"]}]},{\"@type\":\"BreadcrumbList\",\"@id\":\"https:\/\/www.clinicapulgar.com\/medicina-estetica\/facial\/arrugas\/#breadcrumb\",\"itemListElement\":[{\"@type\":\"ListItem\",\"position\":1,\"name\":\"Home\",\"item\":\"https:\/\/www.clinicapulgar.com\/\"},{\"@type\":\"ListItem\",\"position\":2,\"name\":\"Medicina Est\u00e9tica\",\"item\":\"https:\/\/www.clinicapulgar.com\/medicina-estetica\/\"},{\"@type\":\"ListItem\",\"position\":3,\"name\":\"Facial\",\"item\":\"https:\/\/www.clinicapulgar.com\/en\/medicina-estetica\/facial\/\"},{\"@type\":\"ListItem\",\"position\":4,\"name\":\"Arrugas\"}]},{\"@type\":\"WebSite\",\"@id\":\"https:\/\/www.clinicapulgar.com\/#website\",\"url\":\"https:\/\/www.clinicapulgar.com\/\",\"name\":\"Clinica Rosa Pulgar\",\"description\":\"Cl\u00ednica dental Rosa Pulgar - est\u00e9tica dental\",\"potentialAction\":[{\"@type\":\"SearchAction\",\"target\":{\"@type\":\"EntryPoint\",\"urlTemplate\":\"https:\/\/www.clinicapulgar.com\/?s={search_term_string}\"},\"query-input\":{\"@type\":\"PropertyValueSpecification\",\"valueRequired\":true,\"valueName\":\"search_term_string\"}}],\"inLanguage\":\"en-GB\"}]}<\/script>\n<!-- \/ Yoast SEO plugin. -->","yoast_head_json":{"title":"Arrugas - Clinica Rosa Pulgar","description":"Son provocadas por los cambios que se producen en el conjuntivo cut\u00e1neo con el paso del tiempo. La p\u00e9rdida de elasticidad","robots":{"index":"index","follow":"follow","max-snippet":"max-snippet:-1","max-image-preview":"max-image-preview:large","max-video-preview":"max-video-preview:-1"},"canonical":"https:\/\/www.clinicapulgar.com\/en\/medicina-estetica\/facial\/arrugas\/","og_locale":"en_GB","og_type":"article","og_title":"Arrugas - Clinica Rosa Pulgar","og_description":"Son provocadas por los cambios que se producen en el conjuntivo cut\u00e1neo con el paso del tiempo. La p\u00e9rdida de elasticidad","og_url":"https:\/\/www.clinicapulgar.com\/en\/medicina-estetica\/facial\/arrugas\/","og_site_name":"Clinica Rosa Pulgar","article_modified_time":"2025-01-29T07:21:16+00:00","twitter_card":"summary_large_image","twitter_misc":{"Estimated reading time":"2 minutes"},"schema":{"@context":"https:\/\/schema.org","@graph":[{"@type":"WebPage","@id":"https:\/\/www.clinicapulgar.com\/medicina-estetica\/facial\/arrugas\/","url":"https:\/\/www.clinicapulgar.com\/medicina-estetica\/facial\/arrugas\/","name":"Arrugas - Clinica Rosa Pulgar","isPartOf":{"@id":"https:\/\/www.clinicapulgar.com\/#website"},"datePublished":"2018-04-09T18:54:23+00:00","dateModified":"2025-01-29T07:21:16+00:00","description":"Son provocadas por los cambios que se producen en el conjuntivo cut\u00e1neo con el paso del tiempo. La p\u00e9rdida de elasticidad","breadcrumb":{"@id":"https:\/\/www.clinicapulgar.com\/medicina-estetica\/facial\/arrugas\/#breadcrumb"},"inLanguage":"en-GB","potentialAction":[{"@type":"ReadAction","target":["https:\/\/www.clinicapulgar.com\/medicina-estetica\/facial\/arrugas\/"]}]},{"@type":"BreadcrumbList","@id":"https:\/\/www.clinicapulgar.com\/medicina-estetica\/facial\/arrugas\/#breadcrumb","itemListElement":[{"@type":"ListItem","position":1,"name":"Home","item":"https:\/\/www.clinicapulgar.com\/"},{"@type":"ListItem","position":2,"name":"Medicina Est\u00e9tica","item":"https:\/\/www.clinicapulgar.com\/medicina-estetica\/"},{"@type":"ListItem","position":3,"name":"Facial","item":"https:\/\/www.clinicapulgar.com\/en\/medicina-estetica\/facial\/"},{"@type":"ListItem","position":4,"name":"Arrugas"}]},{"@type":"WebSite","@id":"https:\/\/www.clinicapulgar.com\/#website","url":"https:\/\/www.clinicapulgar.com\/","name":"Clinica Rosa Pulgar","description":"Cl\u00ednica dental Rosa Pulgar - est\u00e9tica dental","potentialAction":[{"@type":"SearchAction","target":{"@type":"EntryPoint","urlTemplate":"https:\/\/www.clinicapulgar.com\/?s={search_term_string}"},"query-input":{"@type":"PropertyValueSpecification","valueRequired":true,"valueName":"search_term_string"}}],"inLanguage":"en-GB"}]}},"_links":{"self":[{"href":"https:\/\/www.clinicapulgar.com\/en\/wp-json\/wp\/v2\/pages\/111","targetHints":{"allow":["GET"]}}],"collection":[{"href":"https:\/\/www.clinicapulgar.com\/en\/wp-json\/wp\/v2\/pages"}],"about":[{"href":"https:\/\/www.clinicapulgar.com\/en\/wp-json\/wp\/v2\/types\/page"}],"author":[{"embeddable":true,"href":"https:\/\/www.clinicapulgar.com\/en\/wp-json\/wp\/v2\/users\/2"}],"replies":[{"embeddable":true,"href":"https:\/\/www.clinicapulgar.com\/en\/wp-json\/wp\/v2\/comments?post=111"}],"version-history":[{"count":11,"href":"https:\/\/www.clinicapulgar.com\/en\/wp-json\/wp\/v2\/pages\/111\/revisions"}],"predecessor-version":[{"id":1179,"href":"https:\/\/www.clinicapulgar.com\/en\/wp-json\/wp\/v2\/pages\/111\/revisions\/1179"}],"up":[{"embeddable":true,"href":"https:\/\/www.clinicapulgar.com\/en\/wp-json\/wp\/v2\/pages\/83"}],"wp:attachment":[{"href":"https:\/\/www.clinicapulgar.com\/en\/wp-json\/wp\/v2\/media?parent=111"}],"curies":[{"name":"wp","href":"https:\/\/api.w.org\/{rel}","templated":true}]}}